{"id":1772,"date":"2025-12-10T16:32:07","date_gmt":"2025-12-10T22:32:07","guid":{"rendered":"https:\/\/www.tamaulipas.gob.mx\/jovenes\/?page_id=1772"},"modified":"2025-12-10T16:43:07","modified_gmt":"2025-12-10T22:43:07","slug":"ganadores-del-premio-estatal-de-la-juventud-2025","status":"publish","type":"page","link":"https:\/\/www.tamaulipas.gob.mx\/jovenes\/ganadores-del-premio-estatal-de-la-juventud-2025\/","title":{"rendered":"Ganadores del Premio Estatal de la Juventud 2025"},"content":{"rendered":"<p style=\"text-align: center;\">El Premio Estatal de la Juventud es el m\u00e1ximo reconocimiento que otorga el Gobierno del Estado a las y los j\u00f3venes que con su trabajo contribuyen al desarrollo de Tamaulipas y con su trayectoria son motivo de inspiraci\u00f3n entre sus iguales.<\/p>\n<p style=\"text-align: center;\">LISTA DE GANADORES DEL PREMIO ESTATAL DE LA JUVENTUD 2025<\/p>\n<p><img decoding=\"async\" src=\"https:\/\/www.tamaulipas.gob.mx\/jovenes\/wp-content\/uploads\/sites\/19\/2025\/12\/whatsapp-image-2025-12-10-at-4.07.51-pm.jpeg\" \/><\/p>\n<p>&nbsp;<\/p>\n","protected":false},"excerpt":{"rendered":"<p>El Premio Estatal de la Juventud es el m\u00e1ximo reconocimiento que otorga el Gobierno del Estado a las y los j\u00f3venes que con su trabajo\u2026<\/p>\n","protected":false},"author":387,"featured_media":0,"parent":0,"menu_order":0,"comment_status":"closed","ping_status":"closed","template":"","meta":{"footnotes":""},"class_list":["post-1772","page","type-page","status-publish","hentry"],"publishpress_future_action":{"enabled":false,"date":"2026-04-15 23:08:36","action":"change-status","newStatus":"draft","terms":[],"taxonomy":""},"_links":{"self":[{"href":"https:\/\/www.tamaulipas.gob.mx\/jovenes\/wp-json\/wp\/v2\/pages\/1772"}],"collection":[{"href":"https:\/\/www.tamaulipas.gob.mx\/jovenes\/wp-json\/wp\/v2\/pages"}],"about":[{"href":"https:\/\/www.tamaulipas.gob.mx\/jovenes\/wp-json\/wp\/v2\/types\/page"}],"author":[{"embeddable":true,"href":"https:\/\/www.tamaulipas.gob.mx\/jovenes\/wp-json\/wp\/v2\/users\/387"}],"replies":[{"embeddable":true,"href":"https:\/\/www.tamaulipas.gob.mx\/jovenes\/wp-json\/wp\/v2\/comments?post=1772"}],"version-history":[{"count":7,"href":"https:\/\/www.tamaulipas.gob.mx\/jovenes\/wp-json\/wp\/v2\/pages\/1772\/revisions"}],"predecessor-version":[{"id":1780,"href":"https:\/\/www.tamaulipas.gob.mx\/jovenes\/wp-json\/wp\/v2\/pages\/1772\/revisions\/1780"}],"wp:attachment":[{"href":"https:\/\/www.tamaulipas.gob.mx\/jovenes\/wp-json\/wp\/v2\/media?parent=1772"}],"curies":[{"name":"wp","href":"https:\/\/api.w.org\/{rel}","templated":true}]}}