{"id":1700,"date":"2025-05-23T11:52:28","date_gmt":"2025-05-23T17:52:28","guid":{"rendered":"https:\/\/www.tamaulipas.gob.mx\/jovenes\/?page_id=1700"},"modified":"2025-05-23T13:55:50","modified_gmt":"2025-05-23T19:55:50","slug":"cotaju-2025","status":"publish","type":"page","link":"https:\/\/www.tamaulipas.gob.mx\/jovenes\/cotaju-2025\/","title":{"rendered":"COTAJU 2025"},"content":{"rendered":"<p style=\"text-align: center;\">El Gobierno Del Estado de Tamaulipas, a trav\u00e9s de la Secretar\u00eda del Trabajo y Previsi\u00f3n Social, y del Instituto de la<br \/>\nJuventud de Tamaulipas, con fundamento en el Art\u00edculo 8, Fracci\u00f3n III, 15 ,14 y 16 del Decreto de Creaci\u00f3n del Instituto de la Juventud de Tamaulipas.<\/p>\n<p style=\"text-align: center;\">CONVOCA<\/p>\n<p style=\"text-align: center;\">A las y los j\u00f3venes tamaulipecos o residentes en el Estado, representantes de asociaciones civiles, organizaciones no<br \/>\ngubernamentales que cuenten con programas de atenci\u00f3n o apoyo para j\u00f3venes, c\u00e1maras empresariales, asociaciones<br \/>\nestudiantiles y j\u00f3venes destacados en los diferentes \u00e1mbitos inherentes a las juventudes, a participar en el proceso de<br \/>\nselecci\u00f3n para integrar el CONSEJO TAMAULIPECO DE LA JUVENTUD (COTAJU 2025)<\/p>\n<p style=\"text-align: center;\">El cual tiene la finalidad de fortalecer la participaci\u00f3n de las y los j\u00f3venes en la proposici\u00f3n y discusi\u00f3n de pol\u00edticas y<br \/>\nacciones integrales que permitan optimizar las actividades que se llevan a cabo en favor de las juventudes en el Estado de Tamaulipas.<\/p>\n<p style=\"text-align: center;\">En el siguiente enlace consulta las bases de la convocatoria:<\/p>\n<p style=\"text-align: center;\"><a href=\"https:\/\/www.tamaulipas.gob.mx\/jovenes\/wp-content\/uploads\/sites\/19\/2025\/05\/convocatoria-cotaju-2025.pdf\">convocatoria-cotaju-2025<\/a><\/p>\n<p><img decoding=\"async\" src=\"https:\/\/www.tamaulipas.gob.mx\/jovenes\/wp-content\/uploads\/sites\/19\/2025\/05\/banner-web-2.png\" \/><\/p>\n<p>&nbsp;<\/p>\n","protected":false},"excerpt":{"rendered":"<p>El Gobierno Del Estado de Tamaulipas, a trav\u00e9s de la Secretar\u00eda del Trabajo y Previsi\u00f3n Social, y del Instituto de la Juventud de Tamaulipas, con\u2026<\/p>\n","protected":false},"author":387,"featured_media":0,"parent":0,"menu_order":0,"comment_status":"closed","ping_status":"closed","template":"","meta":{"footnotes":""},"class_list":["post-1700","page","type-page","status-publish","hentry"],"publishpress_future_action":{"enabled":false,"date":"2026-04-15 23:09:24","action":"change-status","newStatus":"draft","terms":[],"taxonomy":""},"_links":{"self":[{"href":"https:\/\/www.tamaulipas.gob.mx\/jovenes\/wp-json\/wp\/v2\/pages\/1700"}],"collection":[{"href":"https:\/\/www.tamaulipas.gob.mx\/jovenes\/wp-json\/wp\/v2\/pages"}],"about":[{"href":"https:\/\/www.tamaulipas.gob.mx\/jovenes\/wp-json\/wp\/v2\/types\/page"}],"author":[{"embeddable":true,"href":"https:\/\/www.tamaulipas.gob.mx\/jovenes\/wp-json\/wp\/v2\/users\/387"}],"replies":[{"embeddable":true,"href":"https:\/\/www.tamaulipas.gob.mx\/jovenes\/wp-json\/wp\/v2\/comments?post=1700"}],"version-history":[{"count":10,"href":"https:\/\/www.tamaulipas.gob.mx\/jovenes\/wp-json\/wp\/v2\/pages\/1700\/revisions"}],"predecessor-version":[{"id":1717,"href":"https:\/\/www.tamaulipas.gob.mx\/jovenes\/wp-json\/wp\/v2\/pages\/1700\/revisions\/1717"}],"wp:attachment":[{"href":"https:\/\/www.tamaulipas.gob.mx\/jovenes\/wp-json\/wp\/v2\/media?parent=1700"}],"curies":[{"name":"wp","href":"https:\/\/api.w.org\/{rel}","templated":true}]}}