{"id":1607,"date":"2024-09-24T12:04:10","date_gmt":"2024-09-24T18:04:10","guid":{"rendered":"https:\/\/www.tamaulipas.gob.mx\/jovenes\/?page_id=1607"},"modified":"2024-09-24T12:56:06","modified_gmt":"2024-09-24T18:56:06","slug":"inspirarte-2024","status":"publish","type":"page","link":"https:\/\/www.tamaulipas.gob.mx\/jovenes\/inspirarte-2024\/","title":{"rendered":"INSPIRARTE 2024"},"content":{"rendered":"<p style=\"text-align: justify;\">EL GOBIERNO DEL ESTADO DE TAMAULIPAS, A TRAV\u00c9S DE LA SECRETAR\u00cdA DEL TRABAJO Y PREVISI\u00d3N SOCIAL, POR CONDUCTO DEL INSTITUTO DE LA JUVENTUD DE TAMAULIPAS.<\/p>\n<p style=\"text-align: center;\">CONVOCAN<\/p>\n<p style=\"text-align: justify;\">A la comunidad joven art\u00edstica a participar en la presente convocatoria, cuyo objetivo es reconocer, mediante un apoyo econ\u00f3mico, la calidad y esfuerzo de j\u00f3venes art\u00edstas de entre 12 y 29 a\u00f1os, con habilidades y capacidades suficientes para elaborar las estatuillas que ser\u00e1n entregadas a los ganadores del Premio Estatal de la Juventud 2024.<\/p>\n<p style=\"text-align: center;\">En el siguiente enlace consulta las bases de la convocatoria:<\/p>\n<p style=\"text-align: center;\"><a href=\"https:\/\/www.tamaulipas.gob.mx\/jovenes\/wp-content\/uploads\/sites\/19\/2024\/09\/convocatoria-inspirarte-2024-2.pdf\">convocatoria-inspirarte-2024<\/a><\/p>\n<p><img loading=\"lazy\" decoding=\"async\" class=\"alignnone size-full wp-image-1619\" src=\"https:\/\/www.tamaulipas.gob.mx\/jovenes\/wp-content\/uploads\/sites\/19\/2024\/09\/convocatoria-inspirarte-web.png\" alt=\"\" width=\"975\" height=\"1200\" \/><\/p>\n","protected":false},"excerpt":{"rendered":"<p>EL GOBIERNO DEL ESTADO DE TAMAULIPAS, A TRAV\u00c9S DE LA SECRETAR\u00cdA DEL TRABAJO Y PREVISI\u00d3N SOCIAL, POR CONDUCTO DEL INSTITUTO DE LA JUVENTUD DE TAMAULIPAS.\u2026<\/p>\n","protected":false},"author":387,"featured_media":0,"parent":0,"menu_order":0,"comment_status":"closed","ping_status":"closed","template":"","meta":{"footnotes":""},"class_list":["post-1607","page","type-page","status-publish","hentry"],"publishpress_future_action":{"enabled":false,"date":"2026-04-15 23:07:59","action":"change-status","newStatus":"draft","terms":[],"taxonomy":""},"_links":{"self":[{"href":"https:\/\/www.tamaulipas.gob.mx\/jovenes\/wp-json\/wp\/v2\/pages\/1607"}],"collection":[{"href":"https:\/\/www.tamaulipas.gob.mx\/jovenes\/wp-json\/wp\/v2\/pages"}],"about":[{"href":"https:\/\/www.tamaulipas.gob.mx\/jovenes\/wp-json\/wp\/v2\/types\/page"}],"author":[{"embeddable":true,"href":"https:\/\/www.tamaulipas.gob.mx\/jovenes\/wp-json\/wp\/v2\/users\/387"}],"replies":[{"embeddable":true,"href":"https:\/\/www.tamaulipas.gob.mx\/jovenes\/wp-json\/wp\/v2\/comments?post=1607"}],"version-history":[{"count":8,"href":"https:\/\/www.tamaulipas.gob.mx\/jovenes\/wp-json\/wp\/v2\/pages\/1607\/revisions"}],"predecessor-version":[{"id":1621,"href":"https:\/\/www.tamaulipas.gob.mx\/jovenes\/wp-json\/wp\/v2\/pages\/1607\/revisions\/1621"}],"wp:attachment":[{"href":"https:\/\/www.tamaulipas.gob.mx\/jovenes\/wp-json\/wp\/v2\/media?parent=1607"}],"curies":[{"name":"wp","href":"https:\/\/api.w.org\/{rel}","templated":true}]}}