{"id":1539,"date":"2024-08-26T12:57:41","date_gmt":"2024-08-26T18:57:41","guid":{"rendered":"https:\/\/www.tamaulipas.gob.mx\/jovenes\/?page_id=1539"},"modified":"2024-08-26T12:57:41","modified_gmt":"2024-08-26T18:57:41","slug":"encuesta-unica-de-contribuciones-de-la-sociedad-civil-a-la-agenda-2030","status":"publish","type":"page","link":"https:\/\/www.tamaulipas.gob.mx\/jovenes\/encuesta-unica-de-contribuciones-de-la-sociedad-civil-a-la-agenda-2030\/","title":{"rendered":"Encuesta \u00danica de Contribuciones de la Sociedad Civil a la Agenda 2030"},"content":{"rendered":"<p style=\"font-weight: 400;\">\u00a0<strong>\u201cEncuesta \u00danica de Contribuciones de la Sociedad Civil a la Agenda 2030 para el Desarrollo Sostenible y los Objetivos de Desarrollo Sostenible, y la Visi\u00f3n del Sector sobre Trabajo Conjunto con la Administraci\u00f3n P\u00fablica Federal (2024-2030)\u201d<\/strong>; misma que estar\u00e1 abierta del 17 de agosto al 2 de septiembre del presente.<\/p>\n<p style=\"font-weight: 400;\">El presente formulario est\u00e1 dirigido a aquellas Organizaciones de las Sociedad Civil que deseen sumarse a este esfuerzo colaborativo, por medio del cual se busca identificar de manera integral las contribuciones de las OSC en la implementaci\u00f3n y el seguimiento de la Agenda 2030 para el Desarrollo Sostenible y los ODS. Todo ello, con el objetivo de que la informaci\u00f3n recabada permita dise\u00f1ar una visi\u00f3n conjunta, desde la cual sea posible generar acciones concretas en favor del desarrollo sostenible en M\u00e9xico.<\/p>\n<p style=\"font-weight: 400;\">Cualquier duda o comentario, estamos disponibles en el correo\u00a0<a href=\"mailto:secretariado.agenda2030@economia.gob.mx\">secretariado.agenda2030@economia.gob.mx<\/a><\/p>\n<p><img loading=\"lazy\" decoding=\"async\" class=\"alignnone size-full wp-image-1540 aligncenter\" src=\"https:\/\/www.tamaulipas.gob.mx\/jovenes\/wp-content\/uploads\/sites\/19\/2024\/08\/image003.jpg\" alt=\"\" width=\"525\" height=\"1200\" \/><\/p>\n","protected":false},"excerpt":{"rendered":"<p>\u00a0\u201cEncuesta \u00danica de Contribuciones de la Sociedad Civil a la Agenda 2030 para el Desarrollo Sostenible y los Objetivos de Desarrollo Sostenible, y la Visi\u00f3n\u2026<\/p>\n","protected":false},"author":387,"featured_media":0,"parent":0,"menu_order":0,"comment_status":"closed","ping_status":"closed","template":"","meta":{"footnotes":""},"class_list":["post-1539","page","type-page","status-publish","hentry"],"publishpress_future_action":{"enabled":false,"date":"2026-04-15 23:10:58","action":"change-status","newStatus":"draft","terms":[],"taxonomy":""},"_links":{"self":[{"href":"https:\/\/www.tamaulipas.gob.mx\/jovenes\/wp-json\/wp\/v2\/pages\/1539"}],"collection":[{"href":"https:\/\/www.tamaulipas.gob.mx\/jovenes\/wp-json\/wp\/v2\/pages"}],"about":[{"href":"https:\/\/www.tamaulipas.gob.mx\/jovenes\/wp-json\/wp\/v2\/types\/page"}],"author":[{"embeddable":true,"href":"https:\/\/www.tamaulipas.gob.mx\/jovenes\/wp-json\/wp\/v2\/users\/387"}],"replies":[{"embeddable":true,"href":"https:\/\/www.tamaulipas.gob.mx\/jovenes\/wp-json\/wp\/v2\/comments?post=1539"}],"version-history":[{"count":1,"href":"https:\/\/www.tamaulipas.gob.mx\/jovenes\/wp-json\/wp\/v2\/pages\/1539\/revisions"}],"predecessor-version":[{"id":1541,"href":"https:\/\/www.tamaulipas.gob.mx\/jovenes\/wp-json\/wp\/v2\/pages\/1539\/revisions\/1541"}],"wp:attachment":[{"href":"https:\/\/www.tamaulipas.gob.mx\/jovenes\/wp-json\/wp\/v2\/media?parent=1539"}],"curies":[{"name":"wp","href":"https:\/\/api.w.org\/{rel}","templated":true}]}}