{"id":4261,"date":"2025-10-27T13:50:56","date_gmt":"2025-10-27T19:50:56","guid":{"rendered":"https:\/\/www.tamaulipas.gob.mx\/itife\/?page_id=4261"},"modified":"2025-10-27T14:42:14","modified_gmt":"2025-10-27T20:42:14","slug":"3er-trimestre-2025","status":"publish","type":"page","link":"https:\/\/www.tamaulipas.gob.mx\/itife\/3er-trimestre-2025\/","title":{"rendered":"3er Trimestre 2025"},"content":{"rendered":"<div class=\"panel-group\" id=\"custom-collapse-0\">\n<div class=\"panel panel-default\">\n\t\t\t\t<div class=\"panel-heading\">\n\t\t\t\t\t<h4 class=\"panel-title\">\n\t\t\t\t\t\t<a class=\"\" data-toggle=\"collapse\" data-parent=\"#custom-collapse-0\" href=\"#custom-collapse-0-0\">Informaci\u00f3n Contable A\u00f1o 2025<\/a>\n\t\t\t\t\t<\/h4>\n\t\t\t\t<\/div>\n\t\t\t\t<div id=\"custom-collapse-0-0\" class=\"panel-collapse in\">\n\t\t\t\t\t<div class=\"panel-body\">\n<ol>\n<li><a href=\"https:\/\/www.tamaulipas.gob.mx\/itife\/wp-content\/uploads\/sites\/30\/2025\/10\/1-estado-de-situacion-financiera.pdf\">Estado de situaci\u00f3n financiera<\/a><\/li>\n<li><a href=\"https:\/\/www.tamaulipas.gob.mx\/itife\/wp-content\/uploads\/sites\/30\/2025\/10\/2-estado-de-actividades.pdf\">Estado de actividades<\/a>\n<ul>\n<li><a href=\"https:\/\/www.tamaulipas.gob.mx\/itife\/wp-content\/uploads\/sites\/30\/2025\/10\/2.1-estado-de-actividades-analitico.pdf\">Estado de actividades anal\u00edtico<\/a><\/li>\n<\/ul>\n<\/li>\n<li><a href=\"https:\/\/www.tamaulipas.gob.mx\/itife\/wp-content\/uploads\/sites\/30\/2025\/10\/3-estado-de-variacion-en-la-hacienda-publica.pdf\">Estado de variaci\u00f3n en la hacienda p\u00fablica<\/a><\/li>\n<li><a href=\"https:\/\/www.tamaulipas.gob.mx\/itife\/wp-content\/uploads\/sites\/30\/2025\/10\/4-estado-de-cambios-en-la-situacion-financiera.pdf\">Estado de cambios en la situaci\u00f3n financiera<\/a><\/li>\n<li><a href=\"https:\/\/www.tamaulipas.gob.mx\/itife\/wp-content\/uploads\/sites\/30\/2025\/10\/5-estado-de-flujos-de-efectivo.pdf\">Estado de flujos de efectivo<\/a><\/li>\n<li><a href=\"https:\/\/www.tamaulipas.gob.mx\/itife\/wp-content\/uploads\/sites\/30\/2025\/10\/6-estado-analitico-del-activo.pdf\">Estado anal\u00edtico del activo<\/a>\n<ul>\n<li><a href=\"https:\/\/www.tamaulipas.gob.mx\/itife\/wp-content\/uploads\/sites\/30\/2025\/10\/6.1-analitico-de-derechos-a-recibir-efectivo-o-equivalentes.pdf\">Anal\u00edtico de derechos a recibir efectivo o equivalentes<\/a><\/li>\n<li><a href=\"https:\/\/www.tamaulipas.gob.mx\/itife\/wp-content\/uploads\/sites\/30\/2025\/10\/6.2-analitico-de-derechos-a-recibir-bienes-o-servicios.pdf\">Anal\u00edtico de derechos a recibir bienes o servicios<\/a><\/li>\n<li><a href=\"https:\/\/www.tamaulipas.gob.mx\/itife\/wp-content\/uploads\/sites\/30\/2025\/10\/6.3-relacion-de-adquisiciones-de-bienes-muebles-e-inmuebles.pdf\">Relaci\u00f3n de adquisiciones de bienes muebles e inmuebles<\/a><\/li>\n<\/ul>\n<\/li>\n<li><a href=\"https:\/\/www.tamaulipas.gob.mx\/itife\/wp-content\/uploads\/sites\/30\/2025\/10\/7-estado-analitico-de-la-deuda-y-otros-pasivos.pdf\">Estado anal\u00edtico de la deuda y otros pasivos<\/a>\n<ul>\n<li><a href=\"https:\/\/www.tamaulipas.gob.mx\/itife\/wp-content\/uploads\/sites\/30\/2025\/10\/7.1-reporte-analitico-del-pasivo.pdf\">Reporte anal\u00edtico del pasivo<\/a><\/li>\n<li><a href=\"https:\/\/www.tamaulipas.gob.mx\/itife\/wp-content\/uploads\/sites\/30\/2025\/10\/7.2-analitico-de-cuentas-por-pagar-corto-y-largo-plazo.pdf\">Anal\u00edtico de cuentas por pagar (corto y largo plazo)<\/a><\/li>\n<\/ul>\n<\/li>\n<li><a href=\"https:\/\/www.tamaulipas.gob.mx\/itife\/wp-content\/uploads\/sites\/30\/2025\/10\/8.-informe-sobre-pasivos-contingentes.pdf\">Informe sobre pasivos contingentes<\/a><\/li>\n<li><a href=\"https:\/\/www.tamaulipas.gob.mx\/itife\/wp-content\/uploads\/sites\/30\/2025\/10\/9-notas-a-los-estados-financieros.pdf\">Notas a los estados financieros<\/a><\/li>\n<\/ol>\n<\/div>\n\t\t\t\t<\/div>\n\t\t\t<\/div>\n<div class=\"panel panel-default\">\n\t\t\t\t<div class=\"panel-heading\">\n\t\t\t\t\t<h4 class=\"panel-title\">\n\t\t\t\t\t\t<a class=\"collapsed\" data-toggle=\"collapse\" data-parent=\"#custom-collapse-0\" href=\"#custom-collapse-0-1\">Informaci\u00f3n Presupuestaria<\/a>\n\t\t\t\t\t<\/h4>\n\t\t\t\t<\/div>\n\t\t\t\t<div id=\"custom-collapse-0-1\" class=\"panel-collapse collapse\">\n\t\t\t\t\t<div class=\"panel-body\">\n<ul>\n<li><a href=\"https:\/\/www.tamaulipas.gob.mx\/itife\/wp-content\/uploads\/sites\/30\/2025\/10\/10-estado-analitico-de-ingresos-clasificacion-rubro-de-ingresos-y-por-fuente-de-financiamiento.pdf\">Estado anal\u00edtico de ingresos<\/a><\/li>\n<li><a href=\"https:\/\/www.tamaulipas.gob.mx\/itife\/wp-content\/uploads\/sites\/30\/2025\/10\/11-estado-analitico-del-ejercicio-del-presupuesto-de-egresos-clasificacion-por-objeto-del-gasto-capitulo-y-concepto.pdf\">Estado anal\u00edtico del ejercicio del presupuesto de egresos clasificaci\u00f3n por objeto del gasto<\/a>\n<ul>\n<li><a href=\"https:\/\/www.tamaulipas.gob.mx\/itife\/wp-content\/uploads\/sites\/30\/2025\/10\/11.1-reporte-analitico-del-ejercicio-presupuesto-de-egresos-clasificacion-por-objeto-del-gasto-por-partida-hasta-4-nivel.pdf\">Reporte anal\u00edtico del ejercicio del presupuesto de egresos (por partida hasta el 4\u00b0 nivel)<\/a><\/li>\n<\/ul>\n<\/li>\n<li><a href=\"https:\/\/www.tamaulipas.gob.mx\/itife\/wp-content\/uploads\/sites\/30\/2025\/10\/12-estado-analitico-del-ejercicio-del-presupuesto-de-egresos-clasificacion-economica-por-tipo-de-gasto.pdf\">Estado anal\u00edtico del ejercicio del presupuesto de egresos clasificaci\u00f3n econ\u00f3mica<\/a><\/li>\n<li><a href=\"https:\/\/www.tamaulipas.gob.mx\/itife\/wp-content\/uploads\/sites\/30\/2025\/10\/13-estado-analitico-del-ejercicio-del-presupuesto-de-egresos-clasificacion-administrativa.pdf\">Estado anal\u00edtico del ejercicio del presupuesto de egresos clasificaci\u00f3n administrativa<\/a><\/li>\n<li><a href=\"https:\/\/www.tamaulipas.gob.mx\/itife\/wp-content\/uploads\/sites\/30\/2025\/10\/14-estado-analitico-del-ejercicio-del-presupuesto-de-egresos-clasificacion-funcional-finalidad-y-funcion.pdf\">Estado anal\u00edtico del ejercicio del presupuesto de egresos clasificaci\u00f3n funcional<\/a><\/li>\n<li><a href=\"https:\/\/www.tamaulipas.gob.mx\/itife\/wp-content\/uploads\/sites\/30\/2025\/10\/15-endeudamiento-neto.pdf\">Endeudamiento neto<\/a><\/li>\n<li><a href=\"https:\/\/www.tamaulipas.gob.mx\/itife\/wp-content\/uploads\/sites\/30\/2025\/10\/16-intereses-de-la-deuda.pdf\">Intereses de la deuda<\/a><\/li>\n<li><a href=\"https:\/\/www.tamaulipas.gob.mx\/itife\/wp-content\/uploads\/sites\/30\/2025\/10\/17-deuda-publica.pdf\">Deuda publica<\/a><\/li>\n<\/ul>\n<\/div>\n\t\t\t\t<\/div>\n\t\t\t<\/div>\n<div class=\"panel panel-default\">\n\t\t\t\t<div class=\"panel-heading\">\n\t\t\t\t\t<h4 class=\"panel-title\">\n\t\t\t\t\t\t<a class=\"collapsed\" data-toggle=\"collapse\" data-parent=\"#custom-collapse-0\" href=\"#custom-collapse-0-2\">Informaci\u00f3n Program\u00e1tica<\/a>\n\t\t\t\t\t<\/h4>\n\t\t\t\t<\/div>\n\t\t\t\t<div id=\"custom-collapse-0-2\" class=\"panel-collapse collapse\">\n\t\t\t\t\t<div class=\"panel-body\">\n<ul>\n<li><a href=\"https:\/\/www.tamaulipas.gob.mx\/itife\/wp-content\/uploads\/sites\/30\/2025\/10\/18-gasto-por-categoria-programatica.pdf\">Gasto por categor\u00eda program\u00e1tica<\/a><\/li>\n<li><a href=\"https:\/\/www.tamaulipas.gob.mx\/itife\/wp-content\/uploads\/sites\/30\/2025\/10\/19-programas-y-proyectos-de-inversion.pdf\">Programas y proyectos de inversi\u00f3n<\/a><\/li>\n<li><a href=\"https:\/\/www.tamaulipas.gob.mx\/itife\/wp-content\/uploads\/sites\/30\/2025\/10\/20-indicadores-de-resultados.pdf\">Indicadores de resultados<\/a><\/li>\n<\/ul>\n<\/div>\n\t\t\t\t<\/div>\n\t\t\t<\/div>\n<div class=\"panel panel-default\">\n\t\t\t\t<div class=\"panel-heading\">\n\t\t\t\t\t<h4 class=\"panel-title\">\n\t\t\t\t\t\t<a class=\"collapsed\" data-toggle=\"collapse\" data-parent=\"#custom-collapse-0\" href=\"#custom-collapse-0-3\">Informaci\u00f3n Adicional<\/a>\n\t\t\t\t\t<\/h4>\n\t\t\t\t<\/div>\n\t\t\t\t<div id=\"custom-collapse-0-3\" class=\"panel-collapse collapse\">\n\t\t\t\t\t<div class=\"panel-body\">\n<p>&nbsp;<\/p>\n<ul>\n<li><a href=\"https:\/\/www.tamaulipas.gob.mx\/itife\/wp-content\/uploads\/sites\/30\/2025\/10\/21-informe-y-avance-de-obras-programas-no-presupuestarios.pdf\">Informe y avance de obras publicas y servicios relacionados con las mismas (No presupuestarias)<\/a><\/li>\n<li><a href=\"https:\/\/www.tamaulipas.gob.mx\/itife\/wp-content\/uploads\/sites\/30\/2025\/10\/21-informe-y-avance-de-obras-programas-presupuestarios.pdf\">Informe y avance de obras publicas y servicios relacionados con las mismas (Presupuestarias)<\/a><\/li>\n<li><a href=\"https:\/\/www.tamaulipas.gob.mx\/itife\/wp-content\/uploads\/sites\/30\/2025\/10\/22-factibilidades.pdf\">Factibilidades<\/a><\/li>\n<\/ul>\n<\/div>\n\t\t\t\t<\/div>\n\t\t\t<\/div>\n<div class=\"panel panel-default\">\n\t\t\t\t<div class=\"panel-heading\">\n\t\t\t\t\t<h4 class=\"panel-title\">\n\t\t\t\t\t\t<a class=\"collapsed\" data-toggle=\"collapse\" data-parent=\"#custom-collapse-0\" href=\"#custom-collapse-0-4\">Disciplina Financiera<\/a>\n\t\t\t\t\t<\/h4>\n\t\t\t\t<\/div>\n\t\t\t\t<div id=\"custom-collapse-0-4\" class=\"panel-collapse collapse\">\n\t\t\t\t\t<div class=\"panel-body\">\n<ul>\n<li><a href=\"https:\/\/www.tamaulipas.gob.mx\/itife\/wp-content\/uploads\/sites\/30\/2025\/10\/1-estado-de-situacion-financiera-detallado-ldf.pdf\">1 Estado de Situaci\u00f3n Financiera Detallado-LDF<\/a><\/li>\n<li><a href=\"https:\/\/www.tamaulipas.gob.mx\/itife\/wp-content\/uploads\/sites\/30\/2025\/10\/2-informe-analitico-de-la-deuda-publica-y-otros-pasivos-ldf.pdf\">2 Informe Anal\u00edtico de la Deuda P\u00fablica y Otros Pasivos-LDF<\/a><\/li>\n<li><a href=\"https:\/\/www.tamaulipas.gob.mx\/itife\/wp-content\/uploads\/sites\/30\/2025\/10\/3-informe-analitico-de-obligaciones-diferentes-de-financiamientos-ldf.pdf\">3 Informe Anal\u00edtico de Obligaciones Diferentes de Financiamiento-LDF<\/a><\/li>\n<li><a href=\"https:\/\/www.tamaulipas.gob.mx\/itife\/wp-content\/uploads\/sites\/30\/2025\/10\/4-balance-presupuestario-ldf.pdf\">4 Balance Presupuestario-LDF<\/a><\/li>\n<li><a href=\"https:\/\/www.tamaulipas.gob.mx\/itife\/wp-content\/uploads\/sites\/30\/2025\/10\/5-estado-analitico-de-ingresos-detallado-ldf.pdf\">5 Estado Anal\u00edtico de Ingresos Detallado-LDF<\/a><\/li>\n<li><a href=\"https:\/\/www.tamaulipas.gob.mx\/itife\/wp-content\/uploads\/sites\/30\/2025\/10\/6a-estado-analitico-del-ejercicio-del-presupuesto-de-egresos-detallado-ldf-clasificacion-por-objeto-del-gasto.pdf\">6a Estado Anal\u00edtico del Ejercicio del Presupuesto de Egresos Detallado-LDF (Clasificaci\u00f3n por Objeto del Gasto)<\/a><\/li>\n<li><a href=\"https:\/\/www.tamaulipas.gob.mx\/itife\/wp-content\/uploads\/sites\/30\/2025\/10\/6b-estado-analitico-del-ejercicio-del-presupuesto-de-egresos-detallado-ldf-clasificacion-administrativa.pdf\">6b Estado Anal\u00edtico del Ejercicio del Presupuesto de Egresos Detallado-LDF (Clasificaci\u00f3n Administrativa)<\/a><\/li>\n<li><a href=\"https:\/\/www.tamaulipas.gob.mx\/itife\/wp-content\/uploads\/sites\/30\/2025\/10\/6c-estado-analitico-del-ejercicio-del-presupuesto-de-egresos-detallado-ldf-clasificacion-funcional.pdf\">6c Estado Anal\u00edtico del Ejercicio del Presupuesto de Egresos Detallado-LDF (Clasificaci\u00f3n Funcional)<\/a><\/li>\n<li><a href=\"https:\/\/www.tamaulipas.gob.mx\/itife\/wp-content\/uploads\/sites\/30\/2025\/10\/6d-estado-analitico-del-ejercicio-del-presupuesto-de-egresos-detallado-ldf-clasificacion-de-servicios-personales-por-categoria.pdf\">6d Estado Anal\u00edtico del Ejercicio del Presupuesto de Egresos Detallado-LDF (Clasificaci\u00f3n de Servicios Personales por Categor\u00eda)<\/a><\/li>\n<\/ul>\n<\/div>\n\t\t\t\t<\/div>\n\t\t\t<\/div>\n<div class=\"panel panel-default\">\n\t\t\t\t<div class=\"panel-heading\">\n\t\t\t\t\t<h4 class=\"panel-title\">\n\t\t\t\t\t\t<a class=\"collapsed\" data-toggle=\"collapse\" data-parent=\"#custom-collapse-0\" href=\"#custom-collapse-0-5\">Anexos<\/a>\n\t\t\t\t\t<\/h4>\n\t\t\t\t<\/div>\n\t\t\t\t<div id=\"custom-collapse-0-5\" class=\"panel-collapse collapse\">\n\t\t\t\t\t<div class=\"panel-body\">\n<ul>\n<li><a href=\"https:\/\/www.tamaulipas.gob.mx\/itife\/wp-content\/uploads\/sites\/30\/2025\/10\/relacion-de-bienes-muebles-al-30-de-sep-2025.pdf\">Libro de Inventarios<\/a><\/li>\n<li><a href=\"https:\/\/www.tamaulipas.gob.mx\/itife\/wp-content\/uploads\/sites\/30\/2025\/10\/programa-de-obra-2025-al-30sep25-1.pdf\">Programa de Obra Publica<\/a><\/li>\n<li><a href=\"https:\/\/www.tamaulipas.gob.mx\/itife\/wp-content\/uploads\/sites\/30\/2025\/10\/aasubsidios_y_ayudas-1.pdf\">Subsidios y Ayuda<\/a><\/li>\n<\/ul>\n<\/div>\n\t\t\t\t<\/div>\n\t\t\t<\/div>\n<\/div>\n","protected":false},"excerpt":{"rendered":"","protected":false},"author":47,"featured_media":0,"parent":0,"menu_order":0,"comment_status":"closed","ping_status":"closed","template":"","meta":{"footnotes":""},"class_list":["post-4261","page","type-page","status-publish","hentry"],"publishpress_future_action":{"enabled":false,"date":"2026-05-23 18:48:46","action":"change-status","newStatus":"draft","terms":[],"taxonomy":""},"_links":{"self":[{"href":"https:\/\/www.tamaulipas.gob.mx\/itife\/wp-json\/wp\/v2\/pages\/4261"}],"collection":[{"href":"https:\/\/www.tamaulipas.gob.mx\/itife\/wp-json\/wp\/v2\/pages"}],"about":[{"href":"https:\/\/www.tamaulipas.gob.mx\/itife\/wp-json\/wp\/v2\/types\/page"}],"author":[{"embeddable":true,"href":"https:\/\/www.tamaulipas.gob.mx\/itife\/wp-json\/wp\/v2\/users\/47"}],"replies":[{"embeddable":true,"href":"https:\/\/www.tamaulipas.gob.mx\/itife\/wp-json\/wp\/v2\/comments?post=4261"}],"version-history":[{"count":24,"href":"https:\/\/www.tamaulipas.gob.mx\/itife\/wp-json\/wp\/v2\/pages\/4261\/revisions"}],"predecessor-version":[{"id":4330,"href":"https:\/\/www.tamaulipas.gob.mx\/itife\/wp-json\/wp\/v2\/pages\/4261\/revisions\/4330"}],"wp:attachment":[{"href":"https:\/\/www.tamaulipas.gob.mx\/itife\/wp-json\/wp\/v2\/media?parent=4261"}],"curies":[{"name":"wp","href":"https:\/\/api.w.org\/{rel}","templated":true}]}}