{"id":3374,"date":"2024-09-13T09:45:36","date_gmt":"2024-09-13T15:45:36","guid":{"rendered":"https:\/\/www.tamaulipas.gob.mx\/itife\/?page_id=3374"},"modified":"2024-09-13T10:55:00","modified_gmt":"2024-09-13T16:55:00","slug":"busqueda-de-documentos","status":"publish","type":"page","link":"https:\/\/www.tamaulipas.gob.mx\/itife\/busqueda-de-documentos\/","title":{"rendered":"B\u00fasqueda de Expedientes y Documentos"},"content":{"rendered":"<ol>\n<li>Solicitar asesor\u00eda a efecto de constatar que la informaci\u00f3n se encuentre en los archivos del Instituto.<\/li>\n<li>Solicitud de\u00a0 b\u00fasqueda de documentos, que deber\u00e1 de realizarse al Departamento de Normatividad y Procedimientos Administrativos del Instituto Tamaulipeco de Infraestructura F\u00edsica Educativa.<\/li>\n<li>Pago de derechos a la Secretar\u00eda de Finanzas del Estado.<\/li>\n<li>Costo<\/li>\n<\/ol>\n<p><img loading=\"lazy\" decoding=\"async\" class=\"alignnone size-full wp-image-3326\" src=\"https:\/\/www.tamaulipas.gob.mx\/itife\/wp-content\/uploads\/sites\/30\/2024\/08\/busquedaok.jpg\" alt=\"\" width=\"326\" height=\"68\" \/><\/p>\n<p>&nbsp;<\/p>\n<ol>\n<li>Remitir por correo electr\u00f3nico al siguiente correo: <a href=\"mailto:juridico.itife@tamaulipas.gob.mx\">juridico.itife@tamaulipas.gob.mx<\/a> anexo digitalmente el comprobante de pago.<\/li>\n<li>Proceder con la elaboraci\u00f3n del tr\u00e1mite de copias b\u00fasqueda de documentos.<\/li>\n<li>Termino de la b\u00fasqueda de 3 a 5 d\u00edas h\u00e1biles.<\/li>\n<li>Presentarse a la entrega de la b\u00fasqueda referida, con una copia de identificaci\u00f3n oficial.<\/li>\n<li>Firmar de recibido del tr\u00e1mite realizado.<\/li>\n<\/ol>\n","protected":false},"excerpt":{"rendered":"<p>Solicitar asesor\u00eda a efecto de constatar que la informaci\u00f3n se encuentre en los archivos del Instituto. Solicitud de\u00a0 b\u00fasqueda de documentos, que deber\u00e1 de realizarse\u2026<\/p>\n","protected":false},"author":47,"featured_media":0,"parent":0,"menu_order":0,"comment_status":"closed","ping_status":"closed","template":"","meta":{"footnotes":""},"class_list":["post-3374","page","type-page","status-publish","hentry"],"publishpress_future_action":{"enabled":false,"date":"2026-05-23 17:46:43","action":"change-status","newStatus":"draft","terms":[],"taxonomy":""},"_links":{"self":[{"href":"https:\/\/www.tamaulipas.gob.mx\/itife\/wp-json\/wp\/v2\/pages\/3374"}],"collection":[{"href":"https:\/\/www.tamaulipas.gob.mx\/itife\/wp-json\/wp\/v2\/pages"}],"about":[{"href":"https:\/\/www.tamaulipas.gob.mx\/itife\/wp-json\/wp\/v2\/types\/page"}],"author":[{"embeddable":true,"href":"https:\/\/www.tamaulipas.gob.mx\/itife\/wp-json\/wp\/v2\/users\/47"}],"replies":[{"embeddable":true,"href":"https:\/\/www.tamaulipas.gob.mx\/itife\/wp-json\/wp\/v2\/comments?post=3374"}],"version-history":[{"count":4,"href":"https:\/\/www.tamaulipas.gob.mx\/itife\/wp-json\/wp\/v2\/pages\/3374\/revisions"}],"predecessor-version":[{"id":3387,"href":"https:\/\/www.tamaulipas.gob.mx\/itife\/wp-json\/wp\/v2\/pages\/3374\/revisions\/3387"}],"wp:attachment":[{"href":"https:\/\/www.tamaulipas.gob.mx\/itife\/wp-json\/wp\/v2\/media?parent=3374"}],"curies":[{"name":"wp","href":"https:\/\/api.w.org\/{rel}","templated":true}]}}