{"id":2835,"date":"2024-01-16T15:15:14","date_gmt":"2024-01-16T21:15:14","guid":{"rendered":"https:\/\/www.tamaulipas.gob.mx\/itife\/?page_id=2835"},"modified":"2024-01-26T15:58:58","modified_gmt":"2024-01-26T21:58:58","slug":"4-trimestre-2023","status":"publish","type":"page","link":"https:\/\/www.tamaulipas.gob.mx\/itife\/4-trimestre-2023\/","title":{"rendered":"4\u00b0 trimestre 2023"},"content":{"rendered":"<div class=\"panel-group\" id=\"custom-collapse-0\">\n<div class=\"panel panel-default\">\n\t\t\t\t<div class=\"panel-heading\">\n\t\t\t\t\t<h4 class=\"panel-title\">\n\t\t\t\t\t\t<a class=\"\" data-toggle=\"collapse\" data-parent=\"#custom-collapse-0\" href=\"#custom-collapse-0-0\">Informaci\u00f3n Contable A\u00f1o 2023<\/a>\n\t\t\t\t\t<\/h4>\n\t\t\t\t<\/div>\n\t\t\t\t<div id=\"custom-collapse-0-0\" class=\"panel-collapse in\">\n\t\t\t\t\t<div class=\"panel-body\">\n<ul>\n<li><a href=\"https:\/\/www.tamaulipas.gob.mx\/itife\/wp-content\/uploads\/sites\/30\/2024\/01\/1-estado-de-situacion-financiera.pdf\" target=\"_blank\" rel=\"noopener\">Estado de situaci\u00f3n financiera<\/a><\/li>\n<li><a href=\"https:\/\/www.tamaulipas.gob.mx\/itife\/wp-content\/uploads\/sites\/30\/2024\/01\/2-estado-de-actividades.pdf\" target=\"_blank\" rel=\"noopener\">Estado de actividades<\/a>\n<ul>\n<li><a href=\"https:\/\/www.tamaulipas.gob.mx\/itife\/wp-content\/uploads\/sites\/30\/2024\/01\/2.1-estado-de-actividades-analitico.pdf\" target=\"_blank\" rel=\"noopener\">Estado de actividades anal\u00edtico<\/a><\/li>\n<\/ul>\n<\/li>\n<li><a href=\"https:\/\/www.tamaulipas.gob.mx\/itife\/wp-content\/uploads\/sites\/30\/2024\/01\/3-estado-de-variacion-en-la-hacienda-publica.pdf\" target=\"_blank\" rel=\"noopener\">Estado de variaci\u00f3n en la hacienda p\u00fablica<\/a><\/li>\n<li><a href=\"https:\/\/www.tamaulipas.gob.mx\/itife\/wp-content\/uploads\/sites\/30\/2024\/01\/4-estado-de-cambios-en-la-situacion-financiera.pdf\" target=\"_blank\" rel=\"noopener\">Estado de cambios en la situaci\u00f3n financiera<\/a><\/li>\n<li><a href=\"https:\/\/www.tamaulipas.gob.mx\/itife\/wp-content\/uploads\/sites\/30\/2024\/01\/5-estado-de-flujos-de-efectivo.pdf\" target=\"_blank\" rel=\"noopener\">Estado de flujos de efectivo<\/a><\/li>\n<li><a href=\"https:\/\/www.tamaulipas.gob.mx\/itife\/wp-content\/uploads\/sites\/30\/2024\/01\/6-estado-analitico-del-activo.pdf\" target=\"_blank\" rel=\"noopener\">Estado anal\u00edtico del activo<\/a>\n<ul>\n<li><a href=\"https:\/\/www.tamaulipas.gob.mx\/itife\/wp-content\/uploads\/sites\/30\/2024\/01\/6.1-analitico-de-derechos-a-recibir-efectivo-o-equivalentes.pdf\" target=\"_blank\" rel=\"noopener\">Anal\u00edtico de derechos a recibir efectivo o equivalentes<\/a><\/li>\n<li><a href=\"https:\/\/www.tamaulipas.gob.mx\/itife\/wp-content\/uploads\/sites\/30\/2024\/01\/6.2-analitico-de-derechos-a-recibir-bienes-o-servicios.pdf\" target=\"_blank\" rel=\"noopener\">Anal\u00edtico de derechos a recibir bienes o servicios<\/a><\/li>\n<li><a href=\"https:\/\/www.tamaulipas.gob.mx\/itife\/wp-content\/uploads\/sites\/30\/2024\/01\/6.3-relacion-de-adquisiciones-de-bienes-muebles-e-inmuebles.pdf\" target=\"_blank\" rel=\"noopener\">Relaci\u00f3n de adquisiciones de bienes muebles e inmuebles<\/a><\/li>\n<\/ul>\n<\/li>\n<li><a href=\"https:\/\/www.tamaulipas.gob.mx\/itife\/wp-content\/uploads\/sites\/30\/2024\/01\/7-estado-analitico-de-la-deuda-y-otros-pasivos.pdf\" target=\"_blank\" rel=\"noopener\">Estado anal\u00edtico de la deuda y otros pasivos<\/a>\n<ul>\n<li><a href=\"https:\/\/www.tamaulipas.gob.mx\/itife\/wp-content\/uploads\/sites\/30\/2024\/01\/7.1-reporte-analitico-del-pasivo.pdf\" target=\"_blank\" rel=\"noopener\">Reporte anal\u00edtico del pasivo<\/a><\/li>\n<li><a href=\"https:\/\/www.tamaulipas.gob.mx\/itife\/wp-content\/uploads\/sites\/30\/2024\/01\/7.2-analitico-de-cuentas-por-pagar-corto-y-largo-plazo.pdf\" target=\"_blank\" rel=\"noopener\">Anal\u00edtico de cuentas por pagar (corto y largo plazo)<\/a><\/li>\n<\/ul>\n<\/li>\n<li><a href=\"https:\/\/www.tamaulipas.gob.mx\/itife\/wp-content\/uploads\/sites\/30\/2024\/01\/8-informe-sobre-pasivos-contingentes.pdf\" target=\"_blank\" rel=\"noopener\">Informe sobre pasivos contingentes<\/a><\/li>\n<li><a href=\"https:\/\/www.tamaulipas.gob.mx\/itife\/wp-content\/uploads\/sites\/30\/2024\/01\/9-notas-a-los-estados-financieros.pdf\" target=\"_blank\" rel=\"noopener\">Notas a los estados financieros<\/a><\/li>\n<\/ul>\n<\/div>\n\t\t\t\t<\/div>\n\t\t\t<\/div>\n<div class=\"panel panel-default\">\n\t\t\t\t<div class=\"panel-heading\">\n\t\t\t\t\t<h4 class=\"panel-title\">\n\t\t\t\t\t\t<a class=\"collapsed\" data-toggle=\"collapse\" data-parent=\"#custom-collapse-0\" href=\"#custom-collapse-0-1\">Informaci\u00f3n Presupuestaria<\/a>\n\t\t\t\t\t<\/h4>\n\t\t\t\t<\/div>\n\t\t\t\t<div id=\"custom-collapse-0-1\" class=\"panel-collapse collapse\">\n\t\t\t\t\t<div class=\"panel-body\">\n<ul>\n<li><a href=\"https:\/\/www.tamaulipas.gob.mx\/itife\/wp-content\/uploads\/sites\/30\/2024\/01\/10-estado-analitico-de-ingresos-clasificacion-rubro-de-ingresos-y-por-fuente-de-financiamiento.pdf\" target=\"_blank\" rel=\"noopener\">Estado anal\u00edtico de ingresos<\/a><\/li>\n<li><a href=\"https:\/\/www.tamaulipas.gob.mx\/itife\/wp-content\/uploads\/sites\/30\/2024\/01\/11-estado-analitico-del-ejercicio-del-presupuesto-de-egresos-clasificacion-por-objeto-del-gasto-capitulo-y-concepto.pdf\" target=\"_blank\" rel=\"noopener\">Estado anal\u00edtico del ejercicio del presupuesto de egresos clasificaci\u00f3n por objeto del gasto<\/a>\n<ul>\n<li><a href=\"https:\/\/www.tamaulipas.gob.mx\/itife\/wp-content\/uploads\/sites\/30\/2024\/01\/11.1-reporte-analitico-del-ejercicio-presupuesto-de-egresos-clasificacion-por-objeto-del-gasto-por-partida-hasta-4-nivel.pdf\" target=\"_blank\" rel=\"noopener\">Reporte anal\u00edtico del ejercicio del presupuesto de egresos (por partida hasta el 4\u00b0 nivel)<\/a><\/li>\n<\/ul>\n<\/li>\n<li><a href=\"https:\/\/www.tamaulipas.gob.mx\/itife\/wp-content\/uploads\/sites\/30\/2024\/01\/12-estado-analitico-del-ejercicio-del-presupuesto-de-egresos-clasificacion-economica-por-tipo-de-gasto.pdf\" target=\"_blank\" rel=\"noopener\">Estado anal\u00edtico del ejercicio del presupuesto de egresos clasificaci\u00f3n econ\u00f3mica<\/a><\/li>\n<li><a href=\"https:\/\/www.tamaulipas.gob.mx\/itife\/wp-content\/uploads\/sites\/30\/2024\/01\/13-estado-analitico-del-ejercicio-del-presupuesto-de-egresos-clasificacion-administrativa.pdf\" target=\"_blank\" rel=\"noopener\">Estado anal\u00edtico del ejercicio del presupuesto de egresos clasificaci\u00f3n administrativa<\/a><\/li>\n<li><a href=\"https:\/\/www.tamaulipas.gob.mx\/itife\/wp-content\/uploads\/sites\/30\/2024\/01\/14-estado-analitico-del-ejercicio-del-presupuesto-de-egresos-clasificacion-funcional-finalidad-y-funcion.pdf\" target=\"_blank\" rel=\"noopener\">Estado anal\u00edtico del ejercicio del presupuesto de egresos clasificaci\u00f3n funcional<\/a><\/li>\n<li><a href=\"https:\/\/www.tamaulipas.gob.mx\/itife\/wp-content\/uploads\/sites\/30\/2024\/01\/15-endeudamiento-neto.pdf\" target=\"_blank\" rel=\"noopener\">Endeudamiento neto<\/a><\/li>\n<li><a href=\"https:\/\/www.tamaulipas.gob.mx\/itife\/wp-content\/uploads\/sites\/30\/2024\/01\/16-intereses-de-la-deuda.pdf\" target=\"_blank\" rel=\"noopener\">Intereses de la deuda<\/a><\/li>\n<li><a href=\"https:\/\/www.tamaulipas.gob.mx\/itife\/wp-content\/uploads\/sites\/30\/2024\/01\/17-deuda-publica.pdf\" target=\"_blank\" rel=\"noopener\">Deuda publica<\/a><\/li>\n<\/ul>\n<\/div>\n\t\t\t\t<\/div>\n\t\t\t<\/div>\n<div class=\"panel panel-default\">\n\t\t\t\t<div class=\"panel-heading\">\n\t\t\t\t\t<h4 class=\"panel-title\">\n\t\t\t\t\t\t<a class=\"collapsed\" data-toggle=\"collapse\" data-parent=\"#custom-collapse-0\" href=\"#custom-collapse-0-2\">Informaci\u00f3n Program\u00e1tica<\/a>\n\t\t\t\t\t<\/h4>\n\t\t\t\t<\/div>\n\t\t\t\t<div id=\"custom-collapse-0-2\" class=\"panel-collapse collapse\">\n\t\t\t\t\t<div class=\"panel-body\">\n<ul>\n<li><a href=\"https:\/\/www.tamaulipas.gob.mx\/itife\/wp-content\/uploads\/sites\/30\/2024\/01\/18-gasto-por-categoria-programatica.pdf\" target=\"_blank\" rel=\"noopener\">Gasto por categor\u00eda program\u00e1tica<\/a><\/li>\n<li><a href=\"https:\/\/www.tamaulipas.gob.mx\/itife\/wp-content\/uploads\/sites\/30\/2024\/01\/19-programas-y-proyectos-de-inversion.pdf\" target=\"_blank\" rel=\"noopener\">Programas y proyectos de inversi\u00f3n<\/a><\/li>\n<li><a href=\"https:\/\/www.tamaulipas.gob.mx\/itife\/wp-content\/uploads\/sites\/30\/2024\/01\/20-indicadores-de-resultados.pdf\" target=\"_blank\" rel=\"noopener\">Indicadores de resultados<\/a><\/li>\n<\/ul>\n<\/div>\n\t\t\t\t<\/div>\n\t\t\t<\/div>\n<div class=\"panel panel-default\">\n\t\t\t\t<div class=\"panel-heading\">\n\t\t\t\t\t<h4 class=\"panel-title\">\n\t\t\t\t\t\t<a class=\"collapsed\" data-toggle=\"collapse\" data-parent=\"#custom-collapse-0\" href=\"#custom-collapse-0-3\">Informaci\u00f3n Adicional<\/a>\n\t\t\t\t\t<\/h4>\n\t\t\t\t<\/div>\n\t\t\t\t<div id=\"custom-collapse-0-3\" class=\"panel-collapse collapse\">\n\t\t\t\t\t<div class=\"panel-body\">\n<ul>\n<li><a href=\"https:\/\/www.tamaulipas.gob.mx\/itife\/wp-content\/uploads\/sites\/30\/2024\/01\/21-informe-y-avance-de-obras-publicas.pdf\" target=\"_blank\" rel=\"noopener\">Informe y avance de obras publicas y servicios relacionados con las mismas<\/a><\/li>\n<li><a href=\"https:\/\/www.tamaulipas.gob.mx\/itife\/wp-content\/uploads\/sites\/30\/2024\/01\/22-factibilidades.pdf\" target=\"_blank\" rel=\"noopener\">Factibilidades<\/a><\/li>\n<\/ul>\n<\/div>\n\t\t\t\t<\/div>\n\t\t\t<\/div>\n<div class=\"panel panel-default\">\n\t\t\t\t<div class=\"panel-heading\">\n\t\t\t\t\t<h4 class=\"panel-title\">\n\t\t\t\t\t\t<a class=\"collapsed\" data-toggle=\"collapse\" data-parent=\"#custom-collapse-0\" href=\"#custom-collapse-0-4\">Disciplina Financiera<\/a>\n\t\t\t\t\t<\/h4>\n\t\t\t\t<\/div>\n\t\t\t\t<div id=\"custom-collapse-0-4\" class=\"panel-collapse collapse\">\n\t\t\t\t\t<div class=\"panel-body\">\n<ul>\n<li><a href=\"https:\/\/www.tamaulipas.gob.mx\/itife\/wp-content\/uploads\/sites\/30\/2024\/01\/1-estado-de-situacion-financiera-detallado.pdf\" target=\"_blank\" rel=\"noopener\">LDF Estado de situaci\u00f3n financiera detallado<\/a><\/li>\n<li><a href=\"https:\/\/www.tamaulipas.gob.mx\/itife\/wp-content\/uploads\/sites\/30\/2024\/01\/2-informe-analitico-de-la-deuda-publica-y-otros-pasivos.pdf\" target=\"_blank\" rel=\"noopener\">LDF Informe anal\u00edtico de la deuda publica y otros pasivos<\/a><\/li>\n<li><a href=\"https:\/\/www.tamaulipas.gob.mx\/itife\/wp-content\/uploads\/sites\/30\/2024\/01\/3-informe-analitico-de-obligaciones-diferentes-de-financiamiento.pdf\" target=\"_blank\" rel=\"noopener\">LDF Informe anal\u00edtico de obligaciones diferentes de financiamiento<\/a><\/li>\n<li><a href=\"https:\/\/www.tamaulipas.gob.mx\/itife\/wp-content\/uploads\/sites\/30\/2024\/01\/4-balance-presupuestario.pdf\" target=\"_blank\" rel=\"noopener\">LDF Balance presupuestario<\/a><\/li>\n<li><a href=\"https:\/\/www.tamaulipas.gob.mx\/itife\/wp-content\/uploads\/sites\/30\/2024\/01\/5-estado-analitico-de-ingresos-detallado.pdf\" target=\"_blank\" rel=\"noopener\">LDF Estado anal\u00edtico de ingresos detallado<\/a><\/li>\n<li><a href=\"https:\/\/www.tamaulipas.gob.mx\/itife\/wp-content\/uploads\/sites\/30\/2024\/01\/6.a-estado-analitico-del-ejercicio-del-presupuesto-de-egresos-detallado-clasificacion-por-objeto-del-gasto.pdf\" target=\"_blank\" rel=\"noopener\">LDF Estado anal\u00edtico del ejercicio del presupuesto de egresos detallado og<\/a><\/li>\n<li><a href=\"https:\/\/www.tamaulipas.gob.mx\/itife\/wp-content\/uploads\/sites\/30\/2024\/01\/6.b-estado-analitico-del-ejercicio-del-presupuesto-de-egresos-detallado-clasificacion-administrativa.pdf\" target=\"_blank\" rel=\"noopener\">LDF Estado anal\u00edtico del ejercicio del presupuesto de egresos detallado ca<\/a><\/li>\n<li><a href=\"https:\/\/www.tamaulipas.gob.mx\/itife\/wp-content\/uploads\/sites\/30\/2024\/01\/6.c-estado-analitico-del-ejercicio-del-presupuesto-de-egresos-detallado-clasificacion-funcional.pdf\" target=\"_blank\" rel=\"noopener\">LDF Estado anal\u00edtico del ejercicio del presupuesto de egresos detallado cf<\/a><\/li>\n<li><a href=\"https:\/\/www.tamaulipas.gob.mx\/itife\/wp-content\/uploads\/sites\/30\/2024\/01\/6.d-estado-analitico-del-ejercicio-del-presupuesto-de-egresos-detallado-clasificacion-de-servicios-personales-por-categoria.pdf\" target=\"_blank\" rel=\"noopener\">LDF Estado anal\u00edtico del ejercicio del presupuesto de egresos detallado cspc<\/a><\/li>\n<\/ul>\n<\/div>\n\t\t\t\t<\/div>\n\t\t\t<\/div>\n<div class=\"panel panel-default\">\n\t\t\t\t<div class=\"panel-heading\">\n\t\t\t\t\t<h4 class=\"panel-title\">\n\t\t\t\t\t\t<a class=\"collapsed\" data-toggle=\"collapse\" data-parent=\"#custom-collapse-0\" href=\"#custom-collapse-0-5\">Anexos<\/a>\n\t\t\t\t\t<\/h4>\n\t\t\t\t<\/div>\n\t\t\t\t<div id=\"custom-collapse-0-5\" class=\"panel-collapse collapse\">\n\t\t\t\t\t<div class=\"panel-body\">\n<ul>\n<li><a href=\"https:\/\/www.tamaulipas.gob.mx\/itife\/wp-content\/uploads\/sites\/30\/2024\/01\/libro-de-inventarios.pdf\" target=\"_blank\" rel=\"noopener\">Libro de Inventarios<\/a><\/li>\n<li><a href=\"https:\/\/www.tamaulipas.gob.mx\/itife\/wp-content\/uploads\/sites\/30\/2024\/01\/programa-de-obra.pdf\" target=\"_blank\" rel=\"noopener\">Programa de Obra Publica<\/a><\/li>\n<li><a href=\"https:\/\/www.tamaulipas.gob.mx\/itife\/wp-content\/uploads\/sites\/30\/2024\/01\/subsidios-y-ayudas.pdf\" target=\"_blank\" rel=\"noopener\">Subsidios y Ayuda<\/a><\/li>\n<\/ul>\n<\/div>\n\t\t\t\t<\/div>\n\t\t\t<\/div>\n<\/div>\n","protected":false},"excerpt":{"rendered":"","protected":false},"author":47,"featured_media":0,"parent":0,"menu_order":0,"comment_status":"closed","ping_status":"closed","template":"","meta":{"footnotes":""},"class_list":["post-2835","page","type-page","status-publish","hentry"],"publishpress_future_action":{"enabled":false,"date":"2026-05-23 18:48:59","action":"change-status","newStatus":"draft","terms":[],"taxonomy":""},"_links":{"self":[{"href":"https:\/\/www.tamaulipas.gob.mx\/itife\/wp-json\/wp\/v2\/pages\/2835"}],"collection":[{"href":"https:\/\/www.tamaulipas.gob.mx\/itife\/wp-json\/wp\/v2\/pages"}],"about":[{"href":"https:\/\/www.tamaulipas.gob.mx\/itife\/wp-json\/wp\/v2\/types\/page"}],"author":[{"embeddable":true,"href":"https:\/\/www.tamaulipas.gob.mx\/itife\/wp-json\/wp\/v2\/users\/47"}],"replies":[{"embeddable":true,"href":"https:\/\/www.tamaulipas.gob.mx\/itife\/wp-json\/wp\/v2\/comments?post=2835"}],"version-history":[{"count":8,"href":"https:\/\/www.tamaulipas.gob.mx\/itife\/wp-json\/wp\/v2\/pages\/2835\/revisions"}],"predecessor-version":[{"id":2887,"href":"https:\/\/www.tamaulipas.gob.mx\/itife\/wp-json\/wp\/v2\/pages\/2835\/revisions\/2887"}],"wp:attachment":[{"href":"https:\/\/www.tamaulipas.gob.mx\/itife\/wp-json\/wp\/v2\/media?parent=2835"}],"curies":[{"name":"wp","href":"https:\/\/api.w.org\/{rel}","templated":true}]}}