{"id":27,"date":"2017-08-10T10:44:38","date_gmt":"2017-08-10T15:44:38","guid":{"rendered":"http:\/\/www.tamaulipas.gob.mx\/itife\/?page_id=27"},"modified":"2025-06-27T10:06:46","modified_gmt":"2025-06-27T16:06:46","slug":"requisitos","status":"publish","type":"page","link":"https:\/\/www.tamaulipas.gob.mx\/itife\/requisitos\/","title":{"rendered":"Requisitos"},"content":{"rendered":"<p>Tel\u00e9fono:\u00a0(834) 316 2003<\/p>\n<div class=\"table-responsive\"><table style=\"width: 96.24%; height: 1234px;\" class=\" table table-gobtam\"><thead><tr style=\"height: 21px;\"><td style=\"width: 91.21%; height: 35px; text-align: center;\" colspan=\"3\"><strong><span style=\"color: #ab0080;\">DIRECCION JURIDICA Y DE ACCESO A LA INFORMACION PUBLICA <\/span><\/strong>\n<p><strong><span style=\"color: #ab0080;\">CERTIFICACION DE INFRAESTRUCTURA FISICA EDUCATIVA <\/span><\/strong><\/p>\n<p><strong><span style=\"color: #ab0080;\">REQUISITOS<\/span><\/strong><\/p><\/td>\n<\/tr><\/thead><tbody><tr style=\"height: 21px;\"><td style=\"width: 91.21%; height: 21px;\" colspan=\"3\"><\/td>\n<\/tr><tr style=\"height: 21px;\"><td style=\"width: 91.21%; height: 21px; text-align: center;\" colspan=\"3\"><span style=\"color: #ab0080;\"><strong>A.- DOCUMENTACION LEGAL DEL SOLICITANTE<\/strong><\/span><\/td>\n<\/tr><tr style=\"height: 21px;\"><td style=\"width: 3.0011%; height: 21px; text-align: center;\">1.-<\/td>\n<td style=\"width: 41.6768%; height: 21px;\"><span style=\"font-size: 12px;\"><strong>SOLICITUD FIRMADA POR REPRESENTANTE O&#xA0; APODERADO LEGAL.<\/strong><\/span>\n<p>&#xA0;<\/p>\n<p>&#xA0;<\/p>\n<p>&#xA0;<\/p>\n<p>&#xA0;<\/p>\n<p>&#xA0;<\/p>\n<p><span style=\"font-size: 12px;\"><strong>DEBE PRESENTARSE ANTE LA DIRECCION GENERAL DEL&#xA0; ITIFE CON LA DOCUMENTACION ANEXA. <\/strong><\/span><\/p><\/td>\n<td style=\"width: 46.5321%; height: 21px;\"><span style=\"font-size: 12px;\">ESCRITO DIRIGIDO AL <strong>ING. SERGIO OLIVERIO CASTILLO SAGASTEGUI DIRECTOR GENERAL DEL ITIFE, <\/strong>CON ATENCION A LA <strong>LIC.&#xA0; AM&#xC9;RICA M. LERMA POSADA JEFA DEL DEPARTAMENTO DE CERTIFICACI&#xD3;N, CONTRATACI&#xD3;N Y LICITACIONES <\/strong>ESPECIFICANDO DATOS GENERALES DEL PLANTEL:<\/span>\n<p>&#xA0;<\/p>\n<p><span style=\"font-size: 12px;\"><strong>* <\/strong>NOMBRE COMERCIAL Y DENOMINACION LEGAL DEL PLANTEL.&#xA0; <\/span><\/p>\n<p><span style=\"font-size: 12px;\">* NIVEL Y MODALIDAD DE EDUCACION. <\/span><\/p>\n<p><span style=\"font-size: 12px;\">* CAPACIDAD DE ALUMNOS <\/span><\/p>\n<p><span style=\"font-size: 12px;\">* DOMICILIO DONDE SE UBICAN LAS INSTALACIONES <u>(REGISTRADO ANTE LA SET Y SAT)<\/u> <\/span><\/p>\n<p><span style=\"font-size: 12px;\">* CARRERAS A IMPARTIR (EN CASO DE EDUCACI&#xD3;N MEDIA SUPERIOR Y SUPERIOR)&#xA0;<\/span><\/p>\n<p><span style=\"font-size: 12px;\">(LA SOLICITUD DEBERA SER PRESENTADA EN HOJA MEMBRETADA DEL PLANTEL EDUCATIVO)<\/span><\/p>\n<p>&#xA0;<\/p>\n<p><a href=\"https:\/\/www.tamaulipas.gob.mx\/itife\/wp-content\/uploads\/sites\/30\/2025\/04\/solicitud-certificado-2025-america.pdf\" target=\"_blank\" rel=\"noopener\"><span style=\"font-size: 12px;\">EJEMPLO D<span style=\"font-family: inherit;\">E SOLICITUD<\/span><\/span><\/a><\/p><\/td>\n<\/tr><tr style=\"height: 21px;\"><td style=\"width: 3.0011%; height: 21px; text-align: center;\"><span style=\"font-size: 12px;\">2.-<\/span><\/td>\n<td style=\"width: 41.6768%; height: 21px;\"><span style=\"font-size: 12px;\"><strong>COMPROBANTE PAGO DE DERECHOS<\/strong><\/span><\/td>\n<td style=\"width: 46.5321%; height: 21px;\" width=\"720\"><span style=\"font-size: 12px;\">DE DERECHOS ANTE LA SECRETARIA DE FINANZAS SEG&#xDA;N LA MODALIDAD, ZONA Y DIMENSIONES DEL PLANTEL.<\/span>\n<p><span style=\"font-size: 12px;\"> <strong>*NOTA<\/strong>: ENTIENDASE POR MODULO EL CONJUNTO DE SEIS (6) ESPACIOS ARQUITECTONICOS.<\/span><\/p><\/td>\n<\/tr><tr style=\"height: 21px;\"><td style=\"width: 3.0011%; height: 21px; text-align: center;\"><span style=\"font-size: 12px;\">3.-<\/span><\/td>\n<td style=\"width: 41.6768%; height: 21px;\"><span style=\"font-size: 12px;\"><strong>IDENTIFICACION OFICIAL DEL SOLICITANTE <\/strong><\/span><\/td>\n<td style=\"width: 46.5321%; height: 21px;\"><span style=\"font-size: 12px;\">PERSONA FISICA O REPRESENTANTE LEGAL.<\/span>\n<p><span style=\"font-size: 12px;\">CREDENCIAL DE ELECTOR VIGENTE<\/span><\/p><\/td>\n<\/tr><tr style=\"height: 21px;\"><td style=\"width: 3.0011%; height: 10px; text-align: center;\"><span style=\"font-size: 12px;\">4.-<\/span><\/td>\n<td style=\"width: 41.6768%; height: 10px;\" width=\"720\"><span style=\"font-size: 12px;\"><strong>ACTA CONSTITUTIVA <\/strong><\/span><\/td>\n<td style=\"width: 46.5321%; height: 10px;\" width=\"720\"><span style=\"font-size: 12px;\">EN CASO DE PERSONAS MORALES&#xA0;<\/span>\n<p><span style=\"font-size: 12px;\">(CONTENIENDO DESIGNACION DE APODERADO O REPRESENTANTE LEGAL)<\/span><\/p><\/td>\n<\/tr><tr style=\"height: 21px;\"><td style=\"width: 3.0011%; height: 21px; text-align: center;\"><span style=\"font-size: 12px;\">5.-<\/span><\/td>\n<td style=\"width: 41.6768%; height: 21px;\" width=\"720\"><span style=\"font-size: 12px;\"><strong>CONSTANCIA DE SITUACION FISCAL <\/strong><\/span><\/td>\n<td style=\"width: 46.5321%; height: 21px;\" width=\"720\"><span style=\"font-size: 12px;\">ACTUALIZADA<\/span><\/td>\n<\/tr><tr style=\"height: 21px;\"><td style=\"width: 3.0011%; height: 21px; text-align: center;\"><span style=\"font-size: 12px;\">6.-<\/span><\/td>\n<td style=\"width: 41.6768%; height: 21px;\" width=\"720\"><span style=\"font-size: 12px;\"><strong>ACREDITACION Y\/O INCORPORACION ANTE LA SET <\/strong><\/span><\/td>\n<td style=\"width: 46.5321%; height: 21px;\" width=\"720\"><span style=\"font-size: 12px;\">PRESENTANDO PERIODICO OFICIAL SE ACREDITAN LOS REQUISITOS<\/span><\/td>\n<\/tr><tr style=\"height: 24px;\"><td style=\"width: 3.0011%; height: 24px; text-align: center;\"><span style=\"font-size: 12px;\">7.-<\/span><\/td>\n<td style=\"width: 41.6768%; height: 24px;\" width=\"720\"><span style=\"font-size: 12px;\"><strong>REOVE O PERIODICO OFICIAL<\/strong><\/span><\/td>\n<td style=\"width: 46.5321%; height: 24px;\"><\/td>\n<\/tr><tr style=\"height: 21px;\"><td style=\"width: 91.21%; height: 21px; text-align: center;\" colspan=\"3\"><strong>&#xA0;<span style=\"color: #ab0000;\">B.<\/span><\/strong><span style=\"color: #ab0080;\"><strong>&#x2013; DOCUMENTACION DEL PREDIO<\/strong><\/span><\/td>\n<\/tr><tr style=\"height: 24px;\"><td style=\"width: 3.0011%; height: 24px; text-align: center;\"><span style=\"font-size: 12px;\">1.-<\/span><\/td>\n<td style=\"width: 41.6768%; height: 24px;\" width=\"720\"><span style=\"font-size: 12px;\"><strong>ESCRITURA DE PROPIEDAD<\/strong><\/span><\/td>\n<td style=\"width: 46.5321%; height: 168px;\" rowspan=\"4\" width=\"720\"><span style=\"font-size: 12px;\">ACREDITAR EL USO LEGAL DEL PREDIO DONDE SE UBICA EL PLANTEL&#xA0;<\/span><span style=\"font-size: 12px;\">A CERTIFICAR.<\/span><\/td>\n<\/tr><tr style=\"height: 24px;\"><td style=\"width: 3.0011%; text-align: center; height: 24px;\"><span style=\"font-size: 12px;\">2.-<\/span><\/td>\n<td style=\"width: 41.6768%; height: 24px;\" width=\"720\"><span style=\"font-size: 12px;\"><strong>CONTRATO DE ARRENDAMIENTO Y\/O COMODATO&#xA0; * IDENTIFICACION DE FIRMANTES<\/strong><\/span><\/td>\n<\/tr><tr style=\"height: 96px;\"><td style=\"width: 3.0011%; text-align: center; height: 96px;\"><span style=\"font-size: 12px;\">3.-<\/span><\/td>\n<td style=\"width: 41.6768%; height: 96px;\" width=\"720\"><span style=\"font-size: 12px;\"><strong>* MANIFIESTO DE PROPIEDAD&#xA0; <\/strong><\/span>\n<p><span style=\"font-size: 12px;\"><strong>* PAGO PREDIAL<\/strong><\/span><\/p><\/td>\n<\/tr><tr style=\"height: 24px;\"><td style=\"width: 3.0011%; text-align: center; height: 24px;\"><span style=\"font-size: 12px;\">4.-<\/span><\/td>\n<td style=\"width: 41.6768%; height: 24px;\" width=\"720\"><span style=\"font-size: 12px;\"><strong>RECIBO PAGO DE SERVICIOS<\/strong><\/span><\/td>\n<\/tr><tr style=\"height: 160px;\"><td style=\"width: 3.0011%; text-align: center; height: 160px;\"><span style=\"font-size: 12px;\">5.-<\/span><\/td>\n<td style=\"width: 41.6768%; height: 160px;\" width=\"720\"><span style=\"font-size: 12px;\"><strong>FACTIBILIDAD DE USO DE SUELO.<\/strong><\/span><\/td>\n<td style=\"width: 46.5321%; height: 160px;\" width=\"720\"><span style=\"font-size: 12px;\">DOCUMENTO EXPEDIDO POR EL MUNICIPIO DONDE SE UBICA EL PLANTEL, EL CUAL DEBE CONTENER LOS DATOS GENERALES DEL&#xA0; PLANTEL Y ADEMAS:<\/span>\n<p><span style=\"font-size: 12px;\">&#xA0;* FECHA DE EXPEDICION Y VIGENCIA.<\/span><\/p>\n<p><span style=\"font-size: 12px;\">&#xA0;* NOMBRE Y CARGO DE LA AUTORIDAD QUE LO EXPIDE.<\/span><\/p><\/td>\n<\/tr><tr style=\"height: 24px;\"><td style=\"width: 91.21%; text-align: center; height: 24px;\" colspan=\"3\"><strong><span style=\"color: #ab0033;\">C.- DOCUMENTACI&#xD3;N T&#xC9;CNICA<\/span><\/strong><\/td>\n<\/tr><tr style=\"height: 56px;\"><td style=\"width: 3.0011%; height: 56px; text-align: center;\"><span style=\"font-size: 12px;\">1.-<\/span><\/td>\n<td style=\"width: 41.6768%; height: 56px;\" width=\"720\"><span style=\"font-size: 12px;\"><strong>CONSTANCIA DE VISTO BUENO DE PROTECCION CIVIL <\/strong><\/span><\/td>\n<td style=\"width: 46.5321%; height: 56px;\" width=\"720\"><span style=\"font-size: 12px;\">DOCUMENTO EXPEDIDO POR PROTECCION CIVIL MUNICIPAL<\/span>\n<p><span style=\"font-size: 12px;\">(VIGENTE)<\/span><\/p>\n<p><span style=\"font-size: 12px;\"><strong>PRESENTARSE EN ORIGINAL Y COPIA PARA COTEJO<\/strong><\/span><\/p><\/td>\n<\/tr><tr style=\"height: 21px;\"><td style=\"width: 3.0011%; height: 21px; text-align: center;\"><span style=\"font-size: 12px;\">2.-<\/span><\/td>\n<td style=\"width: 41.6768%; height: 21px;\" width=\"720\"><span style=\"font-size: 12px;\"><strong>DICTAMEN ESTRUCTURAL <\/strong><\/span><\/td>\n<td style=\"width: 46.5321%; height: 21px;\" width=\"720\"><span style=\"font-size: 12px;\"><strong>FIRMADO POR UN DRO. (DIRECTOR RESPONSABLE DE OBRA<\/strong>)<\/span>\n<p><span style=\"font-size: 12px;\"><strong>DEBE CONTENER: <\/strong><\/span><\/p>\n<p><span style=\"font-size: 12px;\"><strong>&#xA0;<\/strong>* DESCRIPCION DE TIPO DE ESTRUCTURA, CARGAS TOTALES DE LOS EDIFICIOS.<\/span><\/p>\n<p><span style=\"font-size: 12px;\">* CROQUIS EN PLANO DONDE SE INDIQUE: LOSAS, COLUMNAS, TRABES, DIMENSIONES GENERALES DE LA ESTRUCTURA, CORTE.<\/span><\/p>\n<p><span style=\"font-size: 12px;\">&#xA0;* MEMORIA FOTOGRAFICA. (de castillos, columnas, losas, volados, trabes)<\/span><\/p>\n<p><span style=\"font-size: 12px;\">&#xA0;* CONCLUSIONES FINALES Y RECOMENDACIONES.<\/span><\/p>\n<p><span style=\"font-size: 12px;\">* NOTA: DEBERAN COINCIDIR CON LAS PLANTAS ARQUITECTONICAS.<\/span><\/p>\n<p><span style=\"font-size: 12px;\"><strong>PRESENTARSE EN ORIGINAL Y COPIA PARA COTEJO<\/strong><\/span><\/p><\/td>\n<\/tr><tr style=\"height: 24px;\"><td style=\"width: 3.0011%; height: 24px; text-align: center;\"><span style=\"font-size: 12px;\">3.-<\/span><\/td>\n<td style=\"width: 41.6768%; height: 24px;\" width=\"720\"><span style=\"font-size: 12px;\"><strong>DICTAMEN ELECTRICO<\/strong><\/span><\/td>\n<td style=\"width: 46.5321%; height: 24px;\" width=\"720\"><span style=\"font-size: 12px;\">PUDIENDO PRESENTAR COPIA DEL DICTAMEN ELECTRICO CONTENIDO EN EL PROGRMA INTERNO DE PROTECCION CIVIL.<\/span>\n<p>&#x2014;&#x2014;&#x2014;&#x2014;&#x2014;&#x2014;&#x2014;&#x2014;&#x2014;&#x2014;&#x2014;&#x2014;&#x2014;&#x2014;&#x2014;&#x2014;&#x2014;&#x2014;&#x2014;&#x2014;&#x2014;&#x2014;&#x2014;&#x2014;&#x2014;&#x2014;&#x2014;&#x2014;&#x2014;&#x2014;&#x2014;&#x2014;&#x2014;&#x2014;&#x2014;&#x2013;<\/p>\n<p><span style=\"font-size: 12px;\"><strong>FIRMADO POR UN DRO. (DIRECTOR RESPONSABLE DE OBRA<\/strong>) <strong>DEBE CONTENER: <\/strong><\/span><\/p>\n<p><span style=\"font-size: 12px;\"><strong>&#xA0;<\/strong>* DIAGRAMA UNIFILAR.<\/span><\/p>\n<p><span style=\"font-size: 12px;\">&#xA0;* CROQUIS EN PLANO DE INSTALACIONES DE: ILUMINACION,CONTACTOS,AIRE ACONDICIONADO (UBICACI&#xD3;N DE EQUIPOS Y RUTA&#xA0; DE CABLEADO) DIAGRAMA GENERAL DE CENTROS DE CARGA.<\/span><\/p>\n<p><span style=\"font-size: 12px;\">&#xA0;* MEMORIA FOTOGRAFICA. (luminarias, contactos, apagadores, centros de carga, tuber&#xED;a)&#xA0;<\/span><\/p>\n<p><span style=\"font-size: 12px;\">&#xA0;* CONCLUSIONES FINALES Y RECOMENDACIONES.<\/span><\/p>\n<p><span style=\"font-size: 12px;\"><strong>PRESENTARSE EN ORIGINAL Y COPIA PARA COTEJO<\/strong><\/span><\/p><\/td>\n<\/tr><tr style=\"height: 24px;\"><td style=\"width: 3.0011%; height: 24px; text-align: center;\"><span style=\"font-size: 12px;\">4.-<\/span><\/td>\n<td style=\"width: 41.6768%; height: 24px;\"><span style=\"font-size: 12px;\">PLANOS<\/span><\/td>\n<td style=\"width: 46.5321%; height: 24px;\" width=\"720\"><span style=\"font-size: 12px;\"><strong>NOTA: LOS PLANOS DEBEN SER FIRMADOS POR PERSONA CON CEDULA PROFESIONAL. <\/strong><\/span>\n<p><span style=\"font-size: 12px;\"><strong>&#xA0;* NO ES NECESARIO QUE CONTENGAN FIRMA DE UN DRO.<\/strong><\/span><\/p><\/td>\n<\/tr><tr style=\"height: 24px;\"><td style=\"width: 3.0011%; height: 24px;\"><\/td>\n<td style=\"width: 41.6768%; height: 24px;\" width=\"720\"><span style=\"font-size: 12px;\"><strong>* PLANTA DE CONJUNTO <\/strong><\/span><\/td>\n<td style=\"width: 46.5321%; height: 24px;\" width=\"720\"><span style=\"font-size: 12px;\">DEBE INCLUIR CROQUIS DE LOCALIZACI&#xD3;N.<\/span><\/td>\n<\/tr><tr style=\"height: 24px;\"><td style=\"width: 3.0011%; height: 24px;\"><\/td>\n<td style=\"width: 41.6768%; height: 24px;\" width=\"720\"><span style=\"font-size: 12px;\"><strong>* PLANTAS ARQUITECTONICAS <\/strong><\/span><\/td>\n<td style=\"width: 46.5321%; height: 24px;\" width=\"720\"><span style=\"font-size: 12px;\">DEBE INCLUIR TODAS LAS PLANTAS<\/span><\/td>\n<\/tr><tr style=\"height: 24px;\"><td style=\"width: 3.0011%; height: 24px;\"><\/td>\n<td style=\"width: 41.6768%; height: 24px;\" width=\"720\"><span style=\"font-size: 12px;\"><strong>* ELEVACION PRINCIPAL<\/strong><\/span><\/td>\n<td style=\"width: 46.5321%; height: 24px;\" width=\"720\"><span style=\"font-size: 12px;\"><strong>&#xA0;<\/strong><\/span><\/td>\n<\/tr><tr style=\"height: 24px;\"><td style=\"width: 3.0011%; height: 24px;\"><\/td>\n<td style=\"width: 41.6768%; height: 24px;\" width=\"720\"><span style=\"font-size: 12px;\"><strong>* PLANO DE AZOTEA<\/strong><\/span><\/td>\n<td style=\"width: 46.5321%; height: 24px;\" width=\"720\"><span style=\"font-size: 12px;\"><strong>&#xA0;<\/strong><\/span><\/td>\n<\/tr><tr style=\"height: 56px;\"><td style=\"width: 3.0011%; height: 56px;\"><\/td>\n<td style=\"width: 41.6768%; height: 56px;\" width=\"720\"><span style=\"font-size: 12px;\"><strong>*PLANO SANITARIO <\/strong><\/span><\/td>\n<td style=\"width: 46.5321%; height: 56px;\" width=\"720\"><span style=\"font-size: 12px;\"><strong>&#xA0;<\/strong><\/span><\/td>\n<\/tr><tr style=\"height: 56px;\"><td style=\"width: 3.0011%; height: 56px;\"><\/td>\n<td style=\"width: 41.6768%; height: 56px;\" width=\"720\"><span style=\"font-size: 12px;\"><strong>* PLANO HIDRAULICO<\/strong><\/span><\/td>\n<td style=\"width: 46.5321%; height: 56px;\" width=\"720\"><span style=\"font-size: 12px;\"><strong>&#xA0;<\/strong><\/span><\/td>\n<\/tr><tr style=\"height: 56px;\"><td style=\"width: 3.0011%; height: 56px;\"><\/td>\n<td style=\"width: 41.6768%; height: 56px;\" width=\"720\"><span style=\"font-size: 12px;\"><strong>* PLANO DE SE&#xD1;ALIZACI&#xD3;N&#xA0; <\/strong><\/span><\/td>\n<td style=\"width: 46.5321%; height: 56px;\" width=\"720\"><span style=\"font-size: 12px;\">DEBIENDO CONTENER LETREROS GENERALES, UBICACI&#xD3;N DE EXTINGUIDORES Y SALIDAS DE EMERGENCIAS<\/span><\/td>\n<\/tr><tr style=\"height: 56px;\"><td style=\"width: 3.0011%; height: 56px;\"><\/td>\n<td style=\"width: 41.6768%; height: 56px;\" width=\"720\"><span style=\"font-size: 12px;\"><strong>* PLANO DE VOZ Y DATOS <\/strong><\/span><\/td>\n<td style=\"width: 46.5321%; height: 56px;\" width=\"720\"><span style=\"font-size: 12px;\">(SALIDA DE NODOS INCLUIR UBICACI&#xD3;N DE CAMARAS Y SITE)<\/span><\/td>\n<\/tr><tr style=\"height: 56px;\"><td style=\"width: 3.0011%; height: 56px;\"><\/td>\n<td style=\"width: 41.6768%; height: 56px;\" width=\"720\"><span style=\"font-size: 12px;\"><strong>* PLANO DE GAS<\/strong><\/span><\/td>\n<td style=\"width: 46.5321%; height: 56px;\"><\/td>\n<\/tr><tr style=\"height: 24px;\"><td style=\"width: 91.21%; height: 24px; text-align: center;\" colspan=\"3\"><strong><span style=\"color: #ab0033;\">D.- DOCUMENTACI&#xD3;N ADICIONAL<\/span><\/strong><\/td>\n<\/tr><tr style=\"height: 24px;\"><td style=\"width: 3.0011%; height: 24px; text-align: center;\"><span style=\"font-size: 12px;\">1.-<\/span><\/td>\n<td style=\"width: 41.6768%; height: 24px;\" width=\"720\"><span style=\"font-size: 12px;\"><strong>IDENTIFICACION DEL DRO <\/strong><\/span><\/td>\n<td style=\"width: 46.5321%; height: 72px;\" rowspan=\"3\"><span style=\"font-size: 12px;\">DEL PROFESIONISTA QUE HAYA FIRMADO EL DICTAMEN&#xA0;<\/span>\n<p><span style=\"font-size: 12px;\">ESTRUCTURAL Y EL DICTAMEN TECNICO<\/span><\/p><\/td>\n<\/tr><tr style=\"height: 24px;\"><td style=\"width: 3.0011%; height: 24px; text-align: center;\"><span style=\"font-size: 12px;\">2.-<\/span><\/td>\n<td style=\"width: 41.6768%; height: 24px;\" width=\"720\"><span style=\"font-size: 12px;\"><strong>CEDULA PROFESIONAL DEL DRO<\/strong><\/span><\/td>\n<\/tr><tr style=\"height: 24px;\"><td style=\"width: 3.0011%; height: 24px; text-align: center;\"><span style=\"font-size: 12px;\">3.-<\/span><\/td>\n<td style=\"width: 41.6768%; height: 24px;\" width=\"720\"><span style=\"font-size: 12px;\"><strong>CONSTANCIA DE REGISTRO DEL DRO (VIGENTE)<\/strong><\/span><\/td>\n<\/tr><tr style=\"height: 24px;\"><td style=\"width: 3.0011%; height: 24px; text-align: center;\"><span style=\"font-size: 12px;\">4.-<\/span><\/td>\n<td style=\"width: 41.6768%; height: 24px;\" width=\"720\"><span style=\"font-size: 12px;\"><strong>CERTIFICADO VENCIDO <\/strong><\/span><\/td>\n<td style=\"width: 46.5321%; height: 24px;\"><span style=\"font-size: 12px;\">EN CASO DE HABER OBTENIDO CERTIFICADO CON ANTERIORIDAD A LA SOLICITUD.<\/span><\/td>\n<\/tr><tr style=\"height: 24px;\"><td style=\"width: 3.0011%; text-align: center; height: 24px;\"><span style=\"font-size: 12px;\">5.-<\/span><\/td>\n<td style=\"width: 41.6768%; height: 24px;\"><span style=\"font-size: 12px;\"><strong>USB<\/strong><\/span><\/td>\n<td style=\"width: 46.5321%; height: 24px;\"><span style=\"font-size: 12px;\">DEBER&#xC1; CONTENER EN FORMATO DIGITAL TODOS LOS REQUISITOS SOLICITADOS.<\/span><\/td>\n<\/tr><\/tbody><\/table><\/div>\n<p><a href=\"https:\/\/www.tamaulipas.gob.mx\/itife\/wp-content\/uploads\/sites\/30\/2025\/06\/requisitos-2025.pdf\">Descarga de los requisitos PDF.<\/a><\/p>\n<p>Para asesor\u00eda en este tr\u00e1mite puede contactarse al Departamento de Contrataci\u00f3n, Certificaci\u00f3n, y Licitaciones del ITIFE.<\/p>\n<p>Cualquier\u00a0 duda o aclaraci\u00f3n comunicarse con:<\/p>\n<p>Tel. (834) 316 2003, ext.\u00a0 46818<br \/>\nCorreo Electr\u00f3nico: <a href=\"mailto: america.lerma@tamaulipas.gob.mx\">america.lerma@tamaulipas.gob.mx<\/a><\/p>\n<p><strong>Enlaces<\/strong><\/p>\n<p>Certificaci\u00f3n:<\/p>\n<ul>\n<li><a href=\"http:\/\/www.tamaulipas.gob.mx\/itife\/clasificacion\/\">Clasificaci\u00f3n<\/a><\/li>\n<li>Requisitos<\/li>\n<li><a href=\"http:\/\/www.tamaulipas.gob.mx\/itife\/procedimiento\/\">Procedimiento<\/a><\/li>\n<li><a href=\"http:\/\/www.tamaulipas.gob.mx\/itife\/costos\/\">Costo<\/a><\/li>\n<\/ul>\n<p>Para pago en l\u00ednea debe elegir la zona en el cual est\u00e1 el municipio<\/p>\n<ul>\n<li><a href=\"http:\/\/finanzas.tamaulipas.gob.mx\/ingresos\/pagosnet\/view\/opd\/opd_47.php?Id=47&amp;Inst=INSTITUTO%20TAMAULIPECO%20DE%20INFRAESTRUCTURA%20FISICA%20EDUCATIVA%20(ITIFE%20ZONA%20SUR)\" target=\"_blank\" rel=\"noopener noreferrer\">Zona Sur<\/a><\/li>\n<li><a href=\"http:\/\/finanzas.tamaulipas.gob.mx\/ingresos\/pagosnet\/view\/opd\/opd_6.php?Id=6&amp;Inst=INSTITUTO%20TAMAULIPECO%20DE%20INFRAESTRUCTURA%20FISICA%20EDUCATIVA%20(ITIFE%20ZONA%20CENTRO)\" target=\"_blank\" rel=\"noopener noreferrer\">Zona Centro<\/a><\/li>\n<li><a href=\"http:\/\/finanzas.tamaulipas.gob.mx\/ingresos\/pagosnet\/view\/opd\/opd_48.php?Id=48&amp;Inst=INSTITUTO%20TAMAULIPECO%20DE%20INFRAESTRUCTURA%20FISICA%20EDUCATIVA%20(ITIFE%20ZONA%20NORTE)\" target=\"_blank\" rel=\"noopener noreferrer\">Zona Norte<\/a><\/li>\n<\/ul>\n","protected":false},"excerpt":{"rendered":"<p>Tel\u00e9fono:\u00a0(834) 316 2003 Descarga de los requisitos PDF. Para asesor\u00eda en este tr\u00e1mite puede contactarse al Departamento de Contrataci\u00f3n, Certificaci\u00f3n, y Licitaciones del ITIFE. Cualquier\u00a0\u2026<\/p>\n","protected":false},"author":7,"featured_media":0,"parent":0,"menu_order":0,"comment_status":"closed","ping_status":"closed","template":"","meta":{"footnotes":""},"class_list":["post-27","page","type-page","status-publish","hentry"],"publishpress_future_action":{"enabled":false,"date":"2026-05-23 17:46:44","action":"change-status","newStatus":"draft","terms":[],"taxonomy":""},"_links":{"self":[{"href":"https:\/\/www.tamaulipas.gob.mx\/itife\/wp-json\/wp\/v2\/pages\/27"}],"collection":[{"href":"https:\/\/www.tamaulipas.gob.mx\/itife\/wp-json\/wp\/v2\/pages"}],"about":[{"href":"https:\/\/www.tamaulipas.gob.mx\/itife\/wp-json\/wp\/v2\/types\/page"}],"author":[{"embeddable":true,"href":"https:\/\/www.tamaulipas.gob.mx\/itife\/wp-json\/wp\/v2\/users\/7"}],"replies":[{"embeddable":true,"href":"https:\/\/www.tamaulipas.gob.mx\/itife\/wp-json\/wp\/v2\/comments?post=27"}],"version-history":[{"count":47,"href":"https:\/\/www.tamaulipas.gob.mx\/itife\/wp-json\/wp\/v2\/pages\/27\/revisions"}],"predecessor-version":[{"id":4137,"href":"https:\/\/www.tamaulipas.gob.mx\/itife\/wp-json\/wp\/v2\/pages\/27\/revisions\/4137"}],"wp:attachment":[{"href":"https:\/\/www.tamaulipas.gob.mx\/itife\/wp-json\/wp\/v2\/media?parent=27"}],"curies":[{"name":"wp","href":"https:\/\/api.w.org\/{rel}","templated":true}]}}