{"id":2493,"date":"2023-05-06T19:26:37","date_gmt":"2023-05-07T01:26:37","guid":{"rendered":"https:\/\/www.tamaulipas.gob.mx\/itife\/?page_id=2493"},"modified":"2023-05-06T20:00:15","modified_gmt":"2023-05-07T02:00:15","slug":"cuenta-publica-2020","status":"publish","type":"page","link":"https:\/\/www.tamaulipas.gob.mx\/itife\/cuenta-publica-2020\/","title":{"rendered":"Cuenta Publica 2020"},"content":{"rendered":"<div class=\"panel-group\" id=\"custom-collapse-0\">\n<div class=\"panel panel-default\">\n\t\t\t\t<div class=\"panel-heading\">\n\t\t\t\t\t<h4 class=\"panel-title\">\n\t\t\t\t\t\t<a class=\"\" data-toggle=\"collapse\" data-parent=\"#custom-collapse-0\" href=\"#custom-collapse-0-0\">Informaci\u00f3n Contable<\/a>\n\t\t\t\t\t<\/h4>\n\t\t\t\t<\/div>\n\t\t\t\t<div id=\"custom-collapse-0-0\" class=\"panel-collapse in\">\n\t\t\t\t\t<div class=\"panel-body\">\n<ul>\n<li><a href=\"https:\/\/www.tamaulipas.gob.mx\/itife\/wp-content\/uploads\/sites\/30\/2023\/05\/1-estado-de-actividades-1.pdf\" target=\"_blank\" rel=\"noopener\">Estado de Actividades<\/a><\/li>\n<li><a href=\"https:\/\/www.tamaulipas.gob.mx\/itife\/wp-content\/uploads\/sites\/30\/2023\/05\/2-estado-de-situacion-financiera-1.pdf\" target=\"_blank\" rel=\"noopener\">Estado de Situaci\u00f3n Financiera<\/a><\/li>\n<li><a href=\"https:\/\/www.tamaulipas.gob.mx\/itife\/wp-content\/uploads\/sites\/30\/2023\/05\/3-estado-de-variacion-en-la-hacienda-publica-1.pdf\" target=\"_blank\" rel=\"noopener\">Estado de Variaci\u00f3n en la Hacienda P\u00fablica<\/a><\/li>\n<li><a href=\"https:\/\/www.tamaulipas.gob.mx\/itife\/wp-content\/uploads\/sites\/30\/2023\/05\/4-estado-de-cambios-en-la-situacion-financiera-1.pdf\" target=\"_blank\" rel=\"noopener\">Estado de Cambios en la Situaci\u00f3n Financiera<\/a><\/li>\n<li><a href=\"https:\/\/www.tamaulipas.gob.mx\/itife\/wp-content\/uploads\/sites\/30\/2023\/05\/5-estado-de-flujos-de-efectivo-1.pdf\" target=\"_blank\" rel=\"noopener\">Estado de Flujos de Efectivo<\/a><\/li>\n<li><a href=\"https:\/\/www.tamaulipas.gob.mx\/itife\/wp-content\/uploads\/sites\/30\/2023\/05\/6-estado-analitico-del-activo-1.pdf\" target=\"_blank\" rel=\"noopener\">Estado Anal\u00edtico del Activo<\/a><\/li>\n<li><a href=\"https:\/\/www.tamaulipas.gob.mx\/itife\/wp-content\/uploads\/sites\/30\/2023\/05\/7-informe-analitico-de-la-deuda-publica-y-otros-pasivos.pdf\" target=\"_blank\" rel=\"noopener\">Estado Anal\u00edtico de la Deuda y otros Pasivos<\/a><\/li>\n<li><a href=\"https:\/\/www.tamaulipas.gob.mx\/itife\/wp-content\/uploads\/sites\/30\/2023\/05\/8-informe-de-pasivos-contingentes-1.pdf\" target=\"_blank\" rel=\"noopener\">Informe sobre Pasivos Contingentes<\/a><\/li>\n<li><a href=\"https:\/\/www.tamaulipas.gob.mx\/itife\/wp-content\/uploads\/sites\/30\/2023\/05\/9-notas-a-los-estados-financieros-1.pdf\" target=\"_blank\" rel=\"noopener\">Notas a los Estados Financieros<\/a><\/li>\n<\/ul>\n<\/div>\n\t\t\t\t<\/div>\n\t\t\t<\/div>\n<div class=\"panel panel-default\">\n\t\t\t\t<div class=\"panel-heading\">\n\t\t\t\t\t<h4 class=\"panel-title\">\n\t\t\t\t\t\t<a class=\"collapsed\" data-toggle=\"collapse\" data-parent=\"#custom-collapse-0\" href=\"#custom-collapse-0-1\">Informaci\u00f3n Presupuestaria<\/a>\n\t\t\t\t\t<\/h4>\n\t\t\t\t<\/div>\n\t\t\t\t<div id=\"custom-collapse-0-1\" class=\"panel-collapse collapse\">\n\t\t\t\t\t<div class=\"panel-body\">\n<ul>\n<li><a href=\"https:\/\/www.tamaulipas.gob.mx\/itife\/wp-content\/uploads\/sites\/30\/2023\/05\/10-estado-analitico-de-ingresos-1.pdf\" target=\"_blank\" rel=\"noopener\">Estado Anal\u00edtico de Ingresos<\/a><\/li>\n<li><a href=\"https:\/\/www.tamaulipas.gob.mx\/itife\/wp-content\/uploads\/sites\/30\/2023\/05\/11-estado-analitico-de-egresos-por-ca-1.pdf\" target=\"_blank\" rel=\"noopener\">Estado Anal\u00edtico del Ejercicio del Presupuesto de Egresos por Clasificaci\u00f3n Administrativa<\/a><\/li>\n<li><a href=\"https:\/\/www.tamaulipas.gob.mx\/itife\/wp-content\/uploads\/sites\/30\/2023\/05\/12-estado-analitico-de-egresos-por-ce-1.pdf\" target=\"_blank\" rel=\"noopener\">Estado Anal\u00edtico del Ejercicio del Presupuesto de Egresos por Clasificaci\u00f3n Econ\u00f3mica (Tipo de Gasto)<\/a><\/li>\n<li><a href=\"https:\/\/www.tamaulipas.gob.mx\/itife\/wp-content\/uploads\/sites\/30\/2023\/05\/13-estado-analitico-de-egresos-por-cog-1.pdf\" target=\"_blank\" rel=\"noopener\">Estado Anal\u00edtico del Ejercicio del Presupuesto de Egresos por Clasificaci\u00f3n por Objeto del Gasto<\/a><\/li>\n<li><a href=\"https:\/\/www.tamaulipas.gob.mx\/itife\/wp-content\/uploads\/sites\/30\/2023\/05\/14-estado-analitico-de-egresos-por-cf-1.pdf\" target=\"_blank\" rel=\"noopener\">Estado Anal\u00edtico del Ejercicio del Presupuesto de Egresos por Clasificaci\u00f3n Funcional<\/a><\/li>\n<li><a href=\"https:\/\/www.tamaulipas.gob.mx\/itife\/wp-content\/uploads\/sites\/30\/2023\/05\/15-estado-analitico-de-ef.pdf\" target=\"_blank\" rel=\"noopener\">Estado Anal\u00edtico del Ejercicio del Presupuesto de Egresos por Flujo de Fondos<\/a><\/li>\n<li><a href=\"https:\/\/www.tamaulipas.gob.mx\/itife\/wp-content\/uploads\/sites\/30\/2023\/05\/16-endeudamiento-neto-2.pdf\" target=\"_blank\" rel=\"noopener\">Endeudamiento Neto<\/a><\/li>\n<li><a href=\"https:\/\/www.tamaulipas.gob.mx\/itife\/wp-content\/uploads\/sites\/30\/2023\/05\/17-intereses-de-la-deuda-2.pdf\" target=\"_blank\" rel=\"noopener\">Intereses de la Deuda<\/a><\/li>\n<li><a href=\"https:\/\/www.tamaulipas.gob.mx\/itife\/wp-content\/uploads\/sites\/30\/2023\/05\/18-indicadores-de-postura-fiscal-2.pdf\" target=\"_blank\" rel=\"noopener\">Indicadores de Postura Fiscal<\/a><\/li>\n<\/ul>\n<\/div>\n\t\t\t\t<\/div>\n\t\t\t<\/div>\n<div class=\"panel panel-default\">\n\t\t\t\t<div class=\"panel-heading\">\n\t\t\t\t\t<h4 class=\"panel-title\">\n\t\t\t\t\t\t<a class=\"collapsed\" data-toggle=\"collapse\" data-parent=\"#custom-collapse-0\" href=\"#custom-collapse-0-2\">Informaci\u00f3n Program\u00e1tica<\/a>\n\t\t\t\t\t<\/h4>\n\t\t\t\t<\/div>\n\t\t\t\t<div id=\"custom-collapse-0-2\" class=\"panel-collapse collapse\">\n\t\t\t\t\t<div class=\"panel-body\">\n<ul>\n<li><a href=\"https:\/\/www.tamaulipas.gob.mx\/itife\/wp-content\/uploads\/sites\/30\/2023\/05\/19-gasto-por-categoria-programatica-2.pdf\" target=\"_blank\" rel=\"noopener\">Gasto por Categor\u00eda Program\u00e1tica<\/a><\/li>\n<li><a href=\"https:\/\/www.tamaulipas.gob.mx\/itife\/wp-content\/uploads\/sites\/30\/2023\/05\/20-programas-y-proyectos-de-inversion-2.pdf\" target=\"_blank\" rel=\"noopener\">Programas y Proyectos de Inversi\u00f3n<\/a><\/li>\n<li><a href=\"https:\/\/www.tamaulipas.gob.mx\/itife\/wp-content\/uploads\/sites\/30\/2023\/05\/21-indicadores-de-resultados-2.pdf\" target=\"_blank\" rel=\"noopener\">Indicadores de Resultados<\/a><\/li>\n<\/ul>\n<\/div>\n\t\t\t\t<\/div>\n\t\t\t<\/div>\n<div class=\"panel panel-default\">\n\t\t\t\t<div class=\"panel-heading\">\n\t\t\t\t\t<h4 class=\"panel-title\">\n\t\t\t\t\t\t<a class=\"collapsed\" data-toggle=\"collapse\" data-parent=\"#custom-collapse-0\" href=\"#custom-collapse-0-3\">Anexos<\/a>\n\t\t\t\t\t<\/h4>\n\t\t\t\t<\/div>\n\t\t\t\t<div id=\"custom-collapse-0-3\" class=\"panel-collapse collapse\">\n\t\t\t\t\t<div class=\"panel-body\">\n<ul>\n<li><a href=\"https:\/\/www.tamaulipas.gob.mx\/itife\/wp-content\/uploads\/sites\/30\/2023\/05\/22-relacion-de-bienes-muebles-2.pdf\" target=\"_blank\" rel=\"noopener\">Relaci\u00f3n de Bienes Muebles que Componen el Patrimonio<\/a><\/li>\n<li><a href=\"https:\/\/www.tamaulipas.gob.mx\/itife\/wp-content\/uploads\/sites\/30\/2023\/05\/23-relacion-de-bienes-inmuebles-2.pdf\" target=\"_blank\" rel=\"noopener\">Relaci\u00f3n de Bienes Inmuebles que Componen el Patrimonio<\/a><\/li>\n<li><a href=\"https:\/\/www.tamaulipas.gob.mx\/itife\/wp-content\/uploads\/sites\/30\/2023\/05\/24-relacion-de-cuentas-bancarias-2.pdf\" target=\"_blank\" rel=\"noopener\">Relaci\u00f3n de Cuentas Bancarias Productivas Especificas<\/a><\/li>\n<li><a href=\"https:\/\/www.tamaulipas.gob.mx\/itife\/wp-content\/uploads\/sites\/30\/2023\/05\/25-relacion-de-esquemas-bursatiles-2.pdf\" target=\"_blank\" rel=\"noopener\">Relaci\u00f3n de Esquemas Burs\u00e1tiles y de Coberturas Financieras<\/a><\/li>\n<li><a href=\"https:\/\/www.tamaulipas.gob.mx\/itife\/wp-content\/uploads\/sites\/30\/2023\/05\/26-obra-publica-2.pdf\" target=\"_blank\" rel=\"noopener\">Obra Publica<\/a><\/li>\n<\/ul>\n<\/div>\n\t\t\t\t<\/div>\n\t\t\t<\/div>\n<div class=\"panel panel-default\">\n\t\t\t\t<div class=\"panel-heading\">\n\t\t\t\t\t<h4 class=\"panel-title\">\n\t\t\t\t\t\t<a class=\"collapsed\" data-toggle=\"collapse\" data-parent=\"#custom-collapse-0\" href=\"#custom-collapse-0-4\">Disciplina Financiera<\/a>\n\t\t\t\t\t<\/h4>\n\t\t\t\t<\/div>\n\t\t\t\t<div id=\"custom-collapse-0-4\" class=\"panel-collapse collapse\">\n\t\t\t\t\t<div class=\"panel-body\">\n<ul>\n<li>LDF<a href=\"https:\/\/www.tamaulipas.gob.mx\/itife\/wp-content\/uploads\/sites\/30\/2023\/05\/27-estado-de-situacion-financiera-detallado-1.pdf\" target=\"_blank\" rel=\"noopener\"> Estado de Situaci\u00f3n Financiera Detallado<\/a><\/li>\n<li><a href=\"https:\/\/www.tamaulipas.gob.mx\/itife\/wp-content\/uploads\/sites\/30\/2023\/05\/28-estado-analitico-de-la-deuda-y-otros-pasivos.pdf\" target=\"_blank\" rel=\"noopener\">LDF Informe Anal\u00edtico de la Deuda Publica y Otros Pasivos<\/a><\/li>\n<li><a href=\"https:\/\/www.tamaulipas.gob.mx\/itife\/wp-content\/uploads\/sites\/30\/2023\/05\/29-informe-analitico-de-obligaciones-df.pdf\" target=\"_blank\" rel=\"noopener\">LDF Informe Anal\u00edtico de Obligaciones Diferentes de Financiamiento<\/a><\/li>\n<li><a href=\"https:\/\/www.tamaulipas.gob.mx\/itife\/wp-content\/uploads\/sites\/30\/2023\/05\/30-balance-presupuestario-1.pdf\" target=\"_blank\" rel=\"noopener\">LDF Balance Presupuestario<\/a><\/li>\n<li><a href=\"https:\/\/www.tamaulipas.gob.mx\/itife\/wp-content\/uploads\/sites\/30\/2023\/05\/31-estado-analitico-de-ingresos-detallado-2.pdf\" target=\"_blank\" rel=\"noopener\">LDF Estado Anal\u00edtico de Ingresos Detallado<\/a><\/li>\n<li><a href=\"https:\/\/www.tamaulipas.gob.mx\/itife\/wp-content\/uploads\/sites\/30\/2023\/05\/32-clasificacion-por-objeto-del-gasto-1.pdf\" target=\"_blank\" rel=\"noopener\">LDF Estado Anal\u00edtico del Ejercicio del Presupuesto de Egresos Detallado OG<\/a><\/li>\n<li><a href=\"https:\/\/www.tamaulipas.gob.mx\/itife\/wp-content\/uploads\/sites\/30\/2023\/05\/33-clasificacion-administrativa-1.pdf\" target=\"_blank\" rel=\"noopener\">LDF Estado Anal\u00edtico del Ejercicio del Presupuesto de Egresos Detallado CA<\/a><\/li>\n<li><a href=\"https:\/\/www.tamaulipas.gob.mx\/itife\/wp-content\/uploads\/sites\/30\/2023\/05\/34-clasificacion-funcional-1.pdf\" target=\"_blank\" rel=\"noopener\">LDF Estado Anal\u00edtico del Ejercicio del Presupuesto de Egresos Detallado CF<\/a><\/li>\n<li><a href=\"https:\/\/www.tamaulipas.gob.mx\/itife\/wp-content\/uploads\/sites\/30\/2023\/05\/35-clasificacion-de-servicios-personales-por-categoria-1.pdf\" target=\"_blank\" rel=\"noopener\">LDF Estado Anal\u00edtico del Ejercicio del Presupuesto de Egresos Detallado CSPC<\/a><\/li>\n<li><a href=\"https:\/\/www.tamaulipas.gob.mx\/itife\/wp-content\/uploads\/sites\/30\/2023\/05\/36-guia-de-cumplimiento-2.pdf\" target=\"_blank\" rel=\"noopener\">Gu\u00eda de Cumplimiento de la Ley de Disciplina Financiera de las Entidades Federativas y los Municipios<\/a><\/li>\n<\/ul>\n<\/div>\n\t\t\t\t<\/div>\n\t\t\t<\/div>\n<\/div>\n","protected":false},"excerpt":{"rendered":"","protected":false},"author":47,"featured_media":0,"parent":0,"menu_order":0,"comment_status":"closed","ping_status":"closed","template":"","meta":{"footnotes":""},"class_list":["post-2493","page","type-page","status-publish","hentry"],"publishpress_future_action":{"enabled":false,"date":"2026-05-23 18:50:27","action":"change-status","newStatus":"draft","terms":[],"taxonomy":""},"_links":{"self":[{"href":"https:\/\/www.tamaulipas.gob.mx\/itife\/wp-json\/wp\/v2\/pages\/2493"}],"collection":[{"href":"https:\/\/www.tamaulipas.gob.mx\/itife\/wp-json\/wp\/v2\/pages"}],"about":[{"href":"https:\/\/www.tamaulipas.gob.mx\/itife\/wp-json\/wp\/v2\/types\/page"}],"author":[{"embeddable":true,"href":"https:\/\/www.tamaulipas.gob.mx\/itife\/wp-json\/wp\/v2\/users\/47"}],"replies":[{"embeddable":true,"href":"https:\/\/www.tamaulipas.gob.mx\/itife\/wp-json\/wp\/v2\/comments?post=2493"}],"version-history":[{"count":7,"href":"https:\/\/www.tamaulipas.gob.mx\/itife\/wp-json\/wp\/v2\/pages\/2493\/revisions"}],"predecessor-version":[{"id":2504,"href":"https:\/\/www.tamaulipas.gob.mx\/itife\/wp-json\/wp\/v2\/pages\/2493\/revisions\/2504"}],"wp:attachment":[{"href":"https:\/\/www.tamaulipas.gob.mx\/itife\/wp-json\/wp\/v2\/media?parent=2493"}],"curies":[{"name":"wp","href":"https:\/\/api.w.org\/{rel}","templated":true}]}}