{"id":24,"date":"2017-08-10T10:26:29","date_gmt":"2017-08-10T15:26:29","guid":{"rendered":"http:\/\/www.tamaulipas.gob.mx\/itife\/?page_id=24"},"modified":"2025-06-27T11:05:00","modified_gmt":"2025-06-27T17:05:00","slug":"procedimiento","status":"publish","type":"page","link":"https:\/\/www.tamaulipas.gob.mx\/itife\/procedimiento\/","title":{"rendered":"Procedimiento"},"content":{"rendered":"<p><span style=\"color: #993366;\"><strong>Pasos a Seguir<\/strong>:<\/span><\/p>\n<p><strong>Tiempo estimado m\u00e1ximo: 30 d\u00edas h\u00e1biles<\/strong><\/p>\n<p><strong>1. Recepci\u00f3n de la solicitud<\/strong><\/p>\n<ul>\n<li>El plantel educativo, instituci\u00f3n o dependencia interesada presenta formalmente la solicitud de certificaci\u00f3n.<\/li>\n<li>Se realiza el pago correspondiente a los derechos del tr\u00e1mite.<\/li>\n<li>La solicitud debe acompa\u00f1arse de la documentaci\u00f3n requerida (planos, memoria descriptiva, licencia de construcci\u00f3n, entre otros).<\/li>\n<\/ul>\n<hr style=\"height: 3px; background-color: black; border: none;\" \/>\n<p><strong>2<\/strong>. <strong>Revisi\u00f3n documental<\/strong><\/p>\n<ul>\n<li>El personal t\u00e9cnico revisa que la documentaci\u00f3n est\u00e9 completa y cumpla con los lineamientos establecidos.<\/li>\n<li>En caso de omisiones o inconsistencias, se solicita al interesado que subsane los pendientes.<\/li>\n<\/ul>\n<hr style=\"height: 3px; background-color: black; border: none;\" \/>\n<p><strong>3. Visita t\u00e9cnica de inspecci\u00f3n<\/strong><\/p>\n<ul>\n<li>Se agenda una visita al inmueble por parte del equipo t\u00e9cnico del departamento.<\/li>\n<li>Durante la visita se verifican las condiciones f\u00edsicas del inmueble, la correspondencia con los planos y el cumplimiento de normativas (seguridad estructural, accesibilidad, servicios b\u00e1sicos, entre otros).<\/li>\n<\/ul>\n<hr style=\"height: 3px; background-color: black; border: none;\" \/>\n<p><strong>4. Elaboraci\u00f3n del informe t\u00e9cnico<\/strong><\/p>\n<ul>\n<li>Con base en la inspecci\u00f3n y la documentaci\u00f3n recibida, se elabora un <strong>informe t\u00e9cnico<\/strong> que detalla:\n<ul>\n<li>Estado general del inmueble.<\/li>\n<li>Observaciones, en su caso.<\/li>\n<li>Recomendaciones de mejora.<\/li>\n<\/ul>\n<\/li>\n<\/ul>\n<ul>\n<li>Si existen observaciones, se notifica al plantel para que las solvente en un plazo establecido.<\/li>\n<\/ul>\n<hr style=\"height: 3px; background-color: black; border: none;\" \/>\n<p><strong>5. Emisi\u00f3n del certificado \u00a0 \u00a0 \u00a0 \u00a0 \u00a0<\/strong><\/p>\n<ul>\n<li>Una vez que el inmueble cumple con todos los requisitos:\n<ul>\n<li>Se elabora el <strong>Certificado de Infraestructura F\u00edsica Educativa.<\/strong><\/li>\n<li>El documento es firmado por el Director General del Instituto y entregado al solicitante.<\/li>\n<\/ul>\n<\/li>\n<\/ul>\n<hr style=\"height: 3px; background-color: black; border: none;\" \/>\n<p><strong>Notas adicionales:<\/strong><\/p>\n<ul>\n<li>En caso de no cumplir con los requisitos, no se emite el certificado hasta que se solventen todas las observaciones.<\/li>\n<li>Este procedimiento puede estar sujeto a actualizaciones conforme a cambios normativos.<\/li>\n<\/ul>\n<p>&nbsp;<\/p>\n<p>&nbsp;<\/p>\n<p>Para asesor\u00eda en este tr\u00e1mite puede contactarse al Departamento de Contrataci\u00f3n, Certificaci\u00f3n, y Licitaciones del ITIFE.<\/p>\n<p>Cualquier\u00a0 duda o aclaraci\u00f3n comunicarse con:<\/p>\n<p>Tel. (834) 316 2003, ext.\u00a0 46818<br \/>\nCorreo Electr\u00f3nico: <a href=\"mailto: america.lerma@tamaulipas.gob.mx\">america.lerma@tamaulipas.gob.mx<\/a><\/p>\n<p><strong>Enlaces\u00a0\u00a0<\/strong><\/p>\n<p>Certificaci\u00f3n:<\/p>\n<ul>\n<li><a href=\"http:\/\/www.tamaulipas.gob.mx\/itife\/clasificacion\/\">Clasificaci\u00f3n<\/a><\/li>\n<li><a href=\"http:\/\/www.tamaulipas.gob.mx\/itife\/requisitos\/\">Requisitos<\/a><\/li>\n<li>Procedimiento<\/li>\n<li><a href=\"http:\/\/www.tamaulipas.gob.mx\/itife\/costos\/\">Costo<\/a><\/li>\n<\/ul>\n<p>Para pago en l\u00ednea debe elegir la zona en el cual est\u00e1 el municipio<\/p>\n<ul>\n<li><a href=\"http:\/\/finanzas.tamaulipas.gob.mx\/ingresos\/pagosnet\/view\/opd\/opd_47.php?Id=47&amp;Inst=INSTITUTO%20TAMAULIPECO%20DE%20INFRAESTRUCTURA%20FISICA%20EDUCATIVA%20(ITIFE%20ZONA%20SUR)\" target=\"_blank\" rel=\"noopener noreferrer\">Zona Sur<\/a><\/li>\n<li><a href=\"http:\/\/finanzas.tamaulipas.gob.mx\/ingresos\/pagosnet\/view\/opd\/opd_6.php?Id=6&amp;Inst=INSTITUTO%20TAMAULIPECO%20DE%20INFRAESTRUCTURA%20FISICA%20EDUCATIVA%20(ITIFE%20ZONA%20CENTRO)\" target=\"_blank\" rel=\"noopener noreferrer\">Zona Centro<\/a><\/li>\n<li><a href=\"http:\/\/finanzas.tamaulipas.gob.mx\/ingresos\/pagosnet\/view\/opd\/opd_48.php?Id=48&amp;Inst=INSTITUTO%20TAMAULIPECO%20DE%20INFRAESTRUCTURA%20FISICA%20EDUCATIVA%20(ITIFE%20ZONA%20NORTE)\" target=\"_blank\" rel=\"noopener noreferrer\">Zona Norte<\/a><\/li>\n<\/ul>\n<p>&nbsp;<\/p>\n<p>&nbsp;<\/p>\n","protected":false},"excerpt":{"rendered":"<p>Pasos a Seguir: Tiempo estimado m\u00e1ximo: 30 d\u00edas h\u00e1biles 1. Recepci\u00f3n de la solicitud El plantel educativo, instituci\u00f3n o dependencia interesada presenta formalmente la solicitud\u2026<\/p>\n","protected":false},"author":7,"featured_media":0,"parent":0,"menu_order":0,"comment_status":"closed","ping_status":"closed","template":"","meta":{"footnotes":""},"class_list":["post-24","page","type-page","status-publish","hentry"],"publishpress_future_action":{"enabled":false,"date":"2026-05-23 17:46:21","action":"change-status","newStatus":"draft","terms":[],"taxonomy":""},"_links":{"self":[{"href":"https:\/\/www.tamaulipas.gob.mx\/itife\/wp-json\/wp\/v2\/pages\/24"}],"collection":[{"href":"https:\/\/www.tamaulipas.gob.mx\/itife\/wp-json\/wp\/v2\/pages"}],"about":[{"href":"https:\/\/www.tamaulipas.gob.mx\/itife\/wp-json\/wp\/v2\/types\/page"}],"author":[{"embeddable":true,"href":"https:\/\/www.tamaulipas.gob.mx\/itife\/wp-json\/wp\/v2\/users\/7"}],"replies":[{"embeddable":true,"href":"https:\/\/www.tamaulipas.gob.mx\/itife\/wp-json\/wp\/v2\/comments?post=24"}],"version-history":[{"count":15,"href":"https:\/\/www.tamaulipas.gob.mx\/itife\/wp-json\/wp\/v2\/pages\/24\/revisions"}],"predecessor-version":[{"id":4138,"href":"https:\/\/www.tamaulipas.gob.mx\/itife\/wp-json\/wp\/v2\/pages\/24\/revisions\/4138"}],"wp:attachment":[{"href":"https:\/\/www.tamaulipas.gob.mx\/itife\/wp-json\/wp\/v2\/media?parent=24"}],"curies":[{"name":"wp","href":"https:\/\/api.w.org\/{rel}","templated":true}]}}