{"id":18,"date":"2017-08-10T15:17:26","date_gmt":"2017-08-10T15:17:26","guid":{"rendered":"http:\/\/www.tamaulipas.gob.mx\/itife\/?page_id=18"},"modified":"2026-04-17T14:22:02","modified_gmt":"2026-04-17T20:22:02","slug":"costos","status":"publish","type":"page","link":"https:\/\/www.tamaulipas.gob.mx\/itife\/costos\/","title":{"rendered":"Costos Vigentes"},"content":{"rendered":"<p>Se determinan considerando la zona geogr\u00e1fica en que se ubica el plantel, el nivel escolar y los m\u00f3dulos con los que cuenta, entendi\u00e9ndose por modulo 6 (seis) espacios arquitect\u00f3nicos que pueden ser;\u00a0\u00a0aulas, oficinas, laboratorios, sanitarios, etc.<\/p>\n<p><img loading=\"lazy\" decoding=\"async\" class=\"wp-image-3591 size-full aligncenter\" src=\"https:\/\/www.tamaulipas.gob.mx\/itife\/wp-content\/uploads\/sites\/30\/2025\/01\/zn12005.jpg\" alt=\"\" width=\"621\" height=\"261\" \/><\/p>\n<p><img loading=\"lazy\" decoding=\"async\" class=\"size-full wp-image-2932 aligncenter\" src=\"https:\/\/www.tamaulipas.gob.mx\/itife\/wp-content\/uploads\/sites\/30\/2024\/02\/zc2.jpg\" alt=\"\" width=\"621\" height=\"225\" \/><\/p>\n<p><img loading=\"lazy\" decoding=\"async\" class=\"size-full wp-image-2934 aligncenter\" src=\"https:\/\/www.tamaulipas.gob.mx\/itife\/wp-content\/uploads\/sites\/30\/2024\/02\/zs3.jpg\" alt=\"\" width=\"623\" height=\"226\" \/><\/p>\n<p>&nbsp;<\/p>\n<p><img loading=\"lazy\" decoding=\"async\" class=\"alignnone wp-image-4425 size-full\" src=\"https:\/\/www.tamaulipas.gob.mx\/itife\/wp-content\/uploads\/sites\/30\/2026\/04\/mapatamaulipasmunicipios.jpg\" alt=\"\" width=\"1200\" height=\"946\" \/><\/p>\n<p><img loading=\"lazy\" decoding=\"async\" class=\"alignnone size-medium wp-image-3314\" src=\"https:\/\/www.tamaulipas.gob.mx\/itife\/wp-content\/uploads\/sites\/30\/2024\/08\/proyecto-ejecutivo.jpg\" alt=\"\" width=\"546\" height=\"70\" \/> <img loading=\"lazy\" decoding=\"async\" class=\"alignnone size-full wp-image-3315\" src=\"https:\/\/www.tamaulipas.gob.mx\/itife\/wp-content\/uploads\/sites\/30\/2024\/08\/rectificacion.jpg\" alt=\"\" width=\"327\" height=\"95\" \/><\/p>\n<p>Para asesor\u00eda en este tr\u00e1mite puede contactarse al Departamento de Contrataci\u00f3n, Certificaci\u00f3n, y Licitaciones del ITIFE.<\/p>\n<p>Cualquier\u00a0 duda o aclaraci\u00f3n comunicarse con:<\/p>\n<blockquote><p>Tel. (834) 316 2003, ext.\u00a0 46818<br \/>\nCorreo Electr\u00f3nico: <a href=\"mailto: america.lerma@tamaulipas.gob.mx\">america.lerma@tamaulipas.gob.mx<\/a><\/p><\/blockquote>\n<p><strong>Enlaces:<\/strong><\/p>\n<p>Certificaci\u00f3n:<\/p>\n<ul>\n<li><a href=\"http:\/\/www.tamaulipas.gob.mx\/itife\/clasificacion\/\">Clasificaci\u00f3n<\/a><\/li>\n<li><a href=\"http:\/\/www.tamaulipas.gob.mx\/itife\/requisitos\/\">Requisitos<\/a><\/li>\n<li><a href=\"http:\/\/www.tamaulipas.gob.mx\/itife\/procedimiento\/\">Procedimiento<\/a><\/li>\n<li>Costo<\/li>\n<\/ul>\n<p>Para pago en l\u00ednea debe elegir la zona en el cual est\u00e1 el municipio<\/p>\n<ul>\n<li><a href=\"http:\/\/finanzas.tamaulipas.gob.mx\/ingresos\/pagosnet\/view\/opd\/opd_47.php?Id=47&amp;Inst=INSTITUTO%20TAMAULIPECO%20DE%20INFRAESTRUCTURA%20FISICA%20EDUCATIVA%20(ITIFE%20ZONA%20SUR)\" target=\"_blank\" rel=\"noopener noreferrer\">Zona Sur<\/a><\/li>\n<li><a href=\"http:\/\/finanzas.tamaulipas.gob.mx\/ingresos\/pagosnet\/view\/opd\/opd_6.php?Id=6&amp;Inst=INSTITUTO%20TAMAULIPECO%20DE%20INFRAESTRUCTURA%20FISICA%20EDUCATIVA%20(ITIFE%20ZONA%20CENTRO)\" target=\"_blank\" rel=\"noopener noreferrer\">Zona Centro<\/a><\/li>\n<li><a href=\"http:\/\/finanzas.tamaulipas.gob.mx\/ingresos\/pagosnet\/view\/opd\/opd_48.php?Id=48&amp;Inst=INSTITUTO%20TAMAULIPECO%20DE%20INFRAESTRUCTURA%20FISICA%20EDUCATIVA%20(ITIFE%20ZONA%20NORTE)\" target=\"_blank\" rel=\"noopener noreferrer\">Zona Norte<\/a><\/li>\n<\/ul>\n","protected":false},"excerpt":{"rendered":"<p>Se determinan considerando la zona geogr\u00e1fica en que se ubica el plantel, el nivel escolar y los m\u00f3dulos con los que cuenta, entendi\u00e9ndose por modulo\u2026<\/p>\n","protected":false},"author":7,"featured_media":0,"parent":0,"menu_order":0,"comment_status":"closed","ping_status":"closed","template":"","meta":{"footnotes":""},"class_list":["post-18","page","type-page","status-publish","hentry"],"publishpress_future_action":{"enabled":false,"date":"2026-05-23 17:46:21","action":"change-status","newStatus":"draft","terms":[],"taxonomy":""},"_links":{"self":[{"href":"https:\/\/www.tamaulipas.gob.mx\/itife\/wp-json\/wp\/v2\/pages\/18"}],"collection":[{"href":"https:\/\/www.tamaulipas.gob.mx\/itife\/wp-json\/wp\/v2\/pages"}],"about":[{"href":"https:\/\/www.tamaulipas.gob.mx\/itife\/wp-json\/wp\/v2\/types\/page"}],"author":[{"embeddable":true,"href":"https:\/\/www.tamaulipas.gob.mx\/itife\/wp-json\/wp\/v2\/users\/7"}],"replies":[{"embeddable":true,"href":"https:\/\/www.tamaulipas.gob.mx\/itife\/wp-json\/wp\/v2\/comments?post=18"}],"version-history":[{"count":34,"href":"https:\/\/www.tamaulipas.gob.mx\/itife\/wp-json\/wp\/v2\/pages\/18\/revisions"}],"predecessor-version":[{"id":4426,"href":"https:\/\/www.tamaulipas.gob.mx\/itife\/wp-json\/wp\/v2\/pages\/18\/revisions\/4426"}],"wp:attachment":[{"href":"https:\/\/www.tamaulipas.gob.mx\/itife\/wp-json\/wp\/v2\/media?parent=18"}],"curies":[{"name":"wp","href":"https:\/\/api.w.org\/{rel}","templated":true}]}}