{"id":1684,"date":"2021-07-08T10:39:13","date_gmt":"2021-07-08T15:39:13","guid":{"rendered":"https:\/\/www.tamaulipas.gob.mx\/itife\/?page_id=1684"},"modified":"2024-09-13T10:58:07","modified_gmt":"2024-09-13T16:58:07","slug":"copias-certificadas-o-busqueda-de-documentos","status":"publish","type":"page","link":"https:\/\/www.tamaulipas.gob.mx\/itife\/copias-certificadas-o-busqueda-de-documentos\/","title":{"rendered":"Copias Certificadas"},"content":{"rendered":"<ol>\n<li>Solicitar asesor\u00eda a efecto de constatar que la informaci\u00f3n se encuentre en los archivos del Instituto.<\/li>\n<li>Solicitud de Copias Certificadas, que deber\u00e1 de realizarse al Departamento de Normatividad y Procedimientos Administrativos del Instituto Tamaulipeco de Infraestructura F\u00edsica Educativa.<\/li>\n<li>Pago de derechos a la Secretar\u00eda de Finanzas del Estado.<\/li>\n<li>Costo<\/li>\n<\/ol>\n<p><img loading=\"lazy\" decoding=\"async\" class=\"size-full wp-image-3327 aligncenter\" src=\"https:\/\/www.tamaulipas.gob.mx\/itife\/wp-content\/uploads\/sites\/30\/2024\/08\/copiasok.jpg\" alt=\"\" width=\"329\" height=\"128\" \/><\/p>\n<p>&nbsp;<\/p>\n<ol>\n<li>Remitir por correo electr\u00f3nico al siguiente correo: <a href=\"mailto:juridico.itife@tamaulipas.gob.mx\">juridico.itife@tamaulipas.gob.mx<\/a> anexo digitalmente el comprobante de pago.<\/li>\n<li>Proceder con la elaboraci\u00f3n del tr\u00e1mite de copias certificadas de documentos.<\/li>\n<li>Termino de la Copia de documentos de 3 a 5 d\u00edas h\u00e1biles.<\/li>\n<li>Presentarse a la entrega de copias certificadas o b\u00fasqueda referida con una copia de identificaci\u00f3n oficial.<\/li>\n<li>Firmar de recibido del tr\u00e1mite realizado.<\/li>\n<\/ol>\n","protected":false},"excerpt":{"rendered":"<p>Solicitar asesor\u00eda a efecto de constatar que la informaci\u00f3n se encuentre en los archivos del Instituto. Solicitud de Copias Certificadas, que deber\u00e1 de realizarse al\u2026<\/p>\n","protected":false},"author":47,"featured_media":0,"parent":0,"menu_order":0,"comment_status":"closed","ping_status":"closed","template":"","meta":{"footnotes":""},"class_list":["post-1684","page","type-page","status-publish","hentry"],"publishpress_future_action":{"enabled":false,"date":"2026-05-23 17:46:52","action":"change-status","newStatus":"draft","terms":[],"taxonomy":""},"_links":{"self":[{"href":"https:\/\/www.tamaulipas.gob.mx\/itife\/wp-json\/wp\/v2\/pages\/1684"}],"collection":[{"href":"https:\/\/www.tamaulipas.gob.mx\/itife\/wp-json\/wp\/v2\/pages"}],"about":[{"href":"https:\/\/www.tamaulipas.gob.mx\/itife\/wp-json\/wp\/v2\/types\/page"}],"author":[{"embeddable":true,"href":"https:\/\/www.tamaulipas.gob.mx\/itife\/wp-json\/wp\/v2\/users\/47"}],"replies":[{"embeddable":true,"href":"https:\/\/www.tamaulipas.gob.mx\/itife\/wp-json\/wp\/v2\/comments?post=1684"}],"version-history":[{"count":15,"href":"https:\/\/www.tamaulipas.gob.mx\/itife\/wp-json\/wp\/v2\/pages\/1684\/revisions"}],"predecessor-version":[{"id":3389,"href":"https:\/\/www.tamaulipas.gob.mx\/itife\/wp-json\/wp\/v2\/pages\/1684\/revisions\/3389"}],"wp:attachment":[{"href":"https:\/\/www.tamaulipas.gob.mx\/itife\/wp-json\/wp\/v2\/media?parent=1684"}],"curies":[{"name":"wp","href":"https:\/\/api.w.org\/{rel}","templated":true}]}}