{"id":16,"date":"2017-08-10T15:04:54","date_gmt":"2017-08-10T15:04:54","guid":{"rendered":"http:\/\/www.tamaulipas.gob.mx\/itife\/?page_id=16"},"modified":"2025-04-24T14:26:45","modified_gmt":"2025-04-24T20:26:45","slug":"objetivos-y-alcances","status":"publish","type":"page","link":"https:\/\/www.tamaulipas.gob.mx\/itife\/objetivos-y-alcances\/","title":{"rendered":"Objetivos y Alcances"},"content":{"rendered":"<p><span style=\"color: #993366;\"><strong>Objetivos<\/strong><\/span><\/p>\n<p style=\"text-align: justify;\">Asegurar que en Tamaulipas la calidad sea un elemento distintivo y de permanencia en la Infraestructura F\u00edsica Educativa, como medio para acceder a la sociedad del conocimiento y alcanzar \u00f3ptimos niveles de competitividad y desarrollo.<\/p>\n<p><span style=\"color: #993366;\"><strong>Alcances<\/strong><\/span><\/p>\n<ol style=\"list-style-type: upper-roman;\">\n<li>Se actuar\u00e1 respecto de todas las escuelas que cumplan los niveles establecidos en la ley de la materia, las normas t\u00e9cnicas que se emitan y los reglamentos vigentes.<\/li>\n<li>Se considerar\u00e1 para evaluarse, la seguridad, funcionalidad, pertinencia y eficiencia como principios para garantizar el acceso a una educaci\u00f3n digna y en condiciones de equidad.<\/li>\n<li style=\"text-align: justify;\">En todo tiempo el Instituto podr\u00e1 realizar visitas a las instituciones educativas, que comprendan inspecciones a los procesos constructivos en marcha o a los concluidos, as\u00ed como a las edificaciones habilitadas para la funci\u00f3n social educativa. Al respecto, podr\u00e1 emitir observaciones, recomendaciones o, en su caso, ejercer cualquier acci\u00f3n de su competencia.<\/li>\n<\/ol>\n<p><span style=\"color: #993366;\"><strong>Bases<\/strong><\/span><\/p>\n<ol>\n<li style=\"text-align: justify;\">La certificaci\u00f3n de la infraestructura f\u00edsica educativa es un m\u00e9todo de validaci\u00f3n oficial en el cumplimiento de las disposiciones de la ley, las especificaciones t\u00e9cnicas, recomendaciones u observaciones emitidas para obtener y conservar los niveles \u00f3ptimos de calidad as\u00ed mismo, es un instrumento de aliento a la superaci\u00f3n permanente de las instituciones educativas ya que entra\u00f1a un reconocimiento al empe\u00f1o y esfuerzo dedicado a la calidad de la ense\u00f1anza, en un entorno de competitividad.<\/li>\n<li style=\"text-align: justify;\">En las instituciones educativas de car\u00e1cter p\u00fablico los procedimientos para evaluar la calidad para obtener la certificaci\u00f3n se realizar\u00e1n anualmente. De no alcanzarse los niveles previstos para la certificaci\u00f3n, podr\u00e1n emitirse recomendaciones generales o espec\u00edficas a las cuales deber\u00e1 d\u00e1rseles el seguimiento pertinente.<\/li>\n<li style=\"text-align: justify;\">En los planteles educativos de particulares, los procedimientos para la certificaci\u00f3n deber\u00e1n realizarse como condici\u00f3n previa al otorgamiento de los reconocimientos de validez oficial de estudios o de las autorizaciones en su caso.<\/li>\n<li style=\"text-align: justify;\">Los tipos y niveles de certificados que podr\u00e1n emitirse\u00a0\u00a0 har\u00e1n referencia al cumplimiento espec\u00edfico en aspectos sectorizados de los planteles, como la funci\u00f3n docente, administrativa, de investigaci\u00f3n y pr\u00e1cticas tecnol\u00f3gicas, as\u00ed como la existencia y calidad de espacios para el desarrollo de actividades f\u00edsicas, c\u00edvicas, culturales o sociales apropiadas al nivel o modalidad educativa.<\/li>\n<\/ol>\n<p>Para asesor\u00eda en este tr\u00e1mite puede contactarse al Departamento de Contrataci\u00f3n, Certificaci\u00f3n, y Licitaciones del ITIFE.<\/p>\n<p>Cualquier\u00a0 duda o aclaraci\u00f3n comunicarse con:<\/p>\n<blockquote><p>Tel. (834) 316 2003, ext. 46818<br \/>\nCorreo Electr\u00f3nico: <a href=\"mailto: america.lerma@tamaulipas.gob.mx\">america.lerma@tamaulipas.gob.mx<\/a><\/p><\/blockquote>\n<p>&nbsp;<\/p>\n<p><strong>Enlaces Certificaci\u00f3n:<\/strong><\/p>\n<ul>\n<li><a href=\"http:\/\/www.tamaulipas.gob.mx\/itife\/clasificacion\/\">Clasificaci\u00f3n<\/a><\/li>\n<li><a href=\"http:\/\/www.tamaulipas.gob.mx\/itife\/requisitos\/\">Requisitos<\/a><\/li>\n<li><a href=\"http:\/\/www.tamaulipas.gob.mx\/itife\/procedimiento\/\">Procedimiento<\/a><\/li>\n<li><a href=\"http:\/\/www.tamaulipas.gob.mx\/itife\/costos\/\">Costo<\/a><\/li>\n<\/ul>\n<p>Para\u00a0pago en l\u00ednea debe elegir la zona en el cual\u00a0est\u00e1 el\u00a0\u00a0municipio<\/p>\n<ul>\n<li><a href=\"http:\/\/finanzas.tamaulipas.gob.mx\/ingresos\/pagosnet\/view\/opd\/opd_47.php?Id=47&amp;Inst=INSTITUTO%20TAMAULIPECO%20DE%20INFRAESTRUCTURA%20FISICA%20EDUCATIVA%20(ITIFE%20ZONA%20SUR)\" target=\"_blank\" rel=\"noopener noreferrer\">Zona Sur<\/a><\/li>\n<li><a href=\"http:\/\/finanzas.tamaulipas.gob.mx\/ingresos\/pagosnet\/view\/opd\/opd_6.php?Id=6&amp;Inst=INSTITUTO%20TAMAULIPECO%20DE%20INFRAESTRUCTURA%20FISICA%20EDUCATIVA%20(ITIFE%20ZONA%20CENTRO)\" target=\"_blank\" rel=\"noopener noreferrer\">Zona Centro<\/a><\/li>\n<li><a href=\"http:\/\/finanzas.tamaulipas.gob.mx\/ingresos\/pagosnet\/view\/opd\/opd_48.php?Id=48&amp;Inst=INSTITUTO%20TAMAULIPECO%20DE%20INFRAESTRUCTURA%20FISICA%20EDUCATIVA%20(ITIFE%20ZONA%20NORTE)\" target=\"_blank\" rel=\"noopener noreferrer\">Zona Norte<\/a><\/li>\n<\/ul>\n","protected":false},"excerpt":{"rendered":"<p>Objetivos Asegurar que en Tamaulipas la calidad sea un elemento distintivo y de permanencia en la Infraestructura F\u00edsica Educativa, como medio para acceder a la\u2026<\/p>\n","protected":false},"author":7,"featured_media":0,"parent":0,"menu_order":0,"comment_status":"closed","ping_status":"closed","template":"","meta":{"footnotes":""},"class_list":["post-16","page","type-page","status-publish","hentry"],"publishpress_future_action":{"enabled":false,"date":"2026-05-23 17:46:22","action":"change-status","newStatus":"draft","terms":[],"taxonomy":""},"_links":{"self":[{"href":"https:\/\/www.tamaulipas.gob.mx\/itife\/wp-json\/wp\/v2\/pages\/16"}],"collection":[{"href":"https:\/\/www.tamaulipas.gob.mx\/itife\/wp-json\/wp\/v2\/pages"}],"about":[{"href":"https:\/\/www.tamaulipas.gob.mx\/itife\/wp-json\/wp\/v2\/types\/page"}],"author":[{"embeddable":true,"href":"https:\/\/www.tamaulipas.gob.mx\/itife\/wp-json\/wp\/v2\/users\/7"}],"replies":[{"embeddable":true,"href":"https:\/\/www.tamaulipas.gob.mx\/itife\/wp-json\/wp\/v2\/comments?post=16"}],"version-history":[{"count":14,"href":"https:\/\/www.tamaulipas.gob.mx\/itife\/wp-json\/wp\/v2\/pages\/16\/revisions"}],"predecessor-version":[{"id":3924,"href":"https:\/\/www.tamaulipas.gob.mx\/itife\/wp-json\/wp\/v2\/pages\/16\/revisions\/3924"}],"wp:attachment":[{"href":"https:\/\/www.tamaulipas.gob.mx\/itife\/wp-json\/wp\/v2\/media?parent=16"}],"curies":[{"name":"wp","href":"https:\/\/api.w.org\/{rel}","templated":true}]}}