{"id":1359,"date":"2020-11-05T14:23:20","date_gmt":"2020-11-05T20:23:20","guid":{"rendered":"https:\/\/www.tamaulipas.gob.mx\/itife\/?page_id=1359"},"modified":"2020-11-05T14:52:01","modified_gmt":"2020-11-05T20:52:01","slug":"primer-informe-trimestral-2020","status":"publish","type":"page","link":"https:\/\/www.tamaulipas.gob.mx\/itife\/primer-informe-trimestral-2020\/","title":{"rendered":"Primer Informe Trimestral 2020"},"content":{"rendered":"<div class=\"panel-group\" id=\"custom-collapse-0\">\n<div class=\"panel panel-default\">\n\t\t\t\t<div class=\"panel-heading\">\n\t\t\t\t\t<h4 class=\"panel-title\">\n\t\t\t\t\t\t<a class=\"\" data-toggle=\"collapse\" data-parent=\"#custom-collapse-0\" href=\"#custom-collapse-0-0\">Informaci\u00f3n Contable<\/a>\n\t\t\t\t\t<\/h4>\n\t\t\t\t<\/div>\n\t\t\t\t<div id=\"custom-collapse-0-0\" class=\"panel-collapse in\">\n\t\t\t\t\t<div class=\"panel-body\">\n<ul>\n<li><a href=\"https:\/\/www.tamaulipas.gob.mx\/itife\/wp-content\/uploads\/sites\/30\/2020\/11\/01-estado-de-situacion-financiera-1.pdf\" target=\"_blank\" rel=\"noopener noreferrer\">Estado de situaci\u00f3n financiera<\/a><\/li>\n<li><a href=\"https:\/\/www.tamaulipas.gob.mx\/itife\/wp-content\/uploads\/sites\/30\/2020\/11\/02-estado-de-actividades-1.pdf\" target=\"_blank\" rel=\"noopener noreferrer\">Estado de actividades<\/a>\n<ul>\n<li><a href=\"https:\/\/www.tamaulipas.gob.mx\/itife\/wp-content\/uploads\/sites\/30\/2020\/11\/02.1-estado-de-actividades-analitico-1.pdf\" target=\"_blank\" rel=\"noopener noreferrer\">Estado de actividades anal\u00edtico<\/a><\/li>\n<\/ul>\n<\/li>\n<li><a href=\"https:\/\/www.tamaulipas.gob.mx\/itife\/wp-content\/uploads\/sites\/30\/2020\/11\/03-estado-de-variacion-en-la-hacienda-publica-1.pdf\" target=\"_blank\" rel=\"noopener noreferrer\">Estado de variaci\u00f3n en la hacienda p\u00fablica<\/a><\/li>\n<li><a href=\"https:\/\/www.tamaulipas.gob.mx\/itife\/wp-content\/uploads\/sites\/30\/2020\/11\/04-estado-de-cambios-en-la-situacion-financiera-1.pdf\" target=\"_blank\" rel=\"noopener noreferrer\">Estado de cambios en la situaci\u00f3n financiera<\/a><\/li>\n<li><a href=\"https:\/\/www.tamaulipas.gob.mx\/itife\/wp-content\/uploads\/sites\/30\/2020\/11\/05-estado-de-flujos-de-efectivo-1.pdf\" target=\"_blank\" rel=\"noopener noreferrer\">Estado de flujos de efectivo<\/a><\/li>\n<li><a href=\"https:\/\/www.tamaulipas.gob.mx\/itife\/wp-content\/uploads\/sites\/30\/2020\/11\/06-estado-analitico-del-activo-1.pdf\" target=\"_blank\" rel=\"noopener noreferrer\">Estado anal\u00edtico del activo<\/a>\n<ul>\n<li><a href=\"https:\/\/www.tamaulipas.gob.mx\/itife\/wp-content\/uploads\/sites\/30\/2020\/11\/06.1-analitico-de-derechos-a-recibir-efectivo-o-equivalentes-1.pdf\" target=\"_blank\" rel=\"noopener noreferrer\">Anal\u00edtico de derechos a recibir efectivo o equivalentes<\/a><\/li>\n<li><a href=\"https:\/\/www.tamaulipas.gob.mx\/itife\/wp-content\/uploads\/sites\/30\/2020\/11\/06.2-analitico-de-derechos-a-recibir-bienes-o-servicios-1.pdf\" target=\"_blank\" rel=\"noopener noreferrer\">Anal\u00edtico de derechos a recibir bienes o servicios<\/a><\/li>\n<li><a href=\"https:\/\/www.tamaulipas.gob.mx\/itife\/wp-content\/uploads\/sites\/30\/2020\/11\/06.3-relacion-de-adquisiciones-de-bienes-muebles-e-inmuebles-1.pdf\" target=\"_blank\" rel=\"noopener noreferrer\">Relaci\u00f3n de adquisiciones de bienes muebles e inmuebles<\/a><\/li>\n<\/ul>\n<\/li>\n<li><a href=\"https:\/\/www.tamaulipas.gob.mx\/itife\/wp-content\/uploads\/sites\/30\/2020\/11\/07-estado-analitico-de-la-deuda-y-otros-pasivos-1.pdf\" target=\"_blank\" rel=\"noopener noreferrer\">Estado anal\u00edtico de la deuda y otros pasivos<\/a>\n<ul>\n<li><a href=\"https:\/\/www.tamaulipas.gob.mx\/itife\/wp-content\/uploads\/sites\/30\/2020\/11\/07.1-reporte-analitico-del-pasivo-1.pdf\" target=\"_blank\" rel=\"noopener noreferrer\">Reporte anal\u00edtico del pasivo<\/a><\/li>\n<li><a href=\"https:\/\/www.tamaulipas.gob.mx\/itife\/wp-content\/uploads\/sites\/30\/2020\/11\/07.2-analitico-de-cuentas-por-pagar-corto-y-largo-plazo-1.pdf\" target=\"_blank\" rel=\"noopener noreferrer\">Anal\u00edtico de cuentas por pagar (corto y largo plazo)<\/a><\/li>\n<\/ul>\n<\/li>\n<li><a href=\"https:\/\/www.tamaulipas.gob.mx\/itife\/wp-content\/uploads\/sites\/30\/2020\/11\/08-informe-sobre-pasivos-contingentes-1.pdf\" target=\"_blank\" rel=\"noopener noreferrer\">Informe sobre pasivos contingentes<\/a><\/li>\n<li><a href=\"https:\/\/www.tamaulipas.gob.mx\/itife\/wp-content\/uploads\/sites\/30\/2020\/11\/09-notas-a-los-estados-fianncieros.pdf\" target=\"_blank\" rel=\"noopener noreferrer\">Notas a los estados financieros<\/a><\/li>\n<\/ul>\n<\/div>\n\t\t\t\t<\/div>\n\t\t\t<\/div>\n<div class=\"panel panel-default\">\n\t\t\t\t<div class=\"panel-heading\">\n\t\t\t\t\t<h4 class=\"panel-title\">\n\t\t\t\t\t\t<a class=\"collapsed\" data-toggle=\"collapse\" data-parent=\"#custom-collapse-0\" href=\"#custom-collapse-0-1\">Informaci\u00f3n Presupuestaria<\/a>\n\t\t\t\t\t<\/h4>\n\t\t\t\t<\/div>\n\t\t\t\t<div id=\"custom-collapse-0-1\" class=\"panel-collapse collapse\">\n\t\t\t\t\t<div class=\"panel-body\">\n<ul>\n<li><a href=\"https:\/\/www.tamaulipas.gob.mx\/itife\/wp-content\/uploads\/sites\/30\/2020\/11\/10-estado-analitico-del-ingreso.pdf\" target=\"_blank\" rel=\"noopener noreferrer\">Estado anal\u00edtico de ingresos<\/a><\/li>\n<li><a href=\"https:\/\/www.tamaulipas.gob.mx\/itife\/wp-content\/uploads\/sites\/30\/2020\/11\/11-estado-analitico-del-ejercicio-del-presupuesto-de-egresos-clasificacion-por-objeto-del-gasto-capitulo-y-concepto.pdf\" target=\"_blank\" rel=\"noopener noreferrer\">Estado anal\u00edtico del ejercicio del presupuesto de egresos clasificaci\u00f3n por objeto del gasto<\/a>\n<ul>\n<li><a href=\"https:\/\/www.tamaulipas.gob.mx\/itife\/wp-content\/uploads\/sites\/30\/2020\/11\/11.1-reporte-analitico-del-ejercicio-del-presupuesto-de-egresos-por-partida-hasta-el-4-nivel-1.pdf\" target=\"_blank\" rel=\"noopener noreferrer\">Reporte anal\u00edtico del ejercicio del presupuesto de egresos (por partida hasta el 4\u00b0 nivel)<\/a><\/li>\n<\/ul>\n<\/li>\n<li><a href=\"https:\/\/www.tamaulipas.gob.mx\/itife\/wp-content\/uploads\/sites\/30\/2020\/11\/12-estado-analitico-del-ejercicio-del-presupuesto-de-egresos-clasificacion-economica-por-tipo-de-gasto-1.pdf\" target=\"_blank\" rel=\"noopener noreferrer\">Estado anal\u00edtico del ejercicio del presupuesto de egresos clasificaci\u00f3n econ\u00f3mica<\/a><\/li>\n<li><a href=\"https:\/\/www.tamaulipas.gob.mx\/itife\/wp-content\/uploads\/sites\/30\/2020\/11\/13-estado-analitico-del-ejercicio-del-presupuesto-de-egresos-clasificacion-administrativa-1.pdf\" target=\"_blank\" rel=\"noopener noreferrer\">Estado anal\u00edtico del ejercicio del presupuesto de egresos clasificaci\u00f3n administrativa<\/a><\/li>\n<li><a href=\"https:\/\/www.tamaulipas.gob.mx\/itife\/wp-content\/uploads\/sites\/30\/2020\/11\/14-estado-analitico-del-ejercicio-del-presupuesto-de-egresos-clasificacion-funcional-finalidad-y-funcion-1.pdf\" target=\"_blank\" rel=\"noopener noreferrer\">Estado anal\u00edtico del ejercicio del presupuesto de egresos clasificaci\u00f3n funcional<\/a><\/li>\n<li><a href=\"https:\/\/www.tamaulipas.gob.mx\/itife\/wp-content\/uploads\/sites\/30\/2020\/11\/15-endeudamiento-neto-1.pdf\" target=\"_blank\" rel=\"noopener noreferrer\">Endeudamiento neto<\/a><\/li>\n<li><a href=\"https:\/\/www.tamaulipas.gob.mx\/itife\/wp-content\/uploads\/sites\/30\/2020\/11\/16-intereses-de-la-deuda-1.pdf\" target=\"_blank\" rel=\"noopener noreferrer\">Intereses de la deuda<\/a><\/li>\n<li><a href=\"https:\/\/www.tamaulipas.gob.mx\/itife\/wp-content\/uploads\/sites\/30\/2020\/11\/17-deuda-publica-1.pdf\" target=\"_blank\" rel=\"noopener noreferrer\">Deuda publica<\/a><\/li>\n<\/ul>\n<\/div>\n\t\t\t\t<\/div>\n\t\t\t<\/div>\n<div class=\"panel panel-default\">\n\t\t\t\t<div class=\"panel-heading\">\n\t\t\t\t\t<h4 class=\"panel-title\">\n\t\t\t\t\t\t<a class=\"collapsed\" data-toggle=\"collapse\" data-parent=\"#custom-collapse-0\" href=\"#custom-collapse-0-2\">Informaci\u00f3n Program\u00e1tica<\/a>\n\t\t\t\t\t<\/h4>\n\t\t\t\t<\/div>\n\t\t\t\t<div id=\"custom-collapse-0-2\" class=\"panel-collapse collapse\">\n\t\t\t\t\t<div class=\"panel-body\">\n<ul>\n<li><a href=\"https:\/\/www.tamaulipas.gob.mx\/itife\/wp-content\/uploads\/sites\/30\/2020\/11\/18-gasto-por-categoria-programatica-1.pdf\" target=\"_blank\" rel=\"noopener noreferrer\">Gasto por categor\u00eda program\u00e1tica<\/a><\/li>\n<li><a href=\"https:\/\/www.tamaulipas.gob.mx\/itife\/wp-content\/uploads\/sites\/30\/2020\/11\/19-programas-y-proyectos-de-inversion-1.pdf\" target=\"_blank\" rel=\"noopener noreferrer\">Programas y proyectos de inversi\u00f3n<\/a><\/li>\n<li><a href=\"https:\/\/www.tamaulipas.gob.mx\/itife\/wp-content\/uploads\/sites\/30\/2020\/11\/20-indicadores-de-resultados-1.pdf\" target=\"_blank\" rel=\"noopener noreferrer\">Indicadores de resultados<\/a><\/li>\n<\/ul>\n<\/div>\n\t\t\t\t<\/div>\n\t\t\t<\/div>\n<div class=\"panel panel-default\">\n\t\t\t\t<div class=\"panel-heading\">\n\t\t\t\t\t<h4 class=\"panel-title\">\n\t\t\t\t\t\t<a class=\"collapsed\" data-toggle=\"collapse\" data-parent=\"#custom-collapse-0\" href=\"#custom-collapse-0-3\">Informaci\u00f3n Adicional<\/a>\n\t\t\t\t\t<\/h4>\n\t\t\t\t<\/div>\n\t\t\t\t<div id=\"custom-collapse-0-3\" class=\"panel-collapse collapse\">\n\t\t\t\t\t<div class=\"panel-body\">\n<ul>\n<li><a href=\"https:\/\/www.tamaulipas.gob.mx\/itife\/wp-content\/uploads\/sites\/30\/2020\/11\/21-informe-y-avance-de-obras-publicas-y-servicios-relacionados-con-las-mismas.pdf\" target=\"_blank\" rel=\"noopener noreferrer\">Informe y avance de obras publicas y servicios relacionados con las mismas<\/a><\/li>\n<li><a href=\"https:\/\/www.tamaulipas.gob.mx\/itife\/wp-content\/uploads\/sites\/30\/2020\/11\/22-factibilidades-1.pdf\" target=\"_blank\" rel=\"noopener noreferrer\">Factibilidades<\/a><\/li>\n<\/ul>\n<\/div>\n\t\t\t\t<\/div>\n\t\t\t<\/div>\n<div class=\"panel panel-default\">\n\t\t\t\t<div class=\"panel-heading\">\n\t\t\t\t\t<h4 class=\"panel-title\">\n\t\t\t\t\t\t<a class=\"collapsed\" data-toggle=\"collapse\" data-parent=\"#custom-collapse-0\" href=\"#custom-collapse-0-4\">Disciplina Financiera<\/a>\n\t\t\t\t\t<\/h4>\n\t\t\t\t<\/div>\n\t\t\t\t<div id=\"custom-collapse-0-4\" class=\"panel-collapse collapse\">\n\t\t\t\t\t<div class=\"panel-body\">\n<ul>\n<li><a href=\"https:\/\/www.tamaulipas.gob.mx\/itife\/wp-content\/uploads\/sites\/30\/2020\/11\/01-estado-de-situacion-financiera-detallado-ldf-1.pdf\" target=\"_blank\" rel=\"noopener noreferrer\">LDF Estado de situaci\u00f3n financiera detallado<\/a><\/li>\n<li><a href=\"https:\/\/www.tamaulipas.gob.mx\/itife\/wp-content\/uploads\/sites\/30\/2020\/11\/02-informe-analitico-de-la-deuda-publica-y-otros-pasivos-ldf-1.pdf\" target=\"_blank\" rel=\"noopener noreferrer\">LDF Informe anal\u00edtico de la deuda publica y otros pasivos<\/a><\/li>\n<li><a href=\"https:\/\/www.tamaulipas.gob.mx\/itife\/wp-content\/uploads\/sites\/30\/2020\/11\/03-informe-analitico-de-obligaciones-diferentes-de-financiamiento-ldf-1.pdf\" target=\"_blank\" rel=\"noopener noreferrer\">LDF Informe anal\u00edtico de obligaciones diferentes de financiamiento<\/a><\/li>\n<li><a href=\"https:\/\/www.tamaulipas.gob.mx\/itife\/wp-content\/uploads\/sites\/30\/2020\/11\/04-balance-presupuestario-ldf-1.pdf\" target=\"_blank\" rel=\"noopener noreferrer\">LDF Balance presupuestario<\/a><\/li>\n<li><a href=\"https:\/\/www.tamaulipas.gob.mx\/itife\/wp-content\/uploads\/sites\/30\/2020\/11\/05-estado-analitico-de-ingresos-detallado-ldf-1.pdf\" target=\"_blank\" rel=\"noopener noreferrer\">LDF Estado anal\u00edtico de ingresos detallado<\/a><\/li>\n<li><a href=\"https:\/\/www.tamaulipas.gob.mx\/itife\/wp-content\/uploads\/sites\/30\/2020\/11\/06a-estado-analitico-del-ejercicio-del-presupuesto-de-egresos-detallado-ldf-cog-1.pdf\" target=\"_blank\" rel=\"noopener noreferrer\">LDF Estado anal\u00edtico del ejercicio del presupuesto de egresos detallado og<\/a><\/li>\n<li><a href=\"https:\/\/www.tamaulipas.gob.mx\/itife\/wp-content\/uploads\/sites\/30\/2020\/11\/06b-estado-analitico-del-ejercicio-del-presupuesto-de-egresos-detallado-ldf-clasificacion-administrativa-1.pdf\" target=\"_blank\" rel=\"noopener noreferrer\">LDF Estado anal\u00edtico del ejercicio del presupuesto de egresos detallado ca<\/a><\/li>\n<li><a href=\"https:\/\/www.tamaulipas.gob.mx\/itife\/wp-content\/uploads\/sites\/30\/2020\/11\/06c-estado-analitico-del-ejercicio-del-presupuesto-de-egresos-detallado-ldf-clasificacion-funcional-1.pdf\" target=\"_blank\" rel=\"noopener noreferrer\">LDF Estado anal\u00edtico del ejercicio del presupuesto de egresos detallado cf<\/a><\/li>\n<li><a href=\"https:\/\/www.tamaulipas.gob.mx\/itife\/wp-content\/uploads\/sites\/30\/2020\/11\/06d-estado-analitico-del-ejercicio-del-presupuesto-de-egresos-detallado-ldf-clasificacion-de-sp-por-c.pdf\" target=\"_blank\" rel=\"noopener noreferrer\">LDF Estado anal\u00edtico del ejercicio del presupuesto de egresos detallado cspc<\/a><\/li>\n<\/ul>\n<\/div>\n\t\t\t\t<\/div>\n\t\t\t<\/div>\n<div class=\"panel panel-default\">\n\t\t\t\t<div class=\"panel-heading\">\n\t\t\t\t\t<h4 class=\"panel-title\">\n\t\t\t\t\t\t<a class=\"collapsed\" data-toggle=\"collapse\" data-parent=\"#custom-collapse-0\" href=\"#custom-collapse-0-5\">Anexos<\/a>\n\t\t\t\t\t<\/h4>\n\t\t\t\t<\/div>\n\t\t\t\t<div id=\"custom-collapse-0-5\" class=\"panel-collapse collapse\">\n\t\t\t\t\t<div class=\"panel-body\">\n<ul>\n<li><a href=\"https:\/\/www.tamaulipas.gob.mx\/itife\/wp-content\/uploads\/sites\/30\/2020\/11\/inventario.pdf\" target=\"_blank\" rel=\"noopener noreferrer\">Libro de Inventarios<\/a><\/li>\n<li><a href=\"https:\/\/www.tamaulipas.gob.mx\/itife\/wp-content\/uploads\/sites\/30\/2020\/11\/programa-obra-paoblica.pdf\" target=\"_blank\" rel=\"noopener noreferrer\">Programa de Obra Publica<\/a><\/li>\n<li><a href=\"https:\/\/www.tamaulipas.gob.mx\/itife\/wp-content\/uploads\/sites\/30\/2020\/11\/subsidios-y-ayudas.pdf\" target=\"_blank\" rel=\"noopener noreferrer\">Subsidios y Ayuda<\/a><\/li>\n<\/ul>\n<\/div>\n\t\t\t\t<\/div>\n\t\t\t<\/div>\n<\/div>\n","protected":false},"excerpt":{"rendered":"","protected":false},"author":47,"featured_media":0,"parent":0,"menu_order":0,"comment_status":"closed","ping_status":"closed","template":"","meta":{"footnotes":""},"class_list":["post-1359","page","type-page","status-publish","hentry"],"publishpress_future_action":{"enabled":false,"date":"2026-05-23 18:49:19","action":"change-status","newStatus":"draft","terms":[],"taxonomy":""},"_links":{"self":[{"href":"https:\/\/www.tamaulipas.gob.mx\/itife\/wp-json\/wp\/v2\/pages\/1359"}],"collection":[{"href":"https:\/\/www.tamaulipas.gob.mx\/itife\/wp-json\/wp\/v2\/pages"}],"about":[{"href":"https:\/\/www.tamaulipas.gob.mx\/itife\/wp-json\/wp\/v2\/types\/page"}],"author":[{"embeddable":true,"href":"https:\/\/www.tamaulipas.gob.mx\/itife\/wp-json\/wp\/v2\/users\/47"}],"replies":[{"embeddable":true,"href":"https:\/\/www.tamaulipas.gob.mx\/itife\/wp-json\/wp\/v2\/comments?post=1359"}],"version-history":[{"count":10,"href":"https:\/\/www.tamaulipas.gob.mx\/itife\/wp-json\/wp\/v2\/pages\/1359\/revisions"}],"predecessor-version":[{"id":1395,"href":"https:\/\/www.tamaulipas.gob.mx\/itife\/wp-json\/wp\/v2\/pages\/1359\/revisions\/1395"}],"wp:attachment":[{"href":"https:\/\/www.tamaulipas.gob.mx\/itife\/wp-json\/wp\/v2\/media?parent=1359"}],"curies":[{"name":"wp","href":"https:\/\/api.w.org\/{rel}","templated":true}]}}