{"id":1045,"date":"2019-08-07T11:42:48","date_gmt":"2019-08-07T16:42:48","guid":{"rendered":"https:\/\/www.tamaulipas.gob.mx\/itife\/?page_id=1045"},"modified":"2019-08-07T13:53:31","modified_gmt":"2019-08-07T18:53:31","slug":"segundo-informe-trimestral-2019","status":"publish","type":"page","link":"https:\/\/www.tamaulipas.gob.mx\/itife\/financieros\/segundo-informe-trimestral-2019\/","title":{"rendered":"Segundo Informe Trimestral 2019"},"content":{"rendered":"<div class=\"panel-group\" id=\"custom-collapse-0\">\n<div class=\"panel panel-default\">\n\t\t\t\t<div class=\"panel-heading\">\n\t\t\t\t\t<h4 class=\"panel-title\">\n\t\t\t\t\t\t<a class=\"\" data-toggle=\"collapse\" data-parent=\"#custom-collapse-0\" href=\"#custom-collapse-0-0\">Informaci\u00f3n Contable<\/a>\n\t\t\t\t\t<\/h4>\n\t\t\t\t<\/div>\n\t\t\t\t<div id=\"custom-collapse-0-0\" class=\"panel-collapse in\">\n\t\t\t\t\t<div class=\"panel-body\">\n<ul>\n<li><a href=\"https:\/\/www.tamaulipas.gob.mx\/itife\/wp-content\/uploads\/sites\/30\/2019\/08\/1-estado-de-situacion-financiera.pdf\" target=\"_blank\" rel=\"noopener noreferrer\">Estado de situaci\u00f3n financiera<\/a><\/li>\n<li><a href=\"https:\/\/www.tamaulipas.gob.mx\/itife\/wp-content\/uploads\/sites\/30\/2019\/08\/2-estado-de-actividades.pdf\" target=\"_blank\" rel=\"noopener noreferrer\">Estado de actividades<\/a>\n<ul>\n<li><a href=\"https:\/\/www.tamaulipas.gob.mx\/itife\/wp-content\/uploads\/sites\/30\/2019\/08\/2.1-estado-de-actividades-analitico.pdf\" target=\"_blank\" rel=\"noopener noreferrer\">Estado de actividades anal\u00edtico<\/a><\/li>\n<\/ul>\n<\/li>\n<li><a href=\"https:\/\/www.tamaulipas.gob.mx\/itife\/wp-content\/uploads\/sites\/30\/2019\/08\/3-estado-de-variacion-en-la-hacienda-publica.pdf\" target=\"_blank\" rel=\"noopener noreferrer\">Estado de variaci\u00f3n en la hacienda p\u00fablica<\/a><\/li>\n<li><a href=\"https:\/\/www.tamaulipas.gob.mx\/itife\/wp-content\/uploads\/sites\/30\/2019\/08\/4-estado-de-cambios-en-la-situacion-financiera.pdf\" target=\"_blank\" rel=\"noopener noreferrer\">Estado de cambios en la situaci\u00f3n financiera<\/a><\/li>\n<li><a href=\"https:\/\/www.tamaulipas.gob.mx\/itife\/wp-content\/uploads\/sites\/30\/2019\/08\/5-estado-de-flujos-de-efectivo.pdf\" target=\"_blank\" rel=\"noopener noreferrer\">Estado de flujos de efectivo<\/a><\/li>\n<li><a href=\"https:\/\/www.tamaulipas.gob.mx\/itife\/wp-content\/uploads\/sites\/30\/2019\/08\/6-estado-analitico-del-activo.pdf\" target=\"_blank\" rel=\"noopener noreferrer\">Estado anal\u00edtico del activo<\/a>\n<ul>\n<li><a href=\"https:\/\/www.tamaulipas.gob.mx\/itife\/wp-content\/uploads\/sites\/30\/2019\/08\/6.1-analitico-de-derechos-a-recibir-efectivo-o-equivalentes.pdf\" target=\"_blank\" rel=\"noopener noreferrer\">Anal\u00edtico de derechos a recibir efectivo o equivalentes<\/a><\/li>\n<li><a href=\"https:\/\/www.tamaulipas.gob.mx\/itife\/wp-content\/uploads\/sites\/30\/2019\/08\/6.2-analitico-de-derechos-a-recibir-bienes-o-servicios.pdf\" target=\"_blank\" rel=\"noopener noreferrer\">Anal\u00edtico de derechos a recibir bienes o servicios<\/a><\/li>\n<li><a href=\"https:\/\/www.tamaulipas.gob.mx\/itife\/wp-content\/uploads\/sites\/30\/2019\/08\/6.3-relacion-de-adquisiciones-de-bienes-muebles-e-inmuebles.pdf\" target=\"_blank\" rel=\"noopener noreferrer\">Relaci\u00f3n de adquisiciones de bienes muebles e inmuebles<\/a><\/li>\n<\/ul>\n<\/li>\n<li><a href=\"https:\/\/www.tamaulipas.gob.mx\/itife\/wp-content\/uploads\/sites\/30\/2019\/08\/7-estado-analitico-de-la-deuda-y-otros-pasivos.pdf\" target=\"_blank\" rel=\"noopener noreferrer\">Estado anal\u00edtico de la deuda y otros pasivos<\/a>\n<ul>\n<li><a href=\"https:\/\/www.tamaulipas.gob.mx\/itife\/wp-content\/uploads\/sites\/30\/2019\/08\/7.1-reporte-analitico-del-pasivo.pdf\" target=\"_blank\" rel=\"noopener noreferrer\">Reporte anal\u00edtico del pasivo<\/a><\/li>\n<li><a href=\"https:\/\/www.tamaulipas.gob.mx\/itife\/wp-content\/uploads\/sites\/30\/2019\/08\/7.2-analitico-de-cuentas-por-pagar-corto-y-largo-plazo-1.pdf\" target=\"_blank\" rel=\"noopener noreferrer\">Anal\u00edtico de cuentas por pagar (corto y largo plazo)<\/a><\/li>\n<\/ul>\n<\/li>\n<li><a href=\"https:\/\/www.tamaulipas.gob.mx\/itife\/wp-content\/uploads\/sites\/30\/2019\/08\/8-informe-sobre-pasivos-contingentes.pdf\" target=\"_blank\" rel=\"noopener noreferrer\">Informe sobre pasivos contingentes<\/a><\/li>\n<li><a href=\"https:\/\/www.tamaulipas.gob.mx\/itife\/wp-content\/uploads\/sites\/30\/2019\/08\/9-notas-a-los-estados-financieros.pdf\" target=\"_blank\" rel=\"noopener noreferrer\">Notas a los estados financieros<\/a><\/li>\n<\/ul>\n<\/div>\n\t\t\t\t<\/div>\n\t\t\t<\/div>\n<div class=\"panel panel-default\">\n\t\t\t\t<div class=\"panel-heading\">\n\t\t\t\t\t<h4 class=\"panel-title\">\n\t\t\t\t\t\t<a class=\"collapsed\" data-toggle=\"collapse\" data-parent=\"#custom-collapse-0\" href=\"#custom-collapse-0-1\">Informaci\u00f3n Presupuestaria<\/a>\n\t\t\t\t\t<\/h4>\n\t\t\t\t<\/div>\n\t\t\t\t<div id=\"custom-collapse-0-1\" class=\"panel-collapse collapse\">\n\t\t\t\t\t<div class=\"panel-body\">\n<ul>\n<li><a href=\"https:\/\/www.tamaulipas.gob.mx\/itife\/wp-content\/uploads\/sites\/30\/2019\/08\/10-estado-analitico-de-ingresos.pdf\" target=\"_blank\" rel=\"noopener noreferrer\">Estado anal\u00edtico de ingresos<\/a><\/li>\n<li><a href=\"https:\/\/www.tamaulipas.gob.mx\/itife\/wp-content\/uploads\/sites\/30\/2019\/08\/11-estado-analitico-del-ejercicio-del-presupuesto-de-egresos-cog.pdf\" target=\"_blank\" rel=\"noopener noreferrer\">Estado anal\u00edtico del ejercicio del presupuesto de egresos clasificaci\u00f3n por objeto del gasto<\/a>\n<ul>\n<li><a href=\"https:\/\/www.tamaulipas.gob.mx\/itife\/wp-content\/uploads\/sites\/30\/2019\/08\/11.1-reporte-analitico-del-ejercicio-del-presupuesto-de-egresos-hasta-el-4-nivel.pdf\" target=\"_blank\" rel=\"noopener noreferrer\">Reporte anal\u00edtico del ejercicio del presupuesto de egresos (por partida hasta el 4\u00b0 nivel)<\/a><\/li>\n<\/ul>\n<\/li>\n<li><a href=\"https:\/\/www.tamaulipas.gob.mx\/itife\/wp-content\/uploads\/sites\/30\/2019\/08\/12-estado-analitico-del-ejercicio-del-presupuesto-de-egresos-clasificacion-economica.pdf\" target=\"_blank\" rel=\"noopener noreferrer\">Estado anal\u00edtico del ejercicio del presupuesto de egresos clasificaci\u00f3n econ\u00f3mica<\/a><\/li>\n<li><a href=\"https:\/\/www.tamaulipas.gob.mx\/itife\/wp-content\/uploads\/sites\/30\/2019\/08\/13-clasificacion-administrativa.pdf\" target=\"_blank\" rel=\"noopener noreferrer\">Estado anal\u00edtico del ejercicio del presupuesto de egresos clasificaci\u00f3n administrativa<\/a><\/li>\n<li><a href=\"https:\/\/www.tamaulipas.gob.mx\/itife\/wp-content\/uploads\/sites\/30\/2019\/08\/14-estado-analitico-del-ejercicio-del-presupuesto-de-egresos-clasificacion-funcional.pdf\" target=\"_blank\" rel=\"noopener noreferrer\">Estado anal\u00edtico del ejercicio del presupuesto de egresos clasificaci\u00f3n funcional<\/a><\/li>\n<li><a href=\"https:\/\/www.tamaulipas.gob.mx\/itife\/wp-content\/uploads\/sites\/30\/2019\/08\/15-endeudamiento-neto.pdf\" target=\"_blank\" rel=\"noopener noreferrer\">Endeudamiento neto<\/a><\/li>\n<li><a href=\"https:\/\/www.tamaulipas.gob.mx\/itife\/wp-content\/uploads\/sites\/30\/2019\/08\/16-intereses-de-la-deuda.pdf\" target=\"_blank\" rel=\"noopener noreferrer\">Intereses de la deuda<\/a><\/li>\n<li><a href=\"https:\/\/www.tamaulipas.gob.mx\/itife\/wp-content\/uploads\/sites\/30\/2019\/08\/17-deuda-publica.pdf\" target=\"_blank\" rel=\"noopener noreferrer\">Deuda publica<\/a><\/li>\n<\/ul>\n<\/div>\n\t\t\t\t<\/div>\n\t\t\t<\/div>\n<div class=\"panel panel-default\">\n\t\t\t\t<div class=\"panel-heading\">\n\t\t\t\t\t<h4 class=\"panel-title\">\n\t\t\t\t\t\t<a class=\"collapsed\" data-toggle=\"collapse\" data-parent=\"#custom-collapse-0\" href=\"#custom-collapse-0-2\">Informaci\u00f3n Program\u00e1tica<\/a>\n\t\t\t\t\t<\/h4>\n\t\t\t\t<\/div>\n\t\t\t\t<div id=\"custom-collapse-0-2\" class=\"panel-collapse collapse\">\n\t\t\t\t\t<div class=\"panel-body\">\n<ul>\n<li><a href=\"https:\/\/www.tamaulipas.gob.mx\/itife\/wp-content\/uploads\/sites\/30\/2019\/08\/18-gasto-por-categoria-programatica.pdf\" target=\"_blank\" rel=\"noopener noreferrer\">Gasto por categor\u00eda program\u00e1tica<\/a><\/li>\n<li><a href=\"https:\/\/www.tamaulipas.gob.mx\/itife\/wp-content\/uploads\/sites\/30\/2019\/08\/19-programas-y-proyectos-de-inversion-1.pdf\" target=\"_blank\" rel=\"noopener noreferrer\">Programas y proyectos de inversi\u00f3n<\/a><\/li>\n<li><a href=\"https:\/\/www.tamaulipas.gob.mx\/itife\/wp-content\/uploads\/sites\/30\/2019\/08\/20-indicadores-de-resultados.pdf\" target=\"_blank\" rel=\"noopener noreferrer\">Indicadores de resultados<\/a><\/li>\n<\/ul>\n<\/div>\n\t\t\t\t<\/div>\n\t\t\t<\/div>\n<div class=\"panel panel-default\">\n\t\t\t\t<div class=\"panel-heading\">\n\t\t\t\t\t<h4 class=\"panel-title\">\n\t\t\t\t\t\t<a class=\"collapsed\" data-toggle=\"collapse\" data-parent=\"#custom-collapse-0\" href=\"#custom-collapse-0-3\">Informaci\u00f3n Adicional<\/a>\n\t\t\t\t\t<\/h4>\n\t\t\t\t<\/div>\n\t\t\t\t<div id=\"custom-collapse-0-3\" class=\"panel-collapse collapse\">\n\t\t\t\t\t<div class=\"panel-body\">\n<ul>\n<li>Informe y avance de obras publicas y servicios relacionados con las mismas<\/li>\n<li><a href=\"https:\/\/www.tamaulipas.gob.mx\/itife\/wp-content\/uploads\/sites\/30\/2019\/08\/22-factibilidades.pdf\" target=\"_blank\" rel=\"noopener noreferrer\">Factibilidades<\/a><\/li>\n<\/ul>\n<\/div>\n\t\t\t\t<\/div>\n\t\t\t<\/div>\n<div class=\"panel panel-default\">\n\t\t\t\t<div class=\"panel-heading\">\n\t\t\t\t\t<h4 class=\"panel-title\">\n\t\t\t\t\t\t<a class=\"collapsed\" data-toggle=\"collapse\" data-parent=\"#custom-collapse-0\" href=\"#custom-collapse-0-4\">Disciplina Financiera<\/a>\n\t\t\t\t\t<\/h4>\n\t\t\t\t<\/div>\n\t\t\t\t<div id=\"custom-collapse-0-4\" class=\"panel-collapse collapse\">\n\t\t\t\t\t<div class=\"panel-body\">\n<ul>\n<li><a href=\"https:\/\/www.tamaulipas.gob.mx\/itife\/wp-content\/uploads\/sites\/30\/2019\/08\/1-ldf.pdf\" target=\"_blank\" rel=\"noopener noreferrer\">LDF Estado de situaci\u00f3n financiera detallado<\/a><\/li>\n<li><a href=\"https:\/\/www.tamaulipas.gob.mx\/itife\/wp-content\/uploads\/sites\/30\/2019\/08\/2-ldf.pdf\" target=\"_blank\" rel=\"noopener noreferrer\">LDF Informe anal\u00edtico de la deuda publica y otros pasivos<\/a><\/li>\n<li><a href=\"https:\/\/www.tamaulipas.gob.mx\/itife\/wp-content\/uploads\/sites\/30\/2019\/08\/3-ldf.pdf\" target=\"_blank\" rel=\"noopener noreferrer\">LDF Informe anal\u00edtico de obligaciones diferentes de financiamiento<\/a><\/li>\n<li><a href=\"https:\/\/www.tamaulipas.gob.mx\/itife\/wp-content\/uploads\/sites\/30\/2019\/08\/4-ldf.pdf\" target=\"_blank\" rel=\"noopener noreferrer\">LDF Balance presupuestario<\/a><\/li>\n<li><a href=\"https:\/\/www.tamaulipas.gob.mx\/itife\/wp-content\/uploads\/sites\/30\/2019\/08\/5-ldf.pdf\" target=\"_blank\" rel=\"noopener noreferrer\">LDF Estado anal\u00edtico de ingresos detallado<\/a><\/li>\n<li><a href=\"https:\/\/www.tamaulipas.gob.mx\/itife\/wp-content\/uploads\/sites\/30\/2019\/08\/6a-ldf.pdf\" target=\"_blank\" rel=\"noopener noreferrer\">LDF Estado anal\u00edtico del ejercicio del presupuesto de egresos detallado og<\/a><\/li>\n<li><a href=\"https:\/\/www.tamaulipas.gob.mx\/itife\/wp-content\/uploads\/sites\/30\/2019\/08\/6b-ldf.pdf\" target=\"_blank\" rel=\"noopener noreferrer\">LDF Estado anal\u00edtico del ejercicio del presupuesto de egresos detallado ca<\/a><\/li>\n<li><a href=\"https:\/\/www.tamaulipas.gob.mx\/itife\/wp-content\/uploads\/sites\/30\/2019\/08\/6c-ldf.pdf\" target=\"_blank\" rel=\"noopener noreferrer\">LDF Estado anal\u00edtico del ejercicio del presupuesto de egresos detallado cf<\/a><\/li>\n<li><a href=\"https:\/\/www.tamaulipas.gob.mx\/itife\/wp-content\/uploads\/sites\/30\/2019\/08\/6d-ldf.pdf\" target=\"_blank\" rel=\"noopener noreferrer\">LDF Estado anal\u00edtico del ejercicio del presupuesto de egresos detallado cspc<\/a><\/li>\n<\/ul>\n<\/div>\n\t\t\t\t<\/div>\n\t\t\t<\/div>\n<div class=\"panel panel-default\">\n\t\t\t\t<div class=\"panel-heading\">\n\t\t\t\t\t<h4 class=\"panel-title\">\n\t\t\t\t\t\t<a class=\"collapsed\" data-toggle=\"collapse\" data-parent=\"#custom-collapse-0\" href=\"#custom-collapse-0-5\">Anexos<\/a>\n\t\t\t\t\t<\/h4>\n\t\t\t\t<\/div>\n\t\t\t\t<div id=\"custom-collapse-0-5\" class=\"panel-collapse collapse\">\n\t\t\t\t\t<div class=\"panel-body\">\n<ul>\n<li><a href=\"https:\/\/www.tamaulipas.gob.mx\/itife\/wp-content\/uploads\/sites\/30\/2019\/08\/conciliaciones-bancarias.pdf\" target=\"_blank\" rel=\"noopener noreferrer\">Consilaciones Bancarias<\/a><\/li>\n<li><a href=\"https:\/\/www.tamaulipas.gob.mx\/itife\/wp-content\/uploads\/sites\/30\/2019\/08\/libro-de-inventarios.pdf\" target=\"_blank\" rel=\"noopener noreferrer\">Libro de Inventarios<\/a><\/li>\n<li><a href=\"https:\/\/www.tamaulipas.gob.mx\/itife\/wp-content\/uploads\/sites\/30\/2019\/08\/programa-de-obra-publica.pdf\" target=\"_blank\" rel=\"noopener noreferrer\">Programa de Obra Publica<\/a><\/li>\n<li><a href=\"https:\/\/www.tamaulipas.gob.mx\/itife\/wp-content\/uploads\/sites\/30\/2019\/08\/subsidios-y-ayudas.pdf\" target=\"_blank\" rel=\"noopener noreferrer\">Subsidios y Ayuda<\/a><\/li>\n<\/ul>\n<\/div>\n\t\t\t\t<\/div>\n\t\t\t<\/div>\n<\/div>\n","protected":false},"excerpt":{"rendered":"","protected":false},"author":47,"featured_media":0,"parent":472,"menu_order":0,"comment_status":"closed","ping_status":"closed","template":"","meta":{"footnotes":""},"class_list":["post-1045","page","type-page","status-publish","hentry"],"publishpress_future_action":{"enabled":false,"date":"2026-05-23 18:48:59","action":"change-status","newStatus":"draft","terms":[],"taxonomy":""},"_links":{"self":[{"href":"https:\/\/www.tamaulipas.gob.mx\/itife\/wp-json\/wp\/v2\/pages\/1045"}],"collection":[{"href":"https:\/\/www.tamaulipas.gob.mx\/itife\/wp-json\/wp\/v2\/pages"}],"about":[{"href":"https:\/\/www.tamaulipas.gob.mx\/itife\/wp-json\/wp\/v2\/types\/page"}],"author":[{"embeddable":true,"href":"https:\/\/www.tamaulipas.gob.mx\/itife\/wp-json\/wp\/v2\/users\/47"}],"replies":[{"embeddable":true,"href":"https:\/\/www.tamaulipas.gob.mx\/itife\/wp-json\/wp\/v2\/comments?post=1045"}],"version-history":[{"count":8,"href":"https:\/\/www.tamaulipas.gob.mx\/itife\/wp-json\/wp\/v2\/pages\/1045\/revisions"}],"predecessor-version":[{"id":1097,"href":"https:\/\/www.tamaulipas.gob.mx\/itife\/wp-json\/wp\/v2\/pages\/1045\/revisions\/1097"}],"up":[{"embeddable":true,"href":"https:\/\/www.tamaulipas.gob.mx\/itife\/wp-json\/wp\/v2\/pages\/472"}],"wp:attachment":[{"href":"https:\/\/www.tamaulipas.gob.mx\/itife\/wp-json\/wp\/v2\/media?parent=1045"}],"curies":[{"name":"wp","href":"https:\/\/api.w.org\/{rel}","templated":true}]}}