{"id":91,"date":"2018-05-17T10:34:26","date_gmt":"2018-05-17T15:34:26","guid":{"rendered":"https:\/\/www.tamaulipas.gob.mx\/itavu\/?page_id=91"},"modified":"2018-05-24T12:00:33","modified_gmt":"2018-05-24T17:00:33","slug":"legalizacion-de-viciendas","status":"publish","type":"page","link":"https:\/\/www.tamaulipas.gob.mx\/itavu\/programas\/legalizacion-de-viciendas\/","title":{"rendered":"Legalizaci\u00f3n de viviendas en asentamientos humanos irregulares"},"content":{"rendered":"<p>Otorga seguridad patrimonial en las viviendas, con la tarea de brindar servicios p\u00fablicos b\u00e1sicos, que permitan mejorar el entorno urbano y la calidad de vivienda de las familias del Estado de Tamaulipas.<\/p>\n<p>Incorporar al desarrollo urbano ordenado de los municipios, los asentamientos humanos irregulares que presten viabilidad t\u00e9cnica y jur\u00eddica para la escrituraci\u00f3n.<\/p>\n<ul>\n<li>Los requisitos dependen de la situaci\u00f3n de cada ciudadano.<\/li>\n<\/ul>\n<blockquote><p><strong>Para mayor informaci\u00f3n dirigirse con el responsable de la Delegaci\u00f3n del ITAVU en su municipio.<\/strong><\/p>\n<a href=\"https:\/\/www.tamaulipas.gob.mx\/itavu\/delegaciones\/\" class=\"btn btn-primary btn-sm\">\u00a0Directorio de delegaciones <\/a><\/blockquote>\n","protected":false},"excerpt":{"rendered":"<p>Otorga seguridad patrimonial en las viviendas, con la tarea de brindar servicios p\u00fablicos b\u00e1sicos, que permitan mejorar el entorno urbano y la calidad de vivienda\u2026<\/p>\n","protected":false},"author":59,"featured_media":0,"parent":83,"menu_order":0,"comment_status":"closed","ping_status":"closed","template":"","meta":{"footnotes":""},"class_list":["post-91","page","type-page","status-publish","hentry"],"publishpress_future_action":{"enabled":false,"date":"2026-04-28 07:50:05","action":"change-status","newStatus":"draft","terms":[],"taxonomy":""},"_links":{"self":[{"href":"https:\/\/www.tamaulipas.gob.mx\/itavu\/wp-json\/wp\/v2\/pages\/91"}],"collection":[{"href":"https:\/\/www.tamaulipas.gob.mx\/itavu\/wp-json\/wp\/v2\/pages"}],"about":[{"href":"https:\/\/www.tamaulipas.gob.mx\/itavu\/wp-json\/wp\/v2\/types\/page"}],"author":[{"embeddable":true,"href":"https:\/\/www.tamaulipas.gob.mx\/itavu\/wp-json\/wp\/v2\/users\/59"}],"replies":[{"embeddable":true,"href":"https:\/\/www.tamaulipas.gob.mx\/itavu\/wp-json\/wp\/v2\/comments?post=91"}],"version-history":[{"count":3,"href":"https:\/\/www.tamaulipas.gob.mx\/itavu\/wp-json\/wp\/v2\/pages\/91\/revisions"}],"predecessor-version":[{"id":116,"href":"https:\/\/www.tamaulipas.gob.mx\/itavu\/wp-json\/wp\/v2\/pages\/91\/revisions\/116"}],"up":[{"embeddable":true,"href":"https:\/\/www.tamaulipas.gob.mx\/itavu\/wp-json\/wp\/v2\/pages\/83"}],"wp:attachment":[{"href":"https:\/\/www.tamaulipas.gob.mx\/itavu\/wp-json\/wp\/v2\/media?parent=91"}],"curies":[{"name":"wp","href":"https:\/\/api.w.org\/{rel}","templated":true}]}}