{"id":89,"date":"2018-05-17T10:28:05","date_gmt":"2018-05-17T15:28:05","guid":{"rendered":"https:\/\/www.tamaulipas.gob.mx\/itavu\/?page_id=89"},"modified":"2022-12-02T11:01:05","modified_gmt":"2022-12-02T17:01:05","slug":"escrituracion","status":"publish","type":"page","link":"https:\/\/www.tamaulipas.gob.mx\/itavu\/programas\/escrituracion\/","title":{"rendered":"Escrituraci\u00f3n"},"content":{"rendered":"<p>Es la difusi\u00f3n e invitaci\u00f3n para dar certeza jur\u00eddica en aquellos predios que no cuentan con un t\u00edtulo de propiedad, siempre y cuando correspondan al cat\u00e1logo de colonias en las que este organismo interviene.<\/p>\n<p>Requisitos para el tr\u00e1mite:<\/p>\n<ul>\n<li>1 copias del acta de nacimiento del titular y c\u00f3nyuge (si est\u00e1 casado).<\/li>\n<li>1 copias de identificaci\u00f3n oficial del titular y c\u00f3nyuge.<\/li>\n<li>1 copias de CURP\u00a0del titular y c\u00f3nyuge.<\/li>\n<li>1 copias de acta de matrimonio.<\/li>\n<li>Carta de asignaci\u00f3n del terreno o contrato de compra-venta.<\/li>\n<li>Copia del manifiesto original.<\/li>\n<li>Recibos de pago originales para cotejo.<\/li>\n<li>1 copias de todos los recibos de pago del terreno.<\/li>\n<li>1 copias de comprobante de domicilio del terreno a escriturar (en su caso).<\/li>\n<li>Acta de nacimiento de la persona que el interesado designe como beneficiario.<\/li>\n<li>En caso de haber realizado una cesi\u00f3n de derechos notariada, anexar original y 1 copias.<\/li>\n<\/ul>\n<blockquote><p><strong>Para mayor informaci\u00f3n dirigirse con el responsable de la Delegaci\u00f3n del ITAVU en su municipio.<\/strong><\/p>\n<a href=\"https:\/\/www.tamaulipas.gob.mx\/itavu\/delegaciones\/\" class=\"btn btn-primary btn-sm\">\u00a0Directorio de delegaciones <\/a><\/blockquote>\n","protected":false},"excerpt":{"rendered":"<p>Es la difusi\u00f3n e invitaci\u00f3n para dar certeza jur\u00eddica en aquellos predios que no cuentan con un t\u00edtulo de propiedad, siempre y cuando correspondan al\u2026<\/p>\n","protected":false},"author":59,"featured_media":283,"parent":83,"menu_order":0,"comment_status":"closed","ping_status":"closed","template":"","meta":{"footnotes":""},"class_list":["post-89","page","type-page","status-publish","has-post-thumbnail","hentry"],"publishpress_future_action":{"enabled":false,"date":"2026-04-28 07:50:06","action":"change-status","newStatus":"draft","terms":[],"taxonomy":""},"_links":{"self":[{"href":"https:\/\/www.tamaulipas.gob.mx\/itavu\/wp-json\/wp\/v2\/pages\/89"}],"collection":[{"href":"https:\/\/www.tamaulipas.gob.mx\/itavu\/wp-json\/wp\/v2\/pages"}],"about":[{"href":"https:\/\/www.tamaulipas.gob.mx\/itavu\/wp-json\/wp\/v2\/types\/page"}],"author":[{"embeddable":true,"href":"https:\/\/www.tamaulipas.gob.mx\/itavu\/wp-json\/wp\/v2\/users\/59"}],"replies":[{"embeddable":true,"href":"https:\/\/www.tamaulipas.gob.mx\/itavu\/wp-json\/wp\/v2\/comments?post=89"}],"version-history":[{"count":5,"href":"https:\/\/www.tamaulipas.gob.mx\/itavu\/wp-json\/wp\/v2\/pages\/89\/revisions"}],"predecessor-version":[{"id":285,"href":"https:\/\/www.tamaulipas.gob.mx\/itavu\/wp-json\/wp\/v2\/pages\/89\/revisions\/285"}],"up":[{"embeddable":true,"href":"https:\/\/www.tamaulipas.gob.mx\/itavu\/wp-json\/wp\/v2\/pages\/83"}],"wp:featuredmedia":[{"embeddable":true,"href":"https:\/\/www.tamaulipas.gob.mx\/itavu\/wp-json\/wp\/v2\/media\/283"}],"wp:attachment":[{"href":"https:\/\/www.tamaulipas.gob.mx\/itavu\/wp-json\/wp\/v2\/media?parent=89"}],"curies":[{"name":"wp","href":"https:\/\/api.w.org\/{rel}","templated":true}]}}