{"id":806,"date":"2024-01-26T14:05:30","date_gmt":"2024-01-26T20:05:30","guid":{"rendered":"https:\/\/www.tamaulipas.gob.mx\/itavu\/?page_id=806"},"modified":"2025-03-09T21:48:01","modified_gmt":"2025-03-10T03:48:01","slug":"comite-de-etica","status":"publish","type":"page","link":"https:\/\/www.tamaulipas.gob.mx\/itavu\/comite-de-etica\/","title":{"rendered":"Comit\u00e9 de \u00c9tica (CECPCI)"},"content":{"rendered":"<ul style=\"list-style-type: square;\">\n<li><strong>C\u00f3digo de \u00c9tica del Poder Ejecutivo del Estado<\/strong><\/li>\n<\/ul>\n<p style=\"padding-left: 40px;\"><a href=\"https:\/\/www.tamaulipas.gob.mx\/itavu\/wp-content\/uploads\/sites\/38\/2024\/04\/conductoetica1.pdf\">click para su descarga<\/a><\/p>\n<ul style=\"list-style-type: square;\">\n<li><strong>C\u00f3digo de Conducta y Prevenci\u00f3n de Conflictos de Inter\u00e9s de las y los Servidores P\u00fablicos del Instituto Tamaulipeco de Vivienda y Urbanismo<\/strong><\/li>\n<\/ul>\n<p style=\"padding-left: 40px;\"><a href=\"https:\/\/www.tamaulipas.gob.mx\/itavu\/wp-content\/uploads\/sites\/38\/2024\/04\/conductoetica2.pdf\">click para su descarga<\/a><\/p>\n<hr \/>\n<ul style=\"list-style-type: square;\">\n<li><strong>Informe Anual de Actividades 2023<\/strong><\/li>\n<\/ul>\n<p style=\"padding-left: 40px;\"><a href=\"https:\/\/www.tamaulipas.gob.mx\/itavu\/wp-content\/uploads\/sites\/38\/2024\/04\/conductoetica3.pdf\">click para su descarga<\/a><\/p>\n<ul style=\"list-style-type: square;\">\n<li><strong>Evaluaci\u00f3n del Comit\u00e9 de \u00c9tica, Conducta y Prevenci\u00f3n de Conflictos de Inter\u00e9s 2023<\/strong><\/li>\n<\/ul>\n<p style=\"padding-left: 40px;\"><a href=\"https:\/\/www.tamaulipas.gob.mx\/itavu\/wp-content\/uploads\/sites\/38\/2024\/04\/conductoetica4.pdf\">click para su descarga<\/a><\/p>\n<ul style=\"list-style-type: square;\">\n<li><strong>Programa Anual de Trabajo CECPCI ITAVU 2024<\/strong><\/li>\n<\/ul>\n<p style=\"padding-left: 40px;\"><a href=\"https:\/\/www.tamaulipas.gob.mx\/itavu\/wp-content\/uploads\/sites\/38\/2024\/04\/conductoetica5.pdf\">click para su descarga<\/a><\/p>\n<hr \/>\n<ul style=\"list-style-type: square;\">\n<li><strong>Informe Anual de Actividades 2024<\/strong><\/li>\n<\/ul>\n<p style=\"padding-left: 40px;\"><a href=\"https:\/\/www.tamaulipas.gob.mx\/itavu\/wp-content\/uploads\/sites\/38\/2025\/03\/informe-anual-de-actividades-2024-v.pdf\">click para su descarga<\/a><\/p>\n<ul style=\"list-style-type: square;\">\n<li><strong>Evaluaci\u00f3n del Comit\u00e9 de \u00c9tica, Conducta y Prevenci\u00f3n de Conflictos de Inter\u00e9s 2024<\/strong><\/li>\n<\/ul>\n<p style=\"padding-left: 40px;\"><a href=\"https:\/\/www.tamaulipas.gob.mx\/itavu\/wp-content\/uploads\/sites\/38\/2025\/03\/evaluacion-del-cecypc-2024.pdf\">click para su descarga<\/a><\/p>\n<ul style=\"list-style-type: square;\">\n<li><strong>Programa Anual de Trabajo CECPCI ITAVU 2025<\/strong><\/li>\n<\/ul>\n<p style=\"padding-left: 40px;\"><a href=\"https:\/\/www.tamaulipas.gob.mx\/itavu\/wp-content\/uploads\/sites\/38\/2025\/03\/programa-de-trabajo-2025-cecpci-itavu.pdf\">click para su descarga<\/a><\/p>\n","protected":false},"excerpt":{"rendered":"<p>C\u00f3digo de \u00c9tica del Poder Ejecutivo del Estado click para su descarga C\u00f3digo de Conducta y Prevenci\u00f3n de Conflictos de Inter\u00e9s de las y los\u2026<\/p>\n","protected":false},"author":286,"featured_media":0,"parent":0,"menu_order":0,"comment_status":"closed","ping_status":"closed","template":"","meta":{"footnotes":""},"class_list":["post-806","page","type-page","status-publish","hentry"],"publishpress_future_action":{"enabled":false,"date":"2026-04-28 09:26:31","action":"change-status","newStatus":"draft","terms":[],"taxonomy":""},"_links":{"self":[{"href":"https:\/\/www.tamaulipas.gob.mx\/itavu\/wp-json\/wp\/v2\/pages\/806"}],"collection":[{"href":"https:\/\/www.tamaulipas.gob.mx\/itavu\/wp-json\/wp\/v2\/pages"}],"about":[{"href":"https:\/\/www.tamaulipas.gob.mx\/itavu\/wp-json\/wp\/v2\/types\/page"}],"author":[{"embeddable":true,"href":"https:\/\/www.tamaulipas.gob.mx\/itavu\/wp-json\/wp\/v2\/users\/286"}],"replies":[{"embeddable":true,"href":"https:\/\/www.tamaulipas.gob.mx\/itavu\/wp-json\/wp\/v2\/comments?post=806"}],"version-history":[{"count":19,"href":"https:\/\/www.tamaulipas.gob.mx\/itavu\/wp-json\/wp\/v2\/pages\/806\/revisions"}],"predecessor-version":[{"id":1080,"href":"https:\/\/www.tamaulipas.gob.mx\/itavu\/wp-json\/wp\/v2\/pages\/806\/revisions\/1080"}],"wp:attachment":[{"href":"https:\/\/www.tamaulipas.gob.mx\/itavu\/wp-json\/wp\/v2\/media?parent=806"}],"curies":[{"name":"wp","href":"https:\/\/api.w.org\/{rel}","templated":true}]}}