{"id":783,"date":"2024-01-17T11:13:59","date_gmt":"2024-01-17T17:13:59","guid":{"rendered":"https:\/\/www.tamaulipas.gob.mx\/itavu\/?page_id=783"},"modified":"2024-01-17T12:08:45","modified_gmt":"2024-01-17T18:08:45","slug":"padron-de-proveedores-y-contratistas","status":"publish","type":"page","link":"https:\/\/www.tamaulipas.gob.mx\/itavu\/padron-de-proveedores-y-contratistas\/","title":{"rendered":"Padr\u00f3n de proveedores y contratistas"},"content":{"rendered":"<p><strong>Para mas informaci\u00f3n, se puede comunicar a:<\/strong><\/p>\n<blockquote><p>Secretar\u00eda de Administraci\u00f3n<br \/>\nDirecci\u00f3n General de Compras y Operaciones Patrimoniales<br \/>\nDirecci\u00f3n de Adquisiciones, Departamento de Padr\u00f3n de Proveedores<br \/>\nCentro de Oficinas Gubernamentales, Torre Bicentenario, Piso 5<br \/>\nLibramiento Naciones Unidas con prolongaci\u00f3n Praxedis Balboa<\/p>\n<p>Tel\u00e9fonos:\u00a0(834) 107 8210 y (834) 107 8218<br \/>\nCorreo Electr\u00f3nico: proveedores@tamaulipas.gob.mx<\/p><\/blockquote>\n","protected":false},"excerpt":{"rendered":"<p>Para mas informaci\u00f3n, se puede comunicar a: Secretar\u00eda de Administraci\u00f3n Direcci\u00f3n General de Compras y Operaciones Patrimoniales Direcci\u00f3n de Adquisiciones, Departamento de Padr\u00f3n de Proveedores\u2026<\/p>\n","protected":false},"author":286,"featured_media":0,"parent":0,"menu_order":0,"comment_status":"closed","ping_status":"closed","template":"","meta":{"footnotes":""},"class_list":["post-783","page","type-page","status-publish","hentry"],"publishpress_future_action":{"enabled":false,"date":"2026-04-28 07:51:33","action":"change-status","newStatus":"draft","terms":[],"taxonomy":""},"_links":{"self":[{"href":"https:\/\/www.tamaulipas.gob.mx\/itavu\/wp-json\/wp\/v2\/pages\/783"}],"collection":[{"href":"https:\/\/www.tamaulipas.gob.mx\/itavu\/wp-json\/wp\/v2\/pages"}],"about":[{"href":"https:\/\/www.tamaulipas.gob.mx\/itavu\/wp-json\/wp\/v2\/types\/page"}],"author":[{"embeddable":true,"href":"https:\/\/www.tamaulipas.gob.mx\/itavu\/wp-json\/wp\/v2\/users\/286"}],"replies":[{"embeddable":true,"href":"https:\/\/www.tamaulipas.gob.mx\/itavu\/wp-json\/wp\/v2\/comments?post=783"}],"version-history":[{"count":4,"href":"https:\/\/www.tamaulipas.gob.mx\/itavu\/wp-json\/wp\/v2\/pages\/783\/revisions"}],"predecessor-version":[{"id":792,"href":"https:\/\/www.tamaulipas.gob.mx\/itavu\/wp-json\/wp\/v2\/pages\/783\/revisions\/792"}],"wp:attachment":[{"href":"https:\/\/www.tamaulipas.gob.mx\/itavu\/wp-json\/wp\/v2\/media?parent=783"}],"curies":[{"name":"wp","href":"https:\/\/api.w.org\/{rel}","templated":true}]}}