{"id":2,"date":"2018-04-25T17:57:53","date_gmt":"2018-04-25T17:57:53","guid":{"rendered":"http:\/\/www.tamaulipas.gob.mx\/itavu\/?page_id=2"},"modified":"2026-03-30T16:51:10","modified_gmt":"2026-03-30T22:51:10","slug":"conocenos","status":"publish","type":"page","link":"https:\/\/www.tamaulipas.gob.mx\/itavu\/conocenos\/","title":{"rendered":"Con\u00f3cenos"},"content":{"rendered":"<p><strong>PRESENTACI\u00d3N<\/strong><\/p>\n<p>Cumpliendo con la estrategia del Ejecutivo Estatal para la presente administraci\u00f3n 2022-2028 y como parte<br \/>\nfundamental del desarrollo administrativo, la Secretar\u00eda Anticorrupci\u00f3n y Buen Gobierno ha implementado un<br \/>\nprograma de modernizaci\u00f3n donde se derivan planes y proyectos dirigidos a la actualizaci\u00f3n de lineamientos,<br \/>\nnormas jur\u00eddico-administrativas, manuales de organizaci\u00f3n, certificaci\u00f3n de procesos, evaluaci\u00f3n del desempe\u00f1o<br \/>\ny mejora regulatoria e investigaci\u00f3n y anticorrupci\u00f3n, entre otras herramientas que tienen como objetivo fortalecer<br \/>\nel quehacer gubernamental y coadyuvar con mayor eficiencia en el cumplimiento de las grandes metas de<br \/>\nGobierno de las Dependencias y Entidades de la Administraci\u00f3n P\u00fablica Estatal.<br \/>\nEn el presente documento se encuentran debidamente integrados los elementos metodol\u00f3gicos que<br \/>\ncoadyuvar\u00e1n al cumplimiento de los objetivos de la Instituci\u00f3n; tales como la misi\u00f3n y visi\u00f3n, valores,<br \/>\nantecedentes hist\u00f3ricos, marco jur\u00eddico de actuaci\u00f3n, estructura org\u00e1nica y organigramas de la estructura<br \/>\naprobada.<br \/>\nComo parte de este proceso, se ha concluido la integraci\u00f3n del presente Manual de Organizaci\u00f3n, con base en la<br \/>\nmetodolog\u00eda emitida por la Secretar\u00eda Anticorrupci\u00f3n y Buen Gobierno del Ejecutivo Estatal.<br \/>\nEs aqu\u00ed en donde se reflejan de forma clara y din\u00e1mica, las atribuciones de las Dependencias y Entidades, as\u00ed<br \/>\ncomo las funciones de los servidores p\u00fablicos de nivel ejecutivo, pretendiendo cultivar la estabilidad<br \/>\norganizacional e incrementar la eficiencia, productividad y calidad en el servicio, con el prop\u00f3sito de transformarlo<br \/>\nen el desarrollo sustentable de los programas, planes y proyectos programados por las Dependencias y<br \/>\nEntidades de la Administraci\u00f3n P\u00fablica Estatal.<br \/>\nSe privilegia la participaci\u00f3n de los titulares de las Unidades Administrativas de las Secretar\u00edas y Entidades, como<br \/>\nel elemento esencial e imprescindible para la consecuci\u00f3n de las metas y objetivos de las actividades que les<br \/>\ncompeten, mediante la validaci\u00f3n y firma de cada uno de ellos, con la intenci\u00f3n de que exista una mayor<br \/>\nconciencia de las atribuciones asignadas al Ente, en estricto apego al compromiso de contar con un Gobierno<br \/>\ntransparente y eficiente.<br \/>\nLa informaci\u00f3n relacionada en este manual, est\u00e1 basada en el esquema funcional que se aplica actualmente,<br \/>\nconvirti\u00e9ndose en la herramienta administrativa que oriente a los servidores p\u00fablicos en el reconocimiento de sus<br \/>\nfunciones b\u00e1sicas y espec\u00edficas, que deber\u00e1n cumplir para la encomienda de sus responsabilidades.<br \/>\nLa informaci\u00f3n que contiene este Manual de Organizaci\u00f3n, deber\u00e1 actualizarse en apego a los lineamientos<br \/>\nestablecidos para la materia.<\/p>\n<p><strong>MISI\u00d3N<\/strong><\/p>\n<p>Elevar la calidad de vida de las familias tamaulipecas con acciones de gesti\u00f3n que mejoren sus condiciones<br \/>\nhabitacionales para el desarrollo de sus capacidades, con la instrumentaci\u00f3n de programas de suelo y vivienda<br \/>\nque confieran certeza jur\u00eddica en la regularizaci\u00f3n y escrituraci\u00f3n de la tenencia de la tierra y faciliten el acceso al<br \/>\nfinanciamiento p\u00fablico y privado para la construcci\u00f3n, autoconstrucci\u00f3n, ampliaci\u00f3n y mejoramiento de la<br \/>\nvivienda, destinados al sector econ\u00f3mico de menores ingresos, no afiliado a la seguridad social que no cuenten<br \/>\ncon posibilidades de acceso a una vivienda digna.<\/p>\n<p><strong>VISI\u00d3N<\/strong><\/p>\n<p>Ser el Organismo Estatal de Vivienda, l\u00edder en la implementaci\u00f3n de programas enfocados a proporcionar<br \/>\nsoluciones habitacionales a las familias en situaci\u00f3n de pobreza patrimonial, financieramente s\u00f3lido que,<br \/>\nconducido bajo un marco de legalidad, imparcialidad, igualdad, objetividad, honradez, transparencia y calidad,<br \/>\ngarantice resultados eficientes y eficaces sustentados en la utilizaci\u00f3n de tecnolog\u00edas de la informaci\u00f3n y el<br \/>\nprofesionalismo de sus integrantes, para elevar la calidad de vida de su poblaci\u00f3n objetivo que, satisfecha de los<br \/>\nservicios recibidos legitime la acci\u00f3n gubernamental y provoque en los servidores que lo integran el orgullo de<br \/>\npertenecer a \u00e9l.<\/p>\n<p style=\"text-align: left;\"><strong>VALORES<\/strong><\/p>\n<p style=\"text-align: left;\"><strong>PRINCIPIOS Y VALORES RECTORES DEL SERVICIO P\u00daBLICO<\/strong><\/p>\n<p><strong>Principios<\/strong>:<\/p>\n<ul>\n<li style=\"text-align: left;\">Competencia por m\u00e9rito<\/li>\n<li style=\"text-align: left;\">Confidencialidad<\/li>\n<li style=\"text-align: left;\">Disciplina<\/li>\n<li style=\"text-align: left;\">Econom\u00eda<\/li>\n<li style=\"text-align: left;\">Eficacia<\/li>\n<li style=\"text-align: left;\">Eficiencia<\/li>\n<li style=\"text-align: left;\">Equidad<\/li>\n<li style=\"text-align: left;\">Estado de derecho<\/li>\n<li style=\"text-align: left;\">Honradez<\/li>\n<li style=\"text-align: left;\">Imparcialidad<\/li>\n<li style=\"text-align: left;\">Integridad<\/li>\n<li style=\"text-align: left;\">Lealtad<\/li>\n<li style=\"text-align: left;\">Legalidad<\/li>\n<li style=\"text-align: left;\">Objetividad<\/li>\n<li style=\"text-align: left;\">Profesionalismo<\/li>\n<li style=\"text-align: left;\">Rendici\u00f3n de cuentas<\/li>\n<li style=\"text-align: left;\">Transparencia<\/li>\n<\/ul>\n<p><strong>Valores<\/strong>:<\/p>\n<ul>\n<li>Confianza<\/li>\n<li>Cooperaci\u00f3n<\/li>\n<li>Cuidado del Entorno Cultural y Ecol\u00f3gico<\/li>\n<li>Equidad de g\u00e9nero<\/li>\n<li>Igualdad y No Discriminaci\u00f3n<\/li>\n<li>Inter\u00e9s P\u00fablico<\/li>\n<li>Liderazgo<\/li>\n<li>Probidad<\/li>\n<li>Respeto<\/li>\n<li>Respeto a los derechos humanos<\/li>\n<li>Solidaridad<\/li>\n<li>Veracidad<\/li>\n<li>Verdad<\/li>\n<\/ul>\n","protected":false},"excerpt":{"rendered":"<p>PRESENTACI\u00d3N Cumpliendo con la estrategia del Ejecutivo Estatal para la presente administraci\u00f3n 2022-2028 y como parte fundamental del desarrollo administrativo, la Secretar\u00eda Anticorrupci\u00f3n y Buen\u2026<\/p>\n","protected":false},"author":1,"featured_media":0,"parent":0,"menu_order":0,"comment_status":"closed","ping_status":"closed","template":"","meta":{"footnotes":""},"class_list":["post-2","page","type-page","status-publish","hentry"],"publishpress_future_action":{"enabled":false,"date":"2026-04-28 07:51:08","action":"change-status","newStatus":"draft","terms":[],"taxonomy":""},"_links":{"self":[{"href":"https:\/\/www.tamaulipas.gob.mx\/itavu\/wp-json\/wp\/v2\/pages\/2"}],"collection":[{"href":"https:\/\/www.tamaulipas.gob.mx\/itavu\/wp-json\/wp\/v2\/pages"}],"about":[{"href":"https:\/\/www.tamaulipas.gob.mx\/itavu\/wp-json\/wp\/v2\/types\/page"}],"author":[{"embeddable":true,"href":"https:\/\/www.tamaulipas.gob.mx\/itavu\/wp-json\/wp\/v2\/users\/1"}],"replies":[{"embeddable":true,"href":"https:\/\/www.tamaulipas.gob.mx\/itavu\/wp-json\/wp\/v2\/comments?post=2"}],"version-history":[{"count":13,"href":"https:\/\/www.tamaulipas.gob.mx\/itavu\/wp-json\/wp\/v2\/pages\/2\/revisions"}],"predecessor-version":[{"id":1200,"href":"https:\/\/www.tamaulipas.gob.mx\/itavu\/wp-json\/wp\/v2\/pages\/2\/revisions\/1200"}],"wp:attachment":[{"href":"https:\/\/www.tamaulipas.gob.mx\/itavu\/wp-json\/wp\/v2\/media?parent=2"}],"curies":[{"name":"wp","href":"https:\/\/api.w.org\/{rel}","templated":true}]}}