{"id":7,"date":"2017-04-11T15:26:47","date_gmt":"2017-04-11T15:26:47","guid":{"rendered":"http:\/\/www.tamaulipas.gob.mx\/itabec\/?page_id=7"},"modified":"2025-10-24T12:48:41","modified_gmt":"2025-10-24T18:48:41","slug":"fundamento-del-itabec","status":"publish","type":"page","link":"https:\/\/www.tamaulipas.gob.mx\/itabec\/fundamento-del-itabec\/","title":{"rendered":"Fundamento del ITABEC"},"content":{"rendered":"<p>El <strong>ITABEC<\/strong> fue creado por decreto gubernamental el 02 de diciembre del 2011 y se public\u00f3 en el Peri\u00f3dico Oficial No.147 el d\u00eda 08 de diciembre del mismo a\u00f1o. Entrando en vigor el d\u00eda 02 de Enero del 2012.<\/p>\n<p>El financiamiento que brinda el Instituto es a trav\u00e9s de <strong>Cr\u00e9ditos y Becas<\/strong>, de acuerdo a sus programas, cuyos requisitos de otorgamiento se encuentran establecidos en el reglamento respectivo.<\/p>\n<p>Para dar cumplimiento a sus programas, el Instituto cuenta con un documento normativo, que establece que los recursos financieros de que dispone, deben emanar del Gobierno del Estado con el apoyo del Gobierno Federal y de los distintos sectores sociales e instituciones y organismos interesados y comprometidos con el desarrollo educativo y cultural del Estado.<\/p>\n<p>El Instituto Tamaulipeco de Becas, Est\u00edmulos y Cr\u00e9ditos Educativos cuenta con el siguiente \u00f3rgano de Gobierno: la Junta Directiva, quien se encargan de normar los criterios de organizaci\u00f3n y operaci\u00f3n que orientan sus funciones.<\/p>\n<p>&nbsp;<\/p>\n<p><a href=\"https:\/\/www.tamaulipas.gob.mx\/itabec\/wp-content\/uploads\/sites\/23\/2025\/10\/acuerdo-modificatorio-a-las-rop-s-151.pdf\">ACUERDO MODIFICATORIO A LAS ROP S-151<\/a><\/p>\n<p><a href=\"https:\/\/www.tamaulipas.gob.mx\/itabec\/wp-content\/uploads\/sites\/23\/2025\/10\/reglas-de-operacio-prog-s-151-itabec.pdf\">REGLAS DE OPERACI\u00d3 PROG S-151 ITABEC<\/a><\/p>\n<p><a href=\"https:\/\/www.tamaulipas.gob.mx\/itabec\/wp-content\/uploads\/sites\/23\/2025\/10\/decreto-de-creacion-itabec.pdf\">DECRETO DE CREACI\u00d3N ITABEC<\/a><\/p>\n<p>&nbsp;<\/p>\n","protected":false},"excerpt":{"rendered":"<p>El ITABEC fue creado por decreto gubernamental el 02 de diciembre del 2011 y se public\u00f3 en el Peri\u00f3dico Oficial No.147 el d\u00eda 08 de\u2026<\/p>\n","protected":false},"author":7,"featured_media":0,"parent":0,"menu_order":0,"comment_status":"closed","ping_status":"closed","template":"","meta":{"footnotes":""},"class_list":["post-7","page","type-page","status-publish","hentry"],"publishpress_future_action":{"enabled":false,"date":"2026-05-05 05:38:21","action":"change-status","newStatus":"draft","terms":[],"taxonomy":""},"_links":{"self":[{"href":"https:\/\/www.tamaulipas.gob.mx\/itabec\/wp-json\/wp\/v2\/pages\/7"}],"collection":[{"href":"https:\/\/www.tamaulipas.gob.mx\/itabec\/wp-json\/wp\/v2\/pages"}],"about":[{"href":"https:\/\/www.tamaulipas.gob.mx\/itabec\/wp-json\/wp\/v2\/types\/page"}],"author":[{"embeddable":true,"href":"https:\/\/www.tamaulipas.gob.mx\/itabec\/wp-json\/wp\/v2\/users\/7"}],"replies":[{"embeddable":true,"href":"https:\/\/www.tamaulipas.gob.mx\/itabec\/wp-json\/wp\/v2\/comments?post=7"}],"version-history":[{"count":3,"href":"https:\/\/www.tamaulipas.gob.mx\/itabec\/wp-json\/wp\/v2\/pages\/7\/revisions"}],"predecessor-version":[{"id":1517,"href":"https:\/\/www.tamaulipas.gob.mx\/itabec\/wp-json\/wp\/v2\/pages\/7\/revisions\/1517"}],"wp:attachment":[{"href":"https:\/\/www.tamaulipas.gob.mx\/itabec\/wp-json\/wp\/v2\/media?parent=7"}],"curies":[{"name":"wp","href":"https:\/\/api.w.org\/{rel}","templated":true}]}}