{"id":52,"date":"2017-04-11T18:15:56","date_gmt":"2017-04-11T18:15:56","guid":{"rendered":"http:\/\/www.tamaulipas.gob.mx\/itabec\/?page_id=52"},"modified":"2026-04-24T15:51:50","modified_gmt":"2026-04-24T21:51:50","slug":"solicitudes-y-convocatorias-en-linea","status":"publish","type":"page","link":"https:\/\/www.tamaulipas.gob.mx\/itabec\/solicitudes-y-convocatorias-en-linea\/","title":{"rendered":"Solicitudes y Convocatorias en L\u00ednea"},"content":{"rendered":"<p>Se adjuntan links para imprimir los formatos ya sea para obtener tu cr\u00e9dito o la beca que estas buscando.<\/p>\n<p><strong>Solicitudes para becas: (tramite para becas)<\/strong><\/p>\n<ul>\n<li>Cr\u00e9dito Educativo<br \/>\nNuevo: <span style=\"font-family: helvetica, arial, sans-serif;\"><a href=\"http:\/\/sistemasiceet.tamaulipas.gob.mx\/aspirantes\/\" target=\"_blank\" rel=\"noopener noreferrer\">Solicitud en l\u00ednea para aspirantes nuevos aqu\u00ed<\/a><\/span><br \/>\nRenovaci\u00f3n: <span style=\"font-family: helvetica, arial, sans-serif;\"><a href=\"http:\/\/sistemasiceet.tamaulipas.gob.mx\/credito\/\" target=\"_blank\" rel=\"noopener noreferrer\">Tramita en l\u00ednea de renovaci\u00f3n del Cr\u00e9dito Educativo aqu\u00ed<\/a><\/span><\/li>\n<li>Suspensi\u00f3n Temporal del Cr\u00e9dito: <span style=\"font-family: helvetica, arial, sans-serif;\"><a href=\"http:\/\/www.tamaulipas.gob.mx\/itabec\/wp-content\/uploads\/sites\/23\/2017\/04\/SuspensionTemporal.pdf\" target=\"_blank\" rel=\"noopener noreferrer\">Descarga el formato para Suspensi\u00f3n Temporal aqu\u00ed<\/a><\/span><\/li>\n<\/ul>\n<p><span style=\"font-family: helvetica, arial, sans-serif; font-size: 20px;\"><strong>Solicitudes<\/strong><\/span><\/p>\n<p>Beca \u00abAvanza por las ni\u00f1as, ni\u00f1os y adolescentes de Tamaulipas\u00bb:\u00a0 <a href=\"https:\/\/www.tamaulipas.gob.mx\/itabec\/wp-content\/uploads\/sites\/23\/2023\/04\/solicitud-becas-avanzanna-22-23.pdf\">Solicitud 2023<\/a><\/p>\n<p>Beca \u00abEsperanza de Tamaulipas\u00bb <a href=\"https:\/\/www.tamaulipas.gob.mx\/itabec\/wp-content\/uploads\/sites\/23\/2025\/08\/solicitud-beca-esperanza-2025-2026.pdf\">Solicitud 2025- 2026<\/a><\/p>\n<p>Beca \u00abFuturo Tamaulipas, J\u00f3venes de Nivel Superior\u00bb <a href=\"https:\/\/www.tamaulipas.gob.mx\/itabec\/wp-content\/uploads\/sites\/23\/2025\/08\/solicitud-beca-futuro-ago-dic-2025.pdf\">Solicitud Ago &#8211; Dic 2025<\/a><\/p>\n<p>Beca \u00abPara la Inclusi\u00f3n Social en Tamaulipas\u00bb\u00a0 <a href=\"https:\/\/www.tamaulipas.gob.mx\/itabec\/wp-content\/uploads\/sites\/23\/2025\/08\/solicitud-beca-inclusion-2025-2026.pdf\">Solicitud 2025 -2026<\/a><\/p>\n<p>Beca \u00abVoluntad y Trabajo, Por La Paz de Tamaulipas\u00bb <a href=\"https:\/\/www.tamaulipas.gob.mx\/itabec\/wp-content\/uploads\/sites\/23\/2025\/08\/solicitud-beca-voluntad-y-trabajo-2025-2026.pdf\">Solicitud\u00a0 2025 -2026<\/a><\/p>\n<p>Est\u00edmulo \u00ab4T Talento y Trabajo Transformando Tamaulipas\u00bb<a href=\"https:\/\/www.tamaulipas.gob.mx\/itabec\/wp-content\/uploads\/sites\/23\/2025\/08\/solicitud-estimulo-4t-2024-2025.pdf\"> Solicitud\u00a0 2025 -2026<\/a><\/p>\n<p>B\u00e9calos English Challenge <a href=\"https:\/\/englishchallenge.becalos.mx\/\">Solicitud 2024-2025\u00a0<\/a><\/p>\n<p><span style=\"font-family: helvetica, arial, sans-serif; font-size: 20px;\"><strong>Convocatorias<\/strong><\/span><\/p>\n<p>Cr\u00e9dito Educativo: <span style=\"font-family: helvetica, arial, sans-serif;\"><a href=\"https:\/\/www.tamaulipas.gob.mx\/itabec\/wp-content\/uploads\/sites\/23\/2026\/04\/convocatoria-nueva-2026.pdf\">Convocatoria Enero &#8211; Diciembre 2026<\/a>.<\/span><\/p>\n<p>Beca \u00abAvanza por las ni\u00f1as, ni\u00f1os y adolescentes de Tamaulipas\u00bb: <a href=\"https:\/\/www.tamaulipas.gob.mx\/itabec\/wp-content\/uploads\/sites\/23\/2023\/04\/convocatoria-becas-avanza-nna-22-23.pdf\">Convocatoria 2023<\/a><\/p>\n<p>Beca \u00abEsperanza de Tamaulipas\u00bb <a href=\"https:\/\/www.tamaulipas.gob.mx\/itabec\/wp-content\/uploads\/sites\/23\/2025\/08\/convocatoria-esperanza-2025-2026.pdf\">Convocatoria 2025-2026<\/a><\/p>\n<p>Beca \u00abFuturo Tamaulipas, J\u00f3venes de Nivel Superior\u00bb <a href=\"https:\/\/www.tamaulipas.gob.mx\/itabec\/wp-content\/uploads\/sites\/23\/2025\/08\/convocatoria-futuro-ago-dic-2025.pdf\">Convocatoria Ago &#8211; Dic 2025<\/a><\/p>\n<p>Beca \u00abPara la Inclusi\u00f3n Social en Tamaulipas\u00bb\u00a0 <a href=\"https:\/\/www.tamaulipas.gob.mx\/itabec\/wp-content\/uploads\/sites\/23\/2025\/08\/convocatoria-inclusion-2025-2026.pdf\">Convocatoria 2025 -2026<\/a><\/p>\n<p>Beca \u00abVoluntad y Trabajo, Por La Paz de Tamaulipas\u00bb <a href=\"https:\/\/www.tamaulipas.gob.mx\/itabec\/wp-content\/uploads\/sites\/23\/2025\/08\/convocatoria-voluntad-y-trabajo-2025-2026.pdf\">Convocatoria 2025 -2026<\/a><\/p>\n<p>Est\u00edmulo \u00ab4T Talento y Trabajo Transformando Tamaulipas\u00bb <a href=\"https:\/\/www.tamaulipas.gob.mx\/itabec\/wp-content\/uploads\/sites\/23\/2025\/08\/convocatoria-estimulo-4t-2025-2026.pdf\">Convocatoria 2025 -2026<\/a><\/p>\n<p>B\u00e9calos English Challenge <a href=\"https:\/\/www.tamaulipas.gob.mx\/itabec\/wp-content\/uploads\/sites\/23\/2024\/10\/25-09-24-ench-convocatoria_logo-becalos.pdf\">Convocatoria 2024-2025\u00a0<\/a><\/p>\n<p><span style=\"font-family: helvetica, arial, sans-serif; font-size: 20px;\"><strong>Aviso Privacidad<\/strong><\/span><\/p>\n<p>Beca \u00abAvanza por las ni\u00f1as, ni\u00f1os y adolescentes de Tamaulipas\u00bb: <a href=\"https:\/\/www.tamaulipas.gob.mx\/itabec\/wp-content\/uploads\/sites\/23\/2023\/04\/aviso-de-privacidad-becas-avanza-nna-22-23.pdf\">Aviso de Privacidad 2023<\/a><\/p>\n","protected":false},"excerpt":{"rendered":"<p>Se adjuntan links para imprimir los formatos ya sea para obtener tu cr\u00e9dito o la beca que estas buscando. Solicitudes para becas: (tramite para becas)\u2026<\/p>\n","protected":false},"author":7,"featured_media":0,"parent":0,"menu_order":0,"comment_status":"closed","ping_status":"closed","template":"","meta":{"footnotes":""},"class_list":["post-52","page","type-page","status-publish","hentry"],"publishpress_future_action":{"enabled":false,"date":"2026-05-07 12:21:55","action":"change-status","newStatus":"draft","terms":[],"taxonomy":""},"_links":{"self":[{"href":"https:\/\/www.tamaulipas.gob.mx\/itabec\/wp-json\/wp\/v2\/pages\/52"}],"collection":[{"href":"https:\/\/www.tamaulipas.gob.mx\/itabec\/wp-json\/wp\/v2\/pages"}],"about":[{"href":"https:\/\/www.tamaulipas.gob.mx\/itabec\/wp-json\/wp\/v2\/types\/page"}],"author":[{"embeddable":true,"href":"https:\/\/www.tamaulipas.gob.mx\/itabec\/wp-json\/wp\/v2\/users\/7"}],"replies":[{"embeddable":true,"href":"https:\/\/www.tamaulipas.gob.mx\/itabec\/wp-json\/wp\/v2\/comments?post=52"}],"version-history":[{"count":48,"href":"https:\/\/www.tamaulipas.gob.mx\/itabec\/wp-json\/wp\/v2\/pages\/52\/revisions"}],"predecessor-version":[{"id":1547,"href":"https:\/\/www.tamaulipas.gob.mx\/itabec\/wp-json\/wp\/v2\/pages\/52\/revisions\/1547"}],"wp:attachment":[{"href":"https:\/\/www.tamaulipas.gob.mx\/itabec\/wp-json\/wp\/v2\/media?parent=52"}],"curies":[{"name":"wp","href":"https:\/\/api.w.org\/{rel}","templated":true}]}}