{"id":5,"date":"2017-04-11T15:25:40","date_gmt":"2017-04-11T15:25:40","guid":{"rendered":"http:\/\/www.tamaulipas.gob.mx\/itabec\/?page_id=5"},"modified":"2025-06-27T12:03:50","modified_gmt":"2025-06-27T18:03:50","slug":"quienes-somos","status":"publish","type":"page","link":"https:\/\/www.tamaulipas.gob.mx\/itabec\/quienes-somos\/","title":{"rendered":"Qui\u00e9nes Somos"},"content":{"rendered":"<p>El Instituto Tamaulipeco de Becas, Est\u00edmulos y Cr\u00e9ditos Educativo (<strong>ITABEC<\/strong>) es un organismo p\u00fablico descentralizado con personalidad jur\u00eddica y patrimonio propio, adscrito sectorialmente a la Secretar\u00eda de Educaci\u00f3n.<\/p>\n<p>El\u00a0 ITABEC ofrece financiamiento para estudios de bachillerato, licenciatura y posgrado dentro y fuera del pa\u00eds, con un sistema de cr\u00e9dito que les permite a los beneficiarios pagar su adeudo, seis meses despu\u00e9s de haber concluido su nivel de estudios.<\/p>\n<p>El ITABEC cuenta con diversos tipos de becas y est\u00edmulos educativos para alumnos que deseen seguir estudiando, Los alumnos interesados en adquirir alg\u00fan tipo de apoyo pueden consultar los diferentes programas con que cuenta el Instituto<\/p>\n<p><strong>Objetivos<\/strong><\/p>\n<p>El organismo tiene como objetivos sistematizar, integrar y coordinar como \u00fanica instancia en el estado, los procesos de asignaci\u00f3n de becas, est\u00edmulos y cr\u00e9ditos \u00a0educativos, de las diferentes instituciones educativas ya sean p\u00fablicas o privadas, y en todos los tipos y niveles educativos, con la finalidad de mejorar la cobertura, equidad y calidad del Sistema Estatal de Becas.<\/p>\n<p>Otorgar financiamiento, becas, est\u00edmulos y cr\u00e9ditos a j\u00f3venes nacidos en el estado de Tamaulipas o con una residencia mayor a 3 a\u00f1os, que cursen los niveles educativos: b\u00e1sico, medio superior, superior y posgrado;\u00a0 con el deseo y capacidad para el estudio, y que no cuenten con recursos econ\u00f3micos suficientes para ello. As\u00ed como apoyar y estimular cualquier proyecto de investigaci\u00f3n en materia\u00a0 educativa, que redunde en beneficio del desarrollo social y econ\u00f3mico del estado.<\/p>\n<p><strong>Misi\u00f3n <\/strong><br \/>\nApoyar mediante el otorgamiento de cr\u00e9ditos educativos a aquellos j\u00f3venes tamaulipecos,\u00a0 cuyo proyecto personal sea cursar los niveles medio superior y superior,\u00a0 dentro,\u00a0 como fuera del pa\u00eds; adem\u00e1s de apoyar con\u00a0diferentes tipos de becas para realizar estudios en instituciones p\u00fablicas y privadas que cubran todos los\u00a0 niveles educativos dependiendo del programa al que ingrese el alumno,\u00a0 de manera que los alumnos tengan la oportunidad de iniciar, continuar y concluir sus estudios.<\/p>\n<p><strong>Visi\u00f3n<\/strong><\/p>\n<p>Alcanzar equidad entre quienes aspiran a cursar estudios de nivel medio superior y superior, creando en los j\u00f3venes una conciencia de responsabilidad y de reciprocidad con otras generaciones de estudiantes y con la sociedad misma.<\/p>\n<p><strong>Principios del\u00a0 ITABEC<\/strong><\/p>\n<ul>\n<li>Encaminar esfuerzos de financiamiento para lograr una mayor correspondencia entre los estudios y las necesidades de la sociedad.<\/li>\n<li>Incidir en la calidad de educaci\u00f3n.<\/li>\n<li>Generar actitudes m\u00e1s comprometidas en los estudiantes.<\/li>\n<li>Permitir un sano financiamiento a las instituciones de educaci\u00f3n superior corresponsabilizando a quienes\u00a0 brindan y a quienes reciben educaci\u00f3n.<\/li>\n<li>Propiciar la equidad.<\/li>\n<\/ul>\n<p><strong>Pol\u00edtica de calidad<\/strong><br \/>\nImpulsar la educaci\u00f3n como prioridad estatal, con visi\u00f3n de Estado y sensibilidad social, elevando\u00a0 la calidad de la gesti\u00f3n en el servicio,\u00a0 en lo referente a los programas de becas y cr\u00e9ditos educativos,\u00a0 destinados a\u00a0 estudiantes de escasos recursos y alto rendimiento, de los niveles medio superior y superior<\/p>\n","protected":false},"excerpt":{"rendered":"<p>El Instituto Tamaulipeco de Becas, Est\u00edmulos y Cr\u00e9ditos Educativo (ITABEC) es un organismo p\u00fablico descentralizado con personalidad jur\u00eddica y patrimonio propio, adscrito sectorialmente a la\u2026<\/p>\n","protected":false},"author":7,"featured_media":0,"parent":0,"menu_order":0,"comment_status":"closed","ping_status":"closed","template":"","meta":{"footnotes":""},"class_list":["post-5","page","type-page","status-publish","hentry"],"publishpress_future_action":{"enabled":false,"date":"2026-05-07 02:07:08","action":"change-status","newStatus":"draft","terms":[],"taxonomy":""},"_links":{"self":[{"href":"https:\/\/www.tamaulipas.gob.mx\/itabec\/wp-json\/wp\/v2\/pages\/5"}],"collection":[{"href":"https:\/\/www.tamaulipas.gob.mx\/itabec\/wp-json\/wp\/v2\/pages"}],"about":[{"href":"https:\/\/www.tamaulipas.gob.mx\/itabec\/wp-json\/wp\/v2\/types\/page"}],"author":[{"embeddable":true,"href":"https:\/\/www.tamaulipas.gob.mx\/itabec\/wp-json\/wp\/v2\/users\/7"}],"replies":[{"embeddable":true,"href":"https:\/\/www.tamaulipas.gob.mx\/itabec\/wp-json\/wp\/v2\/comments?post=5"}],"version-history":[{"count":3,"href":"https:\/\/www.tamaulipas.gob.mx\/itabec\/wp-json\/wp\/v2\/pages\/5\/revisions"}],"predecessor-version":[{"id":1385,"href":"https:\/\/www.tamaulipas.gob.mx\/itabec\/wp-json\/wp\/v2\/pages\/5\/revisions\/1385"}],"wp:attachment":[{"href":"https:\/\/www.tamaulipas.gob.mx\/itabec\/wp-json\/wp\/v2\/media?parent=5"}],"curies":[{"name":"wp","href":"https:\/\/api.w.org\/{rel}","templated":true}]}}