{"id":47,"date":"2017-04-11T18:00:34","date_gmt":"2017-04-11T18:00:34","guid":{"rendered":"http:\/\/www.tamaulipas.gob.mx\/itabec\/?page_id=47"},"modified":"2017-04-11T18:00:42","modified_gmt":"2017-04-11T18:00:42","slug":"formato-de-solicitud","status":"publish","type":"page","link":"https:\/\/www.tamaulipas.gob.mx\/itabec\/sistemas-itabec\/formato-de-solicitud\/","title":{"rendered":"Formato de Solicitud"},"content":{"rendered":"<p>Para realizar tu tr\u00e1mite de Cr\u00e9dito Educativo, es necesario contestar la solicitud; posteriormente enviarlas al ITABEC con los documentos requeridos los cuales se encuentran al inicio de la solicitud.<\/p>\n<p><strong>1.- Imprimir la Solicitud<\/strong><\/p>\n<p>Solicitud de Cr\u00e9dito<\/p>\n<ul>\n<li><a href=\"http:\/\/sistemasiceet.tamaulipas.gob.mx\/aspirantes\/\" target=\"_blank\">Solicitud de Nuevo Cr\u00e9dito<\/a><\/li>\n<li><a href=\"http:\/\/sistemasiceet.tamaulipas.gob.mx\/credito\/\" target=\"_blank\">Renovaci\u00f3n de Cr\u00e9dito<\/a><\/li>\n<\/ul>\n<p><strong>2.- En caso de Solicitar una suspensi\u00f3n temporal o renovaci\u00f3n de cr\u00e9dito<\/strong><\/p>\n<ul>\n<li><a href=\"http:\/\/www.tamaulipas.gob.mx\/itabec\/wp-content\/uploads\/sites\/23\/2017\/04\/SuspensionTemporal.pdf\" target=\"_blank\">Solicitud de Suspensi\u00f3n Temporal<\/a><\/li>\n<\/ul>\n<p><strong>Algunas observaciones para el llenado de la solicitud:<\/strong><\/p>\n<ul>\n<li>Como primera recomendaci\u00f3n, es importante leer cuidadosamente cada uno de los datos para el llenado de la solicitud,<\/li>\n<li>Es indispensable que no se deje espacios sin contestar, porque cada pregunta de la solicitud es necesaria para poder evaluar el apoyo que se otorgar\u00e1.<\/li>\n<\/ul>\n","protected":false},"excerpt":{"rendered":"<p>Para realizar tu tr\u00e1mite de Cr\u00e9dito Educativo, es necesario contestar la solicitud; posteriormente enviarlas al ITABEC con los documentos requeridos los cuales se encuentran al\u2026<\/p>\n","protected":false},"author":7,"featured_media":0,"parent":43,"menu_order":0,"comment_status":"closed","ping_status":"closed","template":"","meta":{"footnotes":""},"class_list":["post-47","page","type-page","status-publish","hentry"],"publishpress_future_action":{"enabled":false,"date":"2026-05-05 05:38:39","action":"change-status","newStatus":"draft","terms":[],"taxonomy":""},"_links":{"self":[{"href":"https:\/\/www.tamaulipas.gob.mx\/itabec\/wp-json\/wp\/v2\/pages\/47"}],"collection":[{"href":"https:\/\/www.tamaulipas.gob.mx\/itabec\/wp-json\/wp\/v2\/pages"}],"about":[{"href":"https:\/\/www.tamaulipas.gob.mx\/itabec\/wp-json\/wp\/v2\/types\/page"}],"author":[{"embeddable":true,"href":"https:\/\/www.tamaulipas.gob.mx\/itabec\/wp-json\/wp\/v2\/users\/7"}],"replies":[{"embeddable":true,"href":"https:\/\/www.tamaulipas.gob.mx\/itabec\/wp-json\/wp\/v2\/comments?post=47"}],"version-history":[{"count":1,"href":"https:\/\/www.tamaulipas.gob.mx\/itabec\/wp-json\/wp\/v2\/pages\/47\/revisions"}],"predecessor-version":[{"id":51,"href":"https:\/\/www.tamaulipas.gob.mx\/itabec\/wp-json\/wp\/v2\/pages\/47\/revisions\/51"}],"up":[{"embeddable":true,"href":"https:\/\/www.tamaulipas.gob.mx\/itabec\/wp-json\/wp\/v2\/pages\/43"}],"wp:attachment":[{"href":"https:\/\/www.tamaulipas.gob.mx\/itabec\/wp-json\/wp\/v2\/media?parent=47"}],"curies":[{"name":"wp","href":"https:\/\/api.w.org\/{rel}","templated":true}]}}