{"id":43,"date":"2017-04-11T17:51:53","date_gmt":"2017-04-11T17:51:53","guid":{"rendered":"http:\/\/www.tamaulipas.gob.mx\/itabec\/?page_id=43"},"modified":"2017-04-17T14:19:23","modified_gmt":"2017-04-17T19:19:23","slug":"sistemas-itabec","status":"publish","type":"page","link":"https:\/\/www.tamaulipas.gob.mx\/itabec\/sistemas-itabec\/","title":{"rendered":"Sistemas ITABEC"},"content":{"rendered":"<ul>\n<li><a href=\"http:\/\/sistemasiceet.tamaulipas.gob.mx\/manutencion\/\" target=\"_blank\">M\u00f3dulo Escuelas Beca &#8211; Manutenci\u00f3n<\/a><\/li>\n<li><a href=\"http:\/\/sistemasiceet.tamaulipas.gob.mx\/becas\/unica\/index.php\" target=\"_blank\">Sistema \u00danico de Beca<\/a><\/li>\n<li><a href=\"http:\/\/sistemasiceet.tamaulipas.gob.mx\/becas\/aspirantes\/\" target=\"_blank\">Sistema Becas ITABEC<\/a><\/li>\n<li><a href=\"http:\/\/sistemasiceet.tamaulipas.gob.mx\/despacho\/\" target=\"_blank\">Sistema Recuperaci\u00f3n<\/a><\/li>\n<li><a href=\"http:\/\/sistemasiceet.tamaulipas.gob.mx\/becas\/excelencia\/admin\/\" target=\"_blank\">Sistemas Excelencia Administrador<\/a><\/li>\n<li><a href=\"http:\/\/sistemasiceet.tamaulipas.gob.mx\/becas\/casahogar\/\" target=\"_blank\">Sistema Casa Hogar<\/a><\/li>\n<li><a href=\"http:\/\/sistemaitabec.tamaulipas.gob.mx\/sistemas\/\" target=\"_blank\">Sistema de Consulta<\/a><\/li>\n<li><a href=\"http:\/\/www.tamaulipas.gob.mx\/itabec\/sistemas-itabec\/simulador-de-credito-educativo\/\">Simulador de Cr\u00e9dito Educativo<\/a><\/li>\n<li><a href=\"http:\/\/www.tamaulipas.gob.mx\/itabec\/sistemas-itabec\/formato-de-solicitud\/\">Formato de Solicitud<\/a><\/li>\n<\/ul>\n","protected":false},"excerpt":{"rendered":"<p>M\u00f3dulo Escuelas Beca &#8211; Manutenci\u00f3n Sistema \u00danico de Beca Sistema Becas ITABEC Sistema Recuperaci\u00f3n Sistemas Excelencia Administrador Sistema Casa Hogar Sistema de Consulta Simulador de\u2026<\/p>\n","protected":false},"author":7,"featured_media":0,"parent":0,"menu_order":0,"comment_status":"closed","ping_status":"closed","template":"","meta":{"footnotes":""},"class_list":["post-43","page","type-page","status-publish","hentry"],"publishpress_future_action":{"enabled":false,"date":"2026-05-05 07:14:30","action":"change-status","newStatus":"draft","terms":[],"taxonomy":""},"_links":{"self":[{"href":"https:\/\/www.tamaulipas.gob.mx\/itabec\/wp-json\/wp\/v2\/pages\/43"}],"collection":[{"href":"https:\/\/www.tamaulipas.gob.mx\/itabec\/wp-json\/wp\/v2\/pages"}],"about":[{"href":"https:\/\/www.tamaulipas.gob.mx\/itabec\/wp-json\/wp\/v2\/types\/page"}],"author":[{"embeddable":true,"href":"https:\/\/www.tamaulipas.gob.mx\/itabec\/wp-json\/wp\/v2\/users\/7"}],"replies":[{"embeddable":true,"href":"https:\/\/www.tamaulipas.gob.mx\/itabec\/wp-json\/wp\/v2\/comments?post=43"}],"version-history":[{"count":3,"href":"https:\/\/www.tamaulipas.gob.mx\/itabec\/wp-json\/wp\/v2\/pages\/43\/revisions"}],"predecessor-version":[{"id":133,"href":"https:\/\/www.tamaulipas.gob.mx\/itabec\/wp-json\/wp\/v2\/pages\/43\/revisions\/133"}],"wp:attachment":[{"href":"https:\/\/www.tamaulipas.gob.mx\/itabec\/wp-json\/wp\/v2\/media?parent=43"}],"curies":[{"name":"wp","href":"https:\/\/api.w.org\/{rel}","templated":true}]}}