{"id":420,"date":"2018-08-16T09:57:37","date_gmt":"2018-08-16T14:57:37","guid":{"rendered":"https:\/\/www.tamaulipas.gob.mx\/itabec\/?page_id=420"},"modified":"2019-08-15T11:50:28","modified_gmt":"2019-08-15T16:50:28","slug":"nuestros-ninos-nuestro-futuro","status":"publish","type":"page","link":"https:\/\/www.tamaulipas.gob.mx\/itabec\/nuestros-ninos-nuestro-futuro\/","title":{"rendered":"Nuestros ni\u00f1os, nuestro futuro."},"content":{"rendered":"<p>Dirigidas a ni\u00f1as, ni\u00f1os y j\u00f3venes hasta los 25 a\u00f1os de edad, en situaci\u00f3n de orfandad derivada de la comisi\u00f3n de delitos de alto impacto, que se encuentren inscritos en instituciones educativas p\u00fablicas o privadas del Sistema Educativo Estatal, en los niveles inicial, b\u00e1sico, medio superior y superior,en la modalidad escolarizada, no escolarizada y mixta.<\/p>\n<p><strong>Requisitos<\/strong><\/p>\n<ul>\n<li>Ser originaria\/o o residente del Estado de Tamaulipas.<\/li>\n<li>&nbsp;\n<p>No contar con alg\u00fan otro beneficio de tipo econ\u00f3mico o en especie otorgado para su educaci\u00f3n al momento de solicitar la beca y durante el tiempo en que reciba los beneficios de la misma.<\/li>\n<li>&nbsp;\n<p>Ser beneficiario del Programa \u00abNuestros Ni\u00f1os, Nuestro Futuro\u00bb que implementa el Sistema DIF Tamaulipas.<\/li>\n<li>&nbsp;\n<p>Estar inscrito en una instituci\u00f3n educativa p\u00fablica o privada del Sistema Educativo Estatal, en los niveles inicial, \u00a0preescolar, \u00a0primaria, \u00a0secundaria, \u00a0medio \u00a0superior \u00a0o superior, \u00a0en la modalidad escolarizada, no escolarizada o mixta para iniciar o continuar estudios.<\/li>\n<li>&nbsp;\n<p>El tr\u00e1mite deber\u00e1 realizarse a trav\u00e9s del Sistema DIF Tamaulipas.<\/li>\n<\/ul>\n<p><strong>Documentos a entregar<\/strong><\/p>\n<ul>\n<li>Solicitud completa en todos sus campos, con firma original.<\/li>\n<li>&nbsp;\n<p>Aviso de privacidad con firma de enterado en original.<\/li>\n<li>&nbsp;\n<p>Constancia de atenci\u00f3n y validaci\u00f3n por parte del Sistema DIF Tamaulipas de pertenecer al programa \u00abNuestros Ni\u00f1os, Nuestro Futuro\u00bb.<\/li>\n<li>&nbsp;\n<p>Constancia original de inscripci\u00f3n al ciclo escolar 2019-2020, expedida por la instituci\u00f3n educativa que indique el grado o periodo a cursar.<\/li>\n<li>&nbsp;\n<p>Copia cotejada en original de la boleta de calificaciones con firma del Director y sello de la instituci\u00f3n:<\/p>\n<ul>\n<li>&nbsp;\n<p>Alumnos de nivel b\u00e1sico: del ciclo escolar 2018-2019.<\/li>\n<li>&nbsp;\n<p>Alumnos de nivel medio superior y superior: boleta del \u00faltimo periodo cursado (semestre, cuatrimestre, etc).<\/li>\n<li>&nbsp;\n<p>Alumnos de nivel medio superior y superior, a los que se les asigne beca, deber\u00e1n realizar actualizaci\u00f3n de documentos en el mes de febrero.<\/li>\n<\/ul>\n<\/li>\n<li>&nbsp;\n<p>En caso de no haber nacido en Tamaulipas, deber\u00e1 acreditar residencia anexando documentaci\u00f3n probatoria.<\/li>\n<\/ul>\n<p><strong>Periodo de Solicitudes<\/strong><\/p>\n<p>Del 12 de agosto al 14 de octubre de 2019<\/p>\n<p><a href=\"https:\/\/www.tamaulipas.gob.mx\/itabec\/wp-content\/uploads\/sites\/23\/2019\/08\/convocatoria-nuestros-nios-2019-2020.pdf\"><strong>Consulta la convocatoria aqu\u00ed<\/strong><\/a><\/p>\n<p><strong>\u00a0<\/strong><\/p>\n<p><strong>Para m\u00e1s informaci\u00f3n comun\u00edcate al programa \u201cNuestros Ni\u00f1os, nuestro Futuro\u201d<br \/>\n<\/strong>Tel. (834) 318.1400, 01\u00a0 800 388 35 00.<\/p>\n","protected":false},"excerpt":{"rendered":"<p>Dirigidas a ni\u00f1as, ni\u00f1os y j\u00f3venes hasta los 25 a\u00f1os de edad, en situaci\u00f3n de orfandad derivada de la comisi\u00f3n de delitos de alto impacto,\u2026<\/p>\n","protected":false},"author":31,"featured_media":0,"parent":0,"menu_order":0,"comment_status":"closed","ping_status":"closed","template":"","meta":{"footnotes":""},"class_list":["post-420","page","type-page","status-publish","hentry"],"publishpress_future_action":{"enabled":false,"date":"2026-04-30 19:29:38","action":"change-status","newStatus":"draft","terms":[],"taxonomy":""},"_links":{"self":[{"href":"https:\/\/www.tamaulipas.gob.mx\/itabec\/wp-json\/wp\/v2\/pages\/420"}],"collection":[{"href":"https:\/\/www.tamaulipas.gob.mx\/itabec\/wp-json\/wp\/v2\/pages"}],"about":[{"href":"https:\/\/www.tamaulipas.gob.mx\/itabec\/wp-json\/wp\/v2\/types\/page"}],"author":[{"embeddable":true,"href":"https:\/\/www.tamaulipas.gob.mx\/itabec\/wp-json\/wp\/v2\/users\/31"}],"replies":[{"embeddable":true,"href":"https:\/\/www.tamaulipas.gob.mx\/itabec\/wp-json\/wp\/v2\/comments?post=420"}],"version-history":[{"count":4,"href":"https:\/\/www.tamaulipas.gob.mx\/itabec\/wp-json\/wp\/v2\/pages\/420\/revisions"}],"predecessor-version":[{"id":856,"href":"https:\/\/www.tamaulipas.gob.mx\/itabec\/wp-json\/wp\/v2\/pages\/420\/revisions\/856"}],"wp:attachment":[{"href":"https:\/\/www.tamaulipas.gob.mx\/itabec\/wp-json\/wp\/v2\/media?parent=420"}],"curies":[{"name":"wp","href":"https:\/\/api.w.org\/{rel}","templated":true}]}}