{"id":39,"date":"2017-04-11T17:49:02","date_gmt":"2017-04-11T17:49:02","guid":{"rendered":"http:\/\/www.tamaulipas.gob.mx\/itabec\/?page_id=39"},"modified":"2017-04-11T17:50:03","modified_gmt":"2017-04-11T17:50:03","slug":"estimulo-a-la-excelencia-educativa","status":"publish","type":"page","link":"https:\/\/www.tamaulipas.gob.mx\/itabec\/programas\/estimulo-a-la-excelencia-educativa\/","title":{"rendered":"Est\u00edmulo a la Excelencia Educativa"},"content":{"rendered":"<p><strong>Listado de Beneficiados<\/strong><br \/>\n<a href=\"http:\/\/www.tamaulipas.gob.mx\/itabec\/wp-content\/uploads\/sites\/23\/2017\/04\/CreditoEducativoFebreroJun2016.pdf\" target=\"_blank\">Periodo Febrero Junio 2016<\/a><\/p>\n<p>&nbsp;<\/p>\n<p>El objetivo de este programa es apoyar a los alumnos Tamaulipecos que cuentan con excelencia acad\u00e9mica y que estudian fuera del Estado en los niveles Medio Superior y Superior, en escuelas p\u00fablicas y privadas (con Reconocimiento de Validez Oficial de Estudios RVOE), para apoyar a la continuaci\u00f3n de sus estudios, contribuyendo a la formaci\u00f3n \u00a0y desarrollo del capital humano Tamaulipeco.<\/p>\n<p>Ser\u00e1n candidatos a est\u00edmulo los alumnos con promedio de 9.0 a 9.49 en los Niveles Medio Superior a Superior; y para aquellos estudiantes con promedio de 9.5 a 10 en el Nivel Superior dentro y fuera del pa\u00eds, para el caso de intercambio acad\u00e9mico, \u00e9ste deber\u00e1 estar incluido en el programa acad\u00e9mico(solo en Nivel Licenciatura) con promedio m\u00ednimo de 9.0, y solo ser\u00e1 aplicable una vez durante la carrera.<\/p>\n<p><strong>Requisitos Generales:<\/strong><\/p>\n<ul>\n<li>Ser Tamaulipeco o tener 5 a\u00f1os como m\u00ednimo de residencia comprobable en compa\u00f1\u00eda de su familia (presentar documentaci\u00f3n que lo avale).<\/li>\n<li>Que tus padres radiquen en Tamaulipas.<\/li>\n<li>Estudiar fuera del Estado.<\/li>\n<li>Deber\u00e1 llenar la solicitud electr\u00f3nica en su totalidad \u00a0y de forma correcta en\u00a0http:\/\/itabec.tamaulipas.gob.mx\/<\/li>\n<li>Ser alumno acad\u00e9micamente regular, llevando la carga m\u00e1xima de materias seg\u00fan el plan de estudios.<\/li>\n<li>El tr\u00e1mite deber\u00e1 de hacerse en las oficinas del ITABEC ubicadas en: calle De los Pajaritos s\/n, \u00c1rea Pajaritos en Ciudad Victoria, Tamaulipas o en las oficinas del Gobierno de Tamaulipas en Nuevo Le\u00f3n y M\u00e9xico D. F.<\/li>\n<li>Para el caso de escuelas particulares, deber\u00e1n tener reconocimiento de validez oficial de estudio RVOE (Federal y\/o Estatal)<\/li>\n<li>No contar con otra beca para sus estudios.<\/li>\n<li>La modalidad debe ser 100% presencial<\/li>\n<\/ul>\n<p><strong>Oficinas de Apoyo autorizadas.<\/strong><\/p>\n<p><b>Representaci\u00f3n de Tamaulipas en Nuevo Le\u00f3n<\/b><br \/>\nFrancisco G. Sada #2951<br \/>\nCol Chepevera, Monterrey, N.L. C.P. 64030<br \/>\nTel\u00e9fonos: (52.81) 812.334.77, 812.334.79<br \/>\n<a href=\"http:\/\/www.tamaulipas.gob.mx\/nuevoleon\/\" target=\"_blank\">http:\/\/www.tamaulipas.gob.mx\/nuevoleon\/<\/a><\/p>\n<p><b>Representaci\u00f3n de Tamaulipas en la Ciudad de M\u00e9xico<\/b><br \/>\nMonte Hermon #125<br \/>\nCol. Lomas de Chapultepec Cd. de M\u00e9xico , Distrito Federal C.P. 11000<br \/>\nTel\u00e9fonos: (52.55) 5566-3447, 5566-3027, 5566-3055.<br \/>\n<a title=\"Oficinas de la Representacion de Tamaulipas en DF\" href=\"http:\/\/www.tamaulipas.gob.mx\/cdmx\/\" target=\"_blank\">http:\/\/www.tamaulipas.gob.mx\/cdmx\/<\/a><\/p>\n<p>&nbsp;<\/p>\n<p><strong>NOTA IMPORTANTE RESPECTO AL PROMEDIO<\/strong><\/p>\n<blockquote><p>El promedio se considerar\u00e1 de la siguiente manera:<br \/>\n* Para los Est\u00edmulos en promedios de 9.5 a 10.00 deber\u00e1 haber obtenido estos mismos promedios en cada uno de los semestres, cuatrimestres, trimestres (seg\u00fan aplique en la instituci\u00f3n educativa) cursados con anterioridad, lo cual ser\u00e1 aplicable en los niveles educativos anteriormente cursados hasta el nivel superior.<br \/>\n* Para los Est\u00edmulos en promedios de 9.0 a 9.49, se considerar\u00e1 el promedio general, por el nivel educativo en que se encuentre cursando sus estudios en el momento en que solicite el est\u00edmulo.<\/p><\/blockquote>\n<p>&nbsp;<\/p>\n<p><strong>Documentaci\u00f3n b\u00e1sica:<\/strong><\/p>\n<ol>\n<li>Solicitud electr\u00f3nica llenada de forma completa, correcta e impresa directamente del sistema ITABEC una vez completado al 100% su llenado electr\u00f3nico y aportar\u00e1 los documentos que comprueben la informaci\u00f3n ah\u00ed contenida a plena satisfacci\u00f3n del ITABEC. De la misma manera deber\u00e1 firmar en original dicha solicitud as\u00ed como el aviso de privacidad (igual que en\u00a0la identificaci\u00f3n oficial que presente). Esto se realizar\u00e1 cada vez que solicite concursar para el Est\u00edmulo a la Excelencia Educativa.<\/li>\n<li>Constancia original de Inscripci\u00f3n del semestre que cursar\u00e1 de acuerdo al periodo en el que solicitar\u00e1 el Est\u00edmulo, que especifique carrera, semestre y periodo (no se aceptar\u00e1n recibos de pago).<\/li>\n<li>Documentaci\u00f3n que acredite que aprob\u00f3 satisfactoriamente la totalidad de las materias, asignaturas, m\u00f3dulos o cr\u00e9ditos de los ciclos escolares, semestres, cuatrimestres, trimestres, pudiendo ser los siguientes documentos:\u00a0 Kardex o historial acad\u00e9mico (con sello y firma original de la instituci\u00f3n educativa), certificado escolar con calificaciones desglosadas, constancia de estudios con calificaciones desglosadas por semestre.<\/li>\n<li>Presentar\u00e1n copia del plan de estudios que describa:\n<ul>\n<li>Las materias a cursar en cada periodo a escolar (semestre, cuatrimestre, trimestre, o como lo establezca la Instituci\u00f3n educativa nacional o extranjera en la que se encuentren realizando sus estudios).<\/li>\n<li>El nombre de la carrera, especialidad, maestr\u00eda o doctorado a cursar.<\/li>\n<li>El tiempo de duraci\u00f3n total de los estudios a cursar.<\/li>\n<li>El grado que obtendr\u00e1 al finalizar sus estudios.<\/li>\n<\/ul>\n<\/li>\n<li>Una copia de identificaci\u00f3n oficial (credencial de elector o pasaporte o cartilla militar) vigente y legible por ambos lados, en caso de ser menor de edad presentar copia de la credencial escolar vigente de la\u00a0Instituci\u00f3n\u00a0donde realizar\u00e1 sus estudios.<\/li>\n<li>Copia de comprobante de domicilio familiar (recibo de agua o\u00a0 luz o tel\u00e9fono o gas natural o cable).<\/li>\n<li>Copia de comprobante de domicilio del estudiante (recibo de agua o\u00a0 luz o tel\u00e9fono o gas natural o cable).<\/li>\n<li>Copia de comprobante de ingresos mensuales recientes de quien(es) dependa econ\u00f3micamente el alumno (padre, madre o\u00a0tutor, c\u00f3nyuge, etc.), en el cual aparezca el periodo de pago y nombre del trabajador.<\/li>\n<li>Presentar documento oficial que establezca la equivalencia de las calificaciones obtenidas en el extranjero, equivalentes al sistema de evaluaci\u00f3n aplicable al grado de estudios en M\u00e9xico.<\/li>\n<\/ol>\n<p><strong><br \/>\nEn caso de Intercambio Acad\u00e9mico (solo para nivel Licenciatura y\u00a0deber\u00e1\u00a0estar incluido en el programa\u00a0acad\u00e9mico):<\/strong><\/p>\n<ol start=\"10\">\n<li>Documento oficial expedido por la Instituci\u00f3n donde estudia en M\u00e9xico que especifique lugar y duraci\u00f3n del intercambio.<\/li>\n<li>Copia de la carta de aceptaci\u00f3n de la instituci\u00f3n educativa extranjera, en el caso de que el documento se encuentre en un idioma diferente al espa\u00f1ol, los solicitantes al Est\u00edmulo, deber\u00e1n presentarla\u00a0 a \u201cEL ITABEC\u201d con su debida traducci\u00f3n al espa\u00f1ol.<\/li>\n<\/ol>\n<p><strong>NOTA:<\/strong> Debe entenderse que cualquier tipo de documentaci\u00f3n que presenten los solicitantes de un Est\u00edmulo en caso de estar en un idioma diferente al espa\u00f1ol, deber\u00e1n presentarlos con su debida traducci\u00f3n al espa\u00f1ol.<\/p>\n<p>&nbsp;<\/p>\n<p><strong>Documentaci\u00f3n Adicional para alumnos que ingresar\u00e1n a primer semestre de nivel medio superior<\/strong><\/p>\n<ul>\n<li>1 Copia del certificado de secundaria.<\/li>\n<\/ul>\n<p>&nbsp;<\/p>\n<p><strong>Documentaci\u00f3n Adicional para alumnos que ingresar\u00e1n a primer semestre de nivel Licenciatura.<\/strong><\/p>\n<ul>\n<li>1 Copia de certificado de bachillerato o constancia de terminaci\u00f3n de estudios.<\/li>\n<\/ul>\n<p>&nbsp;<\/p>\n<p><strong>Documentaci\u00f3n Adicional para alumnos que cursar\u00e1n Especialidad<\/strong><\/p>\n<ul>\n<li>Estar titulado.<\/li>\n<\/ul>\n<p>&nbsp;<\/p>\n<p><strong>Documentaci\u00f3n Adicional para alumnos que cursar\u00e1n Posgrado<\/strong><\/p>\n<ul>\n<li>1 Copia de c\u00e9dula profesional.<\/li>\n<li>1 Copia de titulo profesional.<\/li>\n<li>Carta de exposici\u00f3n de motivos que explique porque se desea estudiar el posgrado.<\/li>\n<\/ul>\n<p>&nbsp;<\/p>\n<p>SE DAR\u00c1 PRIORIDAD A LAS SOLICITUDES QUE CURSEN CARRERAS QUE APOYEN EL DESARROLLO ECON\u00d3MICO SOCIAL Y CULTURAL DEL ESTADO DE TAMAULIPAS.<\/p>\n<p><em>El programa Est\u00edmulos a la Excelencia Educativa no contempla RENOVACIONES, si contaste con este est\u00edmulo en el periodo anterior solo actualizaras la informaci\u00f3n acad\u00e9mica necesaria, consulta en la portada de tu solicitud para conocer la documentaci\u00f3n requerida que deber\u00e1s anexar al momento de entregarla.<\/em><\/p>\n","protected":false},"excerpt":{"rendered":"<p>Listado de Beneficiados Periodo Febrero Junio 2016 &nbsp; El objetivo de este programa es apoyar a los alumnos Tamaulipecos que cuentan con excelencia acad\u00e9mica y\u2026<\/p>\n","protected":false},"author":7,"featured_media":0,"parent":19,"menu_order":0,"comment_status":"closed","ping_status":"closed","template":"","meta":{"footnotes":""},"class_list":["post-39","page","type-page","status-publish","hentry"],"publishpress_future_action":{"enabled":false,"date":"2026-04-12 11:52:52","action":"change-status","newStatus":"draft","terms":[],"taxonomy":""},"_links":{"self":[{"href":"https:\/\/www.tamaulipas.gob.mx\/itabec\/wp-json\/wp\/v2\/pages\/39"}],"collection":[{"href":"https:\/\/www.tamaulipas.gob.mx\/itabec\/wp-json\/wp\/v2\/pages"}],"about":[{"href":"https:\/\/www.tamaulipas.gob.mx\/itabec\/wp-json\/wp\/v2\/types\/page"}],"author":[{"embeddable":true,"href":"https:\/\/www.tamaulipas.gob.mx\/itabec\/wp-json\/wp\/v2\/users\/7"}],"replies":[{"embeddable":true,"href":"https:\/\/www.tamaulipas.gob.mx\/itabec\/wp-json\/wp\/v2\/comments?post=39"}],"version-history":[{"count":2,"href":"https:\/\/www.tamaulipas.gob.mx\/itabec\/wp-json\/wp\/v2\/pages\/39\/revisions"}],"predecessor-version":[{"id":41,"href":"https:\/\/www.tamaulipas.gob.mx\/itabec\/wp-json\/wp\/v2\/pages\/39\/revisions\/41"}],"up":[{"embeddable":true,"href":"https:\/\/www.tamaulipas.gob.mx\/itabec\/wp-json\/wp\/v2\/pages\/19"}],"wp:attachment":[{"href":"https:\/\/www.tamaulipas.gob.mx\/itabec\/wp-json\/wp\/v2\/media?parent=39"}],"curies":[{"name":"wp","href":"https:\/\/api.w.org\/{rel}","templated":true}]}}