{"id":33,"date":"2017-04-11T16:42:23","date_gmt":"2017-04-11T21:42:23","guid":{"rendered":"http:\/\/www.tamaulipas.gob.mx\/itabec\/?page_id=33"},"modified":"2022-02-10T09:32:50","modified_gmt":"2022-02-10T15:32:50","slug":"beca-tam-nivel-superior","status":"publish","type":"page","link":"https:\/\/www.tamaulipas.gob.mx\/itabec\/programas\/beca-tam-nivel-superior\/","title":{"rendered":"Becas Tam Nivel Superior"},"content":{"rendered":"<p><strong>Becas Tam Nivel Superior periodo Febrero &#8211; Junio 2022.<\/strong><\/p>\n<p>El programa de Becas Tam Nivel Superior, esta dirigido a los estudiantes de Licenciatura y T\u00e9cnico Superior Universitario (TSU) que hayan ingresado o se encuentren realizando estudios en Instituciones P\u00fablicas de Educaci\u00f3n Superior (IPES) en Tamaulipas.<\/p>\n<p>Este programa es implementado por el Gobierno de Estado de Tamaulipas, a trav\u00e9s de la Secretar\u00eda de Educaci\u00f3n y el ITABEC, con el objetivo de contribuir a asegurar mayor cobertura, inclusi\u00f3n y equidad educativa para la construcci\u00f3n de una sociedad m\u00e1s justa, reducir la deserci\u00f3n escolar, mejorar la eficiencia terminal y favorecer la incorporaci\u00f3n de los egresados en los sectores productivos del Estado.<\/p>\n<p>Es gratuito, no se reembolsa.<\/p>\n<p><strong>Para conocer los requisitos, documentaci\u00f3n y procedimiento para realizar una solicitud consulta Convocatoria para el periodo Febrero &#8211; Junio 2022.<\/strong><\/p>\n<ul>\n<li><a href=\"https:\/\/www.tamaulipas.gob.mx\/itabec\/wp-content\/uploads\/sites\/23\/2022\/02\/convocatoria-tam-superior-feb-jun-22.pdf\">Convocatoria Becas Tam Nivel Superior Febrero &#8211; Junio 2022<\/a><\/li>\n<\/ul>\n<p><strong>Solicitud de Beca<\/strong><\/p>\n<ul>\n<li><a href=\"http:\/\/sistemasiceet.tamaulipas.gob.mx\/tamsuperior\">Llena la Solicitud de Beca aqu\u00ed<\/a><\/li>\n<\/ul>\n<p>Consulta los resultados<\/p>\n<ul>\n<li>Listado general de folios beneficiados<\/li>\n<li>Si no conoces tu\u00a0 folio da clic aqu\u00ed<\/li>\n<\/ul>\n<p><strong>Caracter\u00edsticas de la Beca<\/strong><\/p>\n<p>La Beca Tam Nivel Superior consiste en un pago \u00fanico de 3200.00 Pesos.<\/p>\n<p><strong>Lugar y Fecha<\/strong><\/p>\n<p>Recepci\u00f3n del 10 al 23 de Febrero 2022<\/p>\n<p>Para dudas o aclaraciones comun\u00edcate a los tel\u00e9fonos del <strong>ITABEC<\/strong><br \/>\n<span style=\"font-size: 20px;\">01 800 710 67 10<\/span><br \/>\n<span style=\"font-size: 20px;\">834 107 89 98<\/span><\/p>\n<p>o al correo <strong>itabec@tamaulipas.gob.mx<\/strong><\/p>\n","protected":false},"excerpt":{"rendered":"<p>Becas Tam Nivel Superior periodo Febrero &#8211; Junio 2022. El programa de Becas Tam Nivel Superior, esta dirigido a los estudiantes de Licenciatura y T\u00e9cnico\u2026<\/p>\n","protected":false},"author":7,"featured_media":0,"parent":19,"menu_order":0,"comment_status":"closed","ping_status":"closed","template":"","meta":{"footnotes":""},"class_list":["post-33","page","type-page","status-publish","hentry"],"publishpress_future_action":{"enabled":false,"date":"2026-05-14 02:14:00","action":"change-status","newStatus":"draft","terms":[],"taxonomy":""},"_links":{"self":[{"href":"https:\/\/www.tamaulipas.gob.mx\/itabec\/wp-json\/wp\/v2\/pages\/33"}],"collection":[{"href":"https:\/\/www.tamaulipas.gob.mx\/itabec\/wp-json\/wp\/v2\/pages"}],"about":[{"href":"https:\/\/www.tamaulipas.gob.mx\/itabec\/wp-json\/wp\/v2\/types\/page"}],"author":[{"embeddable":true,"href":"https:\/\/www.tamaulipas.gob.mx\/itabec\/wp-json\/wp\/v2\/users\/7"}],"replies":[{"embeddable":true,"href":"https:\/\/www.tamaulipas.gob.mx\/itabec\/wp-json\/wp\/v2\/comments?post=33"}],"version-history":[{"count":31,"href":"https:\/\/www.tamaulipas.gob.mx\/itabec\/wp-json\/wp\/v2\/pages\/33\/revisions"}],"predecessor-version":[{"id":934,"href":"https:\/\/www.tamaulipas.gob.mx\/itabec\/wp-json\/wp\/v2\/pages\/33\/revisions\/934"}],"up":[{"embeddable":true,"href":"https:\/\/www.tamaulipas.gob.mx\/itabec\/wp-json\/wp\/v2\/pages\/19"}],"wp:attachment":[{"href":"https:\/\/www.tamaulipas.gob.mx\/itabec\/wp-json\/wp\/v2\/media?parent=33"}],"curies":[{"name":"wp","href":"https:\/\/api.w.org\/{rel}","templated":true}]}}