{"id":221,"date":"2017-09-12T09:12:09","date_gmt":"2017-09-12T14:12:09","guid":{"rendered":"http:\/\/www.tamaulipas.gob.mx\/itabec\/?page_id=221"},"modified":"2019-08-15T11:40:10","modified_gmt":"2019-08-15T16:40:10","slug":"becas-para-hijos-de-policias","status":"publish","type":"page","link":"https:\/\/www.tamaulipas.gob.mx\/itabec\/becas-para-hijos-de-policias\/","title":{"rendered":"Becas para Hijos de Polic\u00edas"},"content":{"rendered":"<p>Alumnos hijos de polic\u00edas con funciones de operaci\u00f3n policial, custodios o ca\u00eddos en el cumplimiento de su deber en el Estado de Tamaulipas, que se encuentren realizando estudios en instituciones p\u00fablicas o privadas en los niveles de Primaria, Secundaria, Medio Superior y Superior del Sistema Educativo Nacional:<\/p>\n<p><b>Criterios <\/b><b>Generales<\/b><\/p>\n<ul>\n<li>Estar inscrito en una instituci\u00f3n p\u00fablica o privada del sistema educativo nacional para iniciar o continuar estudios en los niveles de primaria, secundaria, medio superior y superior.<\/li>\n<li>Ser hijo natural o por resoluci\u00f3n judicial de polic\u00eda en funciones de operaci\u00f3n policial, custodios o de polic\u00eda ca\u00eddo en el cumplimiento de su deber en Tamaulipas.<\/li>\n<li>Realizar una solicitud a trav\u00e9s de la Secretar\u00eda de Seguridad P\u00fablica de Tamaulipas.<\/li>\n<li>No contar con alg\u00fan otro beneficio de tipo econ\u00f3mico otorgado para su educaci\u00f3n al momento de solicitar la beca.<\/li>\n<\/ul>\n<p><strong>Requisitos<\/strong><\/p>\n<ul>\n<li>Solicitud completa en todos sus campos firmada en original.<\/li>\n<li>Aviso de privacidad con firma de enterado en original.<\/li>\n<li>Copia del acta de nacimiento del alumno.<\/li>\n<li>Constancia original de inscripci\u00f3n al ciclo escolar 2019-2020, expedida por la instituci\u00f3n educativa que indique el grado<br \/>\no periodo a cursar.<\/li>\n<li>Copia cotejada (con sello de cotejo y firma en original) en original de la boleta de calificaciones con firma del director y sello de<br \/>\nla instituci\u00f3n:<br \/>\nAlumnos de nivel B\u00e1sico: del ciclo escolar 2018-2019.<br \/>\nAlumnos de nivel Medio Superior y Superior: boleta del \u00faltimo periodo cursado (semestre, cuatrimestre, etc.).<br \/>\nAlumnos de nivel Medio Superior y Superior, a los que se les asigne beca, deber\u00e1n realizar actualizaci\u00f3n de documentos en<br \/>\nel mes de febrero.<\/li>\n<li>Constancia de acreditaci\u00f3n por parte de la Secretar\u00eda de Seguridad P\u00fablica.<\/li>\n<li>Copia de la resoluci\u00f3n judicial que acredite la tutor\u00eda legal cuando sea el caso.<\/li>\n<\/ul>\n<p><strong>Periodo de Solicitudes<\/strong><\/p>\n<p>La solicitud se realiza a trav\u00e9s de la Secretar\u00eda de Seguridad P\u00fablica, en sus unidades administrativas a partir del 12 de Agosto de 2019 al 17 de Septiembre de 2019.<\/p>\n<p><a href=\"https:\/\/www.tamaulipas.gob.mx\/itabec\/wp-content\/uploads\/sites\/23\/2019\/08\/convocatoria-hijos-de-policas-2019-2020.pdf\">Consulta la convocatoria aqu\u00ed<\/a><\/p>\n<p>Para m\u00e1s informaci\u00f3n comun\u00edcate a la Secretar\u00eda de Seguridad P\u00fablica<\/p>\n<p><strong>Tel\u00e9fono:<\/strong>\u00a0(834) 318 6200 ext 1600<\/p>\n","protected":false},"excerpt":{"rendered":"<p>Alumnos hijos de polic\u00edas con funciones de operaci\u00f3n policial, custodios o ca\u00eddos en el cumplimiento de su deber en el Estado de Tamaulipas, que se\u2026<\/p>\n","protected":false},"author":31,"featured_media":0,"parent":0,"menu_order":0,"comment_status":"closed","ping_status":"closed","template":"","meta":{"footnotes":""},"class_list":["post-221","page","type-page","status-publish","hentry"],"publishpress_future_action":{"enabled":false,"date":"2026-05-15 16:13:07","action":"change-status","newStatus":"draft","terms":[],"taxonomy":""},"_links":{"self":[{"href":"https:\/\/www.tamaulipas.gob.mx\/itabec\/wp-json\/wp\/v2\/pages\/221"}],"collection":[{"href":"https:\/\/www.tamaulipas.gob.mx\/itabec\/wp-json\/wp\/v2\/pages"}],"about":[{"href":"https:\/\/www.tamaulipas.gob.mx\/itabec\/wp-json\/wp\/v2\/types\/page"}],"author":[{"embeddable":true,"href":"https:\/\/www.tamaulipas.gob.mx\/itabec\/wp-json\/wp\/v2\/users\/31"}],"replies":[{"embeddable":true,"href":"https:\/\/www.tamaulipas.gob.mx\/itabec\/wp-json\/wp\/v2\/comments?post=221"}],"version-history":[{"count":8,"href":"https:\/\/www.tamaulipas.gob.mx\/itabec\/wp-json\/wp\/v2\/pages\/221\/revisions"}],"predecessor-version":[{"id":853,"href":"https:\/\/www.tamaulipas.gob.mx\/itabec\/wp-json\/wp\/v2\/pages\/221\/revisions\/853"}],"wp:attachment":[{"href":"https:\/\/www.tamaulipas.gob.mx\/itabec\/wp-json\/wp\/v2\/media?parent=221"}],"curies":[{"name":"wp","href":"https:\/\/api.w.org\/{rel}","templated":true}]}}