{"id":217,"date":"2017-09-12T08:55:32","date_gmt":"2017-09-12T13:55:32","guid":{"rendered":"http:\/\/www.tamaulipas.gob.mx\/itabec\/?page_id=217"},"modified":"2020-02-12T10:23:17","modified_gmt":"2020-02-12T16:23:17","slug":"becas-para-victimas","status":"publish","type":"page","link":"https:\/\/www.tamaulipas.gob.mx\/itabec\/becas-para-victimas\/","title":{"rendered":"Becas de Atenci\u00f3n a V\u00edctimas"},"content":{"rendered":"<p>Dirigidas a estudiantes de familias en situaci\u00f3n de vulnerabilidad y calidad de v\u00edctimas, que se encuentren cursando estudios en instituciones p\u00fablicas y privadas con validez oficial, en los niveles inicial, preescolar, primaria, secundaria, medio superior, superior y posgrado, en Tamaulipas, la Rep\u00fablica Mexicana y el extranjero.<\/p>\n<p><strong>Criterios Generales<\/strong><\/p>\n<ul>\n<li>Ser originaria\/o o residente del Estado de Tamaulipas.<\/li>\n<li>\u00a0No contar con alg\u00fan otro beneficio de tipo econ\u00f3mico o en especie otorgado para su educaci\u00f3n al momento de solicitar la beca y durante el tiempo en que reciba los beneficios de la misma.<\/li>\n<li>\u00a0Haber sido aceptado en una instituci\u00f3n p\u00fablica o privada con validez oficial, para iniciar o continuar estudios en los niveles educativos inicial, preescolar, primaria, secundaria, medio superior, superior y posgrado, en Tamaulipas, la Rep\u00fablica Mexicana y el extranjero.<\/li>\n<li>\u00a0El tr\u00e1mite deber\u00e1 realizarse a trav\u00e9s de la Comisi\u00f3n Estatal de Atenci\u00f3n a V\u00edctimas.<\/li>\n<\/ul>\n<p><strong>Requisitos<\/strong><\/p>\n<ul>\n<li>Solicitud completa en todos los campos, firmada en original.<\/li>\n<li>\u00a0Aviso de privacidad con firma de enterado en original.<\/li>\n<li>\u00a0Constancia original de inscripci\u00f3n al ciclo escolar 2019-2020, expedida por la instituci\u00f3n educativa que indique el grado o periodo a cursar.<\/li>\n<li>\u00a0Copia cotejada (con sello de cotejo y firma en original) de la boleta de calificaciones con firma del director y sello de la instituci\u00f3n:\n<ul>\n<li>\u00a0Alumnos de nivel B\u00e1sico: del ciclo escolar 2018-2019.<\/li>\n<li>\u00a0Alumnos de nivel Medio Superior y Superior: boleta del \u00faltimo periodo cursado (semestre, cuatrimestre, etc.).<\/li>\n<li>\u00a0Alumnos de nivel Medio Superior y Superior, a los que se les asigne beca, deber\u00e1n realizar actualizaci\u00f3n de documentos en el mes de febrero.<\/li>\n<\/ul>\n<\/li>\n<li>\u00a0Constancia de atenci\u00f3n por parte de la Comisi\u00f3n Estatal de Atenci\u00f3n a V\u00edctimas.<\/li>\n<li>\u00a0En \u00a0caso de no haber nacido en Tamaulipas, deber\u00e1 acreditar residencia anexando documentaci\u00f3n probatoria.<\/li>\n<\/ul>\n<p><strong>Periodo de Solicitudes<\/strong><\/p>\n<p>El periodo para realizar solicitudes tiene vigencia durante todo el Ciclo<\/p>\n<p>Escolar 2019-2020<\/p>\n<p><a href=\"https:\/\/www.tamaulipas.gob.mx\/itabec\/wp-content\/uploads\/sites\/23\/2019\/08\/convocatoria-vctimas-2019-2020.pdf\">Consulta las bases para el otorgamiento aqui<\/a><\/p>\n<p>Para mayor informaci\u00f3n o realizar una solicitud acudir a: Comisi\u00f3n Estatal de Atenci\u00f3n a V\u00edctimas Calle Benito Ju\u00e1rez N\u00b0 214, Zona Centro.<\/p>\n<p>Ciudad Victoria, Tamaulipas, C.P. 87000<\/p>\n<p>Tel\u00e9fono: (834) 312 99 45<\/p>\n","protected":false},"excerpt":{"rendered":"<p>Dirigidas a estudiantes de familias en situaci\u00f3n de vulnerabilidad y calidad de v\u00edctimas, que se encuentren cursando estudios en instituciones p\u00fablicas y privadas con validez\u2026<\/p>\n","protected":false},"author":31,"featured_media":0,"parent":0,"menu_order":0,"comment_status":"closed","ping_status":"closed","template":"","meta":{"footnotes":""},"class_list":["post-217","page","type-page","status-publish","hentry"],"publishpress_future_action":{"enabled":false,"date":"2026-04-15 21:43:48","action":"change-status","newStatus":"draft","terms":[],"taxonomy":""},"_links":{"self":[{"href":"https:\/\/www.tamaulipas.gob.mx\/itabec\/wp-json\/wp\/v2\/pages\/217"}],"collection":[{"href":"https:\/\/www.tamaulipas.gob.mx\/itabec\/wp-json\/wp\/v2\/pages"}],"about":[{"href":"https:\/\/www.tamaulipas.gob.mx\/itabec\/wp-json\/wp\/v2\/types\/page"}],"author":[{"embeddable":true,"href":"https:\/\/www.tamaulipas.gob.mx\/itabec\/wp-json\/wp\/v2\/users\/31"}],"replies":[{"embeddable":true,"href":"https:\/\/www.tamaulipas.gob.mx\/itabec\/wp-json\/wp\/v2\/comments?post=217"}],"version-history":[{"count":8,"href":"https:\/\/www.tamaulipas.gob.mx\/itabec\/wp-json\/wp\/v2\/pages\/217\/revisions"}],"predecessor-version":[{"id":878,"href":"https:\/\/www.tamaulipas.gob.mx\/itabec\/wp-json\/wp\/v2\/pages\/217\/revisions\/878"}],"wp:attachment":[{"href":"https:\/\/www.tamaulipas.gob.mx\/itabec\/wp-json\/wp\/v2\/media?parent=217"}],"curies":[{"name":"wp","href":"https:\/\/api.w.org\/{rel}","templated":true}]}}