{"id":12,"date":"2017-04-11T15:31:16","date_gmt":"2017-04-11T15:31:16","guid":{"rendered":"http:\/\/www.tamaulipas.gob.mx\/itabec\/?page_id=12"},"modified":"2017-04-11T15:31:16","modified_gmt":"2017-04-11T15:31:16","slug":"subcomite-tecnico","status":"publish","type":"page","link":"https:\/\/www.tamaulipas.gob.mx\/itabec\/subcomite-tecnico\/","title":{"rendered":"Subcomit\u00e9 T\u00e9cnico"},"content":{"rendered":"<p>El Subcomit\u00e9 T\u00e9cnico regula las actividades del programa de becas del MANUTENCI\u00d3N de acuerdo a las Reglas de Operaci\u00f3n del MANUTENCI\u00d3N publicadas en el Diario Oficial de la Federaci\u00f3n y est\u00e1 integrado por 5 miembros propietarios, los cuales podr\u00e1n designar a sus respectivos suplentes.<\/p>\n<p><strong>\u00bfQui\u00e9nes conforman el Subcomit\u00e9 T\u00e9cnico?<\/strong><\/p>\n<ol start=\"1\">\n<li>El Secretario de Educaci\u00f3n o la persona que \u00e9ste designe (como representante del Gobierno del Estado).<\/li>\n<li>El Director General del Instituto Tamaulipeco de Becas, Est\u00edmulos y Cr\u00e9dito Educativo (como representante del Gobierno del Estado).<\/li>\n<li>Un Representante de la Secretar\u00eda de Educaci\u00f3n P\u00fablica del Gobierno Federal (SEP).<\/li>\n<li>Un Representante de las Instituciones de Educaci\u00f3n Superior en el Estado.<\/li>\n<li>Un Representante de la Asociaci\u00f3n Nacional de Universidades e Instituciones de Educaci\u00f3n Superior en el Estado (ANUIES)\u00a0 designado por el Secretario Ejecutivo de dicha asociaci\u00f3n.<\/li>\n<\/ol>\n<p>El Subcomit\u00e9 T\u00e9cnico contar\u00e1 con un Secretario Ejecutivo que ser\u00e1 la persona que cubra el puesto de Director General del Instituto Tamaulipeco de Becas, Est\u00edmulos y Cr\u00e9ditos Educativos, \u00a0teniendo voz y voto dentro del Subcomit\u00e9 T\u00e9cnico.<br \/>\nEl Fiduciario puede participar con voz pero sin voto.<\/p>\n<p><strong>\u00bfC\u00f3mo funciona el Subcomit\u00e9 T\u00e9cnico?<\/strong><\/p>\n<ol>\n<li>Este Subcomit\u00e9 T\u00e9cnico se re\u00fane por lo menos 3 veces al a\u00f1o.<\/li>\n<li>Las sesiones son Ordinarias y Extraordinarias.<\/li>\n<li>En el\u00a0 otorgamiento de las becas MANUTENCI\u00d3N se rigen de acuerdo a las reglas de operaci\u00f3n del Programa Nacional de Becas publicadas en el Diario Oficial de la Federaci\u00f3n.<\/li>\n<li>Los acuerdos obtenidos,\u00a0 son resultado de la votaci\u00f3n de la mayor\u00eda de los integrantes.<\/li>\n<\/ol>\n","protected":false},"excerpt":{"rendered":"<p>El Subcomit\u00e9 T\u00e9cnico regula las actividades del programa de becas del MANUTENCI\u00d3N de acuerdo a las Reglas de Operaci\u00f3n del MANUTENCI\u00d3N publicadas en el Diario\u2026<\/p>\n","protected":false},"author":7,"featured_media":0,"parent":0,"menu_order":0,"comment_status":"closed","ping_status":"closed","template":"","meta":{"footnotes":""},"class_list":["post-12","page","type-page","status-publish","hentry"],"publishpress_future_action":{"enabled":false,"date":"2026-05-05 07:12:48","action":"change-status","newStatus":"draft","terms":[],"taxonomy":""},"_links":{"self":[{"href":"https:\/\/www.tamaulipas.gob.mx\/itabec\/wp-json\/wp\/v2\/pages\/12"}],"collection":[{"href":"https:\/\/www.tamaulipas.gob.mx\/itabec\/wp-json\/wp\/v2\/pages"}],"about":[{"href":"https:\/\/www.tamaulipas.gob.mx\/itabec\/wp-json\/wp\/v2\/types\/page"}],"author":[{"embeddable":true,"href":"https:\/\/www.tamaulipas.gob.mx\/itabec\/wp-json\/wp\/v2\/users\/7"}],"replies":[{"embeddable":true,"href":"https:\/\/www.tamaulipas.gob.mx\/itabec\/wp-json\/wp\/v2\/comments?post=12"}],"version-history":[{"count":1,"href":"https:\/\/www.tamaulipas.gob.mx\/itabec\/wp-json\/wp\/v2\/pages\/12\/revisions"}],"predecessor-version":[{"id":13,"href":"https:\/\/www.tamaulipas.gob.mx\/itabec\/wp-json\/wp\/v2\/pages\/12\/revisions\/13"}],"wp:attachment":[{"href":"https:\/\/www.tamaulipas.gob.mx\/itabec\/wp-json\/wp\/v2\/media?parent=12"}],"curies":[{"name":"wp","href":"https:\/\/api.w.org\/{rel}","templated":true}]}}