{"id":1126,"date":"2024-03-12T08:09:02","date_gmt":"2024-03-12T14:09:02","guid":{"rendered":"https:\/\/www.tamaulipas.gob.mx\/itabec\/?page_id=1126"},"modified":"2025-10-24T12:45:59","modified_gmt":"2025-10-24T18:45:59","slug":"codigo-de-etica","status":"publish","type":"page","link":"https:\/\/www.tamaulipas.gob.mx\/itabec\/codigo-de-etica\/","title":{"rendered":"CODIGO DE ETICA"},"content":{"rendered":"<p>&nbsp;<\/p>\n<p>&nbsp;<\/p>\n<ul>\n<li><a href=\"https:\/\/www.tamaulipas.gob.mx\/itabec\/wp-content\/uploads\/sites\/23\/2024\/03\/codigo-de-conducta-cxlviii-ext.no_.17-240723.pdf\">C\u00d3DIGO DE CONDUCTA<\/a><\/li>\n<\/ul>\n<p>&nbsp;<\/p>\n<ul>\n<li><a href=\"https:\/\/www.tamaulipas.gob.mx\/itabec\/wp-content\/uploads\/sites\/23\/2024\/03\/cxlviii-12-260123-07sep2023.pdf\">C\u00d3DIGO DE \u00c9TICA<\/a><\/li>\n<\/ul>\n<p>&nbsp;<\/p>\n<ul>\n<li><a href=\"https:\/\/www.tamaulipas.gob.mx\/itabec\/wp-content\/uploads\/sites\/23\/2025\/10\/plan-anual-2025.pptx\">PROGRAMA ANUAL DE TRABAJO 2025 DEL COMIT\u00c9 DE \u00c9TICA<\/a><\/li>\n<\/ul>\n","protected":false},"excerpt":{"rendered":"<p>&nbsp; &nbsp; C\u00d3DIGO DE CONDUCTA &nbsp; C\u00d3DIGO DE \u00c9TICA &nbsp; PROGRAMA ANUAL DE TRABAJO 2025 DEL COMIT\u00c9 DE \u00c9TICA<\/p>\n","protected":false},"author":31,"featured_media":0,"parent":0,"menu_order":0,"comment_status":"closed","ping_status":"closed","template":"","meta":{"footnotes":""},"class_list":["post-1126","page","type-page","status-publish","hentry"],"publishpress_future_action":{"enabled":false,"date":"2026-05-05 05:38:36","action":"change-status","newStatus":"draft","terms":[],"taxonomy":""},"_links":{"self":[{"href":"https:\/\/www.tamaulipas.gob.mx\/itabec\/wp-json\/wp\/v2\/pages\/1126"}],"collection":[{"href":"https:\/\/www.tamaulipas.gob.mx\/itabec\/wp-json\/wp\/v2\/pages"}],"about":[{"href":"https:\/\/www.tamaulipas.gob.mx\/itabec\/wp-json\/wp\/v2\/types\/page"}],"author":[{"embeddable":true,"href":"https:\/\/www.tamaulipas.gob.mx\/itabec\/wp-json\/wp\/v2\/users\/31"}],"replies":[{"embeddable":true,"href":"https:\/\/www.tamaulipas.gob.mx\/itabec\/wp-json\/wp\/v2\/comments?post=1126"}],"version-history":[{"count":7,"href":"https:\/\/www.tamaulipas.gob.mx\/itabec\/wp-json\/wp\/v2\/pages\/1126\/revisions"}],"predecessor-version":[{"id":1512,"href":"https:\/\/www.tamaulipas.gob.mx\/itabec\/wp-json\/wp\/v2\/pages\/1126\/revisions\/1512"}],"wp:attachment":[{"href":"https:\/\/www.tamaulipas.gob.mx\/itabec\/wp-json\/wp\/v2\/media?parent=1126"}],"curies":[{"name":"wp","href":"https:\/\/api.w.org\/{rel}","templated":true}]}}