{"id":1043,"date":"2023-05-15T12:31:16","date_gmt":"2023-05-15T18:31:16","guid":{"rendered":"https:\/\/www.tamaulipas.gob.mx\/itabec\/?page_id=1043"},"modified":"2025-08-25T09:47:42","modified_gmt":"2025-08-25T15:47:42","slug":"beca-voluntad-y-trabajo-por-la-paz-de-tamaulipas","status":"publish","type":"page","link":"https:\/\/www.tamaulipas.gob.mx\/itabec\/beca-voluntad-y-trabajo-por-la-paz-de-tamaulipas\/","title":{"rendered":"BECA VOLUNTAD Y TRABAJO, POR LA PAZ DE TAMAULIPAS"},"content":{"rendered":"<p>Esta beca est\u00e1 dirigida a los estudiantes, hijas e hijos de los cuerpos de seguridad adscritos a la Secretar\u00eda de Seguridad P\u00fablica del Estado de Tamaulipas en funciones de operaci\u00f3n o ca\u00eddos en cumplimiento de su deber, que est\u00e9n inscritos en escuelas p\u00fablicas o privadas con validez oficial en los Niveles Inicial, Preescolar, Primaria, Secundaria, Medio Superior y Superior del Sistema Educativo Nacional.<\/p>\n<p>La Convocatoria para realizar el tr\u00e1mite de esta beca se emite al inicio de cada Ciclo Escolar, una vez que sea publicada, se deber\u00e1 realizar el tr\u00e1mite por medio de la Secretar\u00eda de Seguridad P\u00fablica del Estado.<\/p>\n<p><strong>CRITERIOS GENERALES<\/strong><strong>\u00a0<\/strong><\/p>\n<ul>\n<li>No contar con alg\u00fan otro beneficio de tipo econ\u00f3mico o en especie otorgado para su educaci\u00f3n al momento de solicitar la beca y durante el tiempo en que reciba los beneficios de la misma.<\/li>\n<li>Ser hija o hijo de integrante del cuerpo de seguridad adscrito a la Secretar\u00eda de Seguridad P\u00fablica del Estado de Tamaulipas en funciones de operaci\u00f3n o ca\u00eddos en cumplimiento de su deber.<\/li>\n<li>Estar inscrito en escuela p\u00fablica o privada con validez oficial del Sistema Educativo Nacional.<\/li>\n<li>Entregar la solicitud debidamente requisitada, as\u00ed como la documentaci\u00f3n clara y legible requerida en esta Convocatoria.<\/li>\n<li>La documentaci\u00f3n a entregar deber\u00e1 ser clara y legible.<\/li>\n<\/ul>\n<p><strong>DOCUMENTACI\u00d3N A ENTREGAR:<\/strong><strong>\u00a0<\/strong><\/p>\n<ol style=\"list-style-type: lower-alpha;\">\n<li>Original y copia (para acuse de el o la solicitante) de la solicitud debidamente requisitada y firmada en original por la madre, el padre o tutor legal.<\/li>\n<li>Aviso de privacidad firmado en original por la madre, el padre o tutor legal.<\/li>\n<li>Copia del Acta de Nacimiento de la o el estudiante.<\/li>\n<li>Copia de la CURP de la o el estudiante y de la madre, padre o tutor.<\/li>\n<li>Copia de la constancia de inscripci\u00f3n, expedida por la Instituci\u00f3n Educativa que especifique el Ciclo Escolar y grado o periodo a cursar.<\/li>\n<li>Para el Nivel B\u00e1sico presentar copia cotejada (con sello de cotejo y firma original) de la boleta de calificaciones del Ciclo Escolar inmediato anterior; y para los Niveles de Medio Superior y Superior, presentar copia cotejada (con sello de cotejo y firma original) del \u00faltimo periodo cursado (semestre, cuatrimestre, tetramestre, etc.).<\/li>\n<li>Copia de identificaci\u00f3n oficial vigente de la madre, padres o tutor seg\u00fan sea el caso (INE, pasaporte o cartilla militar con fotograf\u00eda).<\/li>\n<li>En el caso de polic\u00edas ca\u00eddos en el cumplimiento de sus funciones, presentar copia del Acta de Defunci\u00f3n.<\/li>\n<li>Constancia de acreditaci\u00f3n por parte de la Secretar\u00eda de Seguridad P\u00fablica del Estado.<\/li>\n<li>En caso de no ser hijo natural, deber\u00e1n presentar documento emitido por la Procuradur\u00eda de Protecci\u00f3n a Ni\u00f1as, Ni\u00f1os y Adolescentes o copia de la resoluci\u00f3n judicial que acredite la tutor\u00eda legal.<\/li>\n<\/ol>\n<ul>\n<li><a href=\"https:\/\/www.tamaulipas.gob.mx\/itabec\/wp-content\/uploads\/sites\/23\/2025\/08\/convocatoria-voluntad-y-trabajo-2025-2026.pdf\">Convocatoria<\/a><\/li>\n<li><a href=\"https:\/\/www.tamaulipas.gob.mx\/itabec\/wp-content\/uploads\/sites\/23\/2025\/08\/solicitud-beca-voluntad-y-trabajo-2025-2026.pdf\">Solicitud<\/a><\/li>\n<\/ul>\n","protected":false},"excerpt":{"rendered":"<p>Esta beca est\u00e1 dirigida a los estudiantes, hijas e hijos de los cuerpos de seguridad adscritos a la Secretar\u00eda de Seguridad P\u00fablica del Estado de\u2026<\/p>\n","protected":false},"author":31,"featured_media":0,"parent":0,"menu_order":0,"comment_status":"closed","ping_status":"closed","template":"","meta":{"footnotes":""},"class_list":["post-1043","page","type-page","status-publish","hentry"],"publishpress_future_action":{"enabled":false,"date":"2026-05-05 05:39:55","action":"change-status","newStatus":"draft","terms":[],"taxonomy":""},"_links":{"self":[{"href":"https:\/\/www.tamaulipas.gob.mx\/itabec\/wp-json\/wp\/v2\/pages\/1043"}],"collection":[{"href":"https:\/\/www.tamaulipas.gob.mx\/itabec\/wp-json\/wp\/v2\/pages"}],"about":[{"href":"https:\/\/www.tamaulipas.gob.mx\/itabec\/wp-json\/wp\/v2\/types\/page"}],"author":[{"embeddable":true,"href":"https:\/\/www.tamaulipas.gob.mx\/itabec\/wp-json\/wp\/v2\/users\/31"}],"replies":[{"embeddable":true,"href":"https:\/\/www.tamaulipas.gob.mx\/itabec\/wp-json\/wp\/v2\/comments?post=1043"}],"version-history":[{"count":10,"href":"https:\/\/www.tamaulipas.gob.mx\/itabec\/wp-json\/wp\/v2\/pages\/1043\/revisions"}],"predecessor-version":[{"id":1426,"href":"https:\/\/www.tamaulipas.gob.mx\/itabec\/wp-json\/wp\/v2\/pages\/1043\/revisions\/1426"}],"wp:attachment":[{"href":"https:\/\/www.tamaulipas.gob.mx\/itabec\/wp-json\/wp\/v2\/media?parent=1043"}],"curies":[{"name":"wp","href":"https:\/\/api.w.org\/{rel}","templated":true}]}}