{"id":104,"date":"2017-04-17T13:14:21","date_gmt":"2017-04-17T18:14:21","guid":{"rendered":"http:\/\/www.tamaulipas.gob.mx\/itabec\/?page_id=104"},"modified":"2017-04-17T13:14:35","modified_gmt":"2017-04-17T18:14:35","slug":"pasos-beca-y-credito","status":"publish","type":"page","link":"https:\/\/www.tamaulipas.gob.mx\/itabec\/pasos-beca-y-credito\/","title":{"rendered":"Pasos Beca y Cr\u00e9dito"},"content":{"rendered":"<p><strong>Pasos para obtener un cr\u00e9dito<\/strong><\/p>\n<ol>\n<li>Registro en l\u00ednea en: <a href=\"http:\/\/sistemasiceet.tamaulipas.gob.mx\/aspirantes\/\" target=\"_blank\">sistemasiceet.tamaulipas.gob.mx\/aspirantes<\/a> . Recuerda de tener a la mano tu CURP, la de tus padres, la de tu aval y la de tus referencias.<\/li>\n<li>Llenar la solicitud en l\u00ednea (cualquier problema con el llenado de la solicitud favor de env\u00edar un correo a itabec@tamaulipas.gob.mx incluyendo la descripci\u00f3n del problema y tu CURP)<\/li>\n<li>Imprimir la solicitud al momento de terminar el llenado en l\u00ednea<\/li>\n<li>Anexar documentaci\u00f3n requerida, indicada en la primera hoja de la solicitud<\/li>\n<li>Entregar solicitud impresa con la documentaci\u00f3n requerida en la Oficina Regional de educaci\u00f3n de tu localidad o en las oficinas del ITABEC. Direcci\u00f3n de Oficina: Calle de los Pajaritos s\/n, \u00c1rea Pajaritos Cd. Victoria, Tamaulipas C.P. 87087 Tel. (834)312 2 46 21<\/li>\n<\/ol>\n","protected":false},"excerpt":{"rendered":"<p>Pasos para obtener un cr\u00e9dito Registro en l\u00ednea en: sistemasiceet.tamaulipas.gob.mx\/aspirantes . Recuerda de tener a la mano tu CURP, la de tus padres, la de\u2026<\/p>\n","protected":false},"author":7,"featured_media":0,"parent":0,"menu_order":0,"comment_status":"closed","ping_status":"closed","template":"","meta":{"footnotes":""},"class_list":["post-104","page","type-page","status-publish","hentry"],"publishpress_future_action":{"enabled":false,"date":"2026-05-07 15:07:11","action":"change-status","newStatus":"draft","terms":[],"taxonomy":""},"_links":{"self":[{"href":"https:\/\/www.tamaulipas.gob.mx\/itabec\/wp-json\/wp\/v2\/pages\/104"}],"collection":[{"href":"https:\/\/www.tamaulipas.gob.mx\/itabec\/wp-json\/wp\/v2\/pages"}],"about":[{"href":"https:\/\/www.tamaulipas.gob.mx\/itabec\/wp-json\/wp\/v2\/types\/page"}],"author":[{"embeddable":true,"href":"https:\/\/www.tamaulipas.gob.mx\/itabec\/wp-json\/wp\/v2\/users\/7"}],"replies":[{"embeddable":true,"href":"https:\/\/www.tamaulipas.gob.mx\/itabec\/wp-json\/wp\/v2\/comments?post=104"}],"version-history":[{"count":2,"href":"https:\/\/www.tamaulipas.gob.mx\/itabec\/wp-json\/wp\/v2\/pages\/104\/revisions"}],"predecessor-version":[{"id":106,"href":"https:\/\/www.tamaulipas.gob.mx\/itabec\/wp-json\/wp\/v2\/pages\/104\/revisions\/106"}],"wp:attachment":[{"href":"https:\/\/www.tamaulipas.gob.mx\/itabec\/wp-json\/wp\/v2\/media?parent=104"}],"curies":[{"name":"wp","href":"https:\/\/api.w.org\/{rel}","templated":true}]}}