{"id":1031,"date":"2023-05-15T12:17:09","date_gmt":"2023-05-15T18:17:09","guid":{"rendered":"https:\/\/www.tamaulipas.gob.mx\/itabec\/?page_id=1031"},"modified":"2025-08-25T09:46:51","modified_gmt":"2025-08-25T15:46:51","slug":"beca-esperanza-de-tamaulipas","status":"publish","type":"page","link":"https:\/\/www.tamaulipas.gob.mx\/itabec\/beca-esperanza-de-tamaulipas\/","title":{"rendered":"BECA ESPERANZA DE TAMAULIPAS"},"content":{"rendered":"<p>Esta beca va dirigida a los estudiantes en situaci\u00f3n de orfandad derivado de la comisi\u00f3n de delitos de alto impacto o en calidad de v\u00edctimas, que se encuentren inscritos en Instituciones Educativas con validez oficial en el Estado de Tamaulipas, a nivel nacional o en el extranjero en los Niveles de Preescolar, Primaria, Secundaria, Medio Superior y Superior. Tambi\u00e9n incluye a los estudiantes entre 6 y 17 a\u00f1os 11 meses de edad que trabajan en el sector formal o informal de la econom\u00eda en espacios p\u00fablicos que se encuentren cursando estudios de nivel Primaria, Secundaria o Bachillerato que est\u00e9n inscritos en Instituciones P\u00fablicas con validez oficial en el Estado de Tamaulipas en el sistema abierto o escolarizado.<\/p>\n<p>La Convocatoria para realizar el tr\u00e1mite de esta beca se emite al inicio de cada Ciclo Escolar, una vez que sea publicada, se deber\u00e1 realizar el tr\u00e1mite por medio de los programas del Sistema DIF Tamaulipas y en la Comisi\u00f3n Estatal de Atenci\u00f3n a V\u00edctimas (\u00fanicamente en el caso de los alumnos que presenten calidad de V\u00edctimas).<\/p>\n<p><strong>CRITERIOS GENERALES\u00a0 \u00a0 \u00a0 \u00a0<\/strong><strong>\u00a0<\/strong><\/p>\n<ul>\n<li>Ser originaria(o) o residente del Estado de Tamaulipas.<\/li>\n<li>No contar con alg\u00fan otro beneficio de tipo econ\u00f3mico o en especie otorgado para su educaci\u00f3n al momento de solicitar la beca y durante el tiempo en que reciba los beneficios de la misma.<\/li>\n<li>Ser estudiante inscrito en escuelas dentro del Sistema Educativo Estatal, Nacional o Extranjero (seg\u00fan aplique).<\/li>\n<li>Entregar la solicitud debidamente requisitada, as\u00ed como la documentaci\u00f3n requerida en esta Convocatoria.<\/li>\n<li>La documentaci\u00f3n entregada deber\u00e1 ser clara y legible.<\/li>\n<\/ul>\n<p><strong>\u00a0<\/strong><strong>\u00a0<\/strong><strong>DOCUMENTACI\u00d3N:\u00a0 \u00a0 \u00a0 \u00a0 \u00a0<\/strong><strong>\u00a0<\/strong><\/p>\n<ol style=\"list-style-type: lower-alpha;\">\n<li>Original y copia (para acuse de el o la solicitante) de la solicitud debidamente requisitada y firmada en original por la madre, el padre o tutor legal.<\/li>\n<li>Aviso de privacidad firmado en original por la madre, el padre o tutor legal.<\/li>\n<li>Copia del Acta de Nacimiento de la o el estudiante.<\/li>\n<li>Copia de la CURP de la o el estudiante y de la madre, padre o tutor.<\/li>\n<li>Copia de la constancia de inscripci\u00f3n, expedida por la Instituci\u00f3n Educativa que especifique el Ciclo Escolar y grado o periodo a cursar.<\/li>\n<li>Para el Nivel B\u00e1sico presentar copia cotejada (con sello de cotejo y firma original) de la boleta de calificaciones del Ciclo Escolar inmediato anterior; y para los Niveles de Medio Superior y Superior presentar copia cotejada (con sello de cotejo y firma original) del \u00faltimo periodo cursado (semestre, cuatrimestre, tetramestre, etc.).<\/li>\n<li>Copia de identificaci\u00f3n oficial vigente de la madre, padre o tutor seg\u00fan sea el caso (INE, pasaporte o cartilla militar con fotograf\u00eda).<\/li>\n<li>Los estudiantes que dependan de tutor, deber\u00e1n presentar documento emitido por la Procuradur\u00eda de Protecci\u00f3n a Ni\u00f1as, Ni\u00f1os y Adolescentes o copia de la resoluci\u00f3n judicial que acredite la tutor\u00eda legal.<\/li>\n<li>Constancia de atenci\u00f3n por parte de la Comisi\u00f3n Estatal de Atenci\u00f3n a V\u00edctimas (para los casos en que aplique).<\/li>\n<li>Constancia de atenci\u00f3n emitida por el Programa de Atenci\u00f3n a Ni\u00f1as, Ni\u00f1os y Adolescentes en Riesgo y Trabajo Infantil PANNARTI (para los estudiantes entre 6 y 17 a\u00f1os 11 meses de edad que trabajen en el sector formal o informal).<\/li>\n<li>Los estudiantes con capacidad diferente o enfermedad cr\u00f3nica degenerativa, presentar dictamen m\u00e9dico vigente expedido por una Instituci\u00f3n Oficial de salud.<\/li>\n<li>En caso de no haber nacido en el Estado, deber\u00e1 acreditar su antig\u00fcedad de residencia de 2 a\u00f1os como m\u00ednimo (presentar documentaci\u00f3n probatoria).<\/li>\n<\/ol>\n<ul>\n<li><a href=\"https:\/\/www.tamaulipas.gob.mx\/itabec\/wp-content\/uploads\/sites\/23\/2025\/08\/convocatoria-esperanza-2025-2026.pdf\">Convocatoria<\/a><\/li>\n<li><a href=\"https:\/\/www.tamaulipas.gob.mx\/itabec\/wp-content\/uploads\/sites\/23\/2025\/08\/solicitud-beca-esperanza-2025-2026.pdf\">Solicitud<\/a><\/li>\n<\/ul>\n","protected":false},"excerpt":{"rendered":"<p>Esta beca va dirigida a los estudiantes en situaci\u00f3n de orfandad derivado de la comisi\u00f3n de delitos de alto impacto o en calidad de v\u00edctimas,\u2026<\/p>\n","protected":false},"author":31,"featured_media":0,"parent":0,"menu_order":0,"comment_status":"closed","ping_status":"closed","template":"","meta":{"footnotes":""},"class_list":["post-1031","page","type-page","status-publish","hentry"],"publishpress_future_action":{"enabled":false,"date":"2026-05-05 05:39:56","action":"change-status","newStatus":"draft","terms":[],"taxonomy":""},"_links":{"self":[{"href":"https:\/\/www.tamaulipas.gob.mx\/itabec\/wp-json\/wp\/v2\/pages\/1031"}],"collection":[{"href":"https:\/\/www.tamaulipas.gob.mx\/itabec\/wp-json\/wp\/v2\/pages"}],"about":[{"href":"https:\/\/www.tamaulipas.gob.mx\/itabec\/wp-json\/wp\/v2\/types\/page"}],"author":[{"embeddable":true,"href":"https:\/\/www.tamaulipas.gob.mx\/itabec\/wp-json\/wp\/v2\/users\/31"}],"replies":[{"embeddable":true,"href":"https:\/\/www.tamaulipas.gob.mx\/itabec\/wp-json\/wp\/v2\/comments?post=1031"}],"version-history":[{"count":10,"href":"https:\/\/www.tamaulipas.gob.mx\/itabec\/wp-json\/wp\/v2\/pages\/1031\/revisions"}],"predecessor-version":[{"id":1424,"href":"https:\/\/www.tamaulipas.gob.mx\/itabec\/wp-json\/wp\/v2\/pages\/1031\/revisions\/1424"}],"wp:attachment":[{"href":"https:\/\/www.tamaulipas.gob.mx\/itabec\/wp-json\/wp\/v2\/media?parent=1031"}],"curies":[{"name":"wp","href":"https:\/\/api.w.org\/{rel}","templated":true}]}}