{"id":1020,"date":"2023-04-18T14:37:39","date_gmt":"2023-04-18T20:37:39","guid":{"rendered":"https:\/\/www.tamaulipas.gob.mx\/itabec\/?page_id=1020"},"modified":"2023-04-18T14:43:05","modified_gmt":"2023-04-18T20:43:05","slug":"beca-avanza","status":"publish","type":"page","link":"https:\/\/www.tamaulipas.gob.mx\/itabec\/beca-avanza\/","title":{"rendered":"BECA AVANZA POR LAS NI\u00d1AS, NI\u00d1OS Y ADOLESCENTES DE TAMAULIPAS"},"content":{"rendered":"<p>Esta beca va dirigida a los estudiantes que est\u00e9n en situaci\u00f3n socioecon\u00f3mica adversa o de vulnerabilidad que se encuentren inscritos en Instituciones P\u00fablicas del Sistema Educativo del Estado de Tamaulipas en los niveles de Educaci\u00f3n Especial, Primaria y Secundaria; y en casos espec\u00edficos, cuando as\u00ed se justifique, de Preescolar y 1er. grado de Primaria; tambi\u00e9n a los estudiantes de nivel preescolar, primaria y secundaria inscritos en alguna instituci\u00f3n p\u00fablica del Sistema Educativo Estatal que est\u00e9n identificados por el Sistema para el Desarrollo Integral de la Familia de Tamaulipas con \u201calto grado de marginaci\u00f3n y vulnerabilidad\u201d.<\/p>\n<p>La Convocatoria para realizar el tr\u00e1mite de esta beca se emite al inicio de cada Ciclo Escolar, una vez que sea publicada, se deber\u00e1 realizar el tr\u00e1mite por medio de los Centros Regionales de Desarrollo Educativo que corresponda de acuerdo al municipio en donde se ubique el estudiante.<\/p>\n<p><strong>CRITERIOS GENERALES<\/strong><\/p>\n<ul>\n<li>Ser originario\/a o residente del Estado de Tamaulipas.<\/li>\n<li>Ser estudiante regular.<\/li>\n<li>No contar con alg\u00fan otro beneficio de tipo econ\u00f3mico o en especie otorgado para su educaci\u00f3n al momento de solicitar la beca y durante el tiempo en que reciba los beneficios de la misma.<\/li>\n<li>Ser estudiante inscrito en la modalidad escolarizada en alguna Instituci\u00f3n P\u00fablica del Sistema Educativo Estatal.<\/li>\n<li>Se aplicar\u00e1n criterios de distribuci\u00f3n equitativos por municipio y Nivel Educativo entre el total de solicitudes que cumplan con los requisitos solicitados.<\/li>\n<li>Se otorgar\u00e1 una beca por familia, solo se otorgar\u00e1 m\u00e1s de una beca por familia cuando los promedios sean de 10.<\/li>\n<li>Estudiantes de Preescolar y primer grado de Primaria con capacidades diferentes o enfermedad cr\u00f3nica degenerativa, podr\u00e1n ser aspirantes para la obtenci\u00f3n de beca.<\/li>\n<li>Entregar la solicitud requerida.<\/li>\n<li>La documentaci\u00f3n entregada deber\u00e1 ser clara y legible.<\/li>\n<\/ul>\n<p><strong>DOCUMENTACI\u00d3N A ENTREGAR:<\/strong><\/p>\n<ol>\n<li>Original y copia de la solicitud completa en todos los campos.<\/li>\n<li>Aviso de privacidad firmado por la madre, el padre o tutor.<\/li>\n<li>Copia del Acta de Nacimiento de la o el estudiante.<\/li>\n<li>Copia de la CURP de la o el estudiante y de la madre, el padre o tutor.<\/li>\n<li>Estudiantes que dependan de tutor, deber\u00e1n presentar copia de la resoluci\u00f3n judicial que acredite la tutor\u00eda legal.<\/li>\n<li>Original de la constancia de inscripci\u00f3n expedida por la Instituci\u00f3n educativa que especifique el ciclo escolar y grado o periodo a cursar.<\/li>\n<li>Copia cotejada de la boleta de calificaciones (con sello de cotejo y firma original) del Ciclo Escolar inmediato anterior.<\/li>\n<li>Copia de identificaci\u00f3n oficial vigente de la madre, el padre o tutor, seg\u00fan sea el caso (INE, pasaporte o cartilla militar con fotograf\u00eda).<\/li>\n<li>Estudiantes con capacidades diferentes o enfermedad cr\u00f3nica degenerativa, presentar dictamen m\u00e9dico vigente expedido por una instituci\u00f3n oficial de salud.<\/li>\n<li>Copia del comprobante de domicilio con antig\u00fcedad no mayor a 3 meses al momento de realizar el tr\u00e1mite.<\/li>\n<li>En caso de no haber nacido en el Estado de Tamaulipas, deber\u00e1 acreditar su antig\u00fcedad de residencia de 2 a\u00f1os como m\u00ednimo (presentar documentaci\u00f3n probatoria).<\/li>\n<li>Comprobante de ingresos mensual reciente de la madre, el padre o tutor (de no contar con uno, solicitar constancia de trabajo al municipio).<\/li>\n<\/ol>\n<p>Descarga lo siguiente<\/p>\n<ul style=\"list-style-type: circle;\">\n<li><a href=\"https:\/\/www.tamaulipas.gob.mx\/itabec\/wp-content\/uploads\/sites\/23\/2023\/04\/convocatoria-becas-avanza-nna-22-23.pdf\">Convocatoria<\/a><\/li>\n<li><a href=\"https:\/\/www.tamaulipas.gob.mx\/itabec\/wp-content\/uploads\/sites\/23\/2023\/04\/solicitud-becas-avanzanna-22-23.pdf\">Solicitud<\/a><\/li>\n<li><a href=\"https:\/\/www.tamaulipas.gob.mx\/itabec\/wp-content\/uploads\/sites\/23\/2023\/04\/aviso-de-privacidad-becas-avanza-nna-22-23.pdf\">Aviso de Privacidad<\/a><\/li>\n<\/ul>\n<p>CREDES<\/p>\n<ul>\n<li><a href=\"https:\/\/becas.tamaulipas.gob.mx\/Inicio\/contacto\">Ubicaciones y Telefonos<\/a><\/li>\n<\/ul>\n<p>&nbsp;<\/p>\n","protected":false},"excerpt":{"rendered":"<p>Esta beca va dirigida a los estudiantes que est\u00e9n en situaci\u00f3n socioecon\u00f3mica adversa o de vulnerabilidad que se encuentren inscritos en Instituciones P\u00fablicas del Sistema\u2026<\/p>\n","protected":false},"author":31,"featured_media":0,"parent":0,"menu_order":0,"comment_status":"closed","ping_status":"closed","template":"","meta":{"footnotes":""},"class_list":["post-1020","page","type-page","status-publish","hentry"],"publishpress_future_action":{"enabled":false,"date":"2026-05-05 05:39:54","action":"change-status","newStatus":"draft","terms":[],"taxonomy":""},"_links":{"self":[{"href":"https:\/\/www.tamaulipas.gob.mx\/itabec\/wp-json\/wp\/v2\/pages\/1020"}],"collection":[{"href":"https:\/\/www.tamaulipas.gob.mx\/itabec\/wp-json\/wp\/v2\/pages"}],"about":[{"href":"https:\/\/www.tamaulipas.gob.mx\/itabec\/wp-json\/wp\/v2\/types\/page"}],"author":[{"embeddable":true,"href":"https:\/\/www.tamaulipas.gob.mx\/itabec\/wp-json\/wp\/v2\/users\/31"}],"replies":[{"embeddable":true,"href":"https:\/\/www.tamaulipas.gob.mx\/itabec\/wp-json\/wp\/v2\/comments?post=1020"}],"version-history":[{"count":5,"href":"https:\/\/www.tamaulipas.gob.mx\/itabec\/wp-json\/wp\/v2\/pages\/1020\/revisions"}],"predecessor-version":[{"id":1022,"href":"https:\/\/www.tamaulipas.gob.mx\/itabec\/wp-json\/wp\/v2\/pages\/1020\/revisions\/1022"}],"wp:attachment":[{"href":"https:\/\/www.tamaulipas.gob.mx\/itabec\/wp-json\/wp\/v2\/media?parent=1020"}],"curies":[{"name":"wp","href":"https:\/\/api.w.org\/{rel}","templated":true}]}}