{"id":93,"date":"2018-07-12T19:19:26","date_gmt":"2018-07-12T19:19:26","guid":{"rendered":"https:\/\/www.tamaulipas.gob.mx\/ipsset\/?page_id=93"},"modified":"2026-03-18T13:44:42","modified_gmt":"2026-03-18T19:44:42","slug":"fallecimiento","status":"publish","type":"page","link":"https:\/\/www.tamaulipas.gob.mx\/ipsset\/pensiones-y-jubilaciones\/generacion-en-transicion\/fallecimiento\/","title":{"rendered":"Pensi\u00f3n por Fallecimiento"},"content":{"rendered":"<p>Pensi\u00f3n por fallecimiento por Causas Ajenas al Trabajo, cuando el Servidor P\u00fablico o Trabajador fallezca por Causas Ajenas al Servicio y cuente con al menos 10 a\u00f1os de antig\u00fcedad generada ante el fondo de pensiones.<\/p>\n<p>El monto de la Pensi\u00f3n ser\u00e1 el equivalente al porcentaje del Salario Regulador que resulte, descrito en la siguiente tabla <strong>(Art\u00edculo Sexto Transitorio P\u00e1rrafo 2 Fracci\u00f3n I Ley de IPSSET).<\/strong><\/p>\n<div class=\"table-responsive\"><table class=\" table table table-gobtam\"><thead><tr><td style=\"width: 20.00%;\">Antig&#xFC;edad generada ante el fondo de pensiones<\/td>\n<td style=\"text-align: center; vertical-align: middle;\" colspan=\"2\">Porcentaje del salario regulador<\/td>\n<\/tr><\/thead><tbody><tr><td><\/td>\n<td style=\"text-align: center;\"><strong>Hombres<\/strong><\/td>\n<td style=\"text-align: center;\"><strong>Mujeres<\/strong><\/td>\n<\/tr><tr><td>10 a 15<\/td>\n<td style=\"text-align: center;\">50.00 %<\/td>\n<td style=\"text-align: center;\">50.00 %<\/td>\n<\/tr><tr><td>16<\/td>\n<td style=\"text-align: center;\">52.50 %<\/td>\n<td style=\"text-align: center;\">52.50 %<\/td>\n<\/tr><tr><td>17<\/td>\n<td style=\"text-align: center;\">55.00 %<\/td>\n<td style=\"text-align: center;\">55.00 %<\/td>\n<\/tr><tr><td>18<\/td>\n<td style=\"text-align: center;\">57.50 %<\/td>\n<td style=\"text-align: center;\">57.50 %<\/td>\n<\/tr><tr><td>19<\/td>\n<td style=\"text-align: center;\">60.00 %<\/td>\n<td style=\"text-align: center;\">60.00 %<\/td>\n<\/tr><tr><td>20<\/td>\n<td style=\"text-align: center;\">62.50 %<\/td>\n<td style=\"text-align: center;\">62.50 %<\/td>\n<\/tr><tr><td>21<\/td>\n<td style=\"text-align: center;\">65.00 %<\/td>\n<td style=\"text-align: center;\">70.00 %<\/td>\n<\/tr><tr><td>22<\/td>\n<td style=\"text-align: center;\">67.50 %<\/td>\n<td style=\"text-align: center;\">77.50 %<\/td>\n<\/tr><tr><td>23<\/td>\n<td style=\"text-align: center;\">70.00 %<\/td>\n<td style=\"text-align: center;\">85.00 %<\/td>\n<\/tr><tr><td>24<\/td>\n<td style=\"text-align: center;\">72.50 %<\/td>\n<td style=\"text-align: center;\">92.50 %<\/td>\n<\/tr><tr><td>25<\/td>\n<td style=\"text-align: center;\">75.00 %<\/td>\n<td style=\"text-align: center;\">100.00 %<\/td>\n<\/tr><tr><td>26<\/td>\n<td style=\"text-align: center;\">80.00 %<\/td>\n<td style=\"text-align: center;\">100.00 %<\/td>\n<\/tr><tr><td>27<\/td>\n<td style=\"text-align: center;\">85.00 %<\/td>\n<td style=\"text-align: center;\">100.00 %<\/td>\n<\/tr><tr><td>28<\/td>\n<td style=\"text-align: center;\">90.00 %<\/td>\n<td style=\"text-align: center;\">100.00 %<\/td>\n<\/tr><tr><td>29<\/td>\n<td style=\"text-align: center;\">95.00 %<\/td>\n<td style=\"text-align: center;\">100.00 %<\/td>\n<\/tr><tr><td>30 o m&#xE1;s.<\/td>\n<td style=\"text-align: center;\">100.00 %<\/td>\n<td style=\"text-align: center;\">100.00 %<\/td>\n<\/tr><\/tbody><\/table><\/div>\n<p>Pensi\u00f3n por Muerte por Riesgos de Trabajo, cuando el Servidor P\u00fablico o Trabajador fallezca por dicha causa, cualquiera que fuera su antig\u00fcedad. El monto de la Pensi\u00f3n ser\u00e1 el equivalente al 100% del salario base de cotizaci\u00f3n. <strong>(Art\u00edculo Sexto Transitorio P\u00e1rrafo 2 Fracci\u00f3n II Ley del IPSSET).<\/strong><\/p>\n<p><strong>Para mayor informaci\u00f3n puede dirigirse a:<\/strong><\/p>\n<blockquote><p>IPSSET<br \/>\nDirecci\u00f3n de Seguridad Social<br \/>\nDepartamento Pensiones y Jubilaciones<br \/>\nJefa del departamento C.P. Limairy Elena Manzano Gonz\u00e1lez<br \/>\n17 Carrera Torres No. 102 Altos, Zona Centro. Cd. Victoria, Tamaulipas, M\u00e9xico C.P. 87000<br \/>\nConmutador: 318 73 00 Ext. 76417, 76430, 76467 y 76474<\/p><\/blockquote>\n","protected":false},"excerpt":{"rendered":"<p>Pensi\u00f3n por fallecimiento por Causas Ajenas al Trabajo, cuando el Servidor P\u00fablico o Trabajador fallezca por Causas Ajenas al Servicio y cuente con al menos\u2026<\/p>\n","protected":false},"author":8,"featured_media":0,"parent":622,"menu_order":0,"comment_status":"closed","ping_status":"closed","template":"","meta":{"footnotes":""},"class_list":["post-93","page","type-page","status-publish","hentry"],"publishpress_future_action":{"enabled":false,"date":"2026-05-23 09:47:36","action":"change-status","newStatus":"draft","terms":[],"taxonomy":""},"_links":{"self":[{"href":"https:\/\/www.tamaulipas.gob.mx\/ipsset\/wp-json\/wp\/v2\/pages\/93"}],"collection":[{"href":"https:\/\/www.tamaulipas.gob.mx\/ipsset\/wp-json\/wp\/v2\/pages"}],"about":[{"href":"https:\/\/www.tamaulipas.gob.mx\/ipsset\/wp-json\/wp\/v2\/types\/page"}],"author":[{"embeddable":true,"href":"https:\/\/www.tamaulipas.gob.mx\/ipsset\/wp-json\/wp\/v2\/users\/8"}],"replies":[{"embeddable":true,"href":"https:\/\/www.tamaulipas.gob.mx\/ipsset\/wp-json\/wp\/v2\/comments?post=93"}],"version-history":[{"count":8,"href":"https:\/\/www.tamaulipas.gob.mx\/ipsset\/wp-json\/wp\/v2\/pages\/93\/revisions"}],"predecessor-version":[{"id":4215,"href":"https:\/\/www.tamaulipas.gob.mx\/ipsset\/wp-json\/wp\/v2\/pages\/93\/revisions\/4215"}],"up":[{"embeddable":true,"href":"https:\/\/www.tamaulipas.gob.mx\/ipsset\/wp-json\/wp\/v2\/pages\/622"}],"wp:attachment":[{"href":"https:\/\/www.tamaulipas.gob.mx\/ipsset\/wp-json\/wp\/v2\/media?parent=93"}],"curies":[{"name":"wp","href":"https:\/\/api.w.org\/{rel}","templated":true}]}}