{"id":84,"date":"2018-07-12T19:07:36","date_gmt":"2018-07-12T19:07:36","guid":{"rendered":"https:\/\/www.tamaulipas.gob.mx\/ipsset\/?page_id=84"},"modified":"2026-05-07T15:03:32","modified_gmt":"2026-05-07T21:03:32","slug":"cesantia","status":"publish","type":"page","link":"https:\/\/www.tamaulipas.gob.mx\/ipsset\/pensiones-y-jubilaciones\/generacion-en-transicion\/cesantia\/","title":{"rendered":"Pensi\u00f3n por Cesant\u00eda por Edad Avanzada"},"content":{"rendered":"<p>Pensi\u00f3n por cesant\u00eda por edad avanzada, cuando cumplan 10 a\u00f1os de antig\u00fcedad generada ante el fondo de pensiones, aumentando el porcentaje de la pensi\u00f3n con la edad requerida como se muestra en la siguiente tabla: <strong>(Art\u00edculo Sexto Transitorio, P\u00e1rrafo 1, Fracci\u00f3n III de la Ley del IPSSET).<\/strong><\/p>\n<div class=\"table-responsive\"><table class=\" table table table-gobtam\"><thead><tr valign=\"middle\"><td style=\"width: 14.2857%;\">Porcentaje del sueldo regulador<\/td>\n<td style=\"width: 14.2857%; text-align: center;\">40%<\/td>\n<td style=\"width: 14.2857%; text-align: center;\">42%<\/td>\n<td style=\"width: 14.2857%; text-align: center;\">44%<\/td>\n<td style=\"width: 14.2857%; text-align: center;\">46%<\/td>\n<td style=\"width: 14.2857%; text-align: center;\">48%<\/td>\n<td style=\"width: 14.2857%; text-align: center;\">50%<\/td>\n<\/tr><\/thead><tbody><tr style=\"height: 23px;\"><td style=\"width: 14.2857%; height: 23px;\"><strong>A&#xF1;os<\/strong><\/td>\n<td style=\"width: 14.2857%; height: 23px; text-align: center;\" colspan=\"6\"><strong>Edad m&#xED;nima<\/strong><\/td>\n<\/tr><tr style=\"height: 23px;\"><td style=\"width: 14.2857%; height: 23px;\">2015<\/td>\n<td style=\"width: 14.2857%; height: 23px; text-align: center;\">60<\/td>\n<td style=\"width: 14.2857%; height: 23px; text-align: center;\">61<\/td>\n<td style=\"width: 14.2857%; height: 23px; text-align: center;\">62<\/td>\n<td style=\"width: 14.2857%; height: 23px; text-align: center;\">63<\/td>\n<td style=\"width: 14.2857%; height: 23px; text-align: center;\">64<\/td>\n<td style=\"width: 14.2857%; height: 23px; text-align: center;\">65<\/td>\n<\/tr><tr style=\"height: 23px;\"><td style=\"width: 14.2857%; height: 23px;\">2016 &#x2013; 2017<\/td>\n<td style=\"width: 14.2857%; height: 23px; text-align: center;\">61<\/td>\n<td style=\"width: 14.2857%; height: 23px; text-align: center;\">62<\/td>\n<td style=\"width: 14.2857%; height: 23px; text-align: center;\">63<\/td>\n<td style=\"width: 14.2857%; height: 23px; text-align: center;\">64<\/td>\n<td style=\"width: 14.2857%; height: 23px; text-align: center;\">65<\/td>\n<td style=\"width: 14.2857%; height: 23px; text-align: center;\">66<\/td>\n<\/tr><tr style=\"height: 23px;\"><td style=\"width: 14.2857%; height: 23px;\">2018 &#x2013; 2019<\/td>\n<td style=\"width: 14.2857%; height: 23px; text-align: center;\">62<\/td>\n<td style=\"width: 14.2857%; height: 23px; text-align: center;\">63<\/td>\n<td style=\"width: 14.2857%; height: 23px; text-align: center;\">64<\/td>\n<td style=\"width: 14.2857%; height: 23px; text-align: center;\">65<\/td>\n<td style=\"width: 14.2857%; height: 23px; text-align: center;\">66<\/td>\n<td style=\"width: 14.2857%; height: 23px; text-align: center;\">67<\/td>\n<\/tr><tr style=\"height: 23px;\"><td style=\"width: 14.2857%; height: 23px;\">2020 &#x2013; 2021<\/td>\n<td style=\"width: 14.2857%; height: 23px; text-align: center;\">63<\/td>\n<td style=\"width: 14.2857%; height: 23px; text-align: center;\">64<\/td>\n<td style=\"width: 14.2857%; height: 23px; text-align: center;\">65<\/td>\n<td style=\"width: 14.2857%; height: 23px; text-align: center;\">66<\/td>\n<td style=\"width: 14.2857%; height: 23px; text-align: center;\">67<\/td>\n<td style=\"width: 14.2857%; height: 23px; text-align: center;\">68<\/td>\n<\/tr><tr style=\"height: 23px;\"><td style=\"width: 14.2857%; height: 23px;\">2022 &#x2013; 2023<\/td>\n<td style=\"width: 14.2857%; height: 23px; text-align: center;\">64<\/td>\n<td style=\"width: 14.2857%; height: 23px; text-align: center;\">65<\/td>\n<td style=\"width: 14.2857%; height: 23px; text-align: center;\">66<\/td>\n<td style=\"width: 14.2857%; height: 23px; text-align: center;\">67<\/td>\n<td style=\"width: 14.2857%; height: 23px; text-align: center;\">68<\/td>\n<td style=\"width: 14.2857%; height: 23px; text-align: center;\">69<\/td>\n<\/tr><tr style=\"height: 23px;\"><td style=\"width: 14.2857%; height: 23px;\">2024 en adelante<\/td>\n<td style=\"width: 14.2857%; height: 23px; text-align: center;\">65<\/td>\n<td style=\"width: 14.2857%; height: 23px; text-align: center;\">66<\/td>\n<td style=\"width: 14.2857%; height: 23px; text-align: center;\">67<\/td>\n<td style=\"width: 14.2857%; height: 23px; text-align: center;\">68<\/td>\n<td style=\"width: 14.2857%; height: 23px; text-align: center;\">69<\/td>\n<td style=\"width: 14.2857%; height: 23px; text-align: center;\">70<\/td>\n<\/tr><\/tbody><\/table><\/div>\n<div class=\"panel panel-default\">\n\t\t\t\t<div class=\"panel-heading\">\n\t\t\t\t\t<h4 class=\"panel-title\">\n\t\t\t\t\t\t<a class=\"collapsed\" data-toggle=\"collapse\" data-parent=\"#single-collapse\" href=\"#single-collapse-0\">Requisitos<\/a>\n\t\t\t\t\t<\/h4>\n\t\t\t\t<\/div>\n\t\t\t\t<div id=\"single-collapse-0\" class=\"panel-collapse collapse\">\n\t\t\t\t\t<div class=\"panel-body\">\n<ul>\n<li>\n<div>Solicitud de pensi\u00f3n firmada en original.<\/div>\n<\/li>\n<li>\n<div>1 Fotograf\u00eda reciente, tama\u00f1o credencial de frente y a color.<\/div>\n<\/li>\n<li>\n<div>Copia de la hoja de servicios (Solicitarla en recursos humanos de su dependencia). En caso de ser personal federalizado deber\u00e1 presentar el documento con firma y sello original del depto. de recursos humanos de su dependencia.<\/div>\n<\/li>\n<li>\n<div>Copia de oficio de baja como personal activo. En caso de ser personal federalizado deber\u00e1 presentar el documento con firma y sello original del depto. de recursos humanos de su dependencia.<\/div>\n<\/li>\n<li>\n<div>Copia del estudio de pensi\u00f3n\u00a0 por ambos lados y firmado por el(la) solicitante. Este documento deber\u00e1 requerirlo previamente en la ventanilla del depto. de pensiones del IPSSET.<\/div>\n<\/li>\n<li>\n<div>Copia del \u00faltimo comprobante de pago de sueldo.<\/div>\n<\/li>\n<li>\n<div>Original para su cotejo y copia del acta de nacimiento.<\/div>\n<\/li>\n<li>\n<div>Copia amplificada de la credencial para votar por ambos lados vigente, pasaporte vigente o c\u00e9dula profesional legibles.<\/div>\n<\/li>\n<li>\n<div>Copia de la constancia de situaci\u00f3n fiscal expedida por el S.A.T. (Sistema de Administraci\u00f3n\u00a0\u00a0\u00a0\u00a0 Tributaria). Completa y formato del a\u00f1o en curso.<\/div>\n<\/li>\n<li>\n<div>Copia de la C.U.R.P. (Clave \u00danica de Registro de Poblaci\u00f3n). Formato del a\u00f1o en curso.<\/div>\n<\/li>\n<li>\n<div>Copia del comprobante de domicilio donde actualmente habita, reciente no mayor a 3 meses de la fecha de facturaci\u00f3n o consumo (recibo de agua, luz o telefon\u00eda fija).<\/div>\n<\/li>\n<li>\n<div>Copia del contrato de apertura del Banco o estado de cuenta reciente a nombre del(la) solicitante. Deber\u00e1 ser solicitada al Banco una cuenta de n\u00f3mina en cualquiera de los siguientes Bancos: BANORTE-IXE, BBVA BANCOMER, CITIBANAMEX, o HSBC para depositar la pensi\u00f3n.(que incluya el n\u00famero de cuenta y clabe interbancaria).<\/div>\n<\/li>\n<li>\n<div>C\u00e9dula testamentaria debidamente elaborada con los requisitos se\u00f1alados en el mismo formato.<\/div>\n<\/li>\n<li>\n<div>En caso de ser personal federalizado y contar con los fondos del SAR (Sistema de Ahorro para el Retiro) y FARTET ( Fondo para el Ahorro y el Retiro de los Trabajadores de la Educaci\u00f3n en Tamaulipas) agregar copia del hist\u00f3rico de movimientos. Solicitar en la SET (Secretar\u00eda de Educaci\u00f3n de Tamaulipas)<\/div>\n<\/li>\n<\/ul>\n<p><strong>Nota:<br \/>\n1. <\/strong>Las copias solicitadas deben de ser legibles<strong><br \/>\n2. <\/strong>Ser\u00e1 aceptada la solicitud \u00fanicamente si se presenta completa la documentaci\u00f3n, la cual debe de ser presentada de conformidad a los t\u00e9rminos anteriormente se\u00f1alados.<\/p>\n<\/div>\n\t\t\t\t<\/div>\n\t\t\t<\/div>\n<p>Para Descargar el Formato, Favor de dar clic en el siguiente enlace:<\/p>\n<ul>\n<li><a href=\"http:\/\/www.tamaulipas.gob.mx\/ipsset\/wp-content\/uploads\/sites\/46\/2026\/05\/3.-solicitud-de-pension-por-jubilacion-y-cesantia-2026.pdf\" class=\"btn btn-primary btn-sm\" target=\"_blank\"> Pensi\u00f3n por Cesant\u00eda por Edad Avanzada <\/a><\/li>\n<\/ul>\n<p><strong>Para mayor informaci\u00f3n puede dirigirse a:<\/strong><\/p>\n<blockquote><p>IPSSET<br \/>\nDirecci\u00f3n de Seguridad Social<br \/>\nDepartamento Pensiones y Jubilaciones<br \/>\nJefa del departamento C.P. Limairy Elena Manzano Gonz\u00e1lez<br \/>\n17 Carrera Torres No. 102 Altos, Zona Centro. Cd. Victoria, Tamaulipas, M\u00e9xico C.P. 87000<br \/>\nConmutador: 318 73 00 Ext. 76417, 76430, 76467 y 76474<\/p><\/blockquote>\n","protected":false},"excerpt":{"rendered":"<p>Pensi\u00f3n por cesant\u00eda por edad avanzada, cuando cumplan 10 a\u00f1os de antig\u00fcedad generada ante el fondo de pensiones, aumentando el porcentaje de la pensi\u00f3n con\u2026<\/p>\n","protected":false},"author":8,"featured_media":0,"parent":622,"menu_order":0,"comment_status":"closed","ping_status":"closed","template":"","meta":{"footnotes":""},"class_list":["post-84","page","type-page","status-publish","hentry"],"publishpress_future_action":{"enabled":false,"date":"2026-05-23 09:51:30","action":"change-status","newStatus":"draft","terms":[],"taxonomy":""},"_links":{"self":[{"href":"https:\/\/www.tamaulipas.gob.mx\/ipsset\/wp-json\/wp\/v2\/pages\/84"}],"collection":[{"href":"https:\/\/www.tamaulipas.gob.mx\/ipsset\/wp-json\/wp\/v2\/pages"}],"about":[{"href":"https:\/\/www.tamaulipas.gob.mx\/ipsset\/wp-json\/wp\/v2\/types\/page"}],"author":[{"embeddable":true,"href":"https:\/\/www.tamaulipas.gob.mx\/ipsset\/wp-json\/wp\/v2\/users\/8"}],"replies":[{"embeddable":true,"href":"https:\/\/www.tamaulipas.gob.mx\/ipsset\/wp-json\/wp\/v2\/comments?post=84"}],"version-history":[{"count":30,"href":"https:\/\/www.tamaulipas.gob.mx\/ipsset\/wp-json\/wp\/v2\/pages\/84\/revisions"}],"predecessor-version":[{"id":4361,"href":"https:\/\/www.tamaulipas.gob.mx\/ipsset\/wp-json\/wp\/v2\/pages\/84\/revisions\/4361"}],"up":[{"embeddable":true,"href":"https:\/\/www.tamaulipas.gob.mx\/ipsset\/wp-json\/wp\/v2\/pages\/622"}],"wp:attachment":[{"href":"https:\/\/www.tamaulipas.gob.mx\/ipsset\/wp-json\/wp\/v2\/media?parent=84"}],"curies":[{"name":"wp","href":"https:\/\/api.w.org\/{rel}","templated":true}]}}