{"id":823,"date":"2018-08-03T19:44:54","date_gmt":"2018-08-03T19:44:54","guid":{"rendered":"https:\/\/www.tamaulipas.gob.mx\/ipsset\/?page_id=823"},"modified":"2026-01-08T10:54:05","modified_gmt":"2026-01-08T16:54:05","slug":"unidad-deportiva","status":"publish","type":"page","link":"https:\/\/www.tamaulipas.gob.mx\/ipsset\/unidad-deportiva\/","title":{"rendered":"Unidad Deportiva"},"content":{"rendered":"<p>&nbsp;<\/p>\n<p>Acceso s\u00f3lo a trabajadores del Gobierno del Estado y a sus derechohabientes. Se encuentra abierto de lunes a viernes desde las 6:00 hrs. hasta las\u00a0 22:00 hrs. y s\u00e1bados de 8:00 a 14:00 hrs.<\/p>\n<p>El costo es de $150.00 pesos por quincena descont\u00e1ndose v\u00eda n\u00f3mina al trabajador (a).<\/p>\n<p>Las Inscripciones y Renovaciones se realizan de lunes a viernes de las 6:00 a 22:00 horas en el \u00e1rea de recepci\u00f3n del Gimnasio.<\/p>\n<a href=\"http:\/\/www.tamaulipas.gob.mx\/ipsset\/wp-content\/uploads\/sites\/46\/2025\/06\/reglamento-inst.de-acond.-fisico.pdf\" class=\"btn btn-primary btn-sm\" target=\"_blank\"> Reglamento para las Instalaciones de Acondicionamiento F\u00edsico del IPSSET<\/a>\n<p>&nbsp;<\/p>\n<div class=\"panel-group\" id=\"custom-collapse-0\">\n<div class=\"panel panel-default\">\n\t\t\t\t<div class=\"panel-heading\">\n\t\t\t\t\t<h4 class=\"panel-title\">\n\t\t\t\t\t\t<a class=\"collapsed\" data-toggle=\"collapse\" data-parent=\"#custom-collapse-0\" href=\"#custom-collapse-0-0\">Para la inscripci\u00f3n del trabajador debe cumplir con los siguientes requisitos<\/a>\n\t\t\t\t\t<\/h4>\n\t\t\t\t<\/div>\n\t\t\t\t<div id=\"custom-collapse-0-0\" class=\"panel-collapse collapse\">\n\t\t\t\t\t<div class=\"panel-body\">\n<ul>\n<li>Copia de la Credencial de Elector por ambos lados, Pasaporte vigente o C\u00e9dula Profesional legible.<\/li>\n<li>Copia de comprobantes de domicilio de dos servicios diferentes: agua, luz, tel\u00e9fono o recibo del predial al corriente (m\u00e1ximo 3 meses de facturaci\u00f3n o consumo).<\/li>\n<li>Copia de los 2 \u00faltimos comprobantes de pago de sueldo por ambos lados.<\/li>\n<li>Certificado M\u00e9dico que cuente con el nombre del m\u00e9dico y C\u00e9dula Profesional (para el trabajador y sus derechohabientes).<\/li>\n<\/ul>\n<\/div>\n\t\t\t\t<\/div>\n\t\t\t<\/div>\n<p>&nbsp;<\/p>\n<div class='owl-gallery'><div class='item'><a href='https:\/\/www.tamaulipas.gob.mx\/ipsset\/wp-content\/uploads\/sites\/46\/2018\/08\/g1.jpg' rel='galeria'><img src='https:\/\/www.tamaulipas.gob.mx\/ipsset\/wp-content\/uploads\/sites\/46\/2018\/08\/g1-850x500.jpg' srcset='' sizes='auto' alt=''><\/a><figcaption><\/figcaption><\/div><div class='item'><a href='https:\/\/www.tamaulipas.gob.mx\/ipsset\/wp-content\/uploads\/sites\/46\/2018\/08\/g2.jpg' rel='galeria'><img src='https:\/\/www.tamaulipas.gob.mx\/ipsset\/wp-content\/uploads\/sites\/46\/2018\/08\/g2-850x500.jpg' srcset='' sizes='auto' alt=''><\/a><figcaption><\/figcaption><\/div><div class='item'><a href='https:\/\/www.tamaulipas.gob.mx\/ipsset\/wp-content\/uploads\/sites\/46\/2018\/08\/g3.jpg' rel='galeria'><img src='https:\/\/www.tamaulipas.gob.mx\/ipsset\/wp-content\/uploads\/sites\/46\/2018\/08\/g3-850x500.jpg' srcset='' sizes='auto' alt=''><\/a><figcaption><\/figcaption><\/div><div class='item'><a href='https:\/\/www.tamaulipas.gob.mx\/ipsset\/wp-content\/uploads\/sites\/46\/2018\/08\/g4.jpg' rel='galeria'><img src='https:\/\/www.tamaulipas.gob.mx\/ipsset\/wp-content\/uploads\/sites\/46\/2018\/08\/g4-850x500.jpg' srcset='' sizes='auto' alt=''><\/a><figcaption><\/figcaption><\/div><div class='item'><a href='https:\/\/www.tamaulipas.gob.mx\/ipsset\/wp-content\/uploads\/sites\/46\/2018\/08\/g5.jpg' rel='galeria'><img src='https:\/\/www.tamaulipas.gob.mx\/ipsset\/wp-content\/uploads\/sites\/46\/2018\/08\/g5-850x500.jpg' srcset='' sizes='auto' alt=''><\/a><figcaption><\/figcaption><\/div><\/div>\n<h4><\/h4>\n<p><strong>Nutrici\u00f3n<\/strong><\/p>\n<p>El servicio es s\u00f3lo para los trabajadores del Gobierno del Estado y sus derechohabientes activos al Gimnasio del IPSSET. Consiste en la elaboraci\u00f3n de Planes de Alimentaci\u00f3n personalizados para el funcionamiento, crecimiento y mantenimiento de sus funciones vitales con previa cita.<\/p>\n<p>Lunes a Viernes de 16:00 a 20:00 Horas y s\u00e1bados de 10:00 a 14:00 Horas.<\/p>\n<p><strong>Alberca y Chapoteadero<\/strong><\/p>\n<div class='owl-gallery'><div class='item'><a href='https:\/\/www.tamaulipas.gob.mx\/ipsset\/wp-content\/uploads\/sites\/46\/2018\/08\/a1-1.jpg' rel='galeria'><img src='https:\/\/www.tamaulipas.gob.mx\/ipsset\/wp-content\/uploads\/sites\/46\/2018\/08\/a1-1-850x500.jpg' srcset='' sizes='auto' alt=''><\/a><figcaption><\/figcaption><\/div><div class='item'><a href='https:\/\/www.tamaulipas.gob.mx\/ipsset\/wp-content\/uploads\/sites\/46\/2018\/08\/a2-1.jpg' rel='galeria'><img src='https:\/\/www.tamaulipas.gob.mx\/ipsset\/wp-content\/uploads\/sites\/46\/2018\/08\/a2-1-850x500.jpg' srcset='' sizes='auto' alt=''><\/a><figcaption><\/figcaption><\/div><div class='item'><a href='https:\/\/www.tamaulipas.gob.mx\/ipsset\/wp-content\/uploads\/sites\/46\/2018\/08\/a5.jpg' rel='galeria'><img src='https:\/\/www.tamaulipas.gob.mx\/ipsset\/wp-content\/uploads\/sites\/46\/2018\/08\/a5-850x500.jpg' srcset='' sizes='auto' alt=''><\/a><figcaption><\/figcaption><\/div><div class='item'><a href='https:\/\/www.tamaulipas.gob.mx\/ipsset\/wp-content\/uploads\/sites\/46\/2018\/08\/c1-1.jpg' rel='galeria'><img src='https:\/\/www.tamaulipas.gob.mx\/ipsset\/wp-content\/uploads\/sites\/46\/2018\/08\/c1-1-850x500.jpg' srcset='' sizes='auto' alt=''><\/a><figcaption><\/figcaption><\/div><div class='item'><a href='https:\/\/www.tamaulipas.gob.mx\/ipsset\/wp-content\/uploads\/sites\/46\/2018\/08\/c2-1.jpg' rel='galeria'><img src='https:\/\/www.tamaulipas.gob.mx\/ipsset\/wp-content\/uploads\/sites\/46\/2018\/08\/c2-1-850x500.jpg' srcset='' sizes='auto' alt=''><\/a><figcaption><\/figcaption><\/div><\/div>\n<p>&nbsp;<\/p>\n<p>Acceso s\u00f3lo a trabajadores del Gobierno del Estado y a sus derechohabientes activos al Gimnasio del IPSSET. El uso del chapoteadero es bajo la supervisi\u00f3n de un adulto en horario disponible de lunes a viernes de 16:00 a 20:00 horas.<\/p>\n<p>&nbsp;<\/p>\n<p><strong>Zumba<\/strong><\/p>\n<p>El servicio es s\u00f3lo para las trabajadoras del Gobierno del Estado y sus derechohabientes activos al Gimnasio del IPSSET. Horario de clases de Zumba de lunes a viernes de 8:00 a 9:00 horas y 17:00 a 20:00 horas. S\u00e1bados de 8:00 a 10:00 horas.<\/p>\n<p><strong>Campos<\/strong><\/p>\n<div class='owl-gallery'><div class='item'><a href='https:\/\/www.tamaulipas.gob.mx\/ipsset\/wp-content\/uploads\/sites\/46\/2018\/08\/campo-no.-2-1.jpg' rel='galeria'><img src='https:\/\/www.tamaulipas.gob.mx\/ipsset\/wp-content\/uploads\/sites\/46\/2018\/08\/campo-no.-2-1-850x500.jpg' srcset='' sizes='auto' alt=''><\/a><figcaption><\/figcaption><\/div><div class='item'><a href='https:\/\/www.tamaulipas.gob.mx\/ipsset\/wp-content\/uploads\/sites\/46\/2018\/08\/udif1-1.jpg' rel='galeria'><img src='https:\/\/www.tamaulipas.gob.mx\/ipsset\/wp-content\/uploads\/sites\/46\/2018\/08\/udif1-1-850x500.jpg' srcset='' sizes='auto' alt=''><\/a><figcaption><\/figcaption><\/div><div class='item'><a href='https:\/\/www.tamaulipas.gob.mx\/ipsset\/wp-content\/uploads\/sites\/46\/2018\/08\/udif2-2.jpg' rel='galeria'><img src='https:\/\/www.tamaulipas.gob.mx\/ipsset\/wp-content\/uploads\/sites\/46\/2018\/08\/udif2-2-850x500.jpg' srcset='' sizes='auto' alt=''><\/a><figcaption><\/figcaption><\/div><div class='item'><a href='https:\/\/www.tamaulipas.gob.mx\/ipsset\/wp-content\/uploads\/sites\/46\/2018\/08\/udif3-1.jpg' rel='galeria'><img src='https:\/\/www.tamaulipas.gob.mx\/ipsset\/wp-content\/uploads\/sites\/46\/2018\/08\/udif3-1-850x500.jpg' srcset='' sizes='auto' alt=''><\/a><figcaption><\/figcaption><\/div><div class='item'><a href='https:\/\/www.tamaulipas.gob.mx\/ipsset\/wp-content\/uploads\/sites\/46\/2018\/08\/udif4-1.jpg' rel='galeria'><img src='https:\/\/www.tamaulipas.gob.mx\/ipsset\/wp-content\/uploads\/sites\/46\/2018\/08\/udif4-1-850x500.jpg' srcset='' sizes='auto' alt=''><\/a><figcaption><\/figcaption><\/div><\/div>\n<p>&nbsp;<\/p>\n<div class=\"panel-group\" id=\"custom-collapse-1\"><\/div>\n<div class=\"panel panel-default\">\n\t\t\t\t<div class=\"panel-heading\">\n\t\t\t\t\t<h4 class=\"panel-title\">\n\t\t\t\t\t\t<a class=\"collapsed\" data-toggle=\"collapse\" data-parent=\"#custom-collapse-1\" href=\"#custom-collapse-1-1\">Requisitos para el uso de los campos de f\u00fatbol<\/a>\n\t\t\t\t\t<\/h4>\n\t\t\t\t<\/div>\n\t\t\t\t<div id=\"custom-collapse-1-1\" class=\"panel-collapse collapse\">\n\t\t\t\t\t<div class=\"panel-body\">\n<ul>\n<li>Solicitud por escrito dirigida a la Direcci\u00f3n General del IPSSET. Servicio que se proporciona a las Ligas de F\u00fatbol del SUTSPET y MAGISTERIAL. Se cuenta con cinco campos de f\u00fatbol.<\/li>\n<\/ul>\n<\/div>\n\t\t\t\t<\/div>\n\t\t\t<\/div>\n<div class=\"panel panel-default\">\n\t\t\t\t<div class=\"panel-heading\">\n\t\t\t\t\t<h4 class=\"panel-title\">\n\t\t\t\t\t\t<a class=\"collapsed\" data-toggle=\"collapse\" data-parent=\"#custom-collapse-1\" href=\"#custom-collapse-1-2\">Requisitos para el uso del campo de softbol<\/a>\n\t\t\t\t\t<\/h4>\n\t\t\t\t<\/div>\n\t\t\t\t<div id=\"custom-collapse-1-2\" class=\"panel-collapse collapse\">\n\t\t\t\t\t<div class=\"panel-body\">\n<ul>\n<li>Solicitud por escrito dirigida a la Direcci\u00f3n General del IPSSET<\/li>\n<\/ul>\n<\/div>\n\t\t\t\t<\/div>\n\t\t\t<\/div>\n<\/div>\n<p><strong>\u00c1reas Verdes, Juegos Infantiles, Pista de Caminata, Canchas de Basquetbol y Voleibol<\/strong><\/p>\n<div class='owl-gallery'><div class='item'><a href='https:\/\/www.tamaulipas.gob.mx\/ipsset\/wp-content\/uploads\/sites\/46\/2018\/08\/j1.jpg' rel='galeria'><img src='https:\/\/www.tamaulipas.gob.mx\/ipsset\/wp-content\/uploads\/sites\/46\/2018\/08\/j1-850x500.jpg' srcset='' sizes='auto' alt=''><\/a><figcaption><\/figcaption><\/div><div class='item'><a href='https:\/\/www.tamaulipas.gob.mx\/ipsset\/wp-content\/uploads\/sites\/46\/2018\/08\/j2.jpg' rel='galeria'><img src='https:\/\/www.tamaulipas.gob.mx\/ipsset\/wp-content\/uploads\/sites\/46\/2018\/08\/j2-850x500.jpg' srcset='' sizes='auto' alt=''><\/a><figcaption><\/figcaption><\/div><div class='item'><a href='https:\/\/www.tamaulipas.gob.mx\/ipsset\/wp-content\/uploads\/sites\/46\/2018\/08\/j3.jpg' rel='galeria'><img src='https:\/\/www.tamaulipas.gob.mx\/ipsset\/wp-content\/uploads\/sites\/46\/2018\/08\/j3-850x500.jpg' srcset='' sizes='auto' alt=''><\/a><figcaption><\/figcaption><\/div><div class='item'><a href='https:\/\/www.tamaulipas.gob.mx\/ipsset\/wp-content\/uploads\/sites\/46\/2018\/08\/j4.jpg' rel='galeria'><img src='https:\/\/www.tamaulipas.gob.mx\/ipsset\/wp-content\/uploads\/sites\/46\/2018\/08\/j4-850x500.jpg' srcset='' sizes='auto' alt=''><\/a><figcaption><\/figcaption><\/div><\/div>\n<ul>\n<li>Servicio para el p\u00fablico en general. En horario de lunes a viernes de las 6:00 a 22:00 horas, y los s\u00e1bados de las 7:00 a 14:00 horas.<\/li>\n<\/ul>\n<p><strong>Para mayor informaci\u00f3n favor de comunicarse a:<\/strong><\/p>\n<blockquote><p>IPSSET<br \/>\nDirecci\u00f3n de Seguridad Social<br \/>\nDepartamento de Actividades Deportivas y\u00a0Recreativas<br \/>\nJefe del departamento Arq. Carlos Arturo Vargas Garza<br \/>\nCalle Sierra Madre E\/Sierra Nevada y Libramiento Emilio Portes Gil. CP 87037 Fracc. Sierra Madre.<br \/>\nTel. (834) 112 51 36 Conmutador: 318 73 00 Ext. 76468, 76469<\/p><\/blockquote>\n<p><iframe loading=\"lazy\" style=\"border: 0;\" src=\"https:\/\/www.google.com\/maps\/embed?pb=!1m18!1m12!1m3!1d6206.168703622137!2d-99.17213634913705!3d23.745933751119246!2m3!1f0!2f0!3f0!3m2!1i1024!2i768!4f13.1!3m3!1m2!1s0x0%3A0xcdc70ae31de841c9!2sIPSSET!5e0!3m2!1ses-419!2smx!4v1491503156712\" width=\"100%\" height=\"400\" frameborder=\"0\" allowfullscreen=\"allowfullscreen\"><\/iframe><\/p>\n","protected":false},"excerpt":{"rendered":"<p>&nbsp; Acceso s\u00f3lo a trabajadores del Gobierno del Estado y a sus derechohabientes. Se encuentra abierto de lunes a viernes desde las 6:00 hrs. hasta\u2026<\/p>\n","protected":false},"author":8,"featured_media":0,"parent":0,"menu_order":0,"comment_status":"closed","ping_status":"closed","template":"","meta":{"footnotes":""},"class_list":["post-823","page","type-page","status-publish","hentry"],"publishpress_future_action":{"enabled":false,"date":"2026-04-26 08:51:58","action":"change-status","newStatus":"draft","terms":[],"taxonomy":""},"_links":{"self":[{"href":"https:\/\/www.tamaulipas.gob.mx\/ipsset\/wp-json\/wp\/v2\/pages\/823"}],"collection":[{"href":"https:\/\/www.tamaulipas.gob.mx\/ipsset\/wp-json\/wp\/v2\/pages"}],"about":[{"href":"https:\/\/www.tamaulipas.gob.mx\/ipsset\/wp-json\/wp\/v2\/types\/page"}],"author":[{"embeddable":true,"href":"https:\/\/www.tamaulipas.gob.mx\/ipsset\/wp-json\/wp\/v2\/users\/8"}],"replies":[{"embeddable":true,"href":"https:\/\/www.tamaulipas.gob.mx\/ipsset\/wp-json\/wp\/v2\/comments?post=823"}],"version-history":[{"count":52,"href":"https:\/\/www.tamaulipas.gob.mx\/ipsset\/wp-json\/wp\/v2\/pages\/823\/revisions"}],"predecessor-version":[{"id":4115,"href":"https:\/\/www.tamaulipas.gob.mx\/ipsset\/wp-json\/wp\/v2\/pages\/823\/revisions\/4115"}],"wp:attachment":[{"href":"https:\/\/www.tamaulipas.gob.mx\/ipsset\/wp-json\/wp\/v2\/media?parent=823"}],"curies":[{"name":"wp","href":"https:\/\/api.w.org\/{rel}","templated":true}]}}