{"id":624,"date":"2018-08-02T20:24:36","date_gmt":"2018-08-02T20:24:36","guid":{"rendered":"https:\/\/www.tamaulipas.gob.mx\/ipsset\/?page_id=624"},"modified":"2026-03-18T13:41:57","modified_gmt":"2026-03-18T19:41:57","slug":"nuevas-generaciones","status":"publish","type":"page","link":"https:\/\/www.tamaulipas.gob.mx\/ipsset\/pensiones-y-jubilaciones\/nuevas-generaciones\/","title":{"rendered":"Pensiones para nuevas generaciones"},"content":{"rendered":"<div class=\"table-responsive\"><table class=\" table table table-gobtam\"><thead><tr><td>Pensiones para nuevas generaciones<\/td>\n<td style=\"width: 110px;\"><\/td>\n<\/tr><\/thead><tbody><tr><td>Pensi&#xF3;n por Jubilaci&#xF3;n<\/td>\n<td><a href=\"https:\/\/www.tamaulipas.gob.mx\/ipsset\/pensiones-y-jubilaciones\/nuevas-generaciones\/jubilacion\/\" class=\"btn btn-primary btn-sm\"> Ver informaci&#xF3;n <\/a><\/td>\n<\/tr><tr><td>Pensi&#xF3;n Anticipada<\/td>\n<td><a href=\"https:\/\/www.tamaulipas.gob.mx\/ipsset\/pensiones-y-jubilaciones\/nuevas-generaciones\/anticipada\/\" class=\"btn btn-primary btn-sm\"> Ver informaci&#xF3;n <\/a><\/td>\n<\/tr><tr><td>Pensi&#xF3;n de Retiro Edad Avanzada y Tiempo de Servicio<\/td>\n<td><a href=\"https:\/\/www.tamaulipas.gob.mx\/ipsset\/pensiones-y-jubilaciones\/nuevas-generaciones\/retiro\/\" class=\"btn btn-primary btn-sm\"> Ver informaci&#xF3;n <\/a><\/td>\n<\/tr><tr><td>Pensi&#xF3;n por Fallecimiento<\/td>\n<td><a href=\"https:\/\/www.tamaulipas.gob.mx\/ipsset\/pensiones-y-jubilaciones\/nuevas-generaciones\/fallecimiento\/\" class=\"btn btn-primary btn-sm\"> Ver informaci&#xF3;n <\/a><\/td>\n<\/tr><tr><td>Pensi&#xF3;n por Orfandad Personal Activo<\/td>\n<td><a href=\"https:\/\/www.tamaulipas.gob.mx\/ipsset\/pensiones-y-jubilaciones\/nuevas-generaciones\/pension-por-orfandad-personal-activo\/\" class=\"btn btn-primary btn-sm\"> Ver informaci&#xF3;n <\/a><\/td>\n<\/tr><tr><td>Pensi&#xF3;n por Orfandad Personal Pensionista<\/td>\n<td><a href=\"https:\/\/www.tamaulipas.gob.mx\/ipsset\/pensiones-y-jubilaciones\/nuevas-generaciones\/pension-por-orfandad-personal-pensionista\/\" class=\"btn btn-primary btn-sm\"> Ver informaci&#xF3;n <\/a><\/td>\n<\/tr><tr><td>Pensi&#xF3;n por Viudez Personal Activo<\/td>\n<td><a href=\"https:\/\/www.tamaulipas.gob.mx\/ipsset\/pensiones-y-jubilaciones\/nuevas-generaciones\/pension-por-viudez-personal-activo\/\" class=\"btn btn-primary btn-sm\"> Ver informaci&#xF3;n <\/a><\/td>\n<\/tr><tr><td>Pensi&#xF3;n por Viudez Personal Pensionista<\/td>\n<td><a href=\"https:\/\/www.tamaulipas.gob.mx\/ipsset\/pensiones-y-jubilaciones\/nuevas-generaciones\/pension-por-viudez-personal-pensionista\/\" class=\"btn btn-primary btn-sm\"> Ver informaci&#xF3;n <\/a><\/td>\n<\/tr><tr><td>Pensi&#xF3;n por Ascendencia Personal Activo<\/td>\n<td><a href=\"https:\/\/www.tamaulipas.gob.mx\/ipsset\/pensiones-y-jubilaciones\/nuevas-generaciones\/pension-por-ascendencia-personal-activo\/\" class=\"btn btn-primary btn-sm\"> Ver informaci&#xF3;n <\/a><\/td>\n<\/tr><tr><td>Pensi&#xF3;n por Ascendencia Personal Pensionista<\/td>\n<td><a href=\"https:\/\/www.tamaulipas.gob.mx\/ipsset\/pensiones-y-jubilaciones\/nuevas-generaciones\/pension-por-ascendencia-personal-pensionista\/\" class=\"btn btn-primary btn-sm\"> Ver informaci&#xF3;n <\/a><\/td>\n<\/tr><tr><td>Pensi&#xF3;n por Ascendencia por Riesgo de Trabajo<\/td>\n<td><a href=\"https:\/\/www.tamaulipas.gob.mx\/ipsset\/pensiones-y-jubilaciones\/nuevas-generaciones\/pension-por-ascendencia-por-riesgo-de-trabajo\/\" class=\"btn btn-primary btn-sm\"> Ver informaci&#xF3;n <\/a><\/td>\n<\/tr><tr><td>Pensi&#xF3;n de Orfandad por Riesgo de Trabajo<\/td>\n<td><a href=\"https:\/\/www.tamaulipas.gob.mx\/ipsset\/pensiones-y-jubilaciones\/nuevas-generaciones\/pension-de-orfandad-por-riesgo-de-trabajo\/\" class=\"btn btn-primary btn-sm\"> Ver informaci&#xF3;n <\/a><\/td>\n<\/tr><tr><td>Pensi&#xF3;n por Viudez por Riesgo de Trabajo<\/td>\n<td><a href=\"https:\/\/www.tamaulipas.gob.mx\/ipsset\/pensiones-y-jubilaciones\/nuevas-generaciones\/pension-por-viudez-por-riesgo-de-trabajo\/\" class=\"btn btn-primary btn-sm\"> Ver informaci&#xF3;n <\/a><\/td>\n<\/tr><tr><td>Pensi&#xF3;n por Invalidez por causas ajenas al Trabajo<\/td>\n<td><a href=\"https:\/\/www.tamaulipas.gob.mx\/ipsset\/pensiones-y-jubilaciones\/nuevas-generaciones\/pension-por-invalidez-por-causas-ajenas-al-trabajo\/\" class=\"btn btn-primary btn-sm\"> Ver informaci&#xF3;n <\/a><\/td>\n<\/tr><tr><td>Pensi&#xF3;n por Riesgo de Trabajo<\/td>\n<td><a href=\"https:\/\/www.tamaulipas.gob.mx\/ipsset\/pensiones-y-jubilaciones\/nuevas-generaciones\/pension-por-riesgo-de-trabajo\/\" class=\"btn btn-primary btn-sm\"> Ver informaci&#xF3;n <\/a><\/td>\n<\/tr><\/tbody><\/table><\/div>\n<p><strong>Para mayor informaci\u00f3n puede dirigirse a:<\/strong><\/p>\n<blockquote><p>IPSSET<br \/>\nDirecci\u00f3n de Seguridad Social<br \/>\nDepartamento Pensiones y Jubilaciones<br \/>\nJefa del departamento C.P. Limairy Elena Manzano Gonz\u00e1lez<br \/>\n17 Carrera Torres No. 102 Altos, Zona Centro. Cd. Victoria, Tamaulipas, M\u00e9xico C.P. 87000<br \/>\nConmutador: 318 73 00 Ext. 76417, 76430, 76467 y 76474<\/p><\/blockquote>\n","protected":false},"excerpt":{"rendered":"<p>Para mayor informaci\u00f3n puede dirigirse a: IPSSET Direcci\u00f3n de Seguridad Social Departamento Pensiones y Jubilaciones Jefa del departamento C.P. Limairy Elena Manzano Gonz\u00e1lez 17 Carrera\u2026<\/p>\n","protected":false},"author":59,"featured_media":0,"parent":619,"menu_order":0,"comment_status":"closed","ping_status":"closed","template":"","meta":{"footnotes":""},"class_list":["post-624","page","type-page","status-publish","hentry"],"publishpress_future_action":{"enabled":false,"date":"2026-04-26 08:52:12","action":"change-status","newStatus":"draft","terms":[],"taxonomy":""},"_links":{"self":[{"href":"https:\/\/www.tamaulipas.gob.mx\/ipsset\/wp-json\/wp\/v2\/pages\/624"}],"collection":[{"href":"https:\/\/www.tamaulipas.gob.mx\/ipsset\/wp-json\/wp\/v2\/pages"}],"about":[{"href":"https:\/\/www.tamaulipas.gob.mx\/ipsset\/wp-json\/wp\/v2\/types\/page"}],"author":[{"embeddable":true,"href":"https:\/\/www.tamaulipas.gob.mx\/ipsset\/wp-json\/wp\/v2\/users\/59"}],"replies":[{"embeddable":true,"href":"https:\/\/www.tamaulipas.gob.mx\/ipsset\/wp-json\/wp\/v2\/comments?post=624"}],"version-history":[{"count":7,"href":"https:\/\/www.tamaulipas.gob.mx\/ipsset\/wp-json\/wp\/v2\/pages\/624\/revisions"}],"predecessor-version":[{"id":4207,"href":"https:\/\/www.tamaulipas.gob.mx\/ipsset\/wp-json\/wp\/v2\/pages\/624\/revisions\/4207"}],"up":[{"embeddable":true,"href":"https:\/\/www.tamaulipas.gob.mx\/ipsset\/wp-json\/wp\/v2\/pages\/619"}],"wp:attachment":[{"href":"https:\/\/www.tamaulipas.gob.mx\/ipsset\/wp-json\/wp\/v2\/media?parent=624"}],"curies":[{"name":"wp","href":"https:\/\/api.w.org\/{rel}","templated":true}]}}