{"id":619,"date":"2018-08-02T20:09:38","date_gmt":"2018-08-02T20:09:38","guid":{"rendered":"https:\/\/www.tamaulipas.gob.mx\/ipsset\/?page_id=619"},"modified":"2026-03-18T13:41:13","modified_gmt":"2026-03-18T19:41:13","slug":"pensiones-y-jubilaciones","status":"publish","type":"page","link":"https:\/\/www.tamaulipas.gob.mx\/ipsset\/pensiones-y-jubilaciones\/","title":{"rendered":"Pensiones y jubilaciones"},"content":{"rendered":"<div class=\"table-responsive\"><table class=\" table table table-gobtam\"><thead><tr><td>Pensiones y jubilaciones<\/td>\n<td style=\"width: 110px;\"><\/td>\n<\/tr><\/thead><tbody><tr><td>Pensiones para generaci&#xF3;n en transici&#xF3;n<\/td>\n<td><a href=\"https:\/\/www.tamaulipas.gob.mx\/ipsset\/pensiones-y-jubilaciones\/generacion-en-transicion\/\" class=\"btn btn-primary btn-sm\"> Ver informaci&#xF3;n <\/a><\/td>\n<\/tr><tr><td>Pensiones para nuevas generaciones<\/td>\n<td><a href=\"https:\/\/www.tamaulipas.gob.mx\/ipsset\/pensiones-y-jubilaciones\/nuevas-generaciones\/\" class=\"btn btn-primary btn-sm\"> Ver informaci&#xF3;n <\/a><\/td>\n<\/tr><tr><td>Becas para Hijos de Pensionados y Jubilados<\/td>\n<td><a href=\"https:\/\/www.tamaulipas.gob.mx\/ipsset\/pensiones-y-jubilaciones\/becas\/\" class=\"btn btn-primary btn-sm\"> Ver informaci&#xF3;n <\/a><\/td>\n<\/tr><tr><td>Solicitud de Estudio de Antig&#xFC;edad<\/td>\n<td><a href=\"https:\/\/www.tamaulipas.gob.mx\/ipsset\/pensiones-y-jubilaciones\/antiguedad\/\" class=\"btn btn-primary btn-sm\"> Ver informaci&#xF3;n <\/a><\/td>\n<\/tr><tr><td>Ayuda para Gastos Funerarios<\/td>\n<td><a href=\"https:\/\/www.tamaulipas.gob.mx\/ipsset\/pensiones-y-jubilaciones\/gastos-funerarios\/\" class=\"btn btn-primary btn-sm\"> Ver informaci&#xF3;n <\/a><\/td>\n<\/tr><tr><td>Seguro por Causa de Muerte<\/td>\n<td><a href=\"https:\/\/www.tamaulipas.gob.mx\/ipsset\/pensiones-y-jubilaciones\/seguro\/\" class=\"btn btn-primary btn-sm\"> Ver informaci&#xF3;n <\/a><\/td>\n<\/tr><\/tbody><\/table><\/div>\n<p><strong>Para mayor informaci\u00f3n puede dirigirse a:<\/strong><\/p>\n<blockquote><p>IPSSET<br \/>\nDirecci\u00f3n de Seguridad Social<br \/>\nDepartamento Pensiones y Jubilaciones<br \/>\nJefa del departamento C.P. Limairy Elena Manzano Gonz\u00e1lez<br \/>\n17 Carrera Torres No. 102 Altos, Zona Centro. Cd. Victoria, Tamaulipas, M\u00e9xico C.P. 87000<br \/>\nConmutador: 318 73 00 Ext. 76417, 76430, 76467 y 76474<\/p><\/blockquote>\n","protected":false},"excerpt":{"rendered":"<p>Para mayor informaci\u00f3n puede dirigirse a: IPSSET Direcci\u00f3n de Seguridad Social Departamento Pensiones y Jubilaciones Jefa del departamento C.P. Limairy Elena Manzano Gonz\u00e1lez 17 Carrera\u2026<\/p>\n","protected":false},"author":59,"featured_media":0,"parent":0,"menu_order":0,"comment_status":"closed","ping_status":"closed","template":"","meta":{"footnotes":""},"class_list":["post-619","page","type-page","status-publish","hentry"],"publishpress_future_action":{"enabled":false,"date":"2026-04-26 08:52:13","action":"change-status","newStatus":"draft","terms":[],"taxonomy":""},"_links":{"self":[{"href":"https:\/\/www.tamaulipas.gob.mx\/ipsset\/wp-json\/wp\/v2\/pages\/619"}],"collection":[{"href":"https:\/\/www.tamaulipas.gob.mx\/ipsset\/wp-json\/wp\/v2\/pages"}],"about":[{"href":"https:\/\/www.tamaulipas.gob.mx\/ipsset\/wp-json\/wp\/v2\/types\/page"}],"author":[{"embeddable":true,"href":"https:\/\/www.tamaulipas.gob.mx\/ipsset\/wp-json\/wp\/v2\/users\/59"}],"replies":[{"embeddable":true,"href":"https:\/\/www.tamaulipas.gob.mx\/ipsset\/wp-json\/wp\/v2\/comments?post=619"}],"version-history":[{"count":11,"href":"https:\/\/www.tamaulipas.gob.mx\/ipsset\/wp-json\/wp\/v2\/pages\/619\/revisions"}],"predecessor-version":[{"id":4205,"href":"https:\/\/www.tamaulipas.gob.mx\/ipsset\/wp-json\/wp\/v2\/pages\/619\/revisions\/4205"}],"wp:attachment":[{"href":"https:\/\/www.tamaulipas.gob.mx\/ipsset\/wp-json\/wp\/v2\/media?parent=619"}],"curies":[{"name":"wp","href":"https:\/\/api.w.org\/{rel}","templated":true}]}}