{"id":611,"date":"2018-08-02T18:44:38","date_gmt":"2018-08-02T18:44:38","guid":{"rendered":"https:\/\/www.tamaulipas.gob.mx\/ipsset\/?page_id=611"},"modified":"2020-10-22T12:01:39","modified_gmt":"2020-10-22T17:01:39","slug":"hipotecario","status":"publish","type":"page","link":"https:\/\/www.tamaulipas.gob.mx\/ipsset\/prestaciones\/hipotecario\/","title":{"rendered":"Pr\u00e9stamo hipotecario"},"content":{"rendered":"<div class=\"table-responsive\"><table class=\" table table table-gobtam\"><thead><tr><td>Pr&#xE9;stamo hipotecario<\/td>\n<td style=\"width: 110px;\"><\/td>\n<\/tr><\/thead><tbody><tr><td>Requisitos para Adquisici&#xF3;n de Vivienda<\/td>\n<td><a href=\"https:\/\/www.tamaulipas.gob.mx\/ipsset\/prestaciones\/hipotecario\/adquisicion-de-vivienda\/\" class=\"btn btn-primary btn-sm\"> Ver informaci&#xF3;n <\/a><\/td>\n<\/tr><tr><td>Requisitos para Construcci&#xF3;n<\/td>\n<td><a href=\"https:\/\/www.tamaulipas.gob.mx\/ipsset\/prestaciones\/hipotecario\/construccion\/\" class=\"btn btn-primary btn-sm\"> Ver informaci&#xF3;n <\/a><\/td>\n<\/tr><tr><td>Requisitos para Liberaci&#xF3;n de Grav&#xE1;men<\/td>\n<td><a href=\"https:\/\/www.tamaulipas.gob.mx\/ipsset\/prestaciones\/hipotecario\/liberacion-de-gravamen\/\" class=\"btn btn-primary btn-sm\"> Ver informaci&#xF3;n <\/a><\/td>\n<\/tr><tr><td>Requisitos para Mejoramiento<\/td>\n<td><a href=\"https:\/\/www.tamaulipas.gob.mx\/ipsset\/prestaciones\/hipotecario\/mejoramiento\/\" class=\"btn btn-primary btn-sm\"> Ver informaci&#xF3;n <\/a><\/td>\n<\/tr><tr><td>Requisitos para Pr&#xE9;stamo Hipotecario de Liquidez<\/td>\n<td><a href=\"https:\/\/www.tamaulipas.gob.mx\/ipsset\/prestaciones\/hipotecario\/liquidez\/\" class=\"btn btn-primary btn-sm\"> Ver informaci&#xF3;n <\/a><\/td>\n<\/tr><\/tbody><\/table><\/div>\n<p><strong>Para mayor informaci\u00f3n puede dirigirse a:<\/strong><\/p>\n<blockquote><p>IPSSET<br \/>\nDirecci\u00f3n de Seguridad Social<br \/>\nDepartamento Prestaciones Econ\u00f3micas<br \/>\nJefe del departamento Norma Alicia Hern\u00e1ndez Brambila<br \/>\n17 Carrera Torres No. 102 Altos, Zona Centro. Cd. Victoria, Tamaulipas, M\u00e9xico C.P. 87000<br \/>\nConmutador: 318 73 00 Ext. 6416, 76443 y 6448<\/p><\/blockquote>\n","protected":false},"excerpt":{"rendered":"<p>Para mayor informaci\u00f3n puede dirigirse a: IPSSET Direcci\u00f3n de Seguridad Social Departamento Prestaciones Econ\u00f3micas Jefe del departamento Norma Alicia Hern\u00e1ndez Brambila 17 Carrera Torres No.\u2026<\/p>\n","protected":false},"author":59,"featured_media":0,"parent":602,"menu_order":0,"comment_status":"closed","ping_status":"closed","template":"","meta":{"footnotes":""},"class_list":["post-611","page","type-page","status-publish","hentry"],"publishpress_future_action":{"enabled":false,"date":"2026-05-23 09:40:43","action":"change-status","newStatus":"draft","terms":[],"taxonomy":""},"_links":{"self":[{"href":"https:\/\/www.tamaulipas.gob.mx\/ipsset\/wp-json\/wp\/v2\/pages\/611"}],"collection":[{"href":"https:\/\/www.tamaulipas.gob.mx\/ipsset\/wp-json\/wp\/v2\/pages"}],"about":[{"href":"https:\/\/www.tamaulipas.gob.mx\/ipsset\/wp-json\/wp\/v2\/types\/page"}],"author":[{"embeddable":true,"href":"https:\/\/www.tamaulipas.gob.mx\/ipsset\/wp-json\/wp\/v2\/users\/59"}],"replies":[{"embeddable":true,"href":"https:\/\/www.tamaulipas.gob.mx\/ipsset\/wp-json\/wp\/v2\/comments?post=611"}],"version-history":[{"count":5,"href":"https:\/\/www.tamaulipas.gob.mx\/ipsset\/wp-json\/wp\/v2\/pages\/611\/revisions"}],"predecessor-version":[{"id":2167,"href":"https:\/\/www.tamaulipas.gob.mx\/ipsset\/wp-json\/wp\/v2\/pages\/611\/revisions\/2167"}],"up":[{"embeddable":true,"href":"https:\/\/www.tamaulipas.gob.mx\/ipsset\/wp-json\/wp\/v2\/pages\/602"}],"wp:attachment":[{"href":"https:\/\/www.tamaulipas.gob.mx\/ipsset\/wp-json\/wp\/v2\/media?parent=611"}],"curies":[{"name":"wp","href":"https:\/\/api.w.org\/{rel}","templated":true}]}}