{"id":602,"date":"2018-08-02T18:00:37","date_gmt":"2018-08-02T18:00:37","guid":{"rendered":"https:\/\/www.tamaulipas.gob.mx\/ipsset\/?page_id=602"},"modified":"2022-05-11T09:39:36","modified_gmt":"2022-05-11T14:39:36","slug":"prestaciones","status":"publish","type":"page","link":"https:\/\/www.tamaulipas.gob.mx\/ipsset\/prestaciones\/","title":{"rendered":"Prestaciones Econ\u00f3micas"},"content":{"rendered":"<div class=\"table-responsive\"><table style=\"height: 456px;\" class=\" table table table-gobtam\"><thead><tr style=\"height: 24px;\"><td style=\"height: 24px; width: 717.515625px;\">Prestaciones econ&#xF3;micas<\/td>\n<td style=\"width: 527.484375px; height: 24px;\"><\/td>\n<\/tr><\/thead><tbody><tr style=\"height: 72px;\"><td style=\"height: 72px; width: 717.515625px;\">Pr&#xE9;stamo a Mediano Plazo (Adquisici&#xF3;n de Veh&#xED;culo Nuevo)<\/td>\n<td style=\"height: 72px; width: 527.484375px;\"><a href=\"https:\/\/www.tamaulipas.gob.mx\/ipsset\/prestaciones\/mediano-plazo\/\" class=\"btn btn-primary btn-sm\"> Ver informaci&#xF3;n <\/a><\/td>\n<\/tr><tr style=\"height: 72px;\"><td style=\"height: 72px; width: 717.515625px;\">Pr&#xE9;stamo Corto Plazo<\/td>\n<td style=\"height: 72px; width: 527.484375px;\"><a href=\"https:\/\/www.tamaulipas.gob.mx\/ipsset\/prestaciones\/corto-plazo\/\" class=\"btn btn-primary btn-sm\"> Ver informaci&#xF3;n <\/a><\/td>\n<\/tr><tr style=\"height: 72px;\"><td style=\"height: 72px; width: 717.515625px;\">Pr&#xE9;stamo de &#xDA;tiles Escolares<\/td>\n<td style=\"height: 72px; width: 527.484375px;\"><a href=\"https:\/\/www.tamaulipas.gob.mx\/ipsset\/prestaciones\/utiles-escolares\/\" class=\"btn btn-primary btn-sm\"> Ver informaci&#xF3;n <\/a><\/td>\n<\/tr><tr style=\"height: 72px;\"><td style=\"height: 72px; width: 717.515625px;\">Pr&#xE9;stamo Especial<\/td>\n<td style=\"height: 72px; width: 527.484375px;\"><a href=\"https:\/\/www.tamaulipas.gob.mx\/ipsset\/prestaciones\/especial\/\" class=\"btn btn-primary btn-sm\"> Ver informaci&#xF3;n <\/a><\/td>\n<\/tr><tr style=\"height: 72px;\"><td style=\"height: 72px; width: 717.515625px;\">Pr&#xE9;stamo para Liquidez<\/td>\n<td style=\"height: 72px; width: 527.484375px;\"><a href=\"https:\/\/www.tamaulipas.gob.mx\/ipsset\/prestaciones\/para-liquidez\/\" class=\"btn btn-primary btn-sm\"> Ver informaci&#xF3;n <\/a><\/td>\n<\/tr><tr style=\"height: 72px;\"><td style=\"height: 72px; width: 717.515625px;\">Pr&#xE9;stamos Hipotecarios<\/td>\n<td style=\"height: 72px; width: 527.484375px;\"><a href=\"https:\/\/www.tamaulipas.gob.mx\/ipsset\/prestaciones\/hipotecario\/\" class=\"btn btn-primary btn-sm\"> Ver informaci&#xF3;n <\/a><\/td>\n<\/tr><tr><td style=\"width: 718px;\">Pr&#xE9;stamo Extraordinario<\/td>\n<td style=\"width: 526px;\"><a href=\"https:\/\/www.tamaulipas.gob.mx\/ipsset\/prestaciones\/prestamo-extraordinario\/\" class=\"btn btn-primary btn-sm\"> Ver informaci&#xF3;n <\/a><\/td>\n<\/tr><\/tbody><\/table><\/div>\n<p><strong>Para mayor informaci\u00f3n puede dirigirse a:<\/strong><\/p>\n<blockquote><p>IPSSET<br \/>\nDirecci\u00f3n de Seguridad Social<br \/>\nDepartamento Prestaciones Econ\u00f3micas<br \/>\nJefe del departamento Norma Alicia Hern\u00e1ndez Brambila<br \/>\n17 Carrera Torres No. 102 Altos, Zona Centro. Cd. Victoria, Tamaulipas, M\u00e9xico C.P. 87000<br \/>\nConmutador: 318 73 00 Ext. 76416, 76443 y 76448<\/p><\/blockquote>\n","protected":false},"excerpt":{"rendered":"<p>Para mayor informaci\u00f3n puede dirigirse a: IPSSET Direcci\u00f3n de Seguridad Social Departamento Prestaciones Econ\u00f3micas Jefe del departamento Norma Alicia Hern\u00e1ndez Brambila 17 Carrera Torres No.\u2026<\/p>\n","protected":false},"author":59,"featured_media":0,"parent":0,"menu_order":0,"comment_status":"closed","ping_status":"closed","template":"","meta":{"footnotes":""},"class_list":["post-602","page","type-page","status-publish","hentry"],"publishpress_future_action":{"enabled":false,"date":"2026-04-26 08:50:47","action":"change-status","newStatus":"draft","terms":[],"taxonomy":""},"_links":{"self":[{"href":"https:\/\/www.tamaulipas.gob.mx\/ipsset\/wp-json\/wp\/v2\/pages\/602"}],"collection":[{"href":"https:\/\/www.tamaulipas.gob.mx\/ipsset\/wp-json\/wp\/v2\/pages"}],"about":[{"href":"https:\/\/www.tamaulipas.gob.mx\/ipsset\/wp-json\/wp\/v2\/types\/page"}],"author":[{"embeddable":true,"href":"https:\/\/www.tamaulipas.gob.mx\/ipsset\/wp-json\/wp\/v2\/users\/59"}],"replies":[{"embeddable":true,"href":"https:\/\/www.tamaulipas.gob.mx\/ipsset\/wp-json\/wp\/v2\/comments?post=602"}],"version-history":[{"count":17,"href":"https:\/\/www.tamaulipas.gob.mx\/ipsset\/wp-json\/wp\/v2\/pages\/602\/revisions"}],"predecessor-version":[{"id":2678,"href":"https:\/\/www.tamaulipas.gob.mx\/ipsset\/wp-json\/wp\/v2\/pages\/602\/revisions\/2678"}],"wp:attachment":[{"href":"https:\/\/www.tamaulipas.gob.mx\/ipsset\/wp-json\/wp\/v2\/media?parent=602"}],"curies":[{"name":"wp","href":"https:\/\/api.w.org\/{rel}","templated":true}]}}