{"id":555,"date":"2018-08-02T13:58:18","date_gmt":"2018-08-02T13:58:18","guid":{"rendered":"https:\/\/www.tamaulipas.gob.mx\/ipsset\/?page_id=555"},"modified":"2025-08-04T09:19:31","modified_gmt":"2025-08-04T15:19:31","slug":"numero-3","status":"publish","type":"page","link":"https:\/\/www.tamaulipas.gob.mx\/ipsset\/cendis\/numero-3\/","title":{"rendered":"CAI de la Burocracia Estatal No. 3 Francisco I. Madero"},"content":{"rendered":"<p>&nbsp;<\/p>\n<p>Calle Ju\u00e1rez entre Leopoldo Bello y Maguey<br \/>\nColonia Am\u00e9rica de Ju\u00e1rez C.P. 87078 S\/N<br \/>\nTel\u00e9fono: (834) 315 1553<\/p>\n<p><iframe loading=\"lazy\" style=\"border: 0;\" src=\"https:\/\/www.google.com\/maps\/embed?pb=!1m18!1m12!1m3!1d1200.6994267606335!2d-99.17304991305429!3d23.73037781555118!2m3!1f0!2f0!3f0!3m2!1i1024!2i768!4f13.1!3m3!1m2!1s0x86795327344c31e5%3A0x15014afbcfe7a152!2sCendi+de+la+Burocracia+Estatal+No.+3+Francisco+I+Madero!5e0!3m2!1ses!2smx!4v1516208858398\" width=\"100%\" height=\"450\" frameborder=\"0\" allowfullscreen=\"allowfullscreen\"><span data-mce-type=\"bookmark\" style=\"display: inline-block; width: 0px; overflow: hidden; line-height: 0;\" class=\"mce_SELRES_start\">\ufeff<\/span><\/iframe><\/p>\n<p><strong>Para mayor informaci\u00f3n puede comunicarse a:<\/strong><\/p>\n<blockquote><p>IPSSET<br \/>\nDirecci\u00f3n Administrativa<br \/>\nDepartamento de Administraci\u00f3n de Centros de Atenci\u00f3n Infantil<br \/>\nJefe del departamento<br \/>\n17 Carrera Torres No. 102 Altos, Zona Centro. Cd. Victoria, Tamaulipas, M\u00e9xico C.P. 87000<br \/>\nConmutador: 318 73 00 Ext. 76488 y 76487<\/p><\/blockquote>\n","protected":false},"excerpt":{"rendered":"<p>&nbsp; Calle Ju\u00e1rez entre Leopoldo Bello y Maguey Colonia Am\u00e9rica de Ju\u00e1rez C.P. 87078 S\/N Tel\u00e9fono: (834) 315 1553 \ufeff Para mayor informaci\u00f3n puede comunicarse\u2026<\/p>\n","protected":false},"author":8,"featured_media":0,"parent":450,"menu_order":0,"comment_status":"closed","ping_status":"closed","template":"","meta":{"footnotes":""},"class_list":["post-555","page","type-page","status-publish","hentry"],"publishpress_future_action":{"enabled":false,"date":"2026-05-23 09:40:09","action":"change-status","newStatus":"draft","terms":[],"taxonomy":""},"_links":{"self":[{"href":"https:\/\/www.tamaulipas.gob.mx\/ipsset\/wp-json\/wp\/v2\/pages\/555"}],"collection":[{"href":"https:\/\/www.tamaulipas.gob.mx\/ipsset\/wp-json\/wp\/v2\/pages"}],"about":[{"href":"https:\/\/www.tamaulipas.gob.mx\/ipsset\/wp-json\/wp\/v2\/types\/page"}],"author":[{"embeddable":true,"href":"https:\/\/www.tamaulipas.gob.mx\/ipsset\/wp-json\/wp\/v2\/users\/8"}],"replies":[{"embeddable":true,"href":"https:\/\/www.tamaulipas.gob.mx\/ipsset\/wp-json\/wp\/v2\/comments?post=555"}],"version-history":[{"count":16,"href":"https:\/\/www.tamaulipas.gob.mx\/ipsset\/wp-json\/wp\/v2\/pages\/555\/revisions"}],"predecessor-version":[{"id":3950,"href":"https:\/\/www.tamaulipas.gob.mx\/ipsset\/wp-json\/wp\/v2\/pages\/555\/revisions\/3950"}],"up":[{"embeddable":true,"href":"https:\/\/www.tamaulipas.gob.mx\/ipsset\/wp-json\/wp\/v2\/pages\/450"}],"wp:attachment":[{"href":"https:\/\/www.tamaulipas.gob.mx\/ipsset\/wp-json\/wp\/v2\/media?parent=555"}],"curies":[{"name":"wp","href":"https:\/\/api.w.org\/{rel}","templated":true}]}}