{"id":505,"date":"2018-08-01T18:12:53","date_gmt":"2018-08-01T18:12:53","guid":{"rendered":"https:\/\/www.tamaulipas.gob.mx\/ipsset\/?page_id=505"},"modified":"2025-08-04T09:18:43","modified_gmt":"2025-08-04T15:18:43","slug":"numero-1","status":"publish","type":"page","link":"https:\/\/www.tamaulipas.gob.mx\/ipsset\/cendis\/numero-1\/","title":{"rendered":"CAI de la Burocracia Estatal No.1 Profesora Ma. Elisa Cavazos Lerma de Flores"},"content":{"rendered":"<blockquote><p>&nbsp;<\/p>\n<p>Juli\u00e1n de la Cerda entre Crist\u00f3bal Colon y Hermanos G\u00f3mez #872,<br \/>\nColonia Bur\u00f3cratas Estatales, C.P. 87100<br \/>\nTel\u00e9fono: (834) 312 1360<\/p><\/blockquote>\n<p><iframe loading=\"lazy\" style=\"border: 0;\" src=\"https:\/\/www.google.com\/maps\/embed?pb=!1m18!1m12!1m3!1d3652.6827308450725!2d-99.14864008405048!3d23.723021384602966!2m3!1f0!2f0!3f0!3m2!1i1024!2i768!4f13.1!3m3!1m2!1s0x867952f8bb716437%3A0x12bbb7017a811cde!2sCendi+de+la+Burocracia+Estatal+No.1+Profesora+Mar%C3%ADa+Elisa+Cavazos+Lerma!5e0!3m2!1ses!2smx!4v1516205878058\" width=\"100%\" height=\"450\" frameborder=\"0\" allowfullscreen=\"allowfullscreen\"><span data-mce-type=\"bookmark\" style=\"display: inline-block; width: 0px; overflow: hidden; line-height: 0;\" class=\"mce_SELRES_start\">\ufeff<\/span><span data-mce-type=\"bookmark\" style=\"display: inline-block; width: 0px; overflow: hidden; line-height: 0;\" class=\"mce_SELRES_start\">\ufeff<\/span><\/iframe><\/p>\n<p><strong>Para mayor informaci\u00f3n puede comunicarse a:<\/strong><\/p>\n<blockquote><p>IPSSET<br \/>\nDirecci\u00f3n Administrativa<br \/>\nDepartamento de Administraci\u00f3n de Centros de Atenci\u00f3n Infantil<br \/>\nJefe del departamento o<br \/>\n17 Carrera Torres No. 102 Altos, Zona Centro. Cd. Victoria, Tamaulipas, M\u00e9xico C.P. 87000<br \/>\nConmutador: 318 73 00 Ext. \u00a076488 y 76487<\/p><\/blockquote>\n","protected":false},"excerpt":{"rendered":"<p>&nbsp; Juli\u00e1n de la Cerda entre Crist\u00f3bal Colon y Hermanos G\u00f3mez #872, Colonia Bur\u00f3cratas Estatales, C.P. 87100 Tel\u00e9fono: (834) 312 1360 \ufeff\ufeff Para mayor informaci\u00f3n\u2026<\/p>\n","protected":false},"author":8,"featured_media":0,"parent":450,"menu_order":0,"comment_status":"closed","ping_status":"closed","template":"","meta":{"footnotes":""},"class_list":["post-505","page","type-page","status-publish","hentry"],"publishpress_future_action":{"enabled":false,"date":"2026-04-26 08:51:57","action":"change-status","newStatus":"draft","terms":[],"taxonomy":""},"_links":{"self":[{"href":"https:\/\/www.tamaulipas.gob.mx\/ipsset\/wp-json\/wp\/v2\/pages\/505"}],"collection":[{"href":"https:\/\/www.tamaulipas.gob.mx\/ipsset\/wp-json\/wp\/v2\/pages"}],"about":[{"href":"https:\/\/www.tamaulipas.gob.mx\/ipsset\/wp-json\/wp\/v2\/types\/page"}],"author":[{"embeddable":true,"href":"https:\/\/www.tamaulipas.gob.mx\/ipsset\/wp-json\/wp\/v2\/users\/8"}],"replies":[{"embeddable":true,"href":"https:\/\/www.tamaulipas.gob.mx\/ipsset\/wp-json\/wp\/v2\/comments?post=505"}],"version-history":[{"count":20,"href":"https:\/\/www.tamaulipas.gob.mx\/ipsset\/wp-json\/wp\/v2\/pages\/505\/revisions"}],"predecessor-version":[{"id":3948,"href":"https:\/\/www.tamaulipas.gob.mx\/ipsset\/wp-json\/wp\/v2\/pages\/505\/revisions\/3948"}],"up":[{"embeddable":true,"href":"https:\/\/www.tamaulipas.gob.mx\/ipsset\/wp-json\/wp\/v2\/pages\/450"}],"wp:attachment":[{"href":"https:\/\/www.tamaulipas.gob.mx\/ipsset\/wp-json\/wp\/v2\/media?parent=505"}],"curies":[{"name":"wp","href":"https:\/\/api.w.org\/{rel}","templated":true}]}}