{"id":450,"date":"2018-08-01T16:59:43","date_gmt":"2018-08-01T16:59:43","guid":{"rendered":"https:\/\/www.tamaulipas.gob.mx\/ipsset\/?page_id=450"},"modified":"2026-04-08T12:49:06","modified_gmt":"2026-04-08T18:49:06","slug":"cendis","status":"publish","type":"page","link":"https:\/\/www.tamaulipas.gob.mx\/ipsset\/cendis\/","title":{"rendered":"Centros de Atenci\u00f3n Infantil (CAIS)"},"content":{"rendered":"<p><strong>Misi\u00f3n<\/strong><\/p>\n<p>Nuestra misi\u00f3n es la de ofrecer un servicio educativo y asistencial de alta calidad para los hijos de madres trabajadoras del Gobierno del Estado de Tamaulipas, con el fin de lograr su desarrollo integral y pleno, proporcionando una atenci\u00f3n pedag\u00f3gica, m\u00e9dica, nutricional, psicol\u00f3gica y de trabajo social bajo la supervisi\u00f3n de un equipo multidisciplinario de personal calificado para ello.<\/p>\n<p><strong>Servicios<\/strong><\/p>\n<p>Para atender las particularidades de los ni\u00f1os y ni\u00f1as, el CENDI los clasifica de acuerdo a su edad y maduraci\u00f3n en 3 niveles de atenci\u00f3n, que son:<\/p>\n<p><strong>CENDIS ESTATALES:<br \/>\nCENDIS SUBROGADOS:<br \/>\n<\/strong><\/p>\n<div class=\"panel-group\" id=\"custom-collapse-0\">\n<div class=\"panel panel-default\">\n\t\t\t\t<div class=\"panel-heading\">\n\t\t\t\t\t<h4 class=\"panel-title\">\n\t\t\t\t\t\t<a class=\"collapsed\" data-toggle=\"collapse\" data-parent=\"#custom-collapse-0\" href=\"#custom-collapse-0-0\">Lactantes<\/a>\n\t\t\t\t\t<\/h4>\n\t\t\t\t<\/div>\n\t\t\t\t<div id=\"custom-collapse-0-0\" class=\"panel-collapse collapse\">\n\t\t\t\t\t<div class=\"panel-body\">\n<ul>\n<li>LI. De 43 d\u00edas a 6 meses.<\/li>\n<li>LII. De 6 meses a 1 a\u00f1o.<\/li>\n<li>LIII. De 1 a\u00f1o a 1 a\u00f1o 6 meses.<\/li>\n<\/ul>\n<\/div>\n\t\t\t\t<\/div>\n\t\t\t<\/div>\n<div class=\"panel panel-default\">\n\t\t\t\t<div class=\"panel-heading\">\n\t\t\t\t\t<h4 class=\"panel-title\">\n\t\t\t\t\t\t<a class=\"collapsed\" data-toggle=\"collapse\" data-parent=\"#custom-collapse-0\" href=\"#custom-collapse-0-1\">Maternales<\/a>\n\t\t\t\t\t<\/h4>\n\t\t\t\t<\/div>\n\t\t\t\t<div id=\"custom-collapse-0-1\" class=\"panel-collapse collapse\">\n\t\t\t\t\t<div class=\"panel-body\">\n<ul>\n<li>MI. De 1 a\u00f1o 6 meses a 2 a\u00f1os.<\/li>\n<li>MII. De 2 a\u00f1os a 3 a\u00f1os.<\/li>\n<\/ul>\n<\/div>\n\t\t\t\t<\/div>\n\t\t\t<\/div>\n<div class=\"panel panel-default\">\n\t\t\t\t<div class=\"panel-heading\">\n\t\t\t\t\t<h4 class=\"panel-title\">\n\t\t\t\t\t\t<a class=\"collapsed\" data-toggle=\"collapse\" data-parent=\"#custom-collapse-0\" href=\"#custom-collapse-0-2\">Preescolares<\/a>\n\t\t\t\t\t<\/h4>\n\t\t\t\t<\/div>\n\t\t\t\t<div id=\"custom-collapse-0-2\" class=\"panel-collapse collapse\">\n\t\t\t\t\t<div class=\"panel-body\">\n<ul>\n<li>PI. De 3 a\u00f1os a 4 a\u00f1os.<\/li>\n<li>PII. De 4 a\u00f1os a 5 a\u00f1os.<\/li>\n<li>PIII. De 5 a\u00f1os a 6 a\u00f1os.<\/li>\n<\/ul>\n<\/div>\n\t\t\t\t<\/div>\n\t\t\t<\/div>\n<\/div>\n<p>Los CENDIS buscan cumplir y hacer efectivos los derechos de los ni\u00f1os al ofrecer una educaci\u00f3n de calidad, cuidados preventivos, nutrici\u00f3n, atenci\u00f3n a la salud y un ambiente arm\u00f3nico de convivencia.<\/p>\n<p>Los componentes b\u00e1sicos de \u00e9sta tarea se sustentan en los programas que el CENDI maneja, siendo los siguientes: Programa Oficial de Educaci\u00f3n Inicial, Programa Oficial de Preescolar, Laboratorios de Ingl\u00e9s, Laboratorios de C\u00f3mputo, Clases de Educaci\u00f3n F\u00edsica y Estimulaci\u00f3n Temprana, as\u00ed como son CENDIS integradores donde se reciben ni\u00f1os con capacidades diferentes.<\/p>\n<p>Tambi\u00e9n contamos con los Programas de Nutrici\u00f3n y las Campa\u00f1as de Diagn\u00f3stico de Capacidad Auditiva, Visi\u00f3n, Ortopedia, Salud Bucal entre otros.<\/p>\n<div class=\"panel-group\" id=\"custom-collapse-1\">\n<div class=\"panel panel-default\">\n\t\t\t\t<div class=\"panel-heading\">\n\t\t\t\t\t<h4 class=\"panel-title\">\n\t\t\t\t\t\t<a class=\"collapsed\" data-toggle=\"collapse\" data-parent=\"#custom-collapse-1\" href=\"#custom-collapse-1-3\">Solicitud de Ingreso al Servicio para alumnos de nuevo ingreso<\/a>\n\t\t\t\t\t<\/h4>\n\t\t\t\t<\/div>\n\t\t\t\t<div id=\"custom-collapse-1-3\" class=\"panel-collapse collapse\">\n\t\t\t\t\t<div class=\"panel-body\">\n<p>El ingreso de un ni\u00f1o o ni\u00f1a menor de 6 a\u00f1os a los CENDIS de la Burocracia Estatal, se realiza conforme al proceso de Preinscripci\u00f3n e Inscripci\u00f3n que marca la Secretar\u00eda de Educaci\u00f3n en Tamaulipas (SET).<\/p>\n<ul>\n<li>\u00a0El Proceso de Solicitud de Ingreso al servicio se lleva a cabo en el per\u00edodo del 1 al 15 de febrero de cada ciclo escolar (s\u00f3lo para alumnos de nuevo ingreso).<\/li>\n<li>El Proceso de Inscripci\u00f3n se realiza en el mes de julio para iniciar un nuevo ciclo escolar inmediato siguiente.<\/li>\n<\/ul>\n<\/div>\n\t\t\t\t<\/div>\n\t\t\t<\/div>\n<div class=\"panel panel-default\">\n\t\t\t\t<div class=\"panel-heading\">\n\t\t\t\t\t<h4 class=\"panel-title\">\n\t\t\t\t\t\t<a class=\"collapsed\" data-toggle=\"collapse\" data-parent=\"#custom-collapse-1\" href=\"#custom-collapse-1-4\">Requisitos para solicitar Ingreso al Servicio (Nuevo ingreso)<\/a>\n\t\t\t\t\t<\/h4>\n\t\t\t\t<\/div>\n\t\t\t\t<div id=\"custom-collapse-1-4\" class=\"panel-collapse collapse\">\n\t\t\t\t\t<div class=\"panel-body\">\n<ul>\n<li>Ser madre trabajadora del Gobierno del Estado.<\/li>\n<li>Copia del Acta de Nacimiento del ni\u00f1o o ni\u00f1a.<\/li>\n<li>Copia del \u00faltimo comprobante de pago de n\u00f3mina de la madre.<\/li>\n<li>Copia de un comprobante de domicilio.<\/li>\n<\/ul>\n<\/div>\n\t\t\t\t<\/div>\n\t\t\t<\/div>\n<div class=\"panel panel-default\">\n\t\t\t\t<div class=\"panel-heading\">\n\t\t\t\t\t<h4 class=\"panel-title\">\n\t\t\t\t\t\t<a class=\"collapsed\" data-toggle=\"collapse\" data-parent=\"#custom-collapse-1\" href=\"#custom-collapse-1-5\">Requisitos para Inscripci\u00f3n al Servicio (de acuerdo al ciclo escolar establecido por la SET)<\/a>\n\t\t\t\t\t<\/h4>\n\t\t\t\t<\/div>\n\t\t\t\t<div id=\"custom-collapse-1-5\" class=\"panel-collapse collapse\">\n\t\t\t\t\t<div class=\"panel-body\">\n<ul>\n<li>Ser madre trabajadora del Gobierno del Estado.<\/li>\n<li>Original y copia del Acta de Nacimiento del ni\u00f1o o ni\u00f1a (Reciente).<\/li>\n<li>Original y copia del \u00faltimo comprobante de pago de n\u00f3mina de la madre.<\/li>\n<li>Clave \u00fanica de Registro de Poblaci\u00f3n del Ni\u00f1o o Ni\u00f1a y de la Madre Trabajadora.<\/li>\n<li>Constancia de trabajo, con horario de labores (Direcci\u00f3n de Recursos Humanos del Gobierno del Estado).<\/li>\n<li>Copia de credencial Oficial de trabajo o INE de la madre trabajadora.<\/li>\n<li>Copia del carnet de servicio m\u00e9dico del menor.<\/li>\n<li>Certificado m\u00e9dico del Menor (no de farmacias similiares, ni consultorios de farmacias)<\/li>\n<li>Para la entrega de credenciales: 4 fotograf\u00edas familiar tama\u00f1o infantil, de la persona autorizada por los padres, dos fotograf\u00edas y datos generales para recoger al menor.<\/li>\n<\/ul>\n<p><strong>Nota:<\/strong> Las fotograf\u00edas deber\u00e1n ser recientes, con su nombre, debidamente recortadas.<\/p>\n<\/div>\n\t\t\t\t<\/div>\n\t\t\t<\/div>\n<div class=\"panel panel-default\">\n\t\t\t\t<div class=\"panel-heading\">\n\t\t\t\t\t<h4 class=\"panel-title\">\n\t\t\t\t\t\t<a class=\"collapsed\" data-toggle=\"collapse\" data-parent=\"#custom-collapse-1\" href=\"#custom-collapse-1-6\">Ex\u00e1menes de Laboratorio (para todos)<\/a>\n\t\t\t\t\t<\/h4>\n\t\t\t\t<\/div>\n\t\t\t\t<div id=\"custom-collapse-1-6\" class=\"panel-collapse collapse\">\n\t\t\t\t\t<div class=\"panel-body\">\n<ul>\n<li>Biometr\u00eda hem\u00e1tica completa.<\/li>\n<li>Grupo sangu\u00edneo y RH.<\/li>\n<li>Original y copia de la Cartilla de Vacunaci\u00f3n con esquema completo de vacunaci\u00f3n seg\u00fan corresponda su edad, incluyendo INFLUENZA y VARICELA.<\/li>\n<li>Examen de Glicemia, colesterol y triglic\u00e9ridos.<\/li>\n<li>Examen de orina.<\/li>\n<li>Examen de coproparasitosc\u00f3pico seriado.<\/li>\n<li>\u00a0Exudado Faringeo<\/li>\n<\/ul>\n<p>&nbsp;<\/p>\n<p>Los resultados de los ex\u00e1menes cl\u00ednicos tienen vigencia de un mes.<\/p>\n<\/div>\n\t\t\t\t<\/div>\n\t\t\t<\/div>\n<\/div>\n<p>La falta de cualquier documento aqu\u00ed mencionado impide la inscripci\u00f3n.<\/p>\n<p><strong>Consultar las fechas de inscripci\u00f3n en cada plantel<\/strong><\/p>\n<div class=\"panel-group\" id=\"custom-collapse-2\">\n<div class=\"panel panel-default\">\n\t\t\t\t<div class=\"panel-heading\">\n\t\t\t\t\t<h4 class=\"panel-title\">\n\t\t\t\t\t\t<a class=\"collapsed\" data-toggle=\"collapse\" data-parent=\"#custom-collapse-2\" href=\"#custom-collapse-2-7\">Solicitud de Ingreso al Servicio para alumnos de Nuevo Ingreso<\/a>\n\t\t\t\t\t<\/h4>\n\t\t\t\t<\/div>\n\t\t\t\t<div id=\"custom-collapse-2-7\" class=\"panel-collapse collapse\">\n\t\t\t\t\t<div class=\"panel-body\">\n<p>El ingreso de un ni\u00f1o o ni\u00f1a menor de 6 a\u00f1os a los CENDIS de la Burocracia Estatal, se realiza conforme al proceso de Preinscripci\u00f3n e Inscripci\u00f3n que marca la Secretar\u00eda de Educaci\u00f3n en Tamaulipas (SET).<\/p>\n<ul>\n<li>El Proceso de Solicitud de ingreso al servicio se lleva a cabo en el per\u00edodo del 1\u00b0 al 15 de febrero de cada ciclo escolar (s\u00f3lo para alumnos de nuevo ingreso).<\/li>\n<li>El Proceso de Inscripci\u00f3n se realiza en el mes de Julio para iniciar un nuevo ciclo escolar inmediato siguiente.<\/li>\n<\/ul>\n<\/div>\n\t\t\t\t<\/div>\n\t\t\t<\/div>\n<div class=\"panel panel-default\">\n\t\t\t\t<div class=\"panel-heading\">\n\t\t\t\t\t<h4 class=\"panel-title\">\n\t\t\t\t\t\t<a class=\"collapsed\" data-toggle=\"collapse\" data-parent=\"#custom-collapse-2\" href=\"#custom-collapse-2-8\">Requisitos para solicitar Ingreso al Servicio (Nuevo ingreso)<\/a>\n\t\t\t\t\t<\/h4>\n\t\t\t\t<\/div>\n\t\t\t\t<div id=\"custom-collapse-2-8\" class=\"panel-collapse collapse\">\n\t\t\t\t\t<div class=\"panel-body\">\n<ul>\n<li>Ser madre trabajadora del Gobierno del Estado.<\/li>\n<li>Copia del Acta de Nacimiento del ni\u00f1o o ni\u00f1a.<\/li>\n<li>Copia del \u00faltimo comprobante de pago de n\u00f3mina de la madre.<\/li>\n<\/ul>\n<\/div>\n\t\t\t\t<\/div>\n\t\t\t<\/div>\n<div class=\"panel panel-default\">\n\t\t\t\t<div class=\"panel-heading\">\n\t\t\t\t\t<h4 class=\"panel-title\">\n\t\t\t\t\t\t<a class=\"collapsed\" data-toggle=\"collapse\" data-parent=\"#custom-collapse-2\" href=\"#custom-collapse-2-9\">Requisitos para Inscripci\u00f3n al Servicio (de acuerdo al ciclo escolar establecido por la SET)<\/a>\n\t\t\t\t\t<\/h4>\n\t\t\t\t<\/div>\n\t\t\t\t<div id=\"custom-collapse-2-9\" class=\"panel-collapse collapse\">\n\t\t\t\t\t<div class=\"panel-body\">\n<ul>\n<li>Ser madre trabajadora del Gobierno del Estado.<\/li>\n<li>Original y copia del Acta de Nacimiento del ni\u00f1o o ni\u00f1a (reciente).<\/li>\n<li>Original y copia del \u00faltimo tal\u00f3n de cheque de sueldo de la madre.<\/li>\n<li>Constancia de trabajo, con horario de labores (Direcci\u00f3n de Recursos Humanos del Gobierno del Estado).<\/li>\n<li>Para la entrega de credenciales: 4 fotograf\u00edas familiar tama\u00f1o infantil, de la persona autorizada por los padres, dos fotograf\u00edas y datos generales para recoger al menor.<\/li>\n<\/ul>\n<p>Las fotograf\u00edas deber\u00e1n ser recientes, con su nombre, debidamente recortadas.<\/p>\n<\/div>\n\t\t\t\t<\/div>\n\t\t\t<\/div>\n<div class=\"panel panel-default\">\n\t\t\t\t<div class=\"panel-heading\">\n\t\t\t\t\t<h4 class=\"panel-title\">\n\t\t\t\t\t\t<a class=\"collapsed\" data-toggle=\"collapse\" data-parent=\"#custom-collapse-2\" href=\"#custom-collapse-2-10\">Ex\u00e1menes de Laboratorio (para todos)<\/a>\n\t\t\t\t\t<\/h4>\n\t\t\t\t<\/div>\n\t\t\t\t<div id=\"custom-collapse-2-10\" class=\"panel-collapse collapse\">\n\t\t\t\t\t<div class=\"panel-body\">\n<ul>\n<li>Biometr\u00eda hem\u00e1tica completa.<\/li>\n<li>Grupo sangu\u00edneo y RH.<\/li>\n<li>Original y copia de la Cartilla de Vacunaci\u00f3n.<\/li>\n<li>Examen de orina.<\/li>\n<li>Examen de parasitosc\u00f3pico seriado<\/li>\n<\/ul>\n<p>Los resultados de los ex\u00e1menes cl\u00ednicos tienen vigencia de un mes.<\/p>\n<\/div>\n\t\t\t\t<\/div>\n\t\t\t<\/div>\n<\/div>\n<p>Descargar formato:<\/p>\n<ul>\n<li><a href=\"\" class=\"btn btn-primary btn-sm\" target=\"_blank\"> Fechas Inscripci\u00f3n CAIS<\/a><\/li>\n<li><a href=\"http:\/\/www.tamaulipas.gob.mx\/ipsset\/wp-content\/uploads\/sites\/46\/2024\/06\/reglamento_cais.pdf\" class=\"btn btn-primary btn-sm\" target=\"_blank\"> Reglamento Interno CAI<\/a><\/li>\n<li><a href=\"http:\/\/www.tamaulipas.gob.mx\/ipsset\/wp-content\/uploads\/sites\/46\/2024\/06\/directorio-de-unidades-de-salud-urbanas-y-rurales.pdf\" class=\"btn btn-primary btn-sm\" target=\"_blank\"> Pruebas EDI<\/a><\/li>\n<\/ul>\n<p><strong>Para mayor informaci\u00f3n puede comunicarse a:<\/strong><\/p>\n<blockquote><p>IPSSET<br \/>\nDirecci\u00f3n \u00a0Administrativa<br \/>\nDepartamento de Administraci\u00f3n de Centros de Atenci\u00f3n Infantil<br \/>\nJefe del departamento<br \/>\n17 Carrera Torres No. 102 Altos, Zona Centro. Cd. Victoria, Tamaulipas, M\u00e9xico C.P. 87000<br \/>\nConmutador: 318 73 00 Ext. 76488 y 76487<\/p><\/blockquote>\n","protected":false},"excerpt":{"rendered":"<p>Misi\u00f3n Nuestra misi\u00f3n es la de ofrecer un servicio educativo y asistencial de alta calidad para los hijos de madres trabajadoras del Gobierno del Estado\u2026<\/p>\n","protected":false},"author":8,"featured_media":0,"parent":0,"menu_order":0,"comment_status":"closed","ping_status":"closed","template":"","meta":{"footnotes":""},"class_list":["post-450","page","type-page","status-publish","hentry"],"publishpress_future_action":{"enabled":false,"date":"2026-04-26 08:52:00","action":"change-status","newStatus":"draft","terms":[],"taxonomy":""},"_links":{"self":[{"href":"https:\/\/www.tamaulipas.gob.mx\/ipsset\/wp-json\/wp\/v2\/pages\/450"}],"collection":[{"href":"https:\/\/www.tamaulipas.gob.mx\/ipsset\/wp-json\/wp\/v2\/pages"}],"about":[{"href":"https:\/\/www.tamaulipas.gob.mx\/ipsset\/wp-json\/wp\/v2\/types\/page"}],"author":[{"embeddable":true,"href":"https:\/\/www.tamaulipas.gob.mx\/ipsset\/wp-json\/wp\/v2\/users\/8"}],"replies":[{"embeddable":true,"href":"https:\/\/www.tamaulipas.gob.mx\/ipsset\/wp-json\/wp\/v2\/comments?post=450"}],"version-history":[{"count":67,"href":"https:\/\/www.tamaulipas.gob.mx\/ipsset\/wp-json\/wp\/v2\/pages\/450\/revisions"}],"predecessor-version":[{"id":4291,"href":"https:\/\/www.tamaulipas.gob.mx\/ipsset\/wp-json\/wp\/v2\/pages\/450\/revisions\/4291"}],"wp:attachment":[{"href":"https:\/\/www.tamaulipas.gob.mx\/ipsset\/wp-json\/wp\/v2\/media?parent=450"}],"curies":[{"name":"wp","href":"https:\/\/api.w.org\/{rel}","templated":true}]}}