{"id":421,"date":"2018-08-01T16:14:44","date_gmt":"2018-08-01T16:14:44","guid":{"rendered":"https:\/\/www.tamaulipas.gob.mx\/ipsset\/?page_id=421"},"modified":"2025-11-18T10:04:26","modified_gmt":"2025-11-18T16:04:26","slug":"caet","status":"publish","type":"page","link":"https:\/\/www.tamaulipas.gob.mx\/ipsset\/caet\/","title":{"rendered":"CAET"},"content":{"rendered":"<p><strong>Caja de Ahorro del Estado de Tamaulipas (CAET)<\/strong><\/p>\n<p>El Gobierno del Estado, preocupado por fomentar la cultura de ahorro que signifique un apoyo a la econom\u00eda familiar y para tener alternativas de inversi\u00f3n a sus trabajadores, constituy\u00f3 a trav\u00e9s de la UPYSSET ahora IPSSET, la Caja de Ahorro del Estado de Tamaulipas (CAET), la cual inici\u00f3 operaciones oficialmente el 25 de junio de 1997.<\/p>\n<p>Los Trabajadores de los tres poderes de Gobierno, as\u00ed como Jubilados y Pensionados disponen ahora por iniciativa del propio Gobierno del Estado de un sistema de ahorro seguro y confiable para contribuir a mejorar el nivel de vida de sus asociados, proporcion\u00e1ndoles competitivos rendimientos financieros.<\/p>\n<p><strong>Ingreso a la CAET<\/strong><\/p>\n<p><strong>\u00bfC\u00f3mo funciona?<\/strong><\/p>\n<p>Al ingresar, el ahorrador podr\u00e1 elegir entre las siguientes opciones de ahorro:<\/p>\n<div class=\"table-responsive\"><table style=\"width: 98.1759548570629%; height: 99px;\" class=\" table table table-gobtam\"><thead><tr style=\"height: 24px;\"><td style=\"height: 24px; width: 17.979197622585442%; text-align: center;\">Plazo del ahorro<\/td>\n<td style=\"height: 24px; width: 28.826151560178303%; text-align: center;\">Tasa de inter&#xE9;s anual<\/td>\n<td style=\"height: 24px; width: 51.70876671619614%; text-align: center;\">Penalizaci&#xF3;n por retiro anticipado<\/td>\n<\/tr><\/thead><tbody><tr style=\"height: 24px;\"><td style=\"height: 24px; width: 17.979197622585442%; text-align: center;\">Corto plazo<br>\n(24 Quincenas)<\/td>\n<td style=\"height: 24px; width: 28.826151560178303%; text-align: center;\">6%<\/td>\n<td style=\"height: 24px; width: 51.70876671619614%; text-align: center;\">0.00 %<\/td>\n<\/tr><tr style=\"height: 24px;\"><td style=\"height: 24px; width: 17.979197622585442%; text-align: center;\">Mediano plazo<br>\n(72 Quincenas)<\/td>\n<td style=\"height: 24px; width: 28.826151560178303%; text-align: center;\">8%<\/td>\n<td style=\"height: 24px; width: 51.70876671619614%; text-align: center;\">10 % de los intereses acumulados a la fecha del retiro.<\/td>\n<\/tr><tr style=\"height: 27px;\"><td style=\"height: 27px; width: 17.979197622585442%; text-align: center;\">Largo plazo<br>\n(120 Quincenas)<\/td>\n<td style=\"height: 27px; width: 28.826151560178303%; text-align: center;\">10%<\/td>\n<td style=\"height: 27px; width: 51.70876671619614%; text-align: center;\">20 % de los intereses acumulados a la fecha del retiro.<\/td>\n<\/tr><\/tbody><\/table><\/div>\n<p><strong>\u00bfC\u00f3mo puedo ingresar?<\/strong><\/p>\n<div><span lang=\"ES\">Para ingresar solo necesitas llenar la solicitud de ingreso y fijar la cantidad que deseas ahorrar por quincena, iniciando en m\u00faltiplos de <\/span><\/div>\n<div>\n<p><span lang=\"ES\">$100.00 para personal sindicalizado, personal de base de confianza, extraordinario, pensionistas y pensionados del IPSSET.<\/span><\/p>\n<\/div>\n<p>Antes de imprimir le recomendamos:<\/p>\n<ul>\n<li>Seleccionar tama\u00f1o carta y ajustar a doble cara.<\/li>\n<li>Puede ser impresa a color \u00f3 blanco y negro.<\/li>\n<li>Para descargar el formato, favor de dar clic en el siguiente enlace:<\/li>\n<li><a href=\"http:\/\/www.tamaulipas.gob.mx\/ipsset\/wp-content\/uploads\/sites\/46\/2025\/03\/contrato_ingreso.pdf\" class=\"btn btn-primary btn-sm\" target=\"_blank\"> Contrato de Ingreso a la CAET (personal activo) \u00a0<\/a><\/li>\n<li><a href=\"http:\/\/www.tamaulipas.gob.mx\/ipsset\/wp-content\/uploads\/sites\/46\/2025\/03\/contrato_caetpp.pdf\" class=\"btn btn-primary btn-sm\" target=\"_blank\"> Contrato de Ingreso a la CAET (personal pensionista y\/o pensionado) <\/a><\/li>\n<\/ul>\n<div class=\"panel panel-default\">\n\t\t\t\t<div class=\"panel-heading\">\n\t\t\t\t\t<h4 class=\"panel-title\">\n\t\t\t\t\t\t<a class=\"collapsed\" data-toggle=\"collapse\" data-parent=\"#single-collapse\" href=\"#single-collapse-0\">Requisitos para el ingreso a la CAET<\/a>\n\t\t\t\t\t<\/h4>\n\t\t\t\t<\/div>\n\t\t\t\t<div id=\"single-collapse-0\" class=\"panel-collapse collapse\">\n\t\t\t\t\t<div class=\"panel-body\">\n<ul>\n<li>Copia de los 2 \u00faltimos comprobantes de pago de sueldo por ambos lados.<\/li>\n<li>Copia de la Credencial de Elector amplificada por ambos lados, Pasaporte vigente o C\u00e9dula Profesional, legibles.<\/li>\n<li>Copia de 1 comprobante de domicilio de: agua, luz, tel\u00e9fono o recibo del predial al corriente, telefon\u00eda fija, gas natural (m\u00e1ximo 3 meses de Facturaci\u00f3n o consumo), recibo del predial o manifiesto de propiedad del a\u00f1o en curso.<br \/>\n*El comprobante de domicilio que es impreso de manera electr\u00f3nica para considerarlo como original, debe contener el c\u00f3digo de barras o el timbrado.<\/li>\n<\/ul>\n<\/div>\n\t\t\t\t<\/div>\n\t\t\t<\/div>\n<p><strong>Pr\u00e9stamo de ahorro de CAET<\/strong><\/p>\n<div class=\"panel panel-default\">\n\t\t\t\t<div class=\"panel-heading\">\n\t\t\t\t\t<h4 class=\"panel-title\">\n\t\t\t\t\t\t<a class=\"collapsed\" data-toggle=\"collapse\" data-parent=\"#single-collapse\" href=\"#single-collapse-1\">Requisitos para pr\u00e9stamo de ahorro de CAET<\/a>\n\t\t\t\t\t<\/h4>\n\t\t\t\t<\/div>\n\t\t\t\t<div id=\"single-collapse-1\" class=\"panel-collapse collapse\">\n\t\t\t\t\t<div class=\"panel-body\">\n<p>Cumplir con la antig\u00fcedad m\u00ednima, seg\u00fan el tipo de pr\u00e9stamo de conformidad al tabulador autorizado por la Junta de Gobierno.<\/p>\n<ul>\n<li>Deber\u00e1 mostrar identificaci\u00f3n oficial vigente en original al momento de firmar el Pagar\u00e9 del pr\u00e9stamo.<\/li>\n<li>Original y copia de los dos \u00faltimos comprobantes de pago de sueldo por ambos lados.<\/li>\n<li>Copia de la Credencial de Elector vigente, Pasaporte vigente o C\u00e9dula Profesional, legibles y amplificados por ambos lados.<\/li>\n<li>Original y copia de 1 comprobante de domicilio de: agua, luz o historial de consumo,telefon\u00eda fija, gas natural (m\u00e1ximo 3 meses\u00a0de facturaci\u00f3n o consumo), recibo de predial o manifiesto de propiedad del a\u00f1o en curso.<br \/>\n*El comprobante de domicilio que es impreso de manera electr\u00f3nica para considerarlo como original, debe contener el c\u00f3digo de barras o el timbrado.<\/li>\n<li>Copia de un Estado Bancario reciente o Contrato de apertura a nombre del solicitante con n\u00famero de cuenta y Clabe Interbancaria de la n\u00f3mina<\/li>\n<li>Firmar Carta de No Existencia de Due\u00f1o Beneficiario.<\/li>\n<li>Convenio de Adjudicaci\u00f3n de Cuotas en caso de adeudo (personal base de confianza y extraordinario).<\/li>\n<li>En caso de Personal de Contrato o que cubra interinato, anexar oficio expedido por Recursos Humanos en el que se\u00f1ale el Tiempo de contrataci\u00f3n.<\/li>\n<li>Los requisitos originales ser\u00e1n devueltos al firmar el pagar\u00e9 del pr\u00e9stamo. (No aplica para Pensionistas)<\/li>\n<\/ul>\n<p><strong>Todo tipo de pr\u00e9stamos solicitado en este Instituto queda sujeto al an\u00e1lisis del historial crediticio y capacidad de pago para efectos de autorizaci\u00f3n.<\/strong><\/p>\n<p>Deber\u00e1 mostrar identificaci\u00f3n oficial vigente en original al momento de firmar el pagar\u00e9 del pr\u00e9stamo.<\/p>\n<p>Respecto a los comprobantes de pago de sueldo y comprobante de domicilio deber\u00e1n adjuntar los originales al momento de realizar el tr\u00e1mite y ser\u00e1n devueltos al momento de firmar el pagar\u00e9 del pr\u00e9stamo.<\/p>\n<\/div>\n\t\t\t\t<\/div>\n\t\t\t<\/div>\n<p><strong>\u00bfCu\u00e1ndo puedo ingresar?<\/strong><\/p>\n<p>En la quincena que se tenga abierta para realizar movimientos.<\/p>\n<p>Antes de imprimir le recomendamos:<\/p>\n<ul>\n<li>Seleccionar tama\u00f1o carta y ajustar a doble cara.<\/li>\n<li>Puede ser impresa a color \u00f3 blanco y negro.<\/li>\n<li>Para descargar el formato, favor de dar clic en el siguiente enlace:<\/li>\n<li><a href=\"http:\/\/www.tamaulipas.gob.mx\/ipsset\/wp-content\/uploads\/sites\/46\/2025\/03\/soli_prestamocaet.pdf\" class=\"btn btn-primary btn-sm\" target=\"_blank\"> Solicitud de Pr\u00e9stamo CAET\u00a0<\/a><\/li>\n<li><a href=\"http:\/\/www.tamaulipas.gob.mx\/ipsset\/wp-content\/uploads\/sites\/46\/2023\/08\/carta-de-no-existencia-de-dueno-beneficiario.pdf\" class=\"btn btn-primary btn-sm\" target=\"_blank\"> Carta de No Existencia\u00a0<\/a><\/li>\n<li><a href=\"http:\/\/www.tamaulipas.gob.mx\/ipsset\/wp-content\/uploads\/sites\/46\/2025\/11\/convenio-de-adjudicacion-de-aportaciones-caet-2025.pdf\" class=\"btn btn-primary btn-sm\" target=\"_blank\"> Convenio (para personal de confianza y extraordinario) <\/a><\/li>\n<\/ul>\n<div class=\"panel panel-default\">\n\t\t\t\t<div class=\"panel-heading\">\n\t\t\t\t\t<h4 class=\"panel-title\">\n\t\t\t\t\t\t<a class=\"collapsed\" data-toggle=\"collapse\" data-parent=\"#single-collapse\" href=\"#single-collapse-2\">Requisitos para el ingreso a la CAET<\/a>\n\t\t\t\t\t<\/h4>\n\t\t\t\t<\/div>\n\t\t\t\t<div id=\"single-collapse-2\" class=\"panel-collapse collapse\">\n\t\t\t\t\t<div class=\"panel-body\">\n<p><strong>\u00bfY los descuentos?<\/strong><\/p>\n<p>Los descuentos son realizados quincenalmente, v\u00eda n\u00f3mina.<\/p>\n<p>El IPSSET, podr\u00e1 autorizar retiros anticipados, dentro del periodo programado de ahorro, el monto m\u00e1ximo que se podr\u00e1 retirar ser\u00e1 el 50% de la suma de sus aportaciones quincenales del periodo total del contrato (sin incluir los intereses), cuando se trate de ahorro a mediano plazo (72 quincenas) \u00f3 largo plazo (120 quincenas), estando de acuerdo el ahorrador que como pena econ\u00f3mica se le descontara el 10% y 20% respectivamente de los intereses acumulados a la fecha del retiro, ajustando al 6% la tasa de rendimiento al saldo restante del ahorro por el tiempo que se mantenga el mismo.<\/p>\n<p>&#8211; No se podr\u00e1 disponer del retiro parcial mientras tenga adeudo.<\/p>\n<p><strong>Requisitos para el tr\u00e1mite de devoluci\u00f3n de ahorro de CAET<\/strong><\/p>\n<div class=\"panel-group\" id=\"custom-collapse-0\"><\/div>\n<div class=\"panel panel-default\">\n\t\t\t\t<div class=\"panel-heading\">\n\t\t\t\t\t<h4 class=\"panel-title\">\n\t\t\t\t\t\t<a class=\"\" data-toggle=\"collapse\" data-parent=\"#custom-collapse-0\" href=\"#custom-collapse-0-3\">En caso de cumplimiento de per\u00edodo programado de ahorro<\/a>\n\t\t\t\t\t<\/h4>\n\t\t\t\t<\/div>\n\t\t\t\t<div id=\"custom-collapse-0-3\" class=\"panel-collapse in\">\n\t\t\t\t\t<div class=\"panel-body\"><\/div>\n\t\t\t\t<\/div>\n\t\t\t<\/div>\n<ul>\n<li>Copia de la Credencial de Elector amplificada por ambos lados, Pasaporte vigente o C\u00e9dula Profesional, legibles.<\/li>\n<li>Copia de \u00faltimo comprobante de pago de sueldo con descuento.<\/li>\n<li>Copia de la primera hoja del Estado de Cuenta Bancario.<\/li>\n<\/ul>\n<\/div>\n\t\t\t\t<\/div>\n\t\t\t<\/div>\n<div class=\"panel panel-default\">\n\t\t\t\t<div class=\"panel-heading\">\n\t\t\t\t\t<h4 class=\"panel-title\">\n\t\t\t\t\t\t<a class=\"collapsed\" data-toggle=\"collapse\" data-parent=\"#custom-collapse-0\" href=\"#custom-collapse-0-4\">En caso de Baja de Servicio<\/a>\n\t\t\t\t\t<\/h4>\n\t\t\t\t<\/div>\n\t\t\t\t<div id=\"custom-collapse-0-4\" class=\"panel-collapse collapse\">\n\t\t\t\t\t<div class=\"panel-body\">\n<ul>\n<li>Copia del Oficio de Baja expedido por Recursos Humanos.<\/li>\n<li>Copia de la Credencial de Elector amplificada por ambos lados, Pasaporte vigente o C\u00e9dula Profesional legibles.<\/li>\n<li>Copia de \u00faltimo comprobante de pago de sueldo.<\/li>\n<li>Copia de la primera hoja del Estado de Cuenta Bancario.<\/li>\n<\/ul>\n<\/div>\n\t\t\t\t<\/div>\n\t\t\t<\/div>\n<div class=\"panel panel-default\">\n\t\t\t\t<div class=\"panel-heading\">\n\t\t\t\t\t<h4 class=\"panel-title\">\n\t\t\t\t\t\t<a class=\"collapsed\" data-toggle=\"collapse\" data-parent=\"#custom-collapse-0\" href=\"#custom-collapse-0-5\">En caso de fallecimiento del ahorrador<\/a>\n\t\t\t\t\t<\/h4>\n\t\t\t\t<\/div>\n\t\t\t\t<div id=\"custom-collapse-0-5\" class=\"panel-collapse collapse\">\n\t\t\t\t\t<div class=\"panel-body\">\n<ul>\n<li>Copia del Acta de Defunci\u00f3n.<\/li>\n<li>Copia del Oficio de Baja expedido por Recursos Humanos (en caso de personal activo).<\/li>\n<li>Copia del Acta de Nacimiento del Beneficiario.<\/li>\n<li>Copia de la Credencial de Elector amplificada por ambos lados, Pasaporte vigente o C\u00e9dula Profesional legibles del Beneficiario.<\/li>\n<li>Copia de \u00faltimo de comprobante de pago de sueldo del ahorrador.<\/li>\n<li>Copia de la Credencial de Elector amplificada por ambos lados, Pasaporte vigente o C\u00e9dula Profesional legibles del ahorrador.<\/li>\n<li>Copia de la primera hoja del Estado de Cuenta Bancario.<\/li>\n<\/ul>\n<p>&nbsp;<\/p>\n<\/div>\n\t\t\t\t<\/div>\n\t\t\t<\/div>\n<div class=\"panel panel-default\">\n\t\t\t\t<div class=\"panel-heading\">\n\t\t\t\t\t<h4 class=\"panel-title\">\n\t\t\t\t\t\t<a class=\"collapsed\" data-toggle=\"collapse\" data-parent=\"#custom-collapse-0\" href=\"#custom-collapse-0-6\">En caso de Descuento Indebido<\/a>\n\t\t\t\t\t<\/h4>\n\t\t\t\t<\/div>\n\t\t\t\t<div id=\"custom-collapse-0-6\" class=\"panel-collapse collapse\">\n\t\t\t\t\t<div class=\"panel-body\">\n<ul>\n<li>Copia de los comprobantes de pago de sueldo por ambos lados, donde se realizaron los descuentos.<\/li>\n<li>Copia de la Credencial de Elector amplificada por ambos lados, Pasaporte vigente o C\u00e9dula Profesional, legibles .<\/li>\n<li>Copia de la primera hoja del Estado de Cuenta Bancario.<\/li>\n<\/ul>\n<\/div>\n\t\t\t\t<\/div>\n\t\t\t<\/div>\n<div class=\"panel panel-default\">\n\t\t\t\t<div class=\"panel-heading\">\n\t\t\t\t\t<h4 class=\"panel-title\">\n\t\t\t\t\t\t<a class=\"collapsed\" data-toggle=\"collapse\" data-parent=\"#custom-collapse-0\" href=\"#custom-collapse-0-7\">En caso de reintegro por cancelaci\u00f3n de contrato<\/a>\n\t\t\t\t\t<\/h4>\n\t\t\t\t<\/div>\n\t\t\t\t<div id=\"custom-collapse-0-7\" class=\"panel-collapse collapse\">\n\t\t\t\t\t<div class=\"panel-body\">\n<ul>\n<li>Copia de \u00faltimo comprobante de pago de sueldo con descuento.<\/li>\n<li>Copia del primer comprobante de pago de sueldo sin descuento.<\/li>\n<li>Copia del Oficio de Cancelaci\u00f3n con sello recibido.<\/li>\n<li>Copia de la Credencial de Elector amplificada por ambos lados, Pasaporte vigente o C\u00e9dula Profesional, legibles.<\/li>\n<li>Copia de la primera hoja del Estado de Cuenta Bancario.<\/li>\n<\/ul>\n<\/div>\n\t\t\t\t<\/div>\n\t\t\t<\/div>\n<div class=\"panel-group\" id=\"custom-collapse-1\"><\/div>\n<p>El retiro del ahorro se tramitar\u00e1 ante el Departamento de Ahorro de los Servidores P\u00fablicos del IPSSET.<\/p>\n<p><strong>Para mayor informaci\u00f3n, se puede comunicar a:<\/strong><\/p>\n<blockquote><p>IPSSET<br \/>\nDirecci\u00f3n de Planeaci\u00f3n Financiera<br \/>\nDepartamento de Ahorro de los Servidores P\u00fablicos<br \/>\nJefa del departamento Lic. Est\u00e9fany Anaid Mor\u00edn Mu\u00f1oz<br \/>\n17 Carrera Torres No. 102 Altos, Zona Centro. Cd. Victoria, Tamaulipas, M\u00e9xico C.P. 87000<br \/>\nConmutador: 318 73 00 Ext. 76431, 76449 , 76479 y 76484<\/p><\/blockquote>\n","protected":false},"excerpt":{"rendered":"<p>Caja de Ahorro del Estado de Tamaulipas (CAET) El Gobierno del Estado, preocupado por fomentar la cultura de ahorro que signifique un apoyo a la\u2026<\/p>\n","protected":false},"author":8,"featured_media":0,"parent":0,"menu_order":0,"comment_status":"closed","ping_status":"closed","template":"","meta":{"footnotes":""},"class_list":["post-421","page","type-page","status-publish","hentry"],"publishpress_future_action":{"enabled":false,"date":"2026-04-26 08:50:34","action":"change-status","newStatus":"draft","terms":[],"taxonomy":""},"_links":{"self":[{"href":"https:\/\/www.tamaulipas.gob.mx\/ipsset\/wp-json\/wp\/v2\/pages\/421"}],"collection":[{"href":"https:\/\/www.tamaulipas.gob.mx\/ipsset\/wp-json\/wp\/v2\/pages"}],"about":[{"href":"https:\/\/www.tamaulipas.gob.mx\/ipsset\/wp-json\/wp\/v2\/types\/page"}],"author":[{"embeddable":true,"href":"https:\/\/www.tamaulipas.gob.mx\/ipsset\/wp-json\/wp\/v2\/users\/8"}],"replies":[{"embeddable":true,"href":"https:\/\/www.tamaulipas.gob.mx\/ipsset\/wp-json\/wp\/v2\/comments?post=421"}],"version-history":[{"count":105,"href":"https:\/\/www.tamaulipas.gob.mx\/ipsset\/wp-json\/wp\/v2\/pages\/421\/revisions"}],"predecessor-version":[{"id":4092,"href":"https:\/\/www.tamaulipas.gob.mx\/ipsset\/wp-json\/wp\/v2\/pages\/421\/revisions\/4092"}],"wp:attachment":[{"href":"https:\/\/www.tamaulipas.gob.mx\/ipsset\/wp-json\/wp\/v2\/media?parent=421"}],"curies":[{"name":"wp","href":"https:\/\/api.w.org\/{rel}","templated":true}]}}