{"id":413,"date":"2018-08-01T16:00:45","date_gmt":"2018-08-01T16:00:45","guid":{"rendered":"https:\/\/www.tamaulipas.gob.mx\/ipsset\/?page_id=413"},"modified":"2024-06-14T15:22:52","modified_gmt":"2024-06-14T21:22:52","slug":"issste","status":"publish","type":"page","link":"https:\/\/www.tamaulipas.gob.mx\/ipsset\/servicio-medico\/issste\/","title":{"rendered":"Servicio M\u00e9dico del ISSSTE"},"content":{"rendered":"<p><strong>Nueva Alta:<\/strong><\/p>\n<ul>\n<li>Copia del \u00faltimo tal\u00f3n de cheque.<\/li>\n<li>Copia del Acta de Nacimiento del Trabajador.<\/li>\n<li>Copia del Comprobante de domicilio con C\u00f3digo Postal. (Recibo de agua, luz o tel\u00e9fono reciente)<\/li>\n<li>Copia de la CURP (Clave \u00danica de Registro de Poblaci\u00f3n).\n<div>\n<p>&nbsp;<\/p>\n<\/div>\n<\/li>\n<\/ul>\n<p><strong>La Afiliaci\u00f3n de los Dependientes Econ\u00f3micos del Trabajador se realiza en la cl\u00ednica que le corresponde.<\/strong><\/p>\n<p>&nbsp;<\/p>\n<a href=\"https:\/\/www.gob.mx\/issste\" class=\"btn btn-primary btn-sm mb30\" target=\"_blank\"> Para mayor informaci\u00f3n haga clic aqu\u00ed <\/a>\n<p><strong>Para mayor informaci\u00f3n puede comunicarse a:<\/strong><\/p>\n<blockquote><p>IPSSET<br \/>\nDirecci\u00f3n de Seguridad Social<br \/>\nDepartamento de Servicios M\u00e9dicos y Medicina Preventiva.<br \/>\nJefe del departamento Mar\u00eda Concepci\u00f3n Rodr\u00edguez<br \/>\n17 Carrera Torres No. 102 Altos, Zona Centro. Cd. Victoria, Tamaulipas, M\u00e9xico C.P. 87000<br \/>\nConmutador: 318 73 00 Ext. 76447 y 76470<\/p><\/blockquote>\n<p><iframe loading=\"lazy\" style=\"border: 0;\" src=\"https:\/\/www.google.com\/maps\/embed?pb=!1m14!1m8!1m3!1d4268.143359819799!2d-99.15381815559945!3d23.754443920327066!3m2!1i1024!2i768!4f13.1!3m3!1m2!1s0x0%3A0x22b34e80f14fa68f!2sClinica+Hospital+Ciudad+Victoria!5e0!3m2!1ses-419!2smx!4v1491503018906\" width=\"100%\" height=\"400\" frameborder=\"0\" allowfullscreen=\"allowfullscreen\"><\/iframe><\/p>\n","protected":false},"excerpt":{"rendered":"<p>Nueva Alta: Copia del \u00faltimo tal\u00f3n de cheque. Copia del Acta de Nacimiento del Trabajador. Copia del Comprobante de domicilio con C\u00f3digo Postal. (Recibo de\u2026<\/p>\n","protected":false},"author":8,"featured_media":0,"parent":912,"menu_order":0,"comment_status":"closed","ping_status":"closed","template":"","meta":{"footnotes":""},"class_list":["post-413","page","type-page","status-publish","hentry"],"publishpress_future_action":{"enabled":false,"date":"2026-04-28 10:36:51","action":"change-status","newStatus":"draft","terms":[],"taxonomy":""},"_links":{"self":[{"href":"https:\/\/www.tamaulipas.gob.mx\/ipsset\/wp-json\/wp\/v2\/pages\/413"}],"collection":[{"href":"https:\/\/www.tamaulipas.gob.mx\/ipsset\/wp-json\/wp\/v2\/pages"}],"about":[{"href":"https:\/\/www.tamaulipas.gob.mx\/ipsset\/wp-json\/wp\/v2\/types\/page"}],"author":[{"embeddable":true,"href":"https:\/\/www.tamaulipas.gob.mx\/ipsset\/wp-json\/wp\/v2\/users\/8"}],"replies":[{"embeddable":true,"href":"https:\/\/www.tamaulipas.gob.mx\/ipsset\/wp-json\/wp\/v2\/comments?post=413"}],"version-history":[{"count":18,"href":"https:\/\/www.tamaulipas.gob.mx\/ipsset\/wp-json\/wp\/v2\/pages\/413\/revisions"}],"predecessor-version":[{"id":3674,"href":"https:\/\/www.tamaulipas.gob.mx\/ipsset\/wp-json\/wp\/v2\/pages\/413\/revisions\/3674"}],"up":[{"embeddable":true,"href":"https:\/\/www.tamaulipas.gob.mx\/ipsset\/wp-json\/wp\/v2\/pages\/912"}],"wp:attachment":[{"href":"https:\/\/www.tamaulipas.gob.mx\/ipsset\/wp-json\/wp\/v2\/media?parent=413"}],"curies":[{"name":"wp","href":"https:\/\/api.w.org\/{rel}","templated":true}]}}