{"id":406,"date":"2018-08-01T15:49:02","date_gmt":"2018-08-01T15:49:02","guid":{"rendered":"https:\/\/www.tamaulipas.gob.mx\/ipsset\/?page_id=406"},"modified":"2024-08-09T09:51:27","modified_gmt":"2024-08-09T15:51:27","slug":"hospital-general","status":"publish","type":"page","link":"https:\/\/www.tamaulipas.gob.mx\/ipsset\/servicio-medico\/hospital-general\/","title":{"rendered":"Servicios de Salud de Tamaulipas"},"content":{"rendered":"<div class=\"panel-group\" id=\"custom-collapse-0\">\n<div class=\"panel panel-default\">\n\t\t\t\t<div class=\"panel-heading\">\n\t\t\t\t\t<h4 class=\"panel-title\">\n\t\t\t\t\t\t<a class=\"\" data-toggle=\"collapse\" data-parent=\"#custom-collapse-0\" href=\"#custom-collapse-0-0\">Requisitos para afiliaci\u00f3n del trabajador<\/a>\n\t\t\t\t\t<\/h4>\n\t\t\t\t<\/div>\n\t\t\t\t<div id=\"custom-collapse-0-0\" class=\"panel-collapse in\">\n\t\t\t\t\t<div class=\"panel-body\">\n<ul>\n<li>Copia de los 2 \u00faltimos comprobantes de pago de sueldo por ambos lados.<\/li>\n<li>Copia del Acta de Nacimiento.<\/li>\n<li>Copia de comprobantes de domicilio de dos servicios diferentes: agua, luz, tel\u00e9fono o recibo del predial al corriente (m\u00e1ximo 3 meses de facturaci\u00f3n o consumo).<\/li>\n<li>Copia de la CURP.<\/li>\n<li>Copia de la Credencial de Elector amplificada por ambos lados, Pasaporte vigente o C\u00e9dula Profesional, legibles.<\/li>\n<li>Llenar o tener C\u00e9dula Testamentaria actualizada (copia sellada por el IPSSET).<\/li>\n<\/ul>\n<\/div>\n\t\t\t\t<\/div>\n\t\t\t<\/div>\n<div class=\"panel panel-default\">\n\t\t\t\t<div class=\"panel-heading\">\n\t\t\t\t\t<h4 class=\"panel-title\">\n\t\t\t\t\t\t<a class=\"collapsed\" data-toggle=\"collapse\" data-parent=\"#custom-collapse-0\" href=\"#custom-collapse-0-1\">Requisitos para afiliaci\u00f3n de los dependientes econ\u00f3micos del trabajador<\/a>\n\t\t\t\t\t<\/h4>\n\t\t\t\t<\/div>\n\t\t\t\t<div id=\"custom-collapse-0-1\" class=\"panel-collapse collapse\">\n\t\t\t\t\t<div class=\"panel-body\">\n<ul>\n<li>Copia del Acta de Nacimiento de la persona a afiliar y CURP.<\/li>\n<li>Constancia de estudios para hijos mayores de 18 a 25 a\u00f1os expedida por la instituci\u00f3n educativa con registro oficial, mencionando el per\u00edodo de estudios del nivel medio superior o superior.<\/li>\n<li>Copia del Acta de Matrimonio o Resoluci\u00f3n emitida por autoridad competente mediante procedimiento de jurisdicci\u00f3n voluntaria (cinco a\u00f1os en uni\u00f3n libre).<br \/>\n*En caso de baja del concubinato traer el\u00a0procedimiento de jurisdicci\u00f3n voluntaria.<\/li>\n<li>Constancia de No Matrimonio o libre de Matrimonio (Expedida por el Registro Civil).<\/li>\n<li>Copia de identificaci\u00f3n de la persona afiliar<\/li>\n<li>Acta de divorcio en su caso.<\/li>\n<\/ul>\n<\/div>\n\t\t\t\t<\/div>\n\t\t\t<\/div>\n<div class=\"panel panel-default\">\n\t\t\t\t<div class=\"panel-heading\">\n\t\t\t\t\t<h4 class=\"panel-title\">\n\t\t\t\t\t\t<a class=\"collapsed\" data-toggle=\"collapse\" data-parent=\"#custom-collapse-0\" href=\"#custom-collapse-0-2\">Requisitos para afiliaci\u00f3n de los padres del trabajador<\/a>\n\t\t\t\t\t<\/h4>\n\t\t\t\t<\/div>\n\t\t\t\t<div id=\"custom-collapse-0-2\" class=\"panel-collapse collapse\">\n\t\t\t\t\t<div class=\"panel-body\">\n<ul>\n<li>Copia del Acta de Nacimiento del Trabajador.<\/li>\n<li>Copia del \u00faltimo comprobante de pago.<\/li>\n<li>Copia del Acta de Nacimiento del padre a afiliar y CURP.<\/li>\n<li>Depender econ\u00f3micamente del trabajador.<\/li>\n<li>No contar con servicio m\u00e9dico de otra instituci\u00f3n<\/li>\n<li>Copia de un comprobante de domicilio.<\/li>\n<li>Copia de la identificaci\u00f3n de la persona a afiliar<\/li>\n<li>Aplicaci\u00f3n del Estudio Socioecon\u00f3mico por la Trabajadora Social del IPSSET.<\/li>\n<\/ul>\n<\/div>\n\t\t\t\t<\/div>\n\t\t\t<\/div>\n<\/div>\n<p><strong>Para mayor informaci\u00f3n puede comunicarse a:<\/strong><\/p>\n<blockquote><p>IPSSET<br \/>\nDirecci\u00f3n de Seguridad Social<br \/>\nDepartamento de Servicios M\u00e9dicos y Medicina Preventiva.<br \/>\nJefe del departamento Mar\u00eda Concepci\u00f3n Rodr\u00edguez<br \/>\n17 Carrera Torres No. 102 Altos, Zona Centro. Cd. Victoria, Tamaulipas, M\u00e9xico C.P. 87000<br \/>\nConmutador: 318 73 00 Ext. 76447 y 76470<\/p><\/blockquote>\n<p><iframe loading=\"lazy\" style=\"border: 0;\" src=\"https:\/\/www.google.com\/maps\/embed?pb=!1m14!1m8!1m3!1d4268.364963842982!2d-99.13971108227443!3d23.7476836345283!3m2!1i1024!2i768!4f13.1!3m3!1m2!1s0x0%3A0x6fb8de022a703b7d!2sHospital+General+%22Dr.+Norberto+Trevi%C3%B1o+Zapata%22!5e0!3m2!1ses-419!2smx!4v1491503091009\" width=\"100%\" height=\"400\" frameborder=\"0\" allowfullscreen=\"allowfullscreen\"><\/iframe><\/p>\n","protected":false},"excerpt":{"rendered":"<p>Para mayor informaci\u00f3n puede comunicarse a: IPSSET Direcci\u00f3n de Seguridad Social Departamento de Servicios M\u00e9dicos y Medicina Preventiva. Jefe del departamento Mar\u00eda Concepci\u00f3n Rodr\u00edguez 17\u2026<\/p>\n","protected":false},"author":8,"featured_media":0,"parent":912,"menu_order":0,"comment_status":"closed","ping_status":"closed","template":"","meta":{"footnotes":""},"class_list":["post-406","page","type-page","status-publish","hentry"],"publishpress_future_action":{"enabled":false,"date":"2026-04-26 08:51:54","action":"change-status","newStatus":"draft","terms":[],"taxonomy":""},"_links":{"self":[{"href":"https:\/\/www.tamaulipas.gob.mx\/ipsset\/wp-json\/wp\/v2\/pages\/406"}],"collection":[{"href":"https:\/\/www.tamaulipas.gob.mx\/ipsset\/wp-json\/wp\/v2\/pages"}],"about":[{"href":"https:\/\/www.tamaulipas.gob.mx\/ipsset\/wp-json\/wp\/v2\/types\/page"}],"author":[{"embeddable":true,"href":"https:\/\/www.tamaulipas.gob.mx\/ipsset\/wp-json\/wp\/v2\/users\/8"}],"replies":[{"embeddable":true,"href":"https:\/\/www.tamaulipas.gob.mx\/ipsset\/wp-json\/wp\/v2\/comments?post=406"}],"version-history":[{"count":23,"href":"https:\/\/www.tamaulipas.gob.mx\/ipsset\/wp-json\/wp\/v2\/pages\/406\/revisions"}],"predecessor-version":[{"id":3716,"href":"https:\/\/www.tamaulipas.gob.mx\/ipsset\/wp-json\/wp\/v2\/pages\/406\/revisions\/3716"}],"up":[{"embeddable":true,"href":"https:\/\/www.tamaulipas.gob.mx\/ipsset\/wp-json\/wp\/v2\/pages\/912"}],"wp:attachment":[{"href":"https:\/\/www.tamaulipas.gob.mx\/ipsset\/wp-json\/wp\/v2\/media?parent=406"}],"curies":[{"name":"wp","href":"https:\/\/api.w.org\/{rel}","templated":true}]}}