{"id":283,"date":"2018-07-31T16:07:35","date_gmt":"2018-07-31T16:07:35","guid":{"rendered":"https:\/\/www.tamaulipas.gob.mx\/ipsset\/?page_id=283"},"modified":"2026-02-27T14:14:22","modified_gmt":"2026-02-27T20:14:22","slug":"utiles-escolares","status":"publish","type":"page","link":"https:\/\/www.tamaulipas.gob.mx\/ipsset\/prestaciones\/utiles-escolares\/","title":{"rendered":"Pr\u00e9stamo de \u00datiles Escolares"},"content":{"rendered":"<p>Se realiza a trav\u00e9s de solicitud de pr\u00e9stamo que deber\u00e1 presentar debidamente llenada, requisitada y certificada por la Direcci\u00f3n General de Recursos Humanos de Gobierno del Estado o Direcci\u00f3n Administrativa del Organismo P\u00fablico Descentralizado (OPD).<\/p>\n<div class=\"panel panel-default\">\n\t\t\t\t<div class=\"panel-heading\">\n\t\t\t\t\t<h4 class=\"panel-title\">\n\t\t\t\t\t\t<a class=\"collapsed\" data-toggle=\"collapse\" data-parent=\"#single-collapse\" href=\"#single-collapse-0\">Requisitos<\/a>\n\t\t\t\t\t<\/h4>\n\t\t\t\t<\/div>\n\t\t\t\t<div id=\"single-collapse-0\" class=\"panel-collapse collapse\">\n\t\t\t\t\t<div class=\"panel-body\">\n<ul>\n<li>Cumplir con la antig\u00fcedad m\u00ednima, seg\u00fan el tipo de pr\u00e9stamo de conformidad al tabulador autorizado por la Junta de Gobierno.<\/li>\n<li>Tener suscrita C\u00e9dula Testamentaria ante el IPSSET.<\/li>\n<li>Deber\u00e1 mostrar identificaci\u00f3n oficial vigente en original al\u00a0 momento\u00a0 de firmar\u00a0 el Pagar\u00e9 del pr\u00e9stamo.<\/li>\n<li>Original y copia de los dos \u00faltimos comprobantes de pago de sueldo por ambos lados.<\/li>\n<li>Copia de la Credencial de Elector amplificada por ambos lados o Pasaporte vigente, legibles.<\/li>\n<li>Copia de la CURP del estudiante.<\/li>\n<li>Copia del Acta de nacimiento del estudiante.<\/li>\n<li>Copia del recibo de Inscripci\u00f3n del grado a cursar, comprobante de dep\u00f3sito bancario o constancia de inscripci\u00f3n.<\/li>\n<li>Copia de las calificaciones del grado anterior o constancia de estudios en su caso.<\/li>\n<li>Constancia de Situaci\u00f3n Fiscal expedida por el SAT.<\/li>\n<li>Original y copia de dos comprobantes de domicilio de dos servicios diferentes: agua, luz o historial de consumo, telefon\u00eda fija, internet y\/o cable, gas natural (m\u00e1ximo tres meses de facturaci\u00f3n o consumo), recibo de predial o manifiesto de propiedad del a\u00f1o en curso. En caso de coincidir el comprobante de domicilio con el registrado oficial en el INE, presentar un comprobante de domicilio.<br \/>\nPersonal pensionista y pensionado un comprobante de domicilio.<br \/>\nPersonal que habite en comunidad rural puede presentar escrito de comisariado ejidal o similar.<br \/>\n* El comprobante de domicilio que es impreso de manera electr\u00f3nica, para considerarlo como original, debe contener el c\u00f3digo de barras o el timbrado.<\/li>\n<li>Firmar carta de No Existencia\u00a0de\u00a0Due\u00f1o Beneficiario.<\/li>\n<li>Convenio de Adjudicaci\u00f3n de Cuotas en caso de adeudo (personal de base confianza y extraordinario).<\/li>\n<li>Copia de un Estado de Cuenta Bancario reciente o Contrato de apertura a nombre del solicitante con n\u00famero de cuenta y Clabe Interbancaria de la n\u00f3mina.<\/li>\n<\/ul>\n<p>Solo se otorgara un pr\u00e9stamo por hijo.<\/p>\n<p>Plazo a pagar: 8 quincenas sin intereses.<\/p>\n<p>Los requisitos originales ser\u00e1n devueltos al firmar el pagare del pr\u00e9stamo (no aplica para pensionistas y pensionados).<\/p>\n<p>El pago por transferencia bancaria se realizar\u00e1 \u00fanicamente al derechohabiente que se presente en ventanillas del Instituto a realizar el tr\u00e1mite y firme el pagar\u00e9 del pr\u00e9stamo en ese momento.<\/p>\n<p>Nota: Verificar con la Instituci\u00f3n Bancaria, la aceptaci\u00f3n del importe a depositar en la cuenta del solicitante, lo anterior para evitar el rechazo al realizar la transferencia, en caso de ser as\u00ed, iniciar\u00e1 el tr\u00e1mite nuevamente.<\/p>\n<p>Todo tipo de pr\u00e9stamo solicitado en este Instituto queda sujeto al an\u00e1lisis del historial crediticio y capacidad de pago para efectos de autorizaci\u00f3n.<\/p>\n<\/div>\n\t\t\t\t<\/div>\n\t\t\t<\/div>\n<p style=\"text-align: left;\"><strong>TABULADOR DE PR\u00c9STAMOS DE\u00a0<\/strong><strong>\u00da<\/strong><strong>TILES ESCOLARES<\/strong><\/p>\n<div class=\"table-responsive\"><table class=\" table table table-gobtam\"><thead><tr><td>Nivel<\/td>\n<td style=\"text-align: center;\">Monto a prestar<\/td>\n<\/tr><\/thead><tbody><tr><td>Preescolar<\/td>\n<td style=\"text-align: center;\">$1,200.00<\/td>\n<\/tr><tr><td>Primaria<\/td>\n<td style=\"text-align: center;\">$1,200.00<\/td>\n<\/tr><tr><td>Secundaria<\/td>\n<td style=\"text-align: center;\">$1,200.00<\/td>\n<\/tr><tr><td>Medio y Superior<\/td>\n<td style=\"text-align: center;\">$1,200.00<\/td>\n<\/tr><\/tbody><\/table><\/div>\n<p><strong>Nota Importante:\u00a0La informaci\u00f3n presentada en estas p\u00e1ginas sobre los tr\u00e1mites y servicios que brinda el Instituto de Previsi\u00f3n y Seguridad Social del Estado de Tamaulipas (IPSSET), se publica con fines meramente informativos, y de ninguna manera constituyen un compromiso legal o jur\u00eddico por parte de \u00e9ste.<\/strong><\/p>\n<p>Antes de imprimir le recomendamos:<\/p>\n<ul>\n<li>Seleccionar tama\u00f1o carta y ajustar a doble cara.<\/li>\n<li>Puede ser impresa a color \u00f3 blanco y negro.<\/li>\n<li><a href=\"\" class=\"btn btn-primary btn-sm\" target=\"_blank\"> Solicitud de \u00datiles Escolares\u00a0<\/a><\/li>\n<\/ul>\n<ul>\n<li><a href=\"http:\/\/www.tamaulipas.gob.mx\/ipsset\/wp-content\/uploads\/sites\/46\/2022\/11\/carta-de-no-existencia-de-dueno-beneficiario.pdf\" class=\"btn btn-primary btn-sm\" target=\"_blank\">\u00a0Carta de No Existencia (para todo tipo de personal) <\/a><\/li>\n<\/ul>\n<p><strong>Para mayor informaci\u00f3n puede dirigirse a:<\/strong><\/p>\n<blockquote><p>IPSSET<br \/>\nDirecci\u00f3n de Seguridad Social<br \/>\nDepartamento Prestaciones Econ\u00f3micas<br \/>\nJefe del departamento Norma Alicia Hern\u00e1ndez Brambila<br \/>\n17 Carrera Torres No. 102 Altos, Zona Centro. Cd. Victoria, Tamaulipas, M\u00e9xico C.P. 87000<br \/>\nConmutador: 318 73 00 Ext. 76416, 76443 y 76448<\/p><\/blockquote>\n","protected":false},"excerpt":{"rendered":"<p>Se realiza a trav\u00e9s de solicitud de pr\u00e9stamo que deber\u00e1 presentar debidamente llenada, requisitada y certificada por la Direcci\u00f3n General de Recursos Humanos de Gobierno\u2026<\/p>\n","protected":false},"author":8,"featured_media":0,"parent":602,"menu_order":0,"comment_status":"closed","ping_status":"closed","template":"","meta":{"footnotes":""},"class_list":["post-283","page","type-page","status-publish","hentry"],"publishpress_future_action":{"enabled":false,"date":"2026-04-26 08:50:37","action":"change-status","newStatus":"draft","terms":[],"taxonomy":""},"_links":{"self":[{"href":"https:\/\/www.tamaulipas.gob.mx\/ipsset\/wp-json\/wp\/v2\/pages\/283"}],"collection":[{"href":"https:\/\/www.tamaulipas.gob.mx\/ipsset\/wp-json\/wp\/v2\/pages"}],"about":[{"href":"https:\/\/www.tamaulipas.gob.mx\/ipsset\/wp-json\/wp\/v2\/types\/page"}],"author":[{"embeddable":true,"href":"https:\/\/www.tamaulipas.gob.mx\/ipsset\/wp-json\/wp\/v2\/users\/8"}],"replies":[{"embeddable":true,"href":"https:\/\/www.tamaulipas.gob.mx\/ipsset\/wp-json\/wp\/v2\/comments?post=283"}],"version-history":[{"count":60,"href":"https:\/\/www.tamaulipas.gob.mx\/ipsset\/wp-json\/wp\/v2\/pages\/283\/revisions"}],"predecessor-version":[{"id":4197,"href":"https:\/\/www.tamaulipas.gob.mx\/ipsset\/wp-json\/wp\/v2\/pages\/283\/revisions\/4197"}],"up":[{"embeddable":true,"href":"https:\/\/www.tamaulipas.gob.mx\/ipsset\/wp-json\/wp\/v2\/pages\/602"}],"wp:attachment":[{"href":"https:\/\/www.tamaulipas.gob.mx\/ipsset\/wp-json\/wp\/v2\/media?parent=283"}],"curies":[{"name":"wp","href":"https:\/\/api.w.org\/{rel}","templated":true}]}}